{"id":42489,"date":"2026-01-02T10:15:37","date_gmt":"2026-01-02T10:15:37","guid":{"rendered":"https:\/\/comec.eu.com\/azienda\/"},"modified":"2026-02-19T07:54:25","modified_gmt":"2026-02-19T07:54:25","slug":"azienda","status":"publish","type":"page","link":"https:\/\/comec.eu.com\/it\/azienda\/","title":{"rendered":"Azienda"},"content":{"rendered":"<section class=\"l-section wpb_row us_custom_e566c667 has_text_color height_medium\"><div class=\"l-section-overlay\" style=\"background:rgba(26,26,26,0.7)\"><\/div><div class=\"l-section-h i-cf\"><div class=\"g-cols vc_row via_grid cols_1 laptops-cols_inherit tablets-cols_inherit mobiles-cols_1 valign_middle type_default stacking_default\"><div class=\"wpb_column vc_column_container\"><div class=\"vc_column-inner\"><div class=\"wpb_text_column\"><div class=\"wpb_wrapper\"><h1 style=\"text-align: center; font-weight: normal;\"><span>Azienda<\/span><\/h1>\n<\/div><\/div><div class=\"w-separator size_medium\"><\/div><div class=\"wpb_text_column us_custom_abaebcfc\"><div class=\"wpb_wrapper\"><p style=\"text-align: center;\">Fondata nel 1970, <strong>Comec<\/strong> \u00e8 specializzata in macchinari e impianti per le industrie chimica, ceramica, farmaceutica e alimentare. Nel corso degli anni Comec \u00e8 diventata leader nei settori vernici, rivestimenti e adesivi con oltre 10.000 macchine installate in tutto il mondo. Nel 2012, la continuit\u00e0 e lo sviluppo aziendale sono stati garantiti dalla famiglia Drocco e dalla societ\u00e0 madre Dromont. Oggi l&#8217;azienda \u00e8 guidata dal proprietario e CEO <strong>Dott. Luca Drocco<\/strong>.   <\/p>\n<\/div><\/div><\/div><\/div><\/div><\/div><\/section><section class=\"l-section wpb_row us_custom_55ee54d1 height_medium color_alternate\" id=\"who-we-are\"><div class=\"l-section-h i-cf\"><div class=\"g-cols vc_row via_grid cols_1 laptops-cols_inherit tablets-cols_inherit mobiles-cols_1 valign_top type_default stacking_default\"><div class=\"wpb_column vc_column_container\"><div class=\"vc_column-inner\"><div class=\"wpb_text_column us_custom_174848e7 titolo-lp\"><div class=\"wpb_wrapper\"><h2 style=\"text-align: center;\">Chi Siamo<\/h2>\n<\/div><\/div><div class=\"w-video us_custom_402d8fec align_center ratio_16x9 has_iframe\"><div class=\"w-video-h\"><iframe title=\"Youtube video player\" src=\"\/\/www.youtube.com\/embed\/ow8BPQxyjXw?autoplay=0&controls=1&origin=https:\/\/comec.eu.com\/it\/&loop=0&mute=0\" allowfullscreen=\"1\" loading=\"lazy\"><\/iframe><\/div><\/div><\/div><\/div><\/div><\/div><\/section><section class=\"l-section wpb_row height_huge\"><div class=\"l-section-h i-cf\"><div class=\"g-cols vc_row via_grid cols_2 laptops-cols_inherit tablets-cols_inherit mobiles-cols_1 valign_middle type_default reversed stacking_default\"><div class=\"wpb_column vc_column_container us_custom_47474b22 us_animate_this\"><div class=\"vc_column-inner\"><div class=\"w-image align_none\"><div class=\"w-image-h\"><img decoding=\"async\" width=\"1024\" height=\"985\" src=\"https:\/\/comec.eu.com\/wp-content\/uploads\/2023\/06\/foto-dispersori-md3-e1771424398460-1024x985.jpg\" class=\"attachment-large size-large\" alt=\"\" loading=\"lazy\" srcset=\"https:\/\/comec.eu.com\/wp-content\/uploads\/2023\/06\/foto-dispersori-md3-e1771424398460-1024x985.jpg 1024w, https:\/\/comec.eu.com\/wp-content\/uploads\/2023\/06\/foto-dispersori-md3-e1771424398460-300x289.jpg 300w, https:\/\/comec.eu.com\/wp-content\/uploads\/2023\/06\/foto-dispersori-md3-e1771424398460.jpg 1200w\" sizes=\"auto, (max-width: 1024px) 100vw, 1024px\" \/><\/div><\/div><\/div><\/div><div class=\"wpb_column vc_column_container us_custom_fa346f51 us_animate_this has_bg_color\"><div class=\"vc_column-inner\"><div class=\"wpb_text_column\"><div class=\"wpb_wrapper\"><h2>Cosa Facciamo<\/h2>\n<\/div><\/div><div class=\"w-separator size_small\"><\/div><div class=\"wpb_text_column us_custom_432d3f53\"><div class=\"wpb_wrapper\"><p>Comec, fondata su progettazione ingegneristica ed eccellenza da oltre 50 anni, \u00e8 riconosciuta a livello internazionale per i suoi settori di prodotti principali: <strong>attrezzature stand-alone per dispersione, miscelazione e macinazione<\/strong>, <strong>espansioni di fabbrica e installazioni Greenfield\/Brownfield<\/strong>. L&#8217;aggiunta di questo portafoglio di prodotti ha permesso al Gruppo Dromont di offrire soluzioni chiavi in mano complete ai nostri clienti. <\/p>\n<p>La gamma di prodotti Comec offre il massimo in termini di <strong>processi automatizzati per la macinazione e la dispersione<\/strong>. Il segreto non \u00e8 stato solo creare i motori pi\u00f9 potenti, ma allineare questo con un <strong>sistema automatizzato di alimentazione delle materie prime<\/strong> all&#8217;avanguardia. <\/p>\n<p>Il risultato di questa combinazione garantisce costi di manodopera inferiori, velocit\u00e0 di produzione pi\u00f9 elevate, qualit\u00e0 superiore da processi controllati e ripetibili e livelli pi\u00f9 alti di sicurezza e input utente. Beneficiando delle <strong>capacit\u00e0 di ricerca e sviluppo<\/strong> del Gruppo Dromont e dell&#8217;allineamento con il portafoglio prodotti di Dromont, la <strong>reputazione e l&#8217;esperienza di Comec<\/strong> stanno crescendo rapidamente al di fuori del tradizionale mercato dell&#8217;Europa centrale.<\/p>\n<\/div><\/div><\/div><\/div><\/div><\/div><\/section><section class=\"l-section wpb_row height_huge color_alternate\"><div class=\"l-section-h i-cf\"><div class=\"g-cols vc_row via_grid cols_2 laptops-cols_inherit tablets-cols_inherit mobiles-cols_1 valign_middle type_default reversed stacking_default\"><div class=\"wpb_column vc_column_container us_custom_b2547913 us_animate_this has_bg_color\"><div class=\"vc_column-inner\"><div class=\"wpb_text_column us_custom_432d3f53\"><div class=\"wpb_wrapper\"><p>La gamma di prodotti Comec offre il massimo nei <strong>processi automatizzati di fresatura e dispersione<\/strong>, unendo potenza, precisione e affidabilit\u00e0. Il nostro punto di forza non risiede solo nella progettazione di motori ad alte prestazioni, ma nell&#8217;integrarli con un sistema di alimentazione delle materie prime automatizzato <strong>best-in-class<\/strong>.<br \/>\nOgni soluzione \u00e8 progettata per ridurre i tempi di inattivit\u00e0 massimizzando l&#8217;efficienza operativa.<br \/>\nAttraverso continui investimenti in R&amp;S, forniamo una tecnologia che si adatta alle mutevoli esigenze industriali.<br \/>\nSupportiamo i nostri clienti dalla consulenza iniziale fino all&#8217;installazione e al servizio post-vendita. <\/p>\n<p><strong>Scegliere Comec significa collaborare con l&#8217;innovazione, l&#8217;automazione e le prestazioni a lungo termine<\/strong><\/p>\n<\/div><\/div><\/div><\/div><div class=\"wpb_column vc_column_container us_custom_47474b22 us_animate_this\"><div class=\"vc_column-inner\"><div class=\"w-image align_none\"><div class=\"w-image-h\"><img decoding=\"async\" width=\"1024\" height=\"576\" src=\"https:\/\/comec.eu.com\/wp-content\/uploads\/2026\/02\/DSC_3516-1024x576.jpg\" class=\"attachment-large size-large\" alt=\"\" loading=\"lazy\" srcset=\"https:\/\/comec.eu.com\/wp-content\/uploads\/2026\/02\/DSC_3516-1024x576.jpg 1024w, https:\/\/comec.eu.com\/wp-content\/uploads\/2026\/02\/DSC_3516-300x169.jpg 300w, https:\/\/comec.eu.com\/wp-content\/uploads\/2026\/02\/DSC_3516.jpg 1920w\" sizes=\"auto, (max-width: 1024px) 100vw, 1024px\" \/><\/div><\/div><\/div><\/div><\/div><\/div><\/section><section class=\"l-section wpb_row height_huge\"><div class=\"l-section-h i-cf\"><div class=\"g-cols vc_row via_grid cols_2 laptops-cols_inherit tablets-cols_inherit mobiles-cols_1 valign_middle type_default reversed stacking_default\"><div class=\"wpb_column vc_column_container us_custom_47474b22 us_animate_this\"><div class=\"vc_column-inner\"><div class=\"w-image align_none\"><div class=\"w-image-h\"><img decoding=\"async\" width=\"1000\" height=\"1000\" src=\"https:\/\/comec.eu.com\/wp-content\/uploads\/2026\/02\/DSC_3096-e1771424803419.png\" class=\"attachment-large size-large\" alt=\"\" loading=\"lazy\" \/><\/div><\/div><\/div><\/div><div class=\"wpb_column vc_column_container us_custom_fa346f51 us_animate_this has_bg_color\"><div class=\"vc_column-inner\"><div class=\"wpb_text_column us_custom_432d3f53\"><div class=\"wpb_wrapper\"><p>Il risultato di questa combinazione integrata si traduce in costi di manodopera significativamente inferiori, velocit\u00e0 di produzione pi\u00f9 elevate e una qualit\u00e0 superiore del prodotto ottenuta attraverso processi controllati e ripetibili. Riducendo al minimo l&#8217;intervento manuale e massimizzando l&#8217;automazione, <strong>i nostri sistemi migliorano la costanza operativa garantendo al contempo livelli di sicurezza pi\u00f9 elevati per gli operatori<\/strong>. Il coordinamento intelligente tra le prestazioni di fresatura e la movimentazione automatizzata dei materiali consente ai produttori di ottenere guadagni misurabili in termini di produttivit\u00e0 e affidabilit\u00e0 del processo.  <\/p>\n<p>Sfruttando le avanzate capacit\u00e0 di ricerca e sviluppo di DromontGroup, Comec beneficia di una continua innovazione tecnologica e dell&#8217;accesso a un&#8217;ampia rete di competenze ingegneristiche. Questo allineamento strategico con Dromont e il suo consolidato portafoglio prodotti rafforza ulteriormente la nostra capacit\u00e0 di fornire soluzioni integrate e lungimiranti, su misura per i moderni ambienti di produzione. <\/p>\n<p>Di conseguenza, il marchio Comec si sta espandendo rapidamente oltre i suoi tradizionali mercati dell&#8217;Europa centrale, costruendo una solida reputazione internazionale per l&#8217;eccellenza ingegneristica, la leadership nell&#8217;automazione e l&#8217;innovazione focalizzata sul cliente.<\/p>\n<\/div><\/div><\/div><\/div><\/div><\/div><\/section><section class=\"l-section wpb_row us_custom_b03640aa height_medium\" id=\"certifications\"><div class=\"l-section-h i-cf\"><div class=\"g-cols vc_row via_grid cols_1 laptops-cols_inherit tablets-cols_inherit mobiles-cols_1 valign_top type_default stacking_default\"><div class=\"wpb_column vc_column_container\"><div class=\"vc_column-inner\"><div class=\"wpb_text_column us_custom_a57bf3d5 titolo-lp\"><div class=\"wpb_wrapper\"><h3>Certificazioni<\/h3>\n<\/div><\/div><div class=\"wpb_text_column us_custom_8ad8aa45\"><div class=\"wpb_wrapper\"><p>Lo stabilimento di produzione Comec \u00e8 certificato secondo lo standard del sistema di gestione della qualit\u00e0 <strong>ISO 9001<\/strong> e gli standard del sistema di gestione della salute e sicurezza <strong>ISO 45001<\/strong>.<\/p>\n<\/div><\/div><div class=\"wpb_text_column us_custom_363c2ad2 has_text_color\"><div class=\"wpb_wrapper\"><ul>\n<li><a href=\"https:\/\/comec.eu.com\/wp-content\/uploads\/2024\/10\/Certificate_ISO-9001-2015_expiry-2026.pdf\">Sistema di Gestione della Qualit\u00e0 ISO 9001:2015<\/a><\/li>\n<li><a href=\"https:\/\/comec.eu.com\/wp-content\/uploads\/2021\/02\/ISO45001_Certificate-45001_2020.pdf\">Sistema di Gestione HSE ISO 45001:2018<\/a><\/li>\n<li><a href=\"https:\/\/comec.eu.com\/wp-content\/uploads\/2021\/02\/DOC-005-rev.-00-del-05.10.19-Politica-per-la-Sicurezza_firmato.pdf\">Politica di Salute e Sicurezza sul luogo di lavoro<\/a><\/li>\n<\/ul>\n<\/div><\/div><div class=\"wpb_text_column us_custom_b970a344 has_text_color\"><div class=\"wpb_wrapper\"><ul>\n<li><a href=\"https:\/\/comec.eu.com\/wp-content\/uploads\/2021\/02\/Certificato-ATEX_3528-Q-ATEX-COMEC-D.pdf\">Certificato ATEX<\/a><\/li>\n<\/ul>\n<\/div><\/div><div class=\"wpb_text_column us_custom_b5e80113\"><div class=\"wpb_wrapper\"><p>Comec \u00e8 uno dei pochi produttori globali a detenere la certificazione ATEX ZONA \u00d8 in virt\u00f9 del certificato EX II 1\/2 GC IIB T4, confermando la fornitura di impianti e macchinari con certificazione Zona \u00d8 secondo le Direttive CE ATEX<\/p>\n<\/div><\/div><div class=\"wpb_text_column us_custom_b970a344 has_text_color\"><div class=\"wpb_wrapper\"><ul>\n<li><span lang=\"EN-US\">TP TC 012\/2011<\/span><\/li>\n<\/ul>\n<\/div><\/div><div class=\"wpb_text_column us_custom_b5e80113\"><div class=\"wpb_wrapper\"><p><span lang=\"EN-US\">Comec garantisce la sicurezza delle sue apparecchiature per il lavoro in atmosfera a prova di esplosione (ATEX) in virt\u00f9 del certificato <\/span><span lang=\"EN-US\">TP TC 012\/2011<\/span><span lang=\"EN-US\"> riconosciuto per le esportazioni in Russia, Bielorussia e Kazakistan<\/span><\/p>\n<\/div><\/div><div class=\"wpb_text_column us_custom_8ad8aa45\"><div class=\"wpb_wrapper\"><p>Ci \u00e8 stata anche assegnata la <strong>Medaglia d&#8217;Oro EcoVadis 2022<\/strong> per i nostri approcci alla sostenibilit\u00e0 nelle aree Ambiente, Condizioni di Lavoro e Diritti Umani, Etica e Acquisti Sostenibili.<\/p>\n<\/div><\/div><div class=\"wpb_text_column us_custom_b970a344 has_text_color\"><div class=\"wpb_wrapper\"><ul>\n<li>Rating di Sostenibilit\u00e0 EcoVadis 2022 &#8211; Medaglia d&#8217;Oro<\/li>\n<\/ul>\n<\/div><\/div><div class=\"wpb_text_column us_custom_8ad8aa45\"><div class=\"wpb_wrapper\"><p>Infine, siamo classificati tra le <strong>Cribis Prime Companies<\/strong>, un riconoscimento internazionale che certifica la massima affidabilit\u00e0 commerciale.<\/p>\n<\/div><\/div><div class=\"wpb_text_column us_custom_b970a344 has_text_color\"><div class=\"wpb_wrapper\"><ul>\n<li>Certificazione Cribis Prime Company Rating <a href=\"https:\/\/comec.eu.com\/wp-content\/uploads\/2023\/01\/Attestato-CRIBIS_ITA_03_17_COMEC.pdf\">Italiano<\/a>\/<a href=\"https:\/\/comec.eu.com\/wp-content\/uploads\/2023\/01\/Attestato-CRIBIS_ENG_03_17_COMEC.pdf\">Inglese<\/a><\/li>\n<\/ul>\n<\/div><\/div><\/div><\/div><\/div><\/div><\/section><section class=\"l-section wpb_row us_custom_84df88bf height_small\"><div class=\"l-section-h i-cf\"><div class=\"g-cols vc_row via_grid cols_1 laptops-cols_inherit tablets-cols_inherit mobiles-cols_1 valign_top type_default stacking_default\"><div class=\"wpb_column vc_column_container has-link\"><div class=\"vc_column-inner\"><div class=\"wpb_text_column us_custom_659b7d63 has_text_color\"><div class=\"wpb_wrapper\"><p>Un Gruppo, tre grandi Marchi<\/p>\n<\/div><\/div><div class=\"wpb_text_column us_custom_66f0e55e has_text_color\"><div class=\"wpb_wrapper\"><p>Dal 2012, <strong>Comec<\/strong>, insieme a Dromont e Qoncept, fa parte del <strong>Gruppo Dromont<\/strong>.<\/p>\n<p>Sviluppato attraverso ricerca e innovazione costanti, rese possibili dalla sinergia di <strong>persone impegnate e di talento<\/strong>, il Gruppo eccelle nello sviluppo di <strong>ingegneria, processi e attrezzature<\/strong> unici. I risultati per i nostri partner sono <strong>vantaggi competitivi finanziari<\/strong> e <strong>soluzioni differenziate<\/strong> all&#8217;avanguardia per aziende e industrie. <\/p>\n<p>Il Gruppo Dromont ha sviluppato una <strong>nuova identit\u00e0<\/strong> che collega i suoi <strong>sviluppi commerciali multidimensionali<\/strong>, fornendo al contempo una navigazione pi\u00f9 semplice e intuitiva attraverso i suoi Prodotti e Servizi.<\/p>\n<\/div><\/div><div class=\"wpb_text_column us_custom_2a29ed06 has_text_color\"><div class=\"wpb_wrapper\"><p style=\"text-align: right;\">Scopri di pi\u00f9<\/p>\n<\/div><\/div><\/div><a href=\"http:\/\/www.dromontgroup.com\" class=\"vc_column-link smooth-scroll\" aria-label=\"Link\"><\/a><\/div><\/div><\/div><\/section>\n","protected":false},"excerpt":{"rendered":"Azienda Fondata nel 1970, Comec \u00e8 specializzata in macchinari e impianti per le industrie chimica, ceramica, farmaceutica e alimentare. Nel corso degli anni Comec \u00e8 diventata leader nei settori vernici, rivestimenti e adesivi con oltre 10.000 macchine installate in tutto il mondo. Nel 2012, la continuit\u00e0 e lo sviluppo aziendale sono stati garantiti dalla famiglia...","protected":false},"author":1,"featured_media":0,"parent":0,"menu_order":0,"comment_status":"closed","ping_status":"closed","template":"","meta":{"_acf_changed":false,"footnotes":""},"class_list":["post-42489","page","type-page","status-publish","hentry"],"acf":[],"yoast_head":"<!-- This site is optimized with the Yoast SEO plugin v27.0 - https:\/\/yoast.com\/product\/yoast-seo-wordpress\/ -->\n<title>Azienda - Comec<\/title>\n<meta name=\"robots\" content=\"index, follow, max-snippet:-1, max-image-preview:large, max-video-preview:-1\" \/>\n<link rel=\"canonical\" href=\"https:\/\/comec.eu.com\/company\/\" \/>\n<meta property=\"og:locale\" content=\"it_IT\" \/>\n<meta property=\"og:type\" content=\"article\" \/>\n<meta property=\"og:title\" content=\"Azienda - Comec\" \/>\n<meta property=\"og:url\" content=\"https:\/\/comec.eu.com\/company\/\" \/>\n<meta property=\"og:site_name\" content=\"Comec\" \/>\n<meta property=\"article:modified_time\" content=\"2026-02-19T07:54:25+00:00\" \/>\n<meta name=\"twitter:card\" content=\"summary_large_image\" \/>\n<meta name=\"twitter:label1\" content=\"Tempo di lettura stimato\" \/>\n\t<meta name=\"twitter:data1\" content=\"10 minuti\" \/>\n<script type=\"application\/ld+json\" class=\"yoast-schema-graph\">{\"@context\":\"https:\/\/schema.org\",\"@graph\":[{\"@type\":\"WebPage\",\"@id\":\"https:\/\/comec.eu.com\/company\/\",\"url\":\"https:\/\/comec.eu.com\/company\/\",\"name\":\"Azienda - Comec\",\"isPartOf\":{\"@id\":\"https:\/\/comec.eu.com\/#website\"},\"datePublished\":\"2026-01-02T10:15:37+00:00\",\"dateModified\":\"2026-02-19T07:54:25+00:00\",\"breadcrumb\":{\"@id\":\"https:\/\/comec.eu.com\/company\/#breadcrumb\"},\"inLanguage\":\"it-IT\",\"potentialAction\":[{\"@type\":\"ReadAction\",\"target\":[\"https:\/\/comec.eu.com\/company\/\"]}]},{\"@type\":\"BreadcrumbList\",\"@id\":\"https:\/\/comec.eu.com\/company\/#breadcrumb\",\"itemListElement\":[{\"@type\":\"ListItem\",\"position\":1,\"name\":\"Home\",\"item\":\"https:\/\/comec.eu.com\/\"},{\"@type\":\"ListItem\",\"position\":2,\"name\":\"Azienda\"}]},{\"@type\":\"WebSite\",\"@id\":\"https:\/\/comec.eu.com\/#website\",\"url\":\"https:\/\/comec.eu.com\/\",\"name\":\"Comec - Avantgarde Engineering\",\"description\":\"\",\"publisher\":{\"@id\":\"https:\/\/comec.eu.com\/#organization\"},\"potentialAction\":[{\"@type\":\"SearchAction\",\"target\":{\"@type\":\"EntryPoint\",\"urlTemplate\":\"https:\/\/comec.eu.com\/?s={search_term_string}\"},\"query-input\":{\"@type\":\"PropertyValueSpecification\",\"valueRequired\":true,\"valueName\":\"search_term_string\"}}],\"inLanguage\":\"it-IT\"},{\"@type\":\"Organization\",\"@id\":\"https:\/\/comec.eu.com\/#organization\",\"name\":\"Comec\",\"url\":\"https:\/\/comec.eu.com\/\",\"logo\":{\"@type\":\"ImageObject\",\"inLanguage\":\"it-IT\",\"@id\":\"https:\/\/comec.eu.com\/#\/schema\/logo\/image\/\",\"url\":\"https:\/\/comec.eu.com\/wp-content\/uploads\/2025\/11\/comec-logo.png\",\"contentUrl\":\"https:\/\/comec.eu.com\/wp-content\/uploads\/2025\/11\/comec-logo.png\",\"width\":966,\"height\":266,\"caption\":\"Comec\"},\"image\":{\"@id\":\"https:\/\/comec.eu.com\/#\/schema\/logo\/image\/\"}}]}<\/script>\n<!-- \/ Yoast SEO plugin. -->","yoast_head_json":{"title":"Azienda - Comec","robots":{"index":"index","follow":"follow","max-snippet":"max-snippet:-1","max-image-preview":"max-image-preview:large","max-video-preview":"max-video-preview:-1"},"canonical":"https:\/\/comec.eu.com\/company\/","og_locale":"it_IT","og_type":"article","og_title":"Azienda - Comec","og_url":"https:\/\/comec.eu.com\/company\/","og_site_name":"Comec","article_modified_time":"2026-02-19T07:54:25+00:00","twitter_card":"summary_large_image","twitter_misc":{"Tempo di lettura stimato":"10 minuti"},"schema":{"@context":"https:\/\/schema.org","@graph":[{"@type":"WebPage","@id":"https:\/\/comec.eu.com\/company\/","url":"https:\/\/comec.eu.com\/company\/","name":"Azienda - Comec","isPartOf":{"@id":"https:\/\/comec.eu.com\/#website"},"datePublished":"2026-01-02T10:15:37+00:00","dateModified":"2026-02-19T07:54:25+00:00","breadcrumb":{"@id":"https:\/\/comec.eu.com\/company\/#breadcrumb"},"inLanguage":"it-IT","potentialAction":[{"@type":"ReadAction","target":["https:\/\/comec.eu.com\/company\/"]}]},{"@type":"BreadcrumbList","@id":"https:\/\/comec.eu.com\/company\/#breadcrumb","itemListElement":[{"@type":"ListItem","position":1,"name":"Home","item":"https:\/\/comec.eu.com\/"},{"@type":"ListItem","position":2,"name":"Azienda"}]},{"@type":"WebSite","@id":"https:\/\/comec.eu.com\/#website","url":"https:\/\/comec.eu.com\/","name":"Comec - Avantgarde Engineering","description":"","publisher":{"@id":"https:\/\/comec.eu.com\/#organization"},"potentialAction":[{"@type":"SearchAction","target":{"@type":"EntryPoint","urlTemplate":"https:\/\/comec.eu.com\/?s={search_term_string}"},"query-input":{"@type":"PropertyValueSpecification","valueRequired":true,"valueName":"search_term_string"}}],"inLanguage":"it-IT"},{"@type":"Organization","@id":"https:\/\/comec.eu.com\/#organization","name":"Comec","url":"https:\/\/comec.eu.com\/","logo":{"@type":"ImageObject","inLanguage":"it-IT","@id":"https:\/\/comec.eu.com\/#\/schema\/logo\/image\/","url":"https:\/\/comec.eu.com\/wp-content\/uploads\/2025\/11\/comec-logo.png","contentUrl":"https:\/\/comec.eu.com\/wp-content\/uploads\/2025\/11\/comec-logo.png","width":966,"height":266,"caption":"Comec"},"image":{"@id":"https:\/\/comec.eu.com\/#\/schema\/logo\/image\/"}}]}},"_links":{"self":[{"href":"https:\/\/comec.eu.com\/it\/wp-json\/wp\/v2\/pages\/42489","targetHints":{"allow":["GET"]}}],"collection":[{"href":"https:\/\/comec.eu.com\/it\/wp-json\/wp\/v2\/pages"}],"about":[{"href":"https:\/\/comec.eu.com\/it\/wp-json\/wp\/v2\/types\/page"}],"author":[{"embeddable":true,"href":"https:\/\/comec.eu.com\/it\/wp-json\/wp\/v2\/users\/1"}],"replies":[{"embeddable":true,"href":"https:\/\/comec.eu.com\/it\/wp-json\/wp\/v2\/comments?post=42489"}],"version-history":[{"count":8,"href":"https:\/\/comec.eu.com\/it\/wp-json\/wp\/v2\/pages\/42489\/revisions"}],"predecessor-version":[{"id":42861,"href":"https:\/\/comec.eu.com\/it\/wp-json\/wp\/v2\/pages\/42489\/revisions\/42861"}],"wp:attachment":[{"href":"https:\/\/comec.eu.com\/it\/wp-json\/wp\/v2\/media?parent=42489"}],"curies":[{"name":"wp","href":"https:\/\/api.w.org\/{rel}","templated":true}]}}