{"id":42308,"date":"2026-01-02T10:15:37","date_gmt":"2026-01-02T10:15:37","guid":{"rendered":"https:\/\/comec.eu.com\/attrezzature\/attrezzature-da-laboratorio\/"},"modified":"2026-02-10T09:35:12","modified_gmt":"2026-02-10T09:35:12","slug":"attrezzature-da-laboratorio","status":"publish","type":"page","link":"https:\/\/comec.eu.com\/it\/attrezzature\/attrezzature-da-laboratorio\/","title":{"rendered":"Macchinari da laboratorio"},"content":{"rendered":"<section class=\"l-section wpb_row us_custom_329fd223 height_medium\"><div class=\"l-section-overlay\" style=\"background:rgba(26,26,26,0.6)\"><\/div><div class=\"l-section-h i-cf\"><div class=\"g-cols vc_row via_grid cols_3-1 laptops-cols_inherit tablets-cols_inherit mobiles-cols_1 valign_middle type_default stacking_default\"><div class=\"wpb_column vc_column_container us_custom_7e20fa79 us_animate_this\"><div class=\"vc_column-inner\"><div class=\"wpb_text_column us_custom_de150e26 has_text_color\"><div class=\"wpb_wrapper\"><h1>Macchinari da laboratorio<\/h1>\n<\/div><\/div><div class=\"w-separator size_small\"><\/div><div class=\"wpb_text_column us_custom_836f727b has_text_color\"><div class=\"wpb_wrapper\"><p><span>Dispersori, Agitatori e Mulini per test da laboratorio<\/span><\/p>\n<\/div><\/div><\/div><\/div><div class=\"wpb_column vc_column_container\"><div class=\"vc_column-inner\"><\/div><\/div><\/div><\/div><\/section><section class=\"l-section wpb_row height_medium\"><div class=\"l-section-h i-cf\"><div class=\"g-cols vc_row via_grid cols_2 laptops-cols_inherit tablets-cols_inherit mobiles-cols_1 valign_middle type_default stacking_default\"><div class=\"wpb_column vc_column_container us_custom_7e20fa79 us_animate_this\"><div class=\"vc_column-inner\"><div class=\"w-image prodotto-interno-generico align_none\"><div class=\"w-image-h\"><img decoding=\"async\" width=\"1000\" height=\"1000\" src=\"https:\/\/comec.eu.com\/wp-content\/uploads\/2026\/02\/KYNEPILOT-rendering-1.png\" class=\"attachment-large size-large\" alt=\"\" loading=\"lazy\" srcset=\"https:\/\/comec.eu.com\/wp-content\/uploads\/2026\/02\/KYNEPILOT-rendering-1.png 1000w, https:\/\/comec.eu.com\/wp-content\/uploads\/2026\/02\/KYNEPILOT-rendering-1-300x300.png 300w, https:\/\/comec.eu.com\/wp-content\/uploads\/2026\/02\/KYNEPILOT-rendering-1-150x150.png 150w\" sizes=\"auto, (max-width: 1000px) 100vw, 1000px\" \/><\/div><\/div><\/div><\/div><div class=\"wpb_column vc_column_container us_custom_60e9caca us_animate_this\"><div class=\"vc_column-inner\"><div class=\"wpb_text_column\"><div class=\"wpb_wrapper\"><h2>Kynepilot<\/h2>\n<\/div><\/div><div class=\"w-separator size_small\"><\/div><div class=\"wpb_text_column\"><div class=\"wpb_wrapper\"><p><span>Dispersori in linea ad alta tecnologia per laboratorio e piccoli lotti<\/span><\/p>\n<\/div><\/div><div class=\"w-separator size_small\"><\/div><div class=\"wpb_text_column\"><div class=\"wpb_wrapper\"><p><span>L&#8217;unit\u00e0 di dispersione da laboratorio Kynepilot \u00e8 composta da un serbatoio di processo dedicato con miscelatore integrato per resine e componenti liquidi, una piccola tramoggia per l&#8217;alimentazione delle polveri, le necessarie apparecchiature di misurazione, tubazioni interne, valvole, apparecchiature pneumatiche e sistema di controllo elettronico. La parte centrale del sistema \u00e8 costituita da un&#8217;unit\u00e0 di bagnatura e dispersione delle polveri che \u00e8 stata sviluppata rivoluzionando i tradizionali principi rotore\/statore. <\/span><\/p>\n<\/div><\/div><div class=\"w-separator size_small\"><\/div><div class=\"w-btn-wrapper align_left\"><a class=\"w-btn us-btn-style_1\" href=\"https:\/\/comec.eu.com\/wp-content\/uploads\/2026\/02\/BROCHURE-KYNEPILOT-ITA.pdf\"><span class=\"w-btn-label\">Scarica la brochure<\/span><\/a><\/div><\/div><\/div><\/div><\/div><\/section><section class=\"l-section wpb_row height_medium\"><div class=\"l-section-h i-cf\"><div class=\"g-cols vc_row via_grid cols_2 laptops-cols_inherit tablets-cols_inherit mobiles-cols_1 valign_top type_default stacking_default\"><div class=\"wpb_column vc_column_container us_custom_7e20fa79 us_animate_this\"><div class=\"vc_column-inner\"><div class=\"w-separator size_small\"><\/div><div class=\"wpb_text_column us_custom_6745946f has_text_color\"><div class=\"wpb_wrapper\"><h4 style=\"text-align: center;\">Dual Force Lab<\/h4>\n<\/div><\/div><div class=\"w-separator size_small\"><\/div><div class=\"wpb_text_column\"><div class=\"wpb_wrapper\"><p style=\"text-align: center;\"><span>Mulino ad immersione da laboratorio<\/span><\/p>\n<\/div><\/div><div class=\"w-separator size_small\"><\/div><div class=\"wpb_text_column\"><div class=\"wpb_wrapper\"><p style=\"text-align: center;\"><span>I mulini Dual Force Lab sono attrezzature da laboratorio per la ricerca, la formulazione, lo sviluppo e la produzione di piccole quantit\u00e0 di prodotti da 1 a 5 litri. Questo sistema unico \u00e8 progettato sfruttando la doppia forza di due motori indipendenti con azionamenti separati per la macinazione e la miscelazione<\/span><\/p>\n<\/div><\/div><div class=\"w-separator size_small\"><\/div><div class=\"w-btn-wrapper align_center\"><a class=\"w-btn us-btn-style_1\" href=\"https:\/\/comec.eu.com\/wp-content\/uploads\/2026\/02\/Comec_Data-Sheet_DUAL-FORCE-LAB_ITA_2023_Bozza-2.pdf\"><span class=\"w-btn-label\">Scarica la brochure<\/span><\/a><\/div><\/div><\/div><div class=\"wpb_column vc_column_container us_custom_60e9caca us_animate_this\"><div class=\"vc_column-inner\"><div class=\"w-separator size_small\"><\/div><div class=\"wpb_text_column us_custom_6745946f has_text_color\"><div class=\"wpb_wrapper\"><h4 style=\"text-align: center;\">Varitest<\/h4>\n<\/div><\/div><div class=\"w-separator size_small\"><\/div><div class=\"wpb_text_column\"><div class=\"wpb_wrapper\"><p style=\"text-align: center;\"><span>Mulino e Dispersore da laboratorio<\/span><\/p>\n<\/div><\/div><div class=\"w-separator size_small\"><\/div><div class=\"wpb_text_column\"><div class=\"wpb_wrapper\"><p style=\"text-align: center;\"><span>Gli agitatori e i mulini da laboratorio Varitest sono macchinari per la ricerca, la formulazione e la produzione di piccole quantit\u00e0 di vernici, inchiostri, smalti ceramici, prodotti farmaceutici, cosmetici e chimici. Simultaneit\u00e0 tra miscelazione e la macinazione all&#8217;interno dello stesso cilindro e omogeneizzazione fino a zero residui <\/span><\/p>\n<\/div><\/div><div class=\"w-separator size_small\"><\/div><div class=\"w-btn-wrapper align_center\"><a class=\"w-btn us-btn-style_1\" href=\"https:\/\/comec.eu.com\/wp-content\/uploads\/2026\/02\/Comec_Data-Sheet_VARITEST_ITA_2023_compressed-1.pdf\"><span class=\"w-btn-label\">Scarica la brochure<\/span><\/a><\/div><\/div><\/div><\/div><\/div><\/section><section class=\"l-section wpb_row height_medium\"><div class=\"l-section-h i-cf\"><div class=\"g-cols vc_row via_grid cols_3 laptops-cols_inherit tablets-cols_inherit mobiles-cols_1 valign_top type_default stacking_default\"><div class=\"wpb_column vc_column_container us_custom_7e20fa79 us_animate_this\"><div class=\"vc_column-inner\"><div class=\"w-separator size_small\"><\/div><div class=\"wpb_text_column us_custom_6745946f has_text_color\"><div class=\"wpb_wrapper\"><h4 style=\"text-align: center;\">AP Lab<\/h4>\n<\/div><\/div><div class=\"w-separator size_small\"><\/div><div class=\"wpb_text_column\"><div class=\"wpb_wrapper\"><p style=\"text-align: center;\"><span>Agitatori da laboratorio<\/span><\/p>\n<\/div><\/div><div class=\"w-separator size_small\"><\/div><\/div><\/div><div class=\"wpb_column vc_column_container us_custom_60e9caca us_animate_this\"><div class=\"vc_column-inner\"><div class=\"w-separator size_small\"><\/div><div class=\"wpb_text_column us_custom_6745946f has_text_color\"><div class=\"wpb_wrapper\"><h4 style=\"text-align: center;\">DCL Lab<\/h4>\n<\/div><\/div><div class=\"w-separator size_small\"><\/div><div class=\"wpb_text_column\"><div class=\"wpb_wrapper\"><p style=\"text-align: center;\"><span>Miscelatori a farfalla da laboratorio<\/span><\/p>\n<\/div><\/div><div class=\"w-separator size_small\"><\/div><\/div><\/div><div class=\"wpb_column vc_column_container\"><div class=\"vc_column-inner\"><div class=\"w-separator size_small\"><\/div><div class=\"wpb_text_column us_custom_6745946f has_text_color\"><div class=\"wpb_wrapper\"><h4 style=\"text-align: center;\">Microlab<\/h4>\n<\/div><\/div><div class=\"w-separator size_small\"><\/div><div class=\"wpb_text_column\"><div class=\"wpb_wrapper\"><p style=\"text-align: center;\"><span>Mulino a ricircolo forzato<\/span><\/p>\n<\/div><\/div><div class=\"w-separator size_small\"><\/div><\/div><\/div><\/div><\/div><\/section><section class=\"l-section wpb_row us_custom_92d565f4 has_text_color height_huge width_full_with_indents\"><div class=\"l-section-h i-cf\"><div class=\"g-cols vc_row via_grid cols_1-4-1 laptops-cols_inherit tablets-cols_inherit mobiles-cols_1 valign_top type_default stacking_default\"><div class=\"wpb_column vc_column_container\"><div class=\"vc_column-inner\"><\/div><\/div><div class=\"wpb_column vc_column_container\"><div class=\"vc_column-inner\"><div class=\"wpb_text_column\"><div class=\"wpb_wrapper\"><h2 style=\"text-align: center;\"><span>Industria 4.0<\/span> <span>&amp; Software di supervisione<\/span><\/h2>\n<\/div><\/div><div class=\"w-separator size_medium\"><\/div><div class=\"wpb_text_column\"><div class=\"wpb_wrapper\"><p style=\"text-align: center;\">La <strong>configurazione Industria 4.0<\/strong><span> <\/span>\u00e8 garantita da un software di gestione e da un&#8217;interfaccia di gestione clienti.<\/p>\n<p style=\"text-align: center;\">Un PLC collegato tramite rete Ethernet industriale a tutti gli attuatori, sensori e dispositivi di processo e tramite rete Ethernet di sicurezza a tutti i dispositivi di sicurezza consente di<span> <\/span><strong>comandare e controllare completamente il sistema<\/strong><span> <\/span>e di<span> <\/span><strong>gestire diagnostica, allarmi e sicurezza<\/strong>. L&#8217;uso integrato di tutti i dispositivi e le interfacce per l&#8217;inserimento e la gestione delle informazioni consente di avere un <span> <\/span><strong>sistema costantemente aggiornato in tempo reale<\/strong><span> <\/span>e allo stesso tempo di<span> <\/span><strong>archiviare e rendere disponibili le statistiche di processo al supervisore KPI<\/strong>, al fine di ottimizzare tutte le variabili coinvolte nel processo produttivo, dai tempi al consumo di materie prime, dal consumo energetico alla gestione ottimizzata dei fermi di produzione per le operazioni di pulizia e manutenzione.<\/p>\n<p style=\"text-align: center;\">Il sistema garantisce un servizio di <span><strong>assistenza remota<\/strong><span> <\/span>per assistere i clienti in tutto il mondo 24 ore su 24, 7 giorni su 7.<\/span><\/p>\n<\/div><\/div><div class=\"w-separator size_medium\"><\/div><div class=\"w-btn-wrapper align_center\"><a class=\"w-btn us-btn-style_2\" href=\"#\"><span class=\"w-btn-label\">Scopri di pi\u00f9<\/span><\/a><\/div><\/div><\/div><div class=\"wpb_column vc_column_container\"><div class=\"vc_column-inner\"><\/div><\/div><\/div><\/div><\/section>\n\n","protected":false},"excerpt":{"rendered":"Macchinari da laboratorio Dispersori, Agitatori e Mulini per test da laboratorio Kynepilot Dispersori in linea ad alta tecnologia per laboratorio e piccoli lotti L&#8217;unit\u00e0 di dispersione da laboratorio Kynepilot \u00e8 composta da un serbatoio di processo dedicato con miscelatore integrato per resine e componenti liquidi, una piccola tramoggia per l&#8217;alimentazione delle polveri, le necessarie apparecchiature...","protected":false},"author":1,"featured_media":42309,"parent":42126,"menu_order":0,"comment_status":"closed","ping_status":"closed","template":"","meta":{"_acf_changed":false,"footnotes":""},"class_list":["post-42308","page","type-page","status-publish","has-post-thumbnail","hentry"],"acf":[],"yoast_head":"<!-- This site is optimized with the Yoast SEO plugin v27.0 - https:\/\/yoast.com\/product\/yoast-seo-wordpress\/ -->\n<title>Macchinari da laboratorio - Comec<\/title>\n<meta name=\"robots\" content=\"index, follow, max-snippet:-1, max-image-preview:large, max-video-preview:-1\" \/>\n<link rel=\"canonical\" href=\"https:\/\/comec.eu.com\/equipment\/laboratory-equipment\/\" \/>\n<meta property=\"og:locale\" content=\"it_IT\" \/>\n<meta property=\"og:type\" content=\"article\" \/>\n<meta property=\"og:title\" content=\"Macchinari da laboratorio - Comec\" \/>\n<meta property=\"og:url\" content=\"https:\/\/comec.eu.com\/equipment\/laboratory-equipment\/\" \/>\n<meta property=\"og:site_name\" content=\"Comec\" \/>\n<meta property=\"article:modified_time\" content=\"2026-02-10T09:35:12+00:00\" \/>\n<meta property=\"og:image\" content=\"https:\/\/comec.eu.com\/wp-content\/uploads\/2026\/01\/Kynepilot-1-301x400-1.png\" \/>\n\t<meta property=\"og:image:width\" content=\"301\" \/>\n\t<meta property=\"og:image:height\" content=\"400\" \/>\n\t<meta property=\"og:image:type\" content=\"image\/png\" \/>\n<meta name=\"twitter:card\" content=\"summary_large_image\" \/>\n<meta name=\"twitter:label1\" content=\"Tempo di lettura stimato\" \/>\n\t<meta name=\"twitter:data1\" content=\"4 minuti\" \/>\n<script type=\"application\/ld+json\" class=\"yoast-schema-graph\">{\"@context\":\"https:\/\/schema.org\",\"@graph\":[{\"@type\":\"WebPage\",\"@id\":\"https:\/\/comec.eu.com\/equipment\/laboratory-equipment\/\",\"url\":\"https:\/\/comec.eu.com\/equipment\/laboratory-equipment\/\",\"name\":\"Macchinari da laboratorio - Comec\",\"isPartOf\":{\"@id\":\"https:\/\/comec.eu.com\/#website\"},\"primaryImageOfPage\":{\"@id\":\"https:\/\/comec.eu.com\/equipment\/laboratory-equipment\/#primaryimage\"},\"image\":{\"@id\":\"https:\/\/comec.eu.com\/equipment\/laboratory-equipment\/#primaryimage\"},\"thumbnailUrl\":\"https:\/\/comec.eu.com\/wp-content\/uploads\/2026\/01\/Kynepilot-1-301x400-1.png\",\"datePublished\":\"2026-01-02T10:15:37+00:00\",\"dateModified\":\"2026-02-10T09:35:12+00:00\",\"breadcrumb\":{\"@id\":\"https:\/\/comec.eu.com\/equipment\/laboratory-equipment\/#breadcrumb\"},\"inLanguage\":\"it-IT\",\"potentialAction\":[{\"@type\":\"ReadAction\",\"target\":[\"https:\/\/comec.eu.com\/equipment\/laboratory-equipment\/\"]}]},{\"@type\":\"ImageObject\",\"inLanguage\":\"it-IT\",\"@id\":\"https:\/\/comec.eu.com\/equipment\/laboratory-equipment\/#primaryimage\",\"url\":\"https:\/\/comec.eu.com\/wp-content\/uploads\/2026\/01\/Kynepilot-1-301x400-1.png\",\"contentUrl\":\"https:\/\/comec.eu.com\/wp-content\/uploads\/2026\/01\/Kynepilot-1-301x400-1.png\",\"width\":301,\"height\":400},{\"@type\":\"BreadcrumbList\",\"@id\":\"https:\/\/comec.eu.com\/equipment\/laboratory-equipment\/#breadcrumb\",\"itemListElement\":[{\"@type\":\"ListItem\",\"position\":1,\"name\":\"Home\",\"item\":\"https:\/\/comec.eu.com\/\"},{\"@type\":\"ListItem\",\"position\":2,\"name\":\"Macchinari\",\"item\":\"https:\/\/comec.eu.com\/equipment\/\"},{\"@type\":\"ListItem\",\"position\":3,\"name\":\"Macchinari da laboratorio\"}]},{\"@type\":\"WebSite\",\"@id\":\"https:\/\/comec.eu.com\/#website\",\"url\":\"https:\/\/comec.eu.com\/\",\"name\":\"Comec - Avantgarde Engineering\",\"description\":\"\",\"publisher\":{\"@id\":\"https:\/\/comec.eu.com\/#organization\"},\"potentialAction\":[{\"@type\":\"SearchAction\",\"target\":{\"@type\":\"EntryPoint\",\"urlTemplate\":\"https:\/\/comec.eu.com\/?s={search_term_string}\"},\"query-input\":{\"@type\":\"PropertyValueSpecification\",\"valueRequired\":true,\"valueName\":\"search_term_string\"}}],\"inLanguage\":\"it-IT\"},{\"@type\":\"Organization\",\"@id\":\"https:\/\/comec.eu.com\/#organization\",\"name\":\"Comec\",\"url\":\"https:\/\/comec.eu.com\/\",\"logo\":{\"@type\":\"ImageObject\",\"inLanguage\":\"it-IT\",\"@id\":\"https:\/\/comec.eu.com\/#\/schema\/logo\/image\/\",\"url\":\"https:\/\/comec.eu.com\/wp-content\/uploads\/2025\/11\/comec-logo.png\",\"contentUrl\":\"https:\/\/comec.eu.com\/wp-content\/uploads\/2025\/11\/comec-logo.png\",\"width\":966,\"height\":266,\"caption\":\"Comec\"},\"image\":{\"@id\":\"https:\/\/comec.eu.com\/#\/schema\/logo\/image\/\"}}]}<\/script>\n<!-- \/ Yoast SEO plugin. -->","yoast_head_json":{"title":"Macchinari da laboratorio - Comec","robots":{"index":"index","follow":"follow","max-snippet":"max-snippet:-1","max-image-preview":"max-image-preview:large","max-video-preview":"max-video-preview:-1"},"canonical":"https:\/\/comec.eu.com\/equipment\/laboratory-equipment\/","og_locale":"it_IT","og_type":"article","og_title":"Macchinari da laboratorio - Comec","og_url":"https:\/\/comec.eu.com\/equipment\/laboratory-equipment\/","og_site_name":"Comec","article_modified_time":"2026-02-10T09:35:12+00:00","og_image":[{"width":301,"height":400,"url":"https:\/\/comec.eu.com\/wp-content\/uploads\/2026\/01\/Kynepilot-1-301x400-1.png","type":"image\/png"}],"twitter_card":"summary_large_image","twitter_misc":{"Tempo di lettura stimato":"4 minuti"},"schema":{"@context":"https:\/\/schema.org","@graph":[{"@type":"WebPage","@id":"https:\/\/comec.eu.com\/equipment\/laboratory-equipment\/","url":"https:\/\/comec.eu.com\/equipment\/laboratory-equipment\/","name":"Macchinari da laboratorio - Comec","isPartOf":{"@id":"https:\/\/comec.eu.com\/#website"},"primaryImageOfPage":{"@id":"https:\/\/comec.eu.com\/equipment\/laboratory-equipment\/#primaryimage"},"image":{"@id":"https:\/\/comec.eu.com\/equipment\/laboratory-equipment\/#primaryimage"},"thumbnailUrl":"https:\/\/comec.eu.com\/wp-content\/uploads\/2026\/01\/Kynepilot-1-301x400-1.png","datePublished":"2026-01-02T10:15:37+00:00","dateModified":"2026-02-10T09:35:12+00:00","breadcrumb":{"@id":"https:\/\/comec.eu.com\/equipment\/laboratory-equipment\/#breadcrumb"},"inLanguage":"it-IT","potentialAction":[{"@type":"ReadAction","target":["https:\/\/comec.eu.com\/equipment\/laboratory-equipment\/"]}]},{"@type":"ImageObject","inLanguage":"it-IT","@id":"https:\/\/comec.eu.com\/equipment\/laboratory-equipment\/#primaryimage","url":"https:\/\/comec.eu.com\/wp-content\/uploads\/2026\/01\/Kynepilot-1-301x400-1.png","contentUrl":"https:\/\/comec.eu.com\/wp-content\/uploads\/2026\/01\/Kynepilot-1-301x400-1.png","width":301,"height":400},{"@type":"BreadcrumbList","@id":"https:\/\/comec.eu.com\/equipment\/laboratory-equipment\/#breadcrumb","itemListElement":[{"@type":"ListItem","position":1,"name":"Home","item":"https:\/\/comec.eu.com\/"},{"@type":"ListItem","position":2,"name":"Macchinari","item":"https:\/\/comec.eu.com\/equipment\/"},{"@type":"ListItem","position":3,"name":"Macchinari da laboratorio"}]},{"@type":"WebSite","@id":"https:\/\/comec.eu.com\/#website","url":"https:\/\/comec.eu.com\/","name":"Comec - Avantgarde Engineering","description":"","publisher":{"@id":"https:\/\/comec.eu.com\/#organization"},"potentialAction":[{"@type":"SearchAction","target":{"@type":"EntryPoint","urlTemplate":"https:\/\/comec.eu.com\/?s={search_term_string}"},"query-input":{"@type":"PropertyValueSpecification","valueRequired":true,"valueName":"search_term_string"}}],"inLanguage":"it-IT"},{"@type":"Organization","@id":"https:\/\/comec.eu.com\/#organization","name":"Comec","url":"https:\/\/comec.eu.com\/","logo":{"@type":"ImageObject","inLanguage":"it-IT","@id":"https:\/\/comec.eu.com\/#\/schema\/logo\/image\/","url":"https:\/\/comec.eu.com\/wp-content\/uploads\/2025\/11\/comec-logo.png","contentUrl":"https:\/\/comec.eu.com\/wp-content\/uploads\/2025\/11\/comec-logo.png","width":966,"height":266,"caption":"Comec"},"image":{"@id":"https:\/\/comec.eu.com\/#\/schema\/logo\/image\/"}}]}},"_links":{"self":[{"href":"https:\/\/comec.eu.com\/it\/wp-json\/wp\/v2\/pages\/42308","targetHints":{"allow":["GET"]}}],"collection":[{"href":"https:\/\/comec.eu.com\/it\/wp-json\/wp\/v2\/pages"}],"about":[{"href":"https:\/\/comec.eu.com\/it\/wp-json\/wp\/v2\/types\/page"}],"author":[{"embeddable":true,"href":"https:\/\/comec.eu.com\/it\/wp-json\/wp\/v2\/users\/1"}],"replies":[{"embeddable":true,"href":"https:\/\/comec.eu.com\/it\/wp-json\/wp\/v2\/comments?post=42308"}],"version-history":[{"count":11,"href":"https:\/\/comec.eu.com\/it\/wp-json\/wp\/v2\/pages\/42308\/revisions"}],"predecessor-version":[{"id":42615,"href":"https:\/\/comec.eu.com\/it\/wp-json\/wp\/v2\/pages\/42308\/revisions\/42615"}],"up":[{"embeddable":true,"href":"https:\/\/comec.eu.com\/it\/wp-json\/wp\/v2\/pages\/42126"}],"wp:featuredmedia":[{"embeddable":true,"href":"https:\/\/comec.eu.com\/it\/wp-json\/wp\/v2\/media\/42309"}],"wp:attachment":[{"href":"https:\/\/comec.eu.com\/it\/wp-json\/wp\/v2\/media?parent=42308"}],"curies":[{"name":"wp","href":"https:\/\/api.w.org\/{rel}","templated":true}]}}