{"id":42260,"date":"2026-02-06T14:21:38","date_gmt":"2026-02-06T14:21:38","guid":{"rendered":"https:\/\/comec.eu.com\/ingegneria-e-impianti-chiavi-in-mano\/"},"modified":"2026-02-19T08:19:36","modified_gmt":"2026-02-19T08:19:36","slug":"ingegneria-e-impianti-chiavi-in-mano","status":"publish","type":"page","link":"https:\/\/comec.eu.com\/it\/ingegneria-e-impianti-chiavi-in-mano\/","title":{"rendered":"Ingegneria e Impianti chiavi in mano"},"content":{"rendered":"<section class=\"l-section wpb_row us_custom_81cfcabb height_medium\"><div class=\"l-section-overlay\" style=\"background:rgba(26,26,26,0.6)\"><\/div><div class=\"l-section-h i-cf\"><div class=\"g-cols vc_row via_grid cols_3-1 laptops-cols_inherit tablets-cols_inherit mobiles-cols_1 valign_middle type_default stacking_default\"><div class=\"wpb_column vc_column_container us_custom_7e20fa79 us_animate_this\"><div class=\"vc_column-inner\"><div class=\"wpb_text_column us_custom_de150e26 has_text_color\"><div class=\"wpb_wrapper\"><h1>Ingegneria e Impianti Chiavi in Mano<\/h1>\n<\/div><\/div><div class=\"w-separator size_small\"><\/div><div class=\"wpb_text_column us_custom_836f727b has_text_color\"><div class=\"wpb_wrapper\"><p><span>Sempre al tuo fianco in ogni fase <\/span><span>per progettare, costruire, mantenere e migliorare la tua fabbrica<\/span><\/p>\n<\/div><\/div><\/div><\/div><div class=\"wpb_column vc_column_container\"><div class=\"vc_column-inner\"><\/div><\/div><\/div><\/div><\/section><section class=\"l-section wpb_row height_medium\"><div class=\"l-section-h i-cf\"><div class=\"g-cols vc_row via_grid cols_2 laptops-cols_inherit tablets-cols_inherit mobiles-cols_1 valign_top type_default stacking_default\"><div class=\"wpb_column vc_column_container\"><div class=\"vc_column-inner\"><div class=\"wpb_text_column us_custom_432d3f53\"><div class=\"wpb_wrapper\"><h2>Progetti Chiavi in Mano<\/h2>\n<p>Sfruttiamo la nostra esperienza e le innovazioni combinate di DromontGroup per realizzare fabbriche con il costo di produzione pi\u00f9 basso e la massima qualit\u00e0, utilizzando la nostra tecnologia leader del settore. Forniamo progetti di processo dall&#8217;analisi di fattibilit\u00e0 e definizione dei KPI fino alla gestione del progetto e del sito, dalla progettazione e produzione fino all&#8217;installazione e all&#8217;avvio dell&#8217;impianto. <\/p>\n<p>Le applicazioni pi\u00f9 comuni sono dedicate allo stoccaggio, al trasporto, alla pesatura e alla dispersione in batch di singole materie prime umide e secche, ottenendo il prodotto finito che, in molti casi, deve anche essere macinato, filtrato, confezionato e colorato.<\/p>\n<\/div><\/div><\/div><\/div><div class=\"wpb_column vc_column_container\"><div class=\"vc_column-inner\"><div class=\"wpb_text_column list-arrow\"><div class=\"wpb_wrapper\"><p>Cosa offriamo:<\/p>\n<ul>\n<li>Gestione del progetto<\/li>\n<li>Ingegneria di dettaglio<\/li>\n<li>Schema di flusso di processo e layout<\/li>\n<li>Ricezione delle materie prime<\/li>\n<li>Stoccaggio, trasferimento e dosaggio<\/li>\n<li>Dispersione e miscelazione<\/li>\n<li>Macinazione, pulizia e riempimento<\/li>\n<li>Costruzione e montaggio delle attrezzature<\/li>\n<li>Test e pre-commissioning<\/li>\n<li>Commissioning, formazione e avviamento<\/li>\n<\/ul>\n<\/div><\/div><\/div><\/div><\/div><\/div><\/section><section class=\"l-section wpb_row height_huge\"><div class=\"l-section-h i-cf\"><div class=\"g-cols vc_row via_grid cols_2 laptops-cols_inherit tablets-cols_inherit mobiles-cols_1 valign_middle type_default stacking_default\"><div class=\"wpb_column vc_column_container us_custom_47474b22 us_animate_this\"><div class=\"vc_column-inner\"><div class=\"wpb_text_column iconabox-titolo\"><div class=\"wpb_wrapper\"><h2>Qoncept Engineering<\/h2>\n<\/div><\/div><div class=\"w-separator size_small\"><\/div><div class=\"wpb_text_column us_custom_432d3f53\"><div class=\"wpb_wrapper\"><div class=\"wpb_text_column us_custom_b2261517\">\n<div class=\"wpb_wrapper\">\n<p>Soluzioni intelligenti, studi di fattibilit\u00e0 e analisi dettagliate dei flussi vengono sviluppate per integrarsi perfettamente con le nuove tecnologie produttive, <strong>creando un ambiente produttivo coeso e pronto per il futuro<\/strong>.<\/p>\n<p>Il nostro approccio si concentra sul miglioramento delle condizioni di lavoro attraverso sistemi pi\u00f9 sicuri, ergonomici e altamente automatizzati, consentendo al contempo la creazione di nuovi modelli di business flessibili. Attraverso una progettazione intelligente degli impianti e l&#8217;integrazione digitale, aiutiamo ad aumentare la produttivit\u00e0, garantire una qualit\u00e0 costante del prodotto e ottimizzare l&#8217;utilizzo delle risorse. <\/p>\n<p>Il risultato non \u00e8 solo un macchinario aggiornato, ma <strong>la progettazione e l&#8217;implementazione di una Fabbrica Innovativa, costruita per affrontare le sfide in evoluzione dell&#8217;industria moderna con efficienza, sostenibilit\u00e0 e competitivit\u00e0 a lungo termine<\/strong>.<\/p>\n<\/div>\n<\/div>\n<\/div><\/div><div class=\"w-separator size_small\"><\/div><div class=\"w-btn-wrapper align_none\"><a class=\"w-btn us-btn-style_3\" href=\"https:\/\/comec-dev.eu.com\/it\/ingegneria-e-impianti-chiavi-in-mano\/qoncept-engineering\/\"><span class=\"w-btn-label\">Scopri di pi\u00f9<\/span><\/a><\/div><\/div><\/div><div class=\"wpb_column vc_column_container\"><div class=\"vc_column-inner\"><div class=\"w-image align_none\"><div class=\"w-image-h\"><img decoding=\"async\" width=\"1024\" height=\"576\" src=\"https:\/\/comec.eu.com\/wp-content\/uploads\/2026\/02\/Dromont_Qoncept-Engineering-1024x576.jpg\" class=\"attachment-large size-large\" alt=\"\" loading=\"lazy\" srcset=\"https:\/\/comec.eu.com\/wp-content\/uploads\/2026\/02\/Dromont_Qoncept-Engineering-1024x576.jpg 1024w, https:\/\/comec.eu.com\/wp-content\/uploads\/2026\/02\/Dromont_Qoncept-Engineering-300x169.jpg 300w\" sizes=\"auto, (max-width: 1024px) 100vw, 1024px\" \/><\/div><\/div><\/div><\/div><\/div><\/div><\/section><section class=\"l-section wpb_row height_huge color_alternate\"><div class=\"l-section-h i-cf\"><div class=\"g-cols vc_row via_grid cols_2 laptops-cols_inherit tablets-cols_inherit mobiles-cols_1 valign_middle type_default stacking_default\"><div class=\"wpb_column vc_column_container\"><div class=\"vc_column-inner\"><div class=\"w-image align_none\"><div class=\"w-image-h\"><img decoding=\"async\" width=\"1024\" height=\"825\" src=\"https:\/\/comec.eu.com\/wp-content\/uploads\/2026\/02\/AEROMECHANICAL-SCREW-CONVEYORS-1024x825.jpg\" class=\"attachment-large size-large\" alt=\"\" loading=\"lazy\" srcset=\"https:\/\/comec.eu.com\/wp-content\/uploads\/2026\/02\/AEROMECHANICAL-SCREW-CONVEYORS-1024x825.jpg 1024w, https:\/\/comec.eu.com\/wp-content\/uploads\/2026\/02\/AEROMECHANICAL-SCREW-CONVEYORS-300x242.jpg 300w\" sizes=\"auto, (max-width: 1024px) 100vw, 1024px\" \/><\/div><\/div><\/div><\/div><div class=\"wpb_column vc_column_container us_custom_47474b22 us_animate_this\"><div class=\"vc_column-inner\"><div class=\"wpb_text_column iconabox-titolo\"><div class=\"wpb_wrapper\"><h2>Gestione Polveri<\/h2>\n<\/div><\/div><div class=\"w-separator size_small\"><\/div><div class=\"wpb_text_column us_custom_432d3f53\"><div class=\"wpb_wrapper\"><p><span>Comec Engineering sviluppa sistemi di stoccaggio di materie prime in polvere altamente personalizzati, come Silos, Scaricatori BigBag e Spaccasacchi, tutti progettati per adattarsi con precisione ai tuoi tassi di consumo e alle esigenze produttive. Ogni soluzione \u00e8 accuratamente progettata per garantire una movimentazione sicura dei materiali, un utilizzo ottimale dello spazio e una gestione costante del flusso all&#8217;interno dell&#8217;impianto. <\/span><\/p>\n<p>La nostra competenza si estende oltre lo stoccaggio per includere sistemi di trasporto all&#8217;avanguardia, come trasportatori aeromeccanici, sistemi di trasporto pneumatico, trasportatori a coclea e tramogge di pesatura avanzate. Queste tecnologie sono integrate per garantire un dosaggio accurato, un trasferimento controllato e una comunicazione fluida tra le diverse fasi del processo produttivo. <\/p>\n<p>Combinando affidabilit\u00e0 meccanica e controllo intelligente dei processi, forniamo <strong>sistemi completi di movimentazione dei materiali che migliorano l&#8217;efficienza, riducono gli sprechi e mantengono i pi\u00f9 elevati standard di sicurezza e prestazioni operative<\/strong>.<\/p>\n<\/div><\/div><div class=\"w-separator size_small\"><\/div><div class=\"w-btn-wrapper align_none\"><a class=\"w-btn us-btn-style_3\" href=\"https:\/\/comec-dev.eu.com\/it\/ingegneria-e-impianti-chiavi-in-mano\/gestione-polveri\/\"><span class=\"w-btn-label\">Scopri di pi\u00f9<\/span><\/a><\/div><\/div><\/div><\/div><\/div><\/section><section class=\"l-section wpb_row height_huge\"><div class=\"l-section-h i-cf\"><div class=\"g-cols vc_row via_grid cols_2 laptops-cols_inherit tablets-cols_inherit mobiles-cols_1 valign_middle type_default stacking_default\"><div class=\"wpb_column vc_column_container us_custom_47474b22 us_animate_this\"><div class=\"vc_column-inner\"><div class=\"wpb_text_column iconabox-titolo\"><div class=\"wpb_wrapper\"><h2>Gestione Liquidi<\/h2>\n<\/div><\/div><div class=\"w-separator size_small\"><\/div><div class=\"wpb_text_column us_custom_432d3f53\"><div class=\"wpb_wrapper\"><div class=\"wpb_text_column us_custom_b2261517\">\n<div class=\"wpb_wrapper\">\n<p>La progettazione di tubazioni e parchi serbatoi, insieme alle attivit\u00e0 di pre-fabbricazione, rappresentano <strong>elementi chiave<\/strong> di qualsiasi impianto di processo efficiente. Un&#8217;ingegneria accurata in questa fase garantisce un&#8217;integrazione fluida, tempi di installazione ridotti e affidabilit\u00e0 operativa a lungo termine. <\/p>\n<p>Sviluppiamo <strong>Sistemi di Gestione dei Liquidi all&#8217;avanguardia<\/strong>, inclusi serbatoi di stoccaggio per resine e altre materie prime critiche, progettati per garantire l&#8217;integrit\u00e0 del prodotto e condizioni di stoccaggio sicure. La nostra competenza include anche reti di tubazioni completamente ingegnerizzate e sistemi rack per additivi dotati di dosaggio ad alta precisione, garantendo un dosaggio preciso e un controllo costante della formulazione. <\/p>\n<p>Combinando Ingegneria Dettagliata, fabbricazione di qualit\u00e0 e pianificazione intelligente del layout, forniamo soluzioni integrate di gestione dei liquidi che <strong>ottimizzano le prestazioni dell&#8217;impianto, migliorano gli standard di sicurezza e supportano risultati produttivi costanti e di alta qualit\u00e0<\/strong>.<\/p>\n<\/div>\n<\/div>\n<\/div><\/div><div class=\"w-separator size_small\"><\/div><div class=\"w-btn-wrapper align_none\"><a class=\"w-btn us-btn-style_3\" href=\"https:\/\/comec-dev.eu.com\/it\/ingegneria-e-impianti-chiavi-in-mano\/lavorazione-liquidi\/\"><span class=\"w-btn-label\">Scopri di pi\u00f9<\/span><\/a><\/div><\/div><\/div><div class=\"wpb_column vc_column_container\"><div class=\"vc_column-inner\"><div class=\"w-image align_none\"><div class=\"w-image-h\"><img decoding=\"async\" width=\"561\" height=\"373\" src=\"https:\/\/comec.eu.com\/wp-content\/uploads\/2026\/02\/Pagina-26_posizione-2.jpg\" class=\"attachment-large size-large\" alt=\"\" loading=\"lazy\" srcset=\"https:\/\/comec.eu.com\/wp-content\/uploads\/2026\/02\/Pagina-26_posizione-2.jpg 561w, https:\/\/comec.eu.com\/wp-content\/uploads\/2026\/02\/Pagina-26_posizione-2-300x199.jpg 300w\" sizes=\"auto, (max-width: 561px) 100vw, 561px\" \/><\/div><\/div><\/div><\/div><\/div><\/div><\/section><section class=\"l-section wpb_row height_huge color_alternate\"><div class=\"l-section-h i-cf\"><div class=\"g-cols vc_row via_grid cols_2 laptops-cols_inherit tablets-cols_inherit mobiles-cols_1 valign_middle type_default stacking_default\"><div class=\"wpb_column vc_column_container\"><div class=\"vc_column-inner\"><div class=\"w-image align_none\"><div class=\"w-image-h\"><img decoding=\"async\" width=\"717\" height=\"1024\" src=\"https:\/\/comec.eu.com\/wp-content\/uploads\/2026\/02\/foto-software--717x1024.jpg\" class=\"attachment-large size-large\" alt=\"\" loading=\"lazy\" srcset=\"https:\/\/comec.eu.com\/wp-content\/uploads\/2026\/02\/foto-software--717x1024.jpg 717w, https:\/\/comec.eu.com\/wp-content\/uploads\/2026\/02\/foto-software--210x300.jpg 210w, https:\/\/comec.eu.com\/wp-content\/uploads\/2026\/02\/foto-software--scaled.jpg 1793w\" sizes=\"auto, (max-width: 717px) 100vw, 717px\" \/><\/div><\/div><\/div><\/div><div class=\"wpb_column vc_column_container us_custom_47474b22 us_animate_this\"><div class=\"vc_column-inner\"><div class=\"wpb_text_column iconabox-titolo\"><div class=\"wpb_wrapper\"><h2>Software e Automazione<\/h2>\n<\/div><\/div><div class=\"w-separator size_small\"><\/div><div class=\"wpb_text_column us_custom_432d3f53\"><div class=\"wpb_wrapper\"><p><span>Un&#8217;unica <strong>Piattaforma Software<\/strong> completamente integrata, progettata per gestire tutte le apparecchiature, i processi produttivi e la raccolta dati all&#8217;interno dell&#8217;impianto, creando un ambiente operativo connesso e intelligente.<\/span><\/p>\n<p>Il nostro sistema centralizza le funzioni di controllo, monitoraggio e reportistica, consentendo la supervisione in tempo reale di ogni fase della produzione. Raccogliendo e analizzando i dati di processo, permette un processo decisionale informato, manutenzione predittiva e ottimizzazione continua delle prestazioni. <\/p>\n<p>Attraverso automazione avanzata, tracciabilit\u00e0 e analisi dettagliate della produzione, la piattaforma aiuta ad aumentare la produttivit\u00e0, ridurre gli sprechi e migliorare l&#8217;efficienza complessiva. Il risultato \u00e8 <strong>una maggiore trasparenza operativa e la capacit\u00e0 di ottenere profitti aggiuntivi dalle operazioni di fabbrica trasformando i dati in Valore misurabile<\/strong>.<\/p>\n<\/div><\/div><div class=\"w-separator size_small\"><\/div><div class=\"w-btn-wrapper align_none\"><a class=\"w-btn us-btn-style_3\" href=\"https:\/\/comec-dev.eu.com\/it\/ingegneria-e-impianti-chiavi-in-mano\/software-e-automazione\/\"><span class=\"w-btn-label\">Scopri di pi\u00f9<\/span><\/a><\/div><\/div><\/div><\/div><\/div><\/section><section class=\"l-section wpb_row us_custom_d69e1149 has_text_color us_animate_this height_medium\"><div class=\"l-section-h i-cf\"><div class=\"g-cols vc_row via_grid cols_1 laptops-cols_inherit tablets-cols_inherit mobiles-cols_1 valign_top type_default stacking_default\"><div class=\"wpb_column vc_column_container\"><div class=\"vc_column-inner\"><div class=\"wpb_text_column\"><div class=\"wpb_wrapper\"><h3 style=\"text-align: center;\">Zona ATEX Ex-proof \u00d8<\/h3>\n<\/div><\/div><div class=\"w-separator size_small\"><\/div><div class=\"wpb_text_column\"><div class=\"wpb_wrapper\"><p style=\"text-align: center;\">Produciamo sistemi automatici completi che possono operare sia in aree sicure che in aree classificate Atex.<\/p>\n<p style=\"text-align: center;\">Comec \u00e8 tra i pochi produttori globali a detenere la certificazione ATEX zona \u00d8 in virt\u00f9 del certificato EX II 1\/2 GC IIB T4, a conferma della fornitura di impianti e macchinari con certificazione Zona \u00d8 ai sensi delle Direttive CE ATEX.<\/p>\n<\/div><\/div><\/div><\/div><\/div><\/div><\/section>\n","protected":false},"excerpt":{"rendered":"Ingegneria e Impianti Chiavi in Mano Sempre al tuo fianco in ogni fase per progettare, costruire, mantenere e migliorare la tua fabbrica Progetti Chiavi in Mano Sfruttiamo la nostra esperienza e le innovazioni combinate di DromontGroup per realizzare fabbriche con il costo di produzione pi\u00f9 basso e la massima qualit\u00e0, utilizzando la nostra tecnologia leader...","protected":false},"author":1,"featured_media":0,"parent":0,"menu_order":0,"comment_status":"closed","ping_status":"closed","template":"","meta":{"_acf_changed":false,"footnotes":""},"class_list":["post-42260","page","type-page","status-publish","hentry"],"acf":[],"yoast_head":"<!-- This site is optimized with the Yoast SEO plugin v27.0 - https:\/\/yoast.com\/product\/yoast-seo-wordpress\/ -->\n<title>Ingegneria e Impianti chiavi in mano - Comec<\/title>\n<meta name=\"robots\" content=\"index, follow, max-snippet:-1, max-image-preview:large, max-video-preview:-1\" \/>\n<link rel=\"canonical\" href=\"https:\/\/comec.eu.com\/engineering-and-turnkey-plants\/\" \/>\n<meta property=\"og:locale\" content=\"it_IT\" \/>\n<meta property=\"og:type\" content=\"article\" \/>\n<meta property=\"og:title\" content=\"Ingegneria e Impianti chiavi in mano - Comec\" \/>\n<meta property=\"og:url\" content=\"https:\/\/comec.eu.com\/engineering-and-turnkey-plants\/\" \/>\n<meta property=\"og:site_name\" content=\"Comec\" \/>\n<meta property=\"article:modified_time\" content=\"2026-02-19T08:19:36+00:00\" \/>\n<meta name=\"twitter:card\" content=\"summary_large_image\" \/>\n<meta name=\"twitter:label1\" content=\"Tempo di lettura stimato\" \/>\n\t<meta name=\"twitter:data1\" content=\"7 minuti\" \/>\n<script type=\"application\/ld+json\" class=\"yoast-schema-graph\">{\"@context\":\"https:\/\/schema.org\",\"@graph\":[{\"@type\":\"WebPage\",\"@id\":\"https:\/\/comec.eu.com\/engineering-and-turnkey-plants\/\",\"url\":\"https:\/\/comec.eu.com\/engineering-and-turnkey-plants\/\",\"name\":\"Ingegneria e Impianti chiavi in mano - Comec\",\"isPartOf\":{\"@id\":\"https:\/\/comec.eu.com\/#website\"},\"datePublished\":\"2026-02-06T14:21:38+00:00\",\"dateModified\":\"2026-02-19T08:19:36+00:00\",\"breadcrumb\":{\"@id\":\"https:\/\/comec.eu.com\/engineering-and-turnkey-plants\/#breadcrumb\"},\"inLanguage\":\"it-IT\",\"potentialAction\":[{\"@type\":\"ReadAction\",\"target\":[\"https:\/\/comec.eu.com\/engineering-and-turnkey-plants\/\"]}]},{\"@type\":\"BreadcrumbList\",\"@id\":\"https:\/\/comec.eu.com\/engineering-and-turnkey-plants\/#breadcrumb\",\"itemListElement\":[{\"@type\":\"ListItem\",\"position\":1,\"name\":\"Home\",\"item\":\"https:\/\/comec.eu.com\/\"},{\"@type\":\"ListItem\",\"position\":2,\"name\":\"Ingegneria e Impianti chiavi in mano\"}]},{\"@type\":\"WebSite\",\"@id\":\"https:\/\/comec.eu.com\/#website\",\"url\":\"https:\/\/comec.eu.com\/\",\"name\":\"Comec - Avantgarde Engineering\",\"description\":\"\",\"publisher\":{\"@id\":\"https:\/\/comec.eu.com\/#organization\"},\"potentialAction\":[{\"@type\":\"SearchAction\",\"target\":{\"@type\":\"EntryPoint\",\"urlTemplate\":\"https:\/\/comec.eu.com\/?s={search_term_string}\"},\"query-input\":{\"@type\":\"PropertyValueSpecification\",\"valueRequired\":true,\"valueName\":\"search_term_string\"}}],\"inLanguage\":\"it-IT\"},{\"@type\":\"Organization\",\"@id\":\"https:\/\/comec.eu.com\/#organization\",\"name\":\"Comec\",\"url\":\"https:\/\/comec.eu.com\/\",\"logo\":{\"@type\":\"ImageObject\",\"inLanguage\":\"it-IT\",\"@id\":\"https:\/\/comec.eu.com\/#\/schema\/logo\/image\/\",\"url\":\"https:\/\/comec.eu.com\/wp-content\/uploads\/2025\/11\/comec-logo.png\",\"contentUrl\":\"https:\/\/comec.eu.com\/wp-content\/uploads\/2025\/11\/comec-logo.png\",\"width\":966,\"height\":266,\"caption\":\"Comec\"},\"image\":{\"@id\":\"https:\/\/comec.eu.com\/#\/schema\/logo\/image\/\"}}]}<\/script>\n<!-- \/ Yoast SEO plugin. -->","yoast_head_json":{"title":"Ingegneria e Impianti chiavi in mano - Comec","robots":{"index":"index","follow":"follow","max-snippet":"max-snippet:-1","max-image-preview":"max-image-preview:large","max-video-preview":"max-video-preview:-1"},"canonical":"https:\/\/comec.eu.com\/engineering-and-turnkey-plants\/","og_locale":"it_IT","og_type":"article","og_title":"Ingegneria e Impianti chiavi in mano - Comec","og_url":"https:\/\/comec.eu.com\/engineering-and-turnkey-plants\/","og_site_name":"Comec","article_modified_time":"2026-02-19T08:19:36+00:00","twitter_card":"summary_large_image","twitter_misc":{"Tempo di lettura stimato":"7 minuti"},"schema":{"@context":"https:\/\/schema.org","@graph":[{"@type":"WebPage","@id":"https:\/\/comec.eu.com\/engineering-and-turnkey-plants\/","url":"https:\/\/comec.eu.com\/engineering-and-turnkey-plants\/","name":"Ingegneria e Impianti chiavi in mano - Comec","isPartOf":{"@id":"https:\/\/comec.eu.com\/#website"},"datePublished":"2026-02-06T14:21:38+00:00","dateModified":"2026-02-19T08:19:36+00:00","breadcrumb":{"@id":"https:\/\/comec.eu.com\/engineering-and-turnkey-plants\/#breadcrumb"},"inLanguage":"it-IT","potentialAction":[{"@type":"ReadAction","target":["https:\/\/comec.eu.com\/engineering-and-turnkey-plants\/"]}]},{"@type":"BreadcrumbList","@id":"https:\/\/comec.eu.com\/engineering-and-turnkey-plants\/#breadcrumb","itemListElement":[{"@type":"ListItem","position":1,"name":"Home","item":"https:\/\/comec.eu.com\/"},{"@type":"ListItem","position":2,"name":"Ingegneria e Impianti chiavi in mano"}]},{"@type":"WebSite","@id":"https:\/\/comec.eu.com\/#website","url":"https:\/\/comec.eu.com\/","name":"Comec - Avantgarde Engineering","description":"","publisher":{"@id":"https:\/\/comec.eu.com\/#organization"},"potentialAction":[{"@type":"SearchAction","target":{"@type":"EntryPoint","urlTemplate":"https:\/\/comec.eu.com\/?s={search_term_string}"},"query-input":{"@type":"PropertyValueSpecification","valueRequired":true,"valueName":"search_term_string"}}],"inLanguage":"it-IT"},{"@type":"Organization","@id":"https:\/\/comec.eu.com\/#organization","name":"Comec","url":"https:\/\/comec.eu.com\/","logo":{"@type":"ImageObject","inLanguage":"it-IT","@id":"https:\/\/comec.eu.com\/#\/schema\/logo\/image\/","url":"https:\/\/comec.eu.com\/wp-content\/uploads\/2025\/11\/comec-logo.png","contentUrl":"https:\/\/comec.eu.com\/wp-content\/uploads\/2025\/11\/comec-logo.png","width":966,"height":266,"caption":"Comec"},"image":{"@id":"https:\/\/comec.eu.com\/#\/schema\/logo\/image\/"}}]}},"_links":{"self":[{"href":"https:\/\/comec.eu.com\/it\/wp-json\/wp\/v2\/pages\/42260","targetHints":{"allow":["GET"]}}],"collection":[{"href":"https:\/\/comec.eu.com\/it\/wp-json\/wp\/v2\/pages"}],"about":[{"href":"https:\/\/comec.eu.com\/it\/wp-json\/wp\/v2\/types\/page"}],"author":[{"embeddable":true,"href":"https:\/\/comec.eu.com\/it\/wp-json\/wp\/v2\/users\/1"}],"replies":[{"embeddable":true,"href":"https:\/\/comec.eu.com\/it\/wp-json\/wp\/v2\/comments?post=42260"}],"version-history":[{"count":8,"href":"https:\/\/comec.eu.com\/it\/wp-json\/wp\/v2\/pages\/42260\/revisions"}],"predecessor-version":[{"id":42878,"href":"https:\/\/comec.eu.com\/it\/wp-json\/wp\/v2\/pages\/42260\/revisions\/42878"}],"wp:attachment":[{"href":"https:\/\/comec.eu.com\/it\/wp-json\/wp\/v2\/media?parent=42260"}],"curies":[{"name":"wp","href":"https:\/\/api.w.org\/{rel}","templated":true}]}}