{"id":42221,"date":"2026-02-09T08:18:18","date_gmt":"2026-02-09T08:18:18","guid":{"rendered":"https:\/\/comec.eu.com\/qoncept-engineering\/"},"modified":"2026-02-19T09:12:00","modified_gmt":"2026-02-19T09:12:00","slug":"qoncept-engineering","status":"publish","type":"page","link":"https:\/\/comec.eu.com\/it\/ingegneria-e-impianti-chiavi-in-mano\/qoncept-engineering\/","title":{"rendered":"Qoncept Engineering"},"content":{"rendered":"<section class=\"l-section wpb_row us_custom_6700a48f height_medium\"><div class=\"l-section-overlay\" style=\"background:rgba(26,26,26,0.6)\"><\/div><div class=\"l-section-h i-cf\"><div class=\"g-cols vc_row via_grid cols_3-1 laptops-cols_inherit tablets-cols_inherit mobiles-cols_1 valign_middle type_default stacking_default\"><div class=\"wpb_column vc_column_container us_custom_7e20fa79 us_animate_this\"><div class=\"vc_column-inner\"><div class=\"wpb_text_column us_custom_de150e26 has_text_color\"><div class=\"wpb_wrapper\"><h1 class=\"text-5xl md:text-6xl font-light text-white mb-4\">Qoncept Engineering<\/h1>\n<\/div><\/div><div class=\"w-separator size_small\"><\/div><div class=\"wpb_text_column us_custom_836f727b has_text_color\"><div class=\"wpb_wrapper\"><p><span>Dalla fabbrica virtuale a quella reale<\/span><\/p>\n<\/div><\/div><\/div><\/div><div class=\"wpb_column vc_column_container\"><div class=\"vc_column-inner\"><\/div><\/div><\/div><\/div><\/section><section class=\"l-section wpb_row us_custom_e11ab399 height_medium\"><div class=\"l-section-h i-cf\"><div class=\"g-cols vc_row via_grid cols_1 laptops-cols_inherit tablets-cols_inherit mobiles-cols_1 valign_top type_default stacking_default\"><div class=\"wpb_column vc_column_container\"><div class=\"vc_column-inner\"><div class=\"wpb_text_column\"><div class=\"wpb_wrapper\"><h3 class=\"text-xl text-neutral-600 font-light leading-relaxed mb-6\"><span>Soluzioni intelligenti, studi di fattibilit\u00e0 e analisi dei flussi, combinate con tecnologie di produzione innovative per migliorare le condizioni di lavoro, creare nuovi modelli di business, aumentare la produttivit\u00e0 e la qualit\u00e0 nella produzione degli impianti, progettando una fabbrica innovativa.<\/span><\/h3>\n<\/div><\/div><\/div><\/div><\/div><\/div><\/section><section class=\"l-section wpb_row height_medium\"><div class=\"l-section-h i-cf\"><div class=\"g-cols vc_row via_grid cols_1 laptops-cols_inherit tablets-cols_inherit mobiles-cols_1 valign_top type_default stacking_default\"><div class=\"wpb_column vc_column_container\"><div class=\"vc_column-inner\"><div class=\"wpb_text_column us_custom_432d3f53\"><div class=\"wpb_wrapper\"><div class=\"wpb_text_column us_custom_afa99c10 has_text_color\">\n<div class=\"wpb_wrapper\">\n<p>Forniamo consulenza strategica completa per la produzione, basata su soluzioni avanzate di analisi e modellazione aziendale finalizzate a ridurre i costi di produzione, aumentare l&#8217;efficienza operativa e massimizzare la produttivit\u00e0. La nostra piattaforma proprietaria, Qoncept, \u00e8 progettata specificamente per supportare i programmi di investimento dei nostri partner, sia per operazioni su piccola scala che per progetti chiavi in mano completi, garantendo che ogni investimento sia strategicamente allineato con gli obiettivi aziendali a lungo termine. <\/p>\n<p>Applicando i concetti della Lean Manufacturing, promuoviamo un nuovo approccio all&#8217;ingegnerizzazione degli impianti di produzione. Questa metodologia si concentra sul miglioramento degli indicatori chiave di prestazione (KPI) a tutti i livelli, garantendo riduzioni misurabili nel consumo energetico, nei costi di inventario, nelle perdite di resa, nella generazione di rifiuti e nella spesa complessiva per gli investimenti. <\/p>\n<p>Attraverso la raccolta sistematica dei dati di base del progetto combinata con la modellazione dei processi, forniamo ai nostri partner informazioni solide e basate sui dati che supportano modifiche efficaci dei processi e miglioramenti operativi, creando un vero valore aggiunto.<\/p>\n<p>I nostri servizi di consulenza coprono:<\/p>\n<\/div>\n<\/div>\n<div class=\"wpb_text_column us_custom_612feba2 has_text_color\">\n<div class=\"wpb_wrapper\">\n<ul>\n<li data-start=\"1109\" data-end=\"1160\">Progettazione efficiente dei processi di <strong>produzione e logistica<\/strong><\/li>\n<li data-start=\"1163\" data-end=\"1206\">Dimensionamento accurato della <strong>capacit\u00e0 produttiva<\/strong><\/li>\n<li data-start=\"1209\" data-end=\"1277\"><strong>Ottimizzazione dei lotti<\/strong> per migliorare il throughput e ridurre i tempi di ciclo<\/li>\n<li data-start=\"1280\" data-end=\"1345\">Identificazione dei <strong>risparmi produttivi dell&#8217;impianto<\/strong> e dei guadagni di efficienza<\/li>\n<li data-start=\"1348\" data-end=\"1408\">Stime degli <strong>investimenti preliminari<\/strong> e analisi costi-benefici<\/li>\n<li data-start=\"1411\" data-end=\"1467\">Strategie di <strong>riduzione dell&#8217;inventario<\/strong> per liberare capitale circolante<\/li>\n<li data-start=\"1470\" data-end=\"1542\">Valutazioni di <strong>payback e redditivit\u00e0<\/strong> per convalidare le decisioni di investimento<\/li>\n<\/ul>\n<p>Combinando competenza tecnica, modellazione analitica ed esperienza industriale pratica, consentiamo ai nostri partner di prendere decisioni strategiche informate, raggiungere l&#8217;eccellenza operativa e massimizzare il ritorno sui loro <strong>investimenti produttivi.<\/strong><\/p>\n<\/div>\n<\/div>\n<\/div><\/div><\/div><\/div><\/div><\/div><\/section><section class=\"l-section wpb_row us_custom_8e1dd723 has_text_color height_medium\"><div class=\"l-section-overlay\" style=\"background:rgba(0,0,0,0.65)\"><\/div><div class=\"l-section-h i-cf\"><div class=\"g-cols vc_row via_grid cols_1-3 laptops-cols_inherit tablets-cols_inherit mobiles-cols_1 valign_top type_default stacking_default\"><div class=\"wpb_column vc_column_container\"><div class=\"vc_column-inner\"><div class=\"wpb_text_column\"><div class=\"wpb_wrapper\"><h2>Ingegneria della fabbrica virtuale<\/h2>\n<\/div><\/div><div class=\"w-separator size_small\"><\/div><div class=\"wpb_text_column\"><div class=\"wpb_wrapper\"><div class=\"transition-all ease-out opacity-100 translate-y-0\">\n<div class=\"flex gap-4\">\n<ul>\n<li>Analisi del modello di business<\/li>\n<li>Carta del progetto<\/li>\n<li>Classificazione del progetto e del sito<\/li>\n<li>Controllo dei processi e gestione delle operazioni<\/li>\n<li>Ottimizzazione di energia e rifiuti<\/li>\n<\/ul>\n<\/div>\n<\/div>\n<\/div><\/div><\/div><\/div><div class=\"wpb_column vc_column_container\"><div class=\"vc_column-inner\"><div class=\"wpb_text_column\"><div class=\"wpb_wrapper\"><h2>Modellazione dinamica e ingegneria di dettaglio<\/h2>\n<\/div><\/div><div class=\"w-separator size_small\"><\/div><div class=\"wpb_text_column\"><div class=\"wpb_wrapper\"><div class=\"transition-all ease-out opacity-100 translate-y-0\">\n<div class=\"flex gap-4\">\n<ul>\n<li>Strategia di formazione e valutazione dei rischi<\/li>\n<li>Analisi funzionale e dei costi<\/li>\n<li>Costruibilit\u00e0<\/li>\n<li>Messa in servizio e avviamento<\/li>\n<\/ul>\n<\/div>\n<\/div>\n<\/div><\/div><\/div><\/div><\/div><\/div><\/section><section class=\"l-section wpb_row height_medium\"><div class=\"l-section-h i-cf\"><div class=\"g-cols vc_row via_grid cols_1 laptops-cols_inherit tablets-cols_inherit mobiles-cols_1 valign_top type_default stacking_default\"><div class=\"wpb_column vc_column_container\"><div class=\"vc_column-inner\"><div class=\"wpb_text_column\"><div class=\"wpb_wrapper\"><div class=\"wpb_text_column us_custom_afa99c10 has_text_color\">\n<div class=\"wpb_wrapper\">\n<h2 style=\"text-align: center;\"><span>Analisi degli investimenti<\/span><\/h2>\n<\/div>\n<\/div>\n<\/div><\/div><div class=\"w-separator size_small\"><\/div><div class=\"wpb_text_column\"><div class=\"wpb_wrapper\"><div class=\"wpb_text_column us_custom_afa99c10 has_text_color\">\n<div class=\"wpb_wrapper\">\n<p style=\"text-align: center;\">Concentrati sulla modellazione economica e sui rendimenti finanziari a supporto dei progetti di Concept Engineering, abbiamo esteso la sua portata e il suo ambito supportando il cambiamento completo del business, l&#8217;allineamento del portafoglio prodotti, l&#8217;ottimizzazione delle materie prime e i processi snelli.<\/p>\n<p style=\"text-align: center;\">In grado di analizzare molteplici input incorporando dati storici, di produzione, di programmazione, di movimentazione delle scorte e di vendita, fornisce un enorme impatto su tutta l&#8217;azienda.<\/p>\n<p style=\"text-align: center;\">Pi\u00f9 recentemente, l&#8217;unit\u00e0 Investment Analytics ha sviluppato strumenti su misura per integrare metriche aziendali pi\u00f9 ampie negli investimenti e nell&#8217;ottimizzazione dell&#8217;ingegneria, e l&#8217;ultimo sviluppo \u00e8 stata l&#8217;introduzione dei vantaggi dell&#8217;Intelligenza Artificiale nel processo, fornendo approfondimenti unici e capacit\u00e0 di autoapprendimento nel mix di business e ingegneria.<\/p>\n<\/div>\n<\/div>\n<\/div><\/div><div class=\"w-image align_none\"><div class=\"w-image-h\"><img decoding=\"async\" width=\"1024\" height=\"756\" src=\"https:\/\/comec.eu.com\/wp-content\/uploads\/2026\/02\/pagina-4-qoncept-1024x756.jpg\" class=\"attachment-large size-large\" alt=\"\" loading=\"lazy\" srcset=\"https:\/\/comec.eu.com\/wp-content\/uploads\/2026\/02\/pagina-4-qoncept-1024x756.jpg 1024w, https:\/\/comec.eu.com\/wp-content\/uploads\/2026\/02\/pagina-4-qoncept-300x222.jpg 300w, https:\/\/comec.eu.com\/wp-content\/uploads\/2026\/02\/pagina-4-qoncept.jpg 1747w\" sizes=\"auto, (max-width: 1024px) 100vw, 1024px\" \/><\/div><\/div><\/div><\/div><\/div><\/div><\/section><section class=\"l-section wpb_row us_custom_2bd36d0e height_medium\"><div class=\"l-section-h i-cf\"><div class=\"g-cols vc_row via_grid cols_1 laptops-cols_inherit tablets-cols_inherit mobiles-cols_1 valign_top type_default stacking_default\"><div class=\"wpb_column vc_column_container\"><div class=\"vc_column-inner\"><div class=\"wpb_text_column\"><div class=\"wpb_wrapper\"><h2 style=\"text-align: center;\"><span>Progettato per te, sviluppato per la tua azienda.<\/span><\/h2>\n<\/div><\/div><div class=\"w-separator size_medium\"><\/div><div class=\"wpb_text_column\"><div class=\"wpb_wrapper\"><p class=\"text-xl text-neutral-600 mb-10\" style=\"text-align: center;\"><span>Per maggiori informazioni, visita:<\/span><\/p>\n<\/div><\/div><div class=\"w-separator size_medium\"><\/div><div class=\"w-image us_custom_ac31e2a0 align_center\"><a target=\"_blank\" href=\"https:\/\/qoncept.com\/\" aria-label=\"QONCEPT_Colore_PAYOFF-e1649231809916-1024x284-1\" class=\"w-image-h\"><img decoding=\"async\" width=\"1024\" height=\"284\" src=\"https:\/\/comec.eu.com\/wp-content\/uploads\/2026\/02\/QONCEPT_Colore_PAYOFF-e1649231809916-1024x284-1.png\" class=\"attachment-large size-large\" alt=\"\" loading=\"lazy\" srcset=\"https:\/\/comec.eu.com\/wp-content\/uploads\/2026\/02\/QONCEPT_Colore_PAYOFF-e1649231809916-1024x284-1.png 1024w, https:\/\/comec.eu.com\/wp-content\/uploads\/2026\/02\/QONCEPT_Colore_PAYOFF-e1649231809916-1024x284-1-300x83.png 300w\" sizes=\"auto, (max-width: 1024px) 100vw, 1024px\" \/><\/a><\/div><\/div><\/div><\/div><\/div><\/section>\n","protected":false},"excerpt":{"rendered":"Qoncept Engineering Dalla fabbrica virtuale a quella reale Soluzioni intelligenti, studi di fattibilit\u00e0 e analisi dei flussi, combinate con tecnologie di produzione innovative per migliorare le condizioni di lavoro, creare nuovi modelli di business, aumentare la produttivit\u00e0 e la qualit\u00e0 nella produzione degli impianti, progettando una fabbrica innovativa. Forniamo consulenza strategica completa per la produzione,...","protected":false},"author":1,"featured_media":0,"parent":42260,"menu_order":0,"comment_status":"closed","ping_status":"closed","template":"","meta":{"_acf_changed":false,"footnotes":""},"class_list":["post-42221","page","type-page","status-publish","hentry"],"acf":[],"yoast_head":"<!-- This site is optimized with the Yoast SEO plugin v27.0 - https:\/\/yoast.com\/product\/yoast-seo-wordpress\/ -->\n<title>Qoncept Engineering - Comec<\/title>\n<meta name=\"robots\" content=\"index, follow, max-snippet:-1, max-image-preview:large, max-video-preview:-1\" \/>\n<link rel=\"canonical\" href=\"https:\/\/comec.eu.com\/engineering-and-turnkey-plants\/qoncept-engineering\/\" \/>\n<meta property=\"og:locale\" content=\"it_IT\" \/>\n<meta property=\"og:type\" content=\"article\" \/>\n<meta property=\"og:title\" content=\"Qoncept Engineering - Comec\" \/>\n<meta property=\"og:url\" content=\"https:\/\/comec.eu.com\/engineering-and-turnkey-plants\/qoncept-engineering\/\" \/>\n<meta property=\"og:site_name\" content=\"Comec\" \/>\n<meta property=\"article:modified_time\" content=\"2026-02-19T09:12:00+00:00\" \/>\n<meta name=\"twitter:card\" content=\"summary_large_image\" \/>\n<meta name=\"twitter:label1\" content=\"Tempo di lettura stimato\" \/>\n\t<meta name=\"twitter:data1\" content=\"4 minuti\" \/>\n<script type=\"application\/ld+json\" class=\"yoast-schema-graph\">{\"@context\":\"https:\/\/schema.org\",\"@graph\":[{\"@type\":\"WebPage\",\"@id\":\"https:\/\/comec.eu.com\/engineering-and-turnkey-plants\/qoncept-engineering\/\",\"url\":\"https:\/\/comec.eu.com\/engineering-and-turnkey-plants\/qoncept-engineering\/\",\"name\":\"Qoncept Engineering - Comec\",\"isPartOf\":{\"@id\":\"https:\/\/comec.eu.com\/#website\"},\"datePublished\":\"2026-02-09T08:18:18+00:00\",\"dateModified\":\"2026-02-19T09:12:00+00:00\",\"breadcrumb\":{\"@id\":\"https:\/\/comec.eu.com\/engineering-and-turnkey-plants\/qoncept-engineering\/#breadcrumb\"},\"inLanguage\":\"it-IT\",\"potentialAction\":[{\"@type\":\"ReadAction\",\"target\":[\"https:\/\/comec.eu.com\/engineering-and-turnkey-plants\/qoncept-engineering\/\"]}]},{\"@type\":\"BreadcrumbList\",\"@id\":\"https:\/\/comec.eu.com\/engineering-and-turnkey-plants\/qoncept-engineering\/#breadcrumb\",\"itemListElement\":[{\"@type\":\"ListItem\",\"position\":1,\"name\":\"Home\",\"item\":\"https:\/\/comec.eu.com\/\"},{\"@type\":\"ListItem\",\"position\":2,\"name\":\"Ingegneria e Impianti chiavi in mano\",\"item\":\"https:\/\/comec.eu.com\/engineering-and-turnkey-plants\/\"},{\"@type\":\"ListItem\",\"position\":3,\"name\":\"Qoncept Engineering\"}]},{\"@type\":\"WebSite\",\"@id\":\"https:\/\/comec.eu.com\/#website\",\"url\":\"https:\/\/comec.eu.com\/\",\"name\":\"Comec - Avantgarde Engineering\",\"description\":\"\",\"publisher\":{\"@id\":\"https:\/\/comec.eu.com\/#organization\"},\"potentialAction\":[{\"@type\":\"SearchAction\",\"target\":{\"@type\":\"EntryPoint\",\"urlTemplate\":\"https:\/\/comec.eu.com\/?s={search_term_string}\"},\"query-input\":{\"@type\":\"PropertyValueSpecification\",\"valueRequired\":true,\"valueName\":\"search_term_string\"}}],\"inLanguage\":\"it-IT\"},{\"@type\":\"Organization\",\"@id\":\"https:\/\/comec.eu.com\/#organization\",\"name\":\"Comec\",\"url\":\"https:\/\/comec.eu.com\/\",\"logo\":{\"@type\":\"ImageObject\",\"inLanguage\":\"it-IT\",\"@id\":\"https:\/\/comec.eu.com\/#\/schema\/logo\/image\/\",\"url\":\"https:\/\/comec.eu.com\/wp-content\/uploads\/2025\/11\/comec-logo.png\",\"contentUrl\":\"https:\/\/comec.eu.com\/wp-content\/uploads\/2025\/11\/comec-logo.png\",\"width\":966,\"height\":266,\"caption\":\"Comec\"},\"image\":{\"@id\":\"https:\/\/comec.eu.com\/#\/schema\/logo\/image\/\"}}]}<\/script>\n<!-- \/ Yoast SEO plugin. -->","yoast_head_json":{"title":"Qoncept Engineering - Comec","robots":{"index":"index","follow":"follow","max-snippet":"max-snippet:-1","max-image-preview":"max-image-preview:large","max-video-preview":"max-video-preview:-1"},"canonical":"https:\/\/comec.eu.com\/engineering-and-turnkey-plants\/qoncept-engineering\/","og_locale":"it_IT","og_type":"article","og_title":"Qoncept Engineering - Comec","og_url":"https:\/\/comec.eu.com\/engineering-and-turnkey-plants\/qoncept-engineering\/","og_site_name":"Comec","article_modified_time":"2026-02-19T09:12:00+00:00","twitter_card":"summary_large_image","twitter_misc":{"Tempo di lettura stimato":"4 minuti"},"schema":{"@context":"https:\/\/schema.org","@graph":[{"@type":"WebPage","@id":"https:\/\/comec.eu.com\/engineering-and-turnkey-plants\/qoncept-engineering\/","url":"https:\/\/comec.eu.com\/engineering-and-turnkey-plants\/qoncept-engineering\/","name":"Qoncept Engineering - Comec","isPartOf":{"@id":"https:\/\/comec.eu.com\/#website"},"datePublished":"2026-02-09T08:18:18+00:00","dateModified":"2026-02-19T09:12:00+00:00","breadcrumb":{"@id":"https:\/\/comec.eu.com\/engineering-and-turnkey-plants\/qoncept-engineering\/#breadcrumb"},"inLanguage":"it-IT","potentialAction":[{"@type":"ReadAction","target":["https:\/\/comec.eu.com\/engineering-and-turnkey-plants\/qoncept-engineering\/"]}]},{"@type":"BreadcrumbList","@id":"https:\/\/comec.eu.com\/engineering-and-turnkey-plants\/qoncept-engineering\/#breadcrumb","itemListElement":[{"@type":"ListItem","position":1,"name":"Home","item":"https:\/\/comec.eu.com\/"},{"@type":"ListItem","position":2,"name":"Ingegneria e Impianti chiavi in mano","item":"https:\/\/comec.eu.com\/engineering-and-turnkey-plants\/"},{"@type":"ListItem","position":3,"name":"Qoncept Engineering"}]},{"@type":"WebSite","@id":"https:\/\/comec.eu.com\/#website","url":"https:\/\/comec.eu.com\/","name":"Comec - Avantgarde Engineering","description":"","publisher":{"@id":"https:\/\/comec.eu.com\/#organization"},"potentialAction":[{"@type":"SearchAction","target":{"@type":"EntryPoint","urlTemplate":"https:\/\/comec.eu.com\/?s={search_term_string}"},"query-input":{"@type":"PropertyValueSpecification","valueRequired":true,"valueName":"search_term_string"}}],"inLanguage":"it-IT"},{"@type":"Organization","@id":"https:\/\/comec.eu.com\/#organization","name":"Comec","url":"https:\/\/comec.eu.com\/","logo":{"@type":"ImageObject","inLanguage":"it-IT","@id":"https:\/\/comec.eu.com\/#\/schema\/logo\/image\/","url":"https:\/\/comec.eu.com\/wp-content\/uploads\/2025\/11\/comec-logo.png","contentUrl":"https:\/\/comec.eu.com\/wp-content\/uploads\/2025\/11\/comec-logo.png","width":966,"height":266,"caption":"Comec"},"image":{"@id":"https:\/\/comec.eu.com\/#\/schema\/logo\/image\/"}}]}},"_links":{"self":[{"href":"https:\/\/comec.eu.com\/it\/wp-json\/wp\/v2\/pages\/42221","targetHints":{"allow":["GET"]}}],"collection":[{"href":"https:\/\/comec.eu.com\/it\/wp-json\/wp\/v2\/pages"}],"about":[{"href":"https:\/\/comec.eu.com\/it\/wp-json\/wp\/v2\/types\/page"}],"author":[{"embeddable":true,"href":"https:\/\/comec.eu.com\/it\/wp-json\/wp\/v2\/users\/1"}],"replies":[{"embeddable":true,"href":"https:\/\/comec.eu.com\/it\/wp-json\/wp\/v2\/comments?post=42221"}],"version-history":[{"count":7,"href":"https:\/\/comec.eu.com\/it\/wp-json\/wp\/v2\/pages\/42221\/revisions"}],"predecessor-version":[{"id":42940,"href":"https:\/\/comec.eu.com\/it\/wp-json\/wp\/v2\/pages\/42221\/revisions\/42940"}],"up":[{"embeddable":true,"href":"https:\/\/comec.eu.com\/it\/wp-json\/wp\/v2\/pages\/42260"}],"wp:attachment":[{"href":"https:\/\/comec.eu.com\/it\/wp-json\/wp\/v2\/media?parent=42221"}],"curies":[{"name":"wp","href":"https:\/\/api.w.org\/{rel}","templated":true}]}}