{"id":42213,"date":"2026-01-05T14:21:25","date_gmt":"2026-01-05T14:21:25","guid":{"rendered":"https:\/\/comec.eu.com\/manutenzione-predittiva\/"},"modified":"2026-02-19T09:18:24","modified_gmt":"2026-02-19T09:18:24","slug":"manutenzione-predittiva","status":"publish","type":"page","link":"https:\/\/comec.eu.com\/it\/servizi\/manutenzione-predittiva\/","title":{"rendered":"Manutenzione predittiva"},"content":{"rendered":"<section class=\"l-section wpb_row us_custom_a5a11595 has_text_color height_medium\"><div class=\"l-section-overlay\" style=\"background:rgba(26,26,26,0.5)\"><\/div><div class=\"l-section-h i-cf\"><div class=\"g-cols vc_row via_grid cols_1 laptops-cols_inherit tablets-cols_inherit mobiles-cols_1 valign_middle type_default stacking_default\"><div class=\"wpb_column vc_column_container us_custom_7e20fa79 us_animate_this\"><div class=\"vc_column-inner\"><div class=\"wpb_text_column\"><div class=\"wpb_wrapper\"><h1 style=\"text-align: center; font-weight: normal;\"><span>Programma di Manutenzione Predittiva<\/span><\/h1>\n<\/div><\/div><div class=\"w-separator size_medium\"><\/div><div class=\"wpb_text_column\"><div class=\"wpb_wrapper\"><p style=\"text-align: center;\"><span>Aumenta la produttivit\u00e0 e genera profitti extra dalle operazioni di fabbrica<\/span><\/p>\n<\/div><\/div><\/div><\/div><\/div><\/div><\/section><section class=\"l-section wpb_row us_custom_60e9caca us_animate_this height_medium\"><div class=\"l-section-h i-cf\"><div class=\"g-cols vc_row via_grid cols_1 laptops-cols_inherit tablets-cols_inherit mobiles-cols_1 valign_top type_default stacking_default\"><div class=\"wpb_column vc_column_container\"><div class=\"vc_column-inner\"><div class=\"w-image align_center\"><div class=\"w-image-h\"><img decoding=\"async\" width=\"615\" height=\"331\" src=\"https:\/\/comec.eu.com\/wp-content\/uploads\/2026\/01\/Image1.png\" class=\"attachment-large size-large\" alt=\"\" loading=\"lazy\" srcset=\"https:\/\/comec.eu.com\/wp-content\/uploads\/2026\/01\/Image1.png 615w, https:\/\/comec.eu.com\/wp-content\/uploads\/2026\/01\/Image1-300x161.png 300w\" sizes=\"auto, (max-width: 615px) 100vw, 615px\" \/><\/div><\/div><div class=\"w-separator size_medium\"><\/div><div class=\"wpb_text_column\"><div class=\"wpb_wrapper\"><p>Nella maggior parte dei casi, oggi, la manutenzione \u00e8 programmata utilizzando intervalli predeterminati. Ci\u00f2 spesso comportava la sostituzione di parti dopo un periodo specifico, anche se avrebbero potuto durare molto pi\u00f9 a lungo. Nei pochi casi in cui la manutenzione si basa sul rilevamento precoce dei guasti e sulla previsione, essa \u00e8 principalmente incentrata sull&#8217;esperienza del manutentore e sulla sua familiarit\u00e0 con l&#8217;attrezzatura. Il giudizio umano, tuttavia, non \u00e8 sufficiente per prevedere in anticipo e monitorare continuamente lo stato delle apparecchiature.   <\/p>\n<p>Per risolvere questi problemi, abbiamo lanciato il nostro<span> <\/span><strong class=\"text-foreground\">Software di Analisi Digitale<\/strong><span> <\/span>che consente l&#8217;auto-ottimizzazione delle macchine, aumentando l&#8217;automazione e favorendo operazioni pi\u00f9 efficienti.<\/p>\n<p>Il nostro<span> <\/span><strong class=\"text-foreground\">Programma di Manutenzione Predittiva<\/strong><span> <\/span>consente agli utenti finali di prevedere in modalit\u00e0 wireless i problemi e identificare le soluzioni, adottando misure proattive prima che un problema si manifesti.<\/p>\n<p>Ci\u00f2 riduce i tempi di inattivit\u00e0 fino al 50%, consente un accesso pi\u00f9 rapido ai pezzi di ricambio, prolunga la vita delle apparecchiature esistenti e comporta diversi risparmi sui costi, inclusi i costi delle attrezzature di fabbrica che si riducono fino al 40%.<\/p>\n<\/div><\/div><\/div><\/div><\/div><\/div><\/section><section class=\"l-section wpb_row us_custom_60e9caca us_animate_this height_medium color_alternate\"><div class=\"l-section-h i-cf\"><div class=\"g-cols vc_row via_grid cols_1 laptops-cols_inherit tablets-cols_inherit mobiles-cols_1 valign_top type_default stacking_default\"><div class=\"wpb_column vc_column_container\"><div class=\"vc_column-inner\"><div class=\"wpb_text_column\"><div class=\"wpb_wrapper\"><h2 class=\"text-5xl font-light mb-16 text-center\">Vantaggi principali<\/h2>\n<\/div><\/div><div class=\"w-separator size_medium\"><\/div><div class=\"wpb_text_column lista-custom\"><div class=\"wpb_wrapper\"><ul>\n<li>Tempi di manutenzione ridotti e accesso pi\u00f9 rapido ai pezzi di ricambio<\/li>\n<li>Tempi di inattivit\u00e0 dovuti alla manutenzione ridotti fino al 50%<\/li>\n<li>Costi delle attrezzature di fabbrica e dei pezzi di ricambio ridotti fino al 40%<\/li>\n<li>Meno guasti<\/li>\n<li>Vita delle apparecchiature esistenti prolungata<\/li>\n<\/ul>\n<\/div><\/div><\/div><\/div><\/div><\/div><\/section><section class=\"l-section wpb_row us_custom_92d565f4 has_text_color height_medium\"><div class=\"l-section-h i-cf\"><div class=\"g-cols vc_row via_grid cols_1 laptops-cols_inherit tablets-cols_inherit mobiles-cols_1 valign_top type_default stacking_default\"><div class=\"wpb_column vc_column_container\"><div class=\"vc_column-inner\"><div class=\"wpb_text_column us_custom_4a593b65 us_animate_this\"><div class=\"wpb_wrapper\"><h2 style=\"text-align: center;\">Come funziona<\/h2>\n<\/div><\/div><div class=\"w-separator size_medium\"><\/div><div class=\"g-cols wpb_row via_grid cols_2 laptops-cols_inherit tablets-cols_inherit mobiles-cols_1 valign_top type_default stacking_default\" style=\"--columns-gap:3rem;\"><div class=\"wpb_column vc_column_container us_custom_7e20fa79 us_animate_this\"><div class=\"vc_column-inner\"><div class=\"wpb_text_column\"><div class=\"wpb_wrapper\"><p>La rivoluzione tecnologica nel campo dell&#8217;<span> <\/span><strong class=\"font-normal\">Internet of Things (IoT)<\/strong><span> <\/span>\u00e8 l&#8217;analisi predittiva sull&#8217;IoT.<\/p>\n<p>L&#8217;analisi predittiva sull&#8217;IoT raggiunge l&#8217;obiettivo dell&#8217;automazione intelligente per anticipare e minimizzare\/eliminare i tempi di inattivit\u00e0 e gli eventi negativi imprevisti nei nostri processi e tecnologie.<\/p>\n<\/div><\/div><\/div><\/div><div class=\"wpb_column vc_column_container us_custom_47474b22 us_animate_this\"><div class=\"vc_column-inner\"><div class=\"wpb_text_column\"><div class=\"wpb_wrapper\"><p>La presenza di diversi sensori sull&#8217;attrezzatura consente la misurazione di diversi parametri e l&#8217;identificazione delle anomalie. Una volta identificato il problema, attraverso una piattaforma AI, il vero cuore dei sistemi di manutenzione predittiva, viene elaborata la soluzione. <\/p>\n<p>Il passo finale \u00e8 implementare il risultato per raggiungere una maggiore efficienza. Il processo prevede l&#8217;uso di strumenti di classificazione e clustering appropriati che ci aiutano a gestire grandi set di dati generati dagli apparecchi IoT.<\/p>\n<\/div><\/div><\/div><\/div><\/div><\/div><\/div><\/div><\/div><\/section><section class=\"l-section wpb_row height_medium\"><div class=\"l-section-h i-cf\"><div class=\"g-cols vc_row via_grid cols_1 laptops-cols_inherit tablets-cols_inherit mobiles-cols_1 valign_top type_default stacking_default\"><div class=\"wpb_column vc_column_container\"><div class=\"vc_column-inner\"><div class=\"wpb_text_column us_custom_4a593b65 us_animate_this\"><div class=\"wpb_wrapper\"><h2 style=\"text-align: center;\">Manutenzione <span style=\"color: #c91618;\">4.0<\/span><\/h2>\n<\/div><\/div><div class=\"w-separator size_medium\"><\/div><div class=\"g-cols wpb_row via_grid cols_3 laptops-cols_inherit tablets-cols_inherit mobiles-cols_1 valign_top type_default stacking_default\" style=\"--columns-gap:3rem;\"><div class=\"wpb_column vc_column_container us_custom_7e20fa79 us_animate_this\"><div class=\"vc_column-inner\"><div class=\"w-iconbox iconabox-custom iconpos_top style_circle color_custom align_left\"><div class=\"w-iconbox-icon\" style=\"font-size:2rem;--icon-color:#c91618;--icon-bg-color:rgba(201,22,24,0.2);\"><i class=\"fal fa-chart-bar\"><\/i><\/div><div class=\"w-iconbox-meta\"><h4 class=\"w-iconbox-title\">Manutenzione proattiva<\/h4><div class=\"w-iconbox-text\"><p><span>Attivazione di &#8216;contatori&#8217; su dispositivi selezionati per la gestione di un piano di interventi di manutenzione.<\/span><\/p>\n<\/div><\/div><\/div><\/div><\/div><div class=\"wpb_column vc_column_container us_custom_4a593b65 us_animate_this\"><div class=\"vc_column-inner\"><div class=\"w-iconbox iconabox-custom iconpos_top style_circle color_custom align_left\"><div class=\"w-iconbox-icon\" style=\"font-size:2rem;--icon-color:#c91618;--icon-bg-color:rgba(201,22,24,0.2);\"><i class=\"fal fa-chart-line\"><\/i><\/div><div class=\"w-iconbox-meta\"><h4 class=\"w-iconbox-title\">Manutenzione proattiva avanzata<\/h4><div class=\"w-iconbox-text\"><p><span>Attivazione di controlli statistici per la &#8216;cattura&#8217; di valori, inviati da sensori sulla linea, che possono essere contrassegnati come &#8216;fuori range&#8217;. Questi casi identificano un comportamento anomalo. <\/span><\/p>\n<\/div><\/div><\/div><\/div><\/div><div class=\"wpb_column vc_column_container us_custom_47474b22 us_animate_this\"><div class=\"vc_column-inner\"><div class=\"w-iconbox iconabox-custom iconpos_top style_circle color_custom align_left\"><div class=\"w-iconbox-icon\" style=\"font-size:2rem;--icon-color:#c91618;--icon-bg-color:rgba(201,22,24,0.2);\"><i class=\"fal fa-tachometer-alt-fast\"><\/i><\/div><div class=\"w-iconbox-meta\"><h4 class=\"w-iconbox-title\">Prossima manutenzione 4.0<\/h4><div class=\"w-iconbox-text\"><p><span>Comec \u00e8 in fase di sviluppo per fornire ai clienti un servizio di &#8216;manutenzione predittiva&#8217; basato sulle opportunit\u00e0 di analisi avanzata.<\/span><\/p>\n<\/div><\/div><\/div><\/div><\/div><\/div><\/div><\/div><\/div><\/div><\/section><section class=\"l-section wpb_row height_medium\"><div class=\"l-section-h i-cf\"><div class=\"g-cols vc_row via_grid cols_1 laptops-cols_inherit tablets-cols_inherit mobiles-cols_1 valign_top type_default stacking_default\"><div class=\"wpb_column vc_column_container\"><div class=\"vc_column-inner\"><div class=\"wpb_text_column us_custom_4eac9b72 has_text_color\"><div class=\"wpb_wrapper\"><h5>Opzioni di fornitura della manutenzione Comec:<\/h5>\n<p>&nbsp;<\/p>\n<p><strong>\u00abManutenzione proattiva\u00bb<\/strong>: attivazione di \u00abcontatori\u00bb su dispositivi selezionati per la gestione di un piano di interventi di manutenzione.<\/p>\n<p><strong>\u00abManutenzione proattiva avanzata\u00bb<\/strong>: attivazione di controlli statistici per la \u00abcattura\u00bb di valori, inviati da sensori sulla linea, che possono essere contrassegnati come \u00abfuori range\u00bb. Questi casi identificano un comportamento anomalo dei dispositivi che pu\u00f2 causare una diminuzione delle prestazioni o, nel peggiore dei casi, la rottura di un dispositivo. <\/p>\n<p><strong>Prossima manutenzione 4.0 Comec<\/strong>: Comec \u00e8 in fase di sviluppo per fornire ai clienti un servizio di \u00abmanutenzione predittiva\u00bb basato sulle opportunit\u00e0 di analisi avanzata.<\/p>\n<\/div><\/div><\/div><\/div><\/div><\/div><\/section><section class=\"l-section wpb_row us_custom_60e9caca us_animate_this height_medium color_alternate\"><div class=\"l-section-h i-cf\"><div class=\"g-cols vc_row via_grid cols_1 laptops-cols_inherit tablets-cols_inherit mobiles-cols_1 valign_top type_default stacking_default\"><div class=\"wpb_column vc_column_container\"><div class=\"vc_column-inner\"><div class=\"wpb_text_column\"><div class=\"wpb_wrapper\"><h2 style=\"text-align: center;\">Dispositivo tascabile e realt\u00e0 aumentata<\/h2>\n<\/div><\/div><div class=\"w-separator size_medium\"><\/div><div class=\"g-cols wpb_row via_grid cols_2 laptops-cols_inherit tablets-cols_inherit mobiles-cols_1 valign_top type_default stacking_default\" style=\"--columns-gap:3rem;\"><div class=\"wpb_column vc_column_container\"><div class=\"vc_column-inner\"><div class=\"w-iconbox iconabox-custom nobackground iconpos_top style_circle color_custom align_left no_text no_title\"><div class=\"w-iconbox-icon\" style=\"font-size:2rem;--icon-color:#c91618;--icon-bg-color:rgba(201,22,24,0.2);\"><i class=\"fal fa-mobile-android-alt\"><\/i><\/div><div class=\"w-iconbox-meta\"><\/div><\/div><div class=\"w-separator size_medium\"><\/div><div class=\"wpb_text_column\"><div class=\"wpb_wrapper\"><p><span>Con Comec come partner affidabile,<\/span><span> <\/span><strong>la distanza non esiste pi\u00f9<\/strong><span>. Utilizzando<\/span><span> <\/span><strong>TeamViewer Assist AR<\/strong><span> il nostro esperto pu\u00f2 guidare a distanza il tecnico attraverso la riparazione con la realt\u00e0 aumentata.<\/span><\/p>\n<\/div><\/div><div class=\"w-separator size_medium\"><\/div><div class=\"wpb_text_column\"><div class=\"wpb_wrapper\"><h5><em>Dimentica tutto ci\u00f2 che sai sull&#8217;helpdesk!<\/em><\/h5>\n<\/div><\/div><\/div><\/div><div class=\"wpb_column vc_column_container\"><div class=\"vc_column-inner\"><div class=\"w-image align_none\"><div class=\"w-image-h\"><img decoding=\"async\" width=\"683\" height=\"1024\" src=\"https:\/\/comec.eu.com\/wp-content\/uploads\/2026\/02\/L1004881-683x1024.jpg\" class=\"attachment-large size-large\" alt=\"\" loading=\"lazy\" srcset=\"https:\/\/comec.eu.com\/wp-content\/uploads\/2026\/02\/L1004881-683x1024.jpg 683w, https:\/\/comec.eu.com\/wp-content\/uploads\/2026\/02\/L1004881-200x300.jpg 200w, https:\/\/comec.eu.com\/wp-content\/uploads\/2026\/02\/L1004881-scaled.jpg 1707w\" sizes=\"auto, (max-width: 683px) 100vw, 683px\" \/><\/div><\/div><\/div><\/div><\/div><\/div><\/div><\/div><\/div><\/section>\n","protected":false},"excerpt":{"rendered":"Programma di Manutenzione Predittiva Aumenta la produttivit\u00e0 e genera profitti extra dalle operazioni di fabbrica Nella maggior parte dei casi, oggi, la manutenzione \u00e8 programmata utilizzando intervalli predeterminati. Ci\u00f2 spesso comportava la sostituzione di parti dopo un periodo specifico, anche se avrebbero potuto durare molto pi\u00f9 a lungo. Nei pochi casi in cui la manutenzione...","protected":false},"author":1,"featured_media":0,"parent":42373,"menu_order":0,"comment_status":"closed","ping_status":"closed","template":"","meta":{"_acf_changed":false,"footnotes":""},"class_list":["post-42213","page","type-page","status-publish","hentry"],"acf":[],"yoast_head":"<!-- This site is optimized with the Yoast SEO plugin v27.0 - https:\/\/yoast.com\/product\/yoast-seo-wordpress\/ -->\n<title>Manutenzione predittiva - Comec<\/title>\n<meta name=\"robots\" content=\"index, follow, max-snippet:-1, max-image-preview:large, max-video-preview:-1\" \/>\n<link rel=\"canonical\" href=\"https:\/\/comec.eu.com\/service\/predictive-maintenance\/\" \/>\n<meta property=\"og:locale\" content=\"it_IT\" \/>\n<meta property=\"og:type\" content=\"article\" \/>\n<meta property=\"og:title\" content=\"Manutenzione predittiva - Comec\" \/>\n<meta property=\"og:url\" content=\"https:\/\/comec.eu.com\/service\/predictive-maintenance\/\" \/>\n<meta property=\"og:site_name\" content=\"Comec\" \/>\n<meta property=\"article:modified_time\" content=\"2026-02-19T09:18:24+00:00\" \/>\n<meta name=\"twitter:card\" content=\"summary_large_image\" \/>\n<meta name=\"twitter:label1\" content=\"Tempo di lettura stimato\" \/>\n\t<meta name=\"twitter:data1\" content=\"6 minuti\" \/>\n<script type=\"application\/ld+json\" class=\"yoast-schema-graph\">{\"@context\":\"https:\/\/schema.org\",\"@graph\":[{\"@type\":\"WebPage\",\"@id\":\"https:\/\/comec.eu.com\/service\/predictive-maintenance\/\",\"url\":\"https:\/\/comec.eu.com\/service\/predictive-maintenance\/\",\"name\":\"Manutenzione predittiva - Comec\",\"isPartOf\":{\"@id\":\"https:\/\/comec.eu.com\/#website\"},\"datePublished\":\"2026-01-05T14:21:25+00:00\",\"dateModified\":\"2026-02-19T09:18:24+00:00\",\"breadcrumb\":{\"@id\":\"https:\/\/comec.eu.com\/service\/predictive-maintenance\/#breadcrumb\"},\"inLanguage\":\"it-IT\",\"potentialAction\":[{\"@type\":\"ReadAction\",\"target\":[\"https:\/\/comec.eu.com\/service\/predictive-maintenance\/\"]}]},{\"@type\":\"BreadcrumbList\",\"@id\":\"https:\/\/comec.eu.com\/service\/predictive-maintenance\/#breadcrumb\",\"itemListElement\":[{\"@type\":\"ListItem\",\"position\":1,\"name\":\"Home\",\"item\":\"https:\/\/comec.eu.com\/\"},{\"@type\":\"ListItem\",\"position\":2,\"name\":\"Servizi\",\"item\":\"https:\/\/comec.eu.com\/service\/\"},{\"@type\":\"ListItem\",\"position\":3,\"name\":\"Manutenzione predittiva\"}]},{\"@type\":\"WebSite\",\"@id\":\"https:\/\/comec.eu.com\/#website\",\"url\":\"https:\/\/comec.eu.com\/\",\"name\":\"Comec - Avantgarde Engineering\",\"description\":\"\",\"publisher\":{\"@id\":\"https:\/\/comec.eu.com\/#organization\"},\"potentialAction\":[{\"@type\":\"SearchAction\",\"target\":{\"@type\":\"EntryPoint\",\"urlTemplate\":\"https:\/\/comec.eu.com\/?s={search_term_string}\"},\"query-input\":{\"@type\":\"PropertyValueSpecification\",\"valueRequired\":true,\"valueName\":\"search_term_string\"}}],\"inLanguage\":\"it-IT\"},{\"@type\":\"Organization\",\"@id\":\"https:\/\/comec.eu.com\/#organization\",\"name\":\"Comec\",\"url\":\"https:\/\/comec.eu.com\/\",\"logo\":{\"@type\":\"ImageObject\",\"inLanguage\":\"it-IT\",\"@id\":\"https:\/\/comec.eu.com\/#\/schema\/logo\/image\/\",\"url\":\"https:\/\/comec.eu.com\/wp-content\/uploads\/2025\/11\/comec-logo.png\",\"contentUrl\":\"https:\/\/comec.eu.com\/wp-content\/uploads\/2025\/11\/comec-logo.png\",\"width\":966,\"height\":266,\"caption\":\"Comec\"},\"image\":{\"@id\":\"https:\/\/comec.eu.com\/#\/schema\/logo\/image\/\"}}]}<\/script>\n<!-- \/ Yoast SEO plugin. -->","yoast_head_json":{"title":"Manutenzione predittiva - Comec","robots":{"index":"index","follow":"follow","max-snippet":"max-snippet:-1","max-image-preview":"max-image-preview:large","max-video-preview":"max-video-preview:-1"},"canonical":"https:\/\/comec.eu.com\/service\/predictive-maintenance\/","og_locale":"it_IT","og_type":"article","og_title":"Manutenzione predittiva - Comec","og_url":"https:\/\/comec.eu.com\/service\/predictive-maintenance\/","og_site_name":"Comec","article_modified_time":"2026-02-19T09:18:24+00:00","twitter_card":"summary_large_image","twitter_misc":{"Tempo di lettura stimato":"6 minuti"},"schema":{"@context":"https:\/\/schema.org","@graph":[{"@type":"WebPage","@id":"https:\/\/comec.eu.com\/service\/predictive-maintenance\/","url":"https:\/\/comec.eu.com\/service\/predictive-maintenance\/","name":"Manutenzione predittiva - Comec","isPartOf":{"@id":"https:\/\/comec.eu.com\/#website"},"datePublished":"2026-01-05T14:21:25+00:00","dateModified":"2026-02-19T09:18:24+00:00","breadcrumb":{"@id":"https:\/\/comec.eu.com\/service\/predictive-maintenance\/#breadcrumb"},"inLanguage":"it-IT","potentialAction":[{"@type":"ReadAction","target":["https:\/\/comec.eu.com\/service\/predictive-maintenance\/"]}]},{"@type":"BreadcrumbList","@id":"https:\/\/comec.eu.com\/service\/predictive-maintenance\/#breadcrumb","itemListElement":[{"@type":"ListItem","position":1,"name":"Home","item":"https:\/\/comec.eu.com\/"},{"@type":"ListItem","position":2,"name":"Servizi","item":"https:\/\/comec.eu.com\/service\/"},{"@type":"ListItem","position":3,"name":"Manutenzione predittiva"}]},{"@type":"WebSite","@id":"https:\/\/comec.eu.com\/#website","url":"https:\/\/comec.eu.com\/","name":"Comec - Avantgarde Engineering","description":"","publisher":{"@id":"https:\/\/comec.eu.com\/#organization"},"potentialAction":[{"@type":"SearchAction","target":{"@type":"EntryPoint","urlTemplate":"https:\/\/comec.eu.com\/?s={search_term_string}"},"query-input":{"@type":"PropertyValueSpecification","valueRequired":true,"valueName":"search_term_string"}}],"inLanguage":"it-IT"},{"@type":"Organization","@id":"https:\/\/comec.eu.com\/#organization","name":"Comec","url":"https:\/\/comec.eu.com\/","logo":{"@type":"ImageObject","inLanguage":"it-IT","@id":"https:\/\/comec.eu.com\/#\/schema\/logo\/image\/","url":"https:\/\/comec.eu.com\/wp-content\/uploads\/2025\/11\/comec-logo.png","contentUrl":"https:\/\/comec.eu.com\/wp-content\/uploads\/2025\/11\/comec-logo.png","width":966,"height":266,"caption":"Comec"},"image":{"@id":"https:\/\/comec.eu.com\/#\/schema\/logo\/image\/"}}]}},"_links":{"self":[{"href":"https:\/\/comec.eu.com\/it\/wp-json\/wp\/v2\/pages\/42213","targetHints":{"allow":["GET"]}}],"collection":[{"href":"https:\/\/comec.eu.com\/it\/wp-json\/wp\/v2\/pages"}],"about":[{"href":"https:\/\/comec.eu.com\/it\/wp-json\/wp\/v2\/types\/page"}],"author":[{"embeddable":true,"href":"https:\/\/comec.eu.com\/it\/wp-json\/wp\/v2\/users\/1"}],"replies":[{"embeddable":true,"href":"https:\/\/comec.eu.com\/it\/wp-json\/wp\/v2\/comments?post=42213"}],"version-history":[{"count":11,"href":"https:\/\/comec.eu.com\/it\/wp-json\/wp\/v2\/pages\/42213\/revisions"}],"predecessor-version":[{"id":42974,"href":"https:\/\/comec.eu.com\/it\/wp-json\/wp\/v2\/pages\/42213\/revisions\/42974"}],"up":[{"embeddable":true,"href":"https:\/\/comec.eu.com\/it\/wp-json\/wp\/v2\/pages\/42373"}],"wp:attachment":[{"href":"https:\/\/comec.eu.com\/it\/wp-json\/wp\/v2\/media?parent=42213"}],"curies":[{"name":"wp","href":"https:\/\/api.w.org\/{rel}","templated":true}]}}