{"id":42126,"date":"2026-01-02T10:15:37","date_gmt":"2026-01-02T10:15:37","guid":{"rendered":"https:\/\/comec.eu.com\/attrezzature\/"},"modified":"2026-02-19T08:50:28","modified_gmt":"2026-02-19T08:50:28","slug":"attrezzature","status":"publish","type":"page","link":"https:\/\/comec.eu.com\/it\/attrezzature\/","title":{"rendered":"Macchinari"},"content":{"rendered":"<section class=\"l-section wpb_row us_custom_eacf564b height_medium\"><div class=\"l-section-overlay\" style=\"background:rgba(26,26,26,0.6)\"><\/div><div class=\"l-section-h i-cf\"><div class=\"g-cols vc_row via_grid cols_3-1 laptops-cols_inherit tablets-cols_inherit mobiles-cols_1 valign_middle type_default stacking_default\"><div class=\"wpb_column vc_column_container us_custom_7e20fa79 us_animate_this\"><div class=\"vc_column-inner\"><div class=\"wpb_text_column us_custom_de150e26 has_text_color\"><div class=\"wpb_wrapper\"><h1>Macchinari Stand-alone<\/h1>\n<\/div><\/div><div class=\"w-separator size_small\"><\/div><div class=\"wpb_text_column us_custom_836f727b has_text_color\"><div class=\"wpb_wrapper\"><p><span>Forniamo ai nostri clienti soluzioni premium e innovative <\/span><span>per la Dispersione, la Macinazione, la Miscelazione e il Riempimento.<\/span><\/p>\n<\/div><\/div><\/div><\/div><div class=\"wpb_column vc_column_container\"><div class=\"vc_column-inner\"><\/div><\/div><\/div><\/div><\/section><section class=\"l-section wpb_row height_huge\"><div class=\"l-section-h i-cf\"><div class=\"g-cols vc_row via_grid cols_2 laptops-cols_inherit tablets-cols_inherit mobiles-cols_1 valign_middle type_default stacking_default\"><div class=\"wpb_column vc_column_container us_custom_47474b22 us_animate_this\"><div class=\"vc_column-inner\"><div class=\"wpb_text_column iconabox-titolo\"><div class=\"wpb_wrapper\"><h2><span>Dispersione e Miscelazione<\/span><\/h2>\n<p><span>Dispersori, agitatori e miscelatori orizzontali mobili, fissi e in linea ad alta tecnologia<\/span><\/p>\n<\/div><\/div><div class=\"w-separator size_small\"><\/div><div class=\"wpb_text_column us_custom_432d3f53\"><div class=\"wpb_wrapper\"><p><span>Con oltre <strong>50 anni<\/strong> di esperienza nella progettazione, produzione e installazione, Comec si \u00e8 affermata come leader globale nella tecnologia di dispersione per applicazioni industriali. La nostra competenza \u00e8 supportata da migliaia di dispersori che operano con successo sul campo, progettati specificamente per lavorare nelle condizioni industriali pi\u00f9 esigenti e critiche. <\/span><\/p>\n<p>Ogni macchina \u00e8 progettata puntando su affidabilit\u00e0, efficienza e durata, garantendo prestazioni costanti anche in cicli di produzione continui o in ambienti operativi difficili. Il nostro approccio ingegneristico combina <strong>progettazione meccanica robusta, produzione di precisione e controllo di processo avanzato<\/strong> per fornire attrezzature che soddisfino i pi\u00f9 alti standard di qualit\u00e0, mantenendo un eccellente rapporto qualit\u00e0-prezzo. <\/p>\n<p>In decenni di esperienza pratica, abbiamo perfezionato ogni aspetto delle nostre macchine: dalle prestazioni del motore e l&#8217;efficienza di miscelazione alla facilit\u00e0 di manutenzione e l&#8217;ottimizzazione energetica. Questo impegno a lungo termine verso l&#8217;innovazione e la qualit\u00e0 garantisce ai nostri clienti sistemi che non solo soddisfano le esigenze produttive odierne, ma sono anche pronti ad adattarsi ai futuri sviluppi tecnologici. <\/p>\n<p>Scegliendo Comec, i clienti accedono a una <strong>comprovata competenza<\/strong>, a soluzioni testate dal settore e a un partner affidabile in grado di fornire dispersori ad alte prestazioni che massimizzano la produttivit\u00e0, riducono al minimo i tempi di fermo e offrono un eccellente ritorno sull&#8217;investimento.<\/p>\n<\/div><\/div><div class=\"w-separator size_small\"><\/div><div class=\"w-btn-wrapper align_none\"><a class=\"w-btn us-btn-style_3\" href=\"https:\/\/comec-dev.eu.com\/it\/attrezzature\/dispersione-e-miscelazione\/\"><span class=\"w-btn-label\">Scopri di pi\u00f9<\/span><\/a><\/div><\/div><\/div><div class=\"wpb_column vc_column_container\"><div class=\"vc_column-inner\"><div class=\"w-image align_none\"><div class=\"w-image-h\"><img decoding=\"async\" width=\"703\" height=\"1024\" src=\"https:\/\/comec.eu.com\/wp-content\/uploads\/2026\/02\/DYNAMIX-MD3-703x1024.jpg\" class=\"attachment-large size-large\" alt=\"\" loading=\"lazy\" srcset=\"https:\/\/comec.eu.com\/wp-content\/uploads\/2026\/02\/DYNAMIX-MD3-703x1024.jpg 703w, https:\/\/comec.eu.com\/wp-content\/uploads\/2026\/02\/DYNAMIX-MD3-206x300.jpg 206w, https:\/\/comec.eu.com\/wp-content\/uploads\/2026\/02\/DYNAMIX-MD3.jpg 1668w\" sizes=\"auto, (max-width: 703px) 100vw, 703px\" \/><\/div><\/div><\/div><\/div><\/div><\/div><\/section><section class=\"l-section wpb_row height_huge color_alternate\"><div class=\"l-section-h i-cf\"><div class=\"g-cols vc_row via_grid cols_2 laptops-cols_inherit tablets-cols_inherit mobiles-cols_1 valign_middle type_default stacking_default\"><div class=\"wpb_column vc_column_container\"><div class=\"vc_column-inner\"><div class=\"w-image align_none\"><div class=\"w-image-h\"><img decoding=\"async\" width=\"1024\" height=\"683\" src=\"https:\/\/comec.eu.com\/wp-content\/uploads\/2022\/02\/photo-RedLine-jan2022_Plan-de-travail-1-1024x683.png\" class=\"attachment-large size-large\" alt=\"\" loading=\"lazy\" srcset=\"https:\/\/comec.eu.com\/wp-content\/uploads\/2022\/02\/photo-RedLine-jan2022_Plan-de-travail-1-1024x683.png 1024w, https:\/\/comec.eu.com\/wp-content\/uploads\/2022\/02\/photo-RedLine-jan2022_Plan-de-travail-1-300x200.png 300w\" sizes=\"auto, (max-width: 1024px) 100vw, 1024px\" \/><\/div><\/div><\/div><\/div><div class=\"wpb_column vc_column_container us_custom_47474b22 us_animate_this\"><div class=\"vc_column-inner\"><div class=\"wpb_text_column iconabox-titolo\"><div class=\"wpb_wrapper\"><h2>Macinazione<\/h2>\n<p>Mulini a cestello ad immersione, a pressione, in continuo e mulini dispersori<\/p>\n<\/div><\/div><div class=\"w-separator size_small\"><\/div><div class=\"wpb_text_column us_custom_432d3f53\"><div class=\"wpb_wrapper\"><p>Eccezionali macchine per la macinazione ultra-fine ed efficienti dal punto di vista energetico, progettate specificamente per processi di fresatura a lotti, che rappresentano l&#8217;apice della precisione e delle prestazioni. Ogni sistema \u00e8 progettato in modo unico per ottimizzare la circolazione del prodotto all&#8217;interno del recipiente di macinazione, garantendo una distribuzione uniforme della dimensione delle particelle e la massima efficienza di lavorazione. <\/p>\n<p>Un&#8217;attenzione particolare \u00e8 rivolta ai diversi comportamenti di soffiaggio e alle caratteristiche dei materiali, consentendo all&#8217;attrezzatura di gestire un&#8217;ampia gamma di polveri e formulazioni con risultati costanti. Le caratteristiche di progettazione avanzata riducono al minimo il consumo energetico massimizzando la resa, rendendo queste macchine sia convenienti che ecologiche.<\/p>\n<\/div><\/div><div class=\"w-separator size_small\"><\/div><div class=\"w-btn-wrapper align_none\"><a class=\"w-btn us-btn-style_3\" href=\"https:\/\/comec-dev.eu.com\/it\/attrezzature\/macinazione\/\"><span class=\"w-btn-label\">Scopri di pi\u00f9<\/span><\/a><\/div><\/div><\/div><\/div><\/div><\/section><section class=\"l-section wpb_row height_huge\"><div class=\"l-section-h i-cf\"><div class=\"g-cols vc_row via_grid cols_2 laptops-cols_inherit tablets-cols_inherit mobiles-cols_1 valign_middle type_default stacking_default\"><div class=\"wpb_column vc_column_container us_custom_47474b22 us_animate_this\"><div class=\"vc_column-inner\"><div class=\"wpb_text_column iconabox-titolo\"><div class=\"wpb_wrapper\"><h2>Attrezzature da laboratorio<\/h2>\n<p>Dispersor, agitatori e mulini per test di laboratorio<\/p>\n<\/div><\/div><div class=\"w-separator size_small\"><\/div><div class=\"wpb_text_column us_custom_432d3f53\"><div class=\"wpb_wrapper\"><p>Forniamo ai nostri clienti numerose attrezzature da laboratorio per la macinazione e l&#8217;agitazione. Grazie a nuovi concetti per un uso semplice e intuitivo e a una generazione di sistemi di controllo orientata alla connettivit\u00e0, \u00e8 possibile migliorare i processi di test e R&amp;S e risparmiare tempo.<\/p>\n<\/div><\/div><div class=\"w-separator size_small\"><\/div><div class=\"w-btn-wrapper align_none\"><a class=\"w-btn us-btn-style_3\" href=\"https:\/\/comec-dev.eu.com\/it\/attrezzature\/attrezzature-da-laboratorio\/\"><span class=\"w-btn-label\">Scopri di pi\u00f9<\/span><\/a><\/div><\/div><\/div><div class=\"wpb_column vc_column_container\"><div class=\"vc_column-inner\"><div class=\"w-image align_none\"><div class=\"w-image-h\"><img decoding=\"async\" width=\"1024\" height=\"729\" src=\"https:\/\/comec.eu.com\/wp-content\/uploads\/2026\/02\/adf1b87f3c0048aca84fd45fa7715e980MCPdeKOGw6XTkxW-2-1024x729.png\" class=\"attachment-large size-large\" alt=\"\" loading=\"lazy\" srcset=\"https:\/\/comec.eu.com\/wp-content\/uploads\/2026\/02\/adf1b87f3c0048aca84fd45fa7715e980MCPdeKOGw6XTkxW-2-1024x729.png 1024w, https:\/\/comec.eu.com\/wp-content\/uploads\/2026\/02\/adf1b87f3c0048aca84fd45fa7715e980MCPdeKOGw6XTkxW-2-300x213.png 300w\" sizes=\"auto, (max-width: 1024px) 100vw, 1024px\" \/><\/div><\/div><\/div><\/div><\/div><\/div><\/section><section class=\"l-section wpb_row height_huge color_alternate\"><div class=\"l-section-h i-cf\"><div class=\"g-cols vc_row via_grid cols_2 laptops-cols_inherit tablets-cols_inherit mobiles-cols_1 valign_middle type_default stacking_default\"><div class=\"wpb_column vc_column_container\"><div class=\"vc_column-inner\"><div class=\"w-image align_none\"><div class=\"w-image-h\"><img decoding=\"async\" width=\"1024\" height=\"719\" src=\"https:\/\/comec.eu.com\/wp-content\/uploads\/2026\/02\/filling1-1024x719.jpg\" class=\"attachment-large size-large\" alt=\"\" loading=\"lazy\" srcset=\"https:\/\/comec.eu.com\/wp-content\/uploads\/2026\/02\/filling1-1024x719.jpg 1024w, https:\/\/comec.eu.com\/wp-content\/uploads\/2026\/02\/filling1-300x211.jpg 300w\" sizes=\"auto, (max-width: 1024px) 100vw, 1024px\" \/><\/div><\/div><\/div><\/div><div class=\"wpb_column vc_column_container us_custom_47474b22 us_animate_this\"><div class=\"vc_column-inner\"><div class=\"wpb_text_column iconabox-titolo\"><div class=\"wpb_wrapper\"><h2>Confezionamento<\/h2>\n<p>Linee di confezionamento intelligenti e personalizzate<\/p>\n<\/div><\/div><div class=\"w-separator size_small\"><\/div><div class=\"wpb_text_column us_custom_432d3f53\"><div class=\"wpb_wrapper\"><p>Le linee di riempimento sono accuratamente personalizzate per soddisfare le specifiche esigenze produttive di ogni cliente, tenendo conto della velocit\u00e0, del volume e della precisione richiesti dalle specifiche del prodotto. Ogni sistema \u00e8 progettato per garantire che anche le formulazioni pi\u00f9 complesse siano gestite in modo efficiente, mantenendo una qualit\u00e0 costante durante tutto il ciclo di produzione. <\/p>\n<p>Le nostre soluzioni sono flessibili e intelligenti, capaci di adattarsi alle mutevoli richieste di produzione, a molteplici tipi di prodotto e a diversi formati di imballaggio. Completamente automatizzate, riducono al minimo l&#8217;intervento manuale, diminuiscono il rischio di errori e permettono agli operatori di concentrarsi sul monitoraggio e sull&#8217;ottimizzazione piuttosto che su compiti ripetitivi.<\/p>\n<\/div><\/div><div class=\"w-separator size_small\"><\/div><div class=\"w-btn-wrapper align_none\"><a class=\"w-btn us-btn-style_3\" href=\"https:\/\/comec-dev.eu.com\/it\/attrezzature\/riempimento\/\"><span class=\"w-btn-label\">Scopri di pi\u00f9<\/span><\/a><\/div><\/div><\/div><\/div><\/div><\/section><section class=\"l-section wpb_row height_huge\"><div class=\"l-section-h i-cf\"><div class=\"g-cols vc_row via_grid cols_2 laptops-cols_inherit tablets-cols_inherit mobiles-cols_1 valign_middle type_default stacking_default\"><div class=\"wpb_column vc_column_container us_custom_47474b22 us_animate_this\"><div class=\"vc_column-inner\"><div class=\"wpb_text_column iconabox-titolo\"><div class=\"wpb_wrapper\"><h2>Macchinari ausiliari<\/h2>\n<p>Unit\u00e0 filtranti, macchine per la pulizia, presse ed estrusori<\/p>\n<\/div><\/div><div class=\"w-separator size_small\"><\/div><div class=\"wpb_text_column us_custom_432d3f53\"><div class=\"wpb_wrapper\"><p>Per fornire il miglior servizio ai nostri clienti, negli ultimi anni abbiamo investito nello studio, nella ricerca e nella produzione di attrezzature ausiliarie essenziali per completare il ciclo di produzione. Tra queste, possiamo menzionare accessori per la filtrazione del prodotto, estrusori e sistemi di pulizia dei serbatoi.<\/p>\n<\/div><\/div><div class=\"w-separator size_small\"><\/div><div class=\"w-btn-wrapper align_none\"><a class=\"w-btn us-btn-style_3\" href=\"https:\/\/comec-dev.eu.com\/it\/attrezzature\/attrezzature-ausiliarie\/\"><span class=\"w-btn-label\">Scopri di pi\u00f9<\/span><\/a><\/div><\/div><\/div><div class=\"wpb_column vc_column_container\"><div class=\"vc_column-inner\"><div class=\"w-image align_none\"><div class=\"w-image-h\"><img decoding=\"async\" width=\"500\" height=\"400\" src=\"https:\/\/comec.eu.com\/wp-content\/uploads\/2026\/01\/20.-ECO-WASHING-rendering-1-min-500x400-1.png\" class=\"attachment-large size-large\" alt=\"\" loading=\"lazy\" srcset=\"https:\/\/comec.eu.com\/wp-content\/uploads\/2026\/01\/20.-ECO-WASHING-rendering-1-min-500x400-1.png 500w, https:\/\/comec.eu.com\/wp-content\/uploads\/2026\/01\/20.-ECO-WASHING-rendering-1-min-500x400-1-300x240.png 300w\" sizes=\"auto, (max-width: 500px) 100vw, 500px\" \/><\/div><\/div><\/div><\/div><\/div><\/div><\/section>\n","protected":false},"excerpt":{"rendered":"Macchinari Stand-alone Forniamo ai nostri clienti soluzioni premium e innovative per la Dispersione, la Macinazione, la Miscelazione e il Riempimento. Dispersione e Miscelazione Dispersori, agitatori e miscelatori orizzontali mobili, fissi e in linea ad alta tecnologia Con oltre 50 anni di esperienza nella progettazione, produzione e installazione, Comec si \u00e8 affermata come leader globale nella...","protected":false},"author":1,"featured_media":0,"parent":0,"menu_order":0,"comment_status":"closed","ping_status":"closed","template":"","meta":{"_acf_changed":false,"footnotes":""},"class_list":["post-42126","page","type-page","status-publish","hentry"],"acf":[],"yoast_head":"<!-- This site is optimized with the Yoast SEO plugin v27.0 - https:\/\/yoast.com\/product\/yoast-seo-wordpress\/ -->\n<title>Macchinari - Comec<\/title>\n<meta name=\"robots\" content=\"index, follow, max-snippet:-1, max-image-preview:large, max-video-preview:-1\" \/>\n<link rel=\"canonical\" href=\"https:\/\/comec.eu.com\/equipment\/\" \/>\n<meta property=\"og:locale\" content=\"it_IT\" \/>\n<meta property=\"og:type\" content=\"article\" \/>\n<meta property=\"og:title\" content=\"Macchinari - Comec\" \/>\n<meta property=\"og:url\" content=\"https:\/\/comec.eu.com\/equipment\/\" \/>\n<meta property=\"og:site_name\" content=\"Comec\" \/>\n<meta property=\"article:modified_time\" content=\"2026-02-19T08:50:28+00:00\" \/>\n<meta name=\"twitter:card\" content=\"summary_large_image\" \/>\n<meta name=\"twitter:label1\" content=\"Tempo di lettura stimato\" \/>\n\t<meta name=\"twitter:data1\" content=\"6 minuti\" \/>\n<script type=\"application\/ld+json\" class=\"yoast-schema-graph\">{\"@context\":\"https:\/\/schema.org\",\"@graph\":[{\"@type\":\"WebPage\",\"@id\":\"https:\/\/comec.eu.com\/equipment\/\",\"url\":\"https:\/\/comec.eu.com\/equipment\/\",\"name\":\"Macchinari - Comec\",\"isPartOf\":{\"@id\":\"https:\/\/comec.eu.com\/#website\"},\"datePublished\":\"2026-01-02T10:15:37+00:00\",\"dateModified\":\"2026-02-19T08:50:28+00:00\",\"breadcrumb\":{\"@id\":\"https:\/\/comec.eu.com\/equipment\/#breadcrumb\"},\"inLanguage\":\"it-IT\",\"potentialAction\":[{\"@type\":\"ReadAction\",\"target\":[\"https:\/\/comec.eu.com\/equipment\/\"]}]},{\"@type\":\"BreadcrumbList\",\"@id\":\"https:\/\/comec.eu.com\/equipment\/#breadcrumb\",\"itemListElement\":[{\"@type\":\"ListItem\",\"position\":1,\"name\":\"Home\",\"item\":\"https:\/\/comec.eu.com\/\"},{\"@type\":\"ListItem\",\"position\":2,\"name\":\"Macchinari\"}]},{\"@type\":\"WebSite\",\"@id\":\"https:\/\/comec.eu.com\/#website\",\"url\":\"https:\/\/comec.eu.com\/\",\"name\":\"Comec - Avantgarde Engineering\",\"description\":\"\",\"publisher\":{\"@id\":\"https:\/\/comec.eu.com\/#organization\"},\"potentialAction\":[{\"@type\":\"SearchAction\",\"target\":{\"@type\":\"EntryPoint\",\"urlTemplate\":\"https:\/\/comec.eu.com\/?s={search_term_string}\"},\"query-input\":{\"@type\":\"PropertyValueSpecification\",\"valueRequired\":true,\"valueName\":\"search_term_string\"}}],\"inLanguage\":\"it-IT\"},{\"@type\":\"Organization\",\"@id\":\"https:\/\/comec.eu.com\/#organization\",\"name\":\"Comec\",\"url\":\"https:\/\/comec.eu.com\/\",\"logo\":{\"@type\":\"ImageObject\",\"inLanguage\":\"it-IT\",\"@id\":\"https:\/\/comec.eu.com\/#\/schema\/logo\/image\/\",\"url\":\"https:\/\/comec.eu.com\/wp-content\/uploads\/2025\/11\/comec-logo.png\",\"contentUrl\":\"https:\/\/comec.eu.com\/wp-content\/uploads\/2025\/11\/comec-logo.png\",\"width\":966,\"height\":266,\"caption\":\"Comec\"},\"image\":{\"@id\":\"https:\/\/comec.eu.com\/#\/schema\/logo\/image\/\"}}]}<\/script>\n<!-- \/ Yoast SEO plugin. -->","yoast_head_json":{"title":"Macchinari - Comec","robots":{"index":"index","follow":"follow","max-snippet":"max-snippet:-1","max-image-preview":"max-image-preview:large","max-video-preview":"max-video-preview:-1"},"canonical":"https:\/\/comec.eu.com\/equipment\/","og_locale":"it_IT","og_type":"article","og_title":"Macchinari - Comec","og_url":"https:\/\/comec.eu.com\/equipment\/","og_site_name":"Comec","article_modified_time":"2026-02-19T08:50:28+00:00","twitter_card":"summary_large_image","twitter_misc":{"Tempo di lettura stimato":"6 minuti"},"schema":{"@context":"https:\/\/schema.org","@graph":[{"@type":"WebPage","@id":"https:\/\/comec.eu.com\/equipment\/","url":"https:\/\/comec.eu.com\/equipment\/","name":"Macchinari - Comec","isPartOf":{"@id":"https:\/\/comec.eu.com\/#website"},"datePublished":"2026-01-02T10:15:37+00:00","dateModified":"2026-02-19T08:50:28+00:00","breadcrumb":{"@id":"https:\/\/comec.eu.com\/equipment\/#breadcrumb"},"inLanguage":"it-IT","potentialAction":[{"@type":"ReadAction","target":["https:\/\/comec.eu.com\/equipment\/"]}]},{"@type":"BreadcrumbList","@id":"https:\/\/comec.eu.com\/equipment\/#breadcrumb","itemListElement":[{"@type":"ListItem","position":1,"name":"Home","item":"https:\/\/comec.eu.com\/"},{"@type":"ListItem","position":2,"name":"Macchinari"}]},{"@type":"WebSite","@id":"https:\/\/comec.eu.com\/#website","url":"https:\/\/comec.eu.com\/","name":"Comec - Avantgarde Engineering","description":"","publisher":{"@id":"https:\/\/comec.eu.com\/#organization"},"potentialAction":[{"@type":"SearchAction","target":{"@type":"EntryPoint","urlTemplate":"https:\/\/comec.eu.com\/?s={search_term_string}"},"query-input":{"@type":"PropertyValueSpecification","valueRequired":true,"valueName":"search_term_string"}}],"inLanguage":"it-IT"},{"@type":"Organization","@id":"https:\/\/comec.eu.com\/#organization","name":"Comec","url":"https:\/\/comec.eu.com\/","logo":{"@type":"ImageObject","inLanguage":"it-IT","@id":"https:\/\/comec.eu.com\/#\/schema\/logo\/image\/","url":"https:\/\/comec.eu.com\/wp-content\/uploads\/2025\/11\/comec-logo.png","contentUrl":"https:\/\/comec.eu.com\/wp-content\/uploads\/2025\/11\/comec-logo.png","width":966,"height":266,"caption":"Comec"},"image":{"@id":"https:\/\/comec.eu.com\/#\/schema\/logo\/image\/"}}]}},"_links":{"self":[{"href":"https:\/\/comec.eu.com\/it\/wp-json\/wp\/v2\/pages\/42126","targetHints":{"allow":["GET"]}}],"collection":[{"href":"https:\/\/comec.eu.com\/it\/wp-json\/wp\/v2\/pages"}],"about":[{"href":"https:\/\/comec.eu.com\/it\/wp-json\/wp\/v2\/types\/page"}],"author":[{"embeddable":true,"href":"https:\/\/comec.eu.com\/it\/wp-json\/wp\/v2\/users\/1"}],"replies":[{"embeddable":true,"href":"https:\/\/comec.eu.com\/it\/wp-json\/wp\/v2\/comments?post=42126"}],"version-history":[{"count":8,"href":"https:\/\/comec.eu.com\/it\/wp-json\/wp\/v2\/pages\/42126\/revisions"}],"predecessor-version":[{"id":42900,"href":"https:\/\/comec.eu.com\/it\/wp-json\/wp\/v2\/pages\/42126\/revisions\/42900"}],"wp:attachment":[{"href":"https:\/\/comec.eu.com\/it\/wp-json\/wp\/v2\/media?parent=42126"}],"curies":[{"name":"wp","href":"https:\/\/api.w.org\/{rel}","templated":true}]}}