{"id":42054,"date":"2026-02-09T08:19:27","date_gmt":"2026-02-09T08:19:27","guid":{"rendered":"https:\/\/comec.eu.com\/gestione-polveri\/"},"modified":"2026-02-19T08:30:09","modified_gmt":"2026-02-19T08:30:09","slug":"gestione-polveri","status":"publish","type":"page","link":"https:\/\/comec.eu.com\/it\/ingegneria-e-impianti-chiavi-in-mano\/gestione-polveri\/","title":{"rendered":"Gestione Polveri"},"content":{"rendered":"<section class=\"l-section wpb_row us_custom_50fe1056 height_medium\"><div class=\"l-section-overlay\" style=\"background:rgba(26,26,26,0.6)\"><\/div><div class=\"l-section-h i-cf\"><div class=\"g-cols vc_row via_grid cols_3-1 laptops-cols_inherit tablets-cols_inherit mobiles-cols_1 valign_middle type_default stacking_default\"><div class=\"wpb_column vc_column_container us_custom_7e20fa79 us_animate_this\"><div class=\"vc_column-inner\"><div class=\"wpb_text_column us_custom_de150e26 has_text_color\"><div class=\"wpb_wrapper\"><h1>Gestione Polveri<\/h1>\n<\/div><\/div><div class=\"w-separator size_small\"><\/div><div class=\"wpb_text_column us_custom_836f727b has_text_color\"><div class=\"wpb_wrapper\"><p><span>Sistemi altamente personalizzati di stoccaggio, trasporto e dosaggio per polveri<\/span><\/p>\n<\/div><\/div><\/div><\/div><div class=\"wpb_column vc_column_container\"><div class=\"vc_column-inner\"><\/div><\/div><\/div><\/div><\/section><section class=\"l-section wpb_row height_medium\"><div class=\"l-section-h i-cf\"><div class=\"g-cols vc_row via_grid cols_2 laptops-cols_inherit tablets-cols_inherit mobiles-cols_1 valign_top type_default stacking_default\"><div class=\"wpb_column vc_column_container\"><div class=\"vc_column-inner\"><div class=\"wpb_text_column us_custom_432d3f53 list-arrow\"><div class=\"wpb_wrapper\"><p>Comec Engineering sviluppa <strong>Sistemi di Stoccaggio Materie Prime in Polvere<\/strong> altamente personalizzati come Silos, Scaricatori BigBag e Aprisacchi, tutti progettati per adattarsi con precisione ai tuoi tassi di consumo e alle esigenze produttive. Ogni installazione \u00e8 accuratamente ingegnerizzata per garantire una movimentazione affidabile del materiale, un flusso controllato e un&#8217;integrazione perfetta nel processo produttivo complessivo. <\/p>\n<p>Oltre alle soluzioni di stoccaggio, progettiamo e forniamo sistemi di trasporto all&#8217;avanguardia tra cui trasporto Aeromeccanico, trasporto Pneumatico, trasportatori a Coclea e Tramogge di Pesatura ad alta precisione. Questi sistemi sono sviluppati per garantire un dosaggio accurato, tassi di trasferimento costanti e un coordinamento ottimale tra le diverse fasi produttive. <\/p>\n<p>Tecnologia orientata all&#8217;autopulizia, flessibilit\u00e0 nella gestione dei lotti e facilit\u00e0 di manutenzione sono tra le caratteristiche chiave che contraddistinguono le nostre soluzioni. Ci concentriamo sulla riduzione dei residui di prodotto, sulla diminuzione dei tempi di fermo durante i cambi formato e sulla semplificazione delle operazioni di manutenzione per garantire efficienza a lungo termine e continuit\u00e0 operativa. <\/p>\n<p>Le nostre soluzioni includono:<\/p>\n<ul>\n<li><strong>Silos e serbatoi di stoccaggio<\/strong> per polveri, progettati per una movimentazione sicura ed efficiente alla rinfusa<\/li>\n<li><strong>Tramogge di pesatura<\/strong> ad alta precisione per dosaggio controllato e accuratezza nella formulazione<\/li>\n<li><strong>Stazioni di scarico Big Bag<\/strong> progettate per un funzionamento sicuro ed ergonomico<\/li>\n<li><strong>Rompisacchi<\/strong> per svuotamento controllato e contenimento delle polveri<\/li>\n<li><strong>Sistemi di trasporto aeromeccanico<\/strong> per un trasporto delicato ed efficiente del materiale<\/li>\n<li><strong>Sistemi di trasporto meccanico<\/strong> per un trasferimento robusto e affidabile<\/li>\n<li>Soluzioni di <strong>trasporto a coclea<\/strong> personalizzate per un&#8217;alimentazione precisa e continua del materiale<\/li>\n<\/ul>\n<p>Combinando robustezza meccanica con una progettazione intelligente dell&#8217;impianto, Comec fornisce Sistemi di Movimentazione Polveri completi che migliorano la produttivit\u00e0, aumentano l&#8217;affidabilit\u00e0 del processo e mantengono i pi\u00f9 elevati standard di sicurezza e pulizia<\/p>\n<\/div><\/div><\/div><\/div><div class=\"wpb_column vc_column_container\"><div class=\"vc_column-inner\"><div class=\"w-image align_none\"><div class=\"w-image-h\"><img decoding=\"async\" width=\"768\" height=\"1024\" src=\"https:\/\/comec.eu.com\/wp-content\/uploads\/2026\/02\/Module-6_powders-weighing-hopper-e1771489613336.jpg\" class=\"attachment-large size-large\" alt=\"\" loading=\"lazy\" \/><\/div><\/div><\/div><\/div><\/div><\/div><\/section><section class=\"l-section wpb_row height_huge\"><div class=\"l-section-h i-cf\"><div class=\"g-cols vc_row via_grid cols_2 laptops-cols_inherit tablets-cols_inherit mobiles-cols_1 valign_middle type_default stacking_default\"><div class=\"wpb_column vc_column_container\"><div class=\"vc_column-inner\"><div class=\"w-image align_none\"><div class=\"w-image-h\"><img decoding=\"async\" width=\"1024\" height=\"768\" src=\"https:\/\/comec.eu.com\/wp-content\/uploads\/2026\/02\/Foto-silos-1024x768.jpg\" class=\"attachment-large size-large\" alt=\"\" loading=\"lazy\" srcset=\"https:\/\/comec.eu.com\/wp-content\/uploads\/2026\/02\/Foto-silos-1024x768.jpg 1024w, https:\/\/comec.eu.com\/wp-content\/uploads\/2026\/02\/Foto-silos-300x225.jpg 300w, https:\/\/comec.eu.com\/wp-content\/uploads\/2026\/02\/Foto-silos.jpg 1600w\" sizes=\"auto, (max-width: 1024px) 100vw, 1024px\" \/><\/div><\/div><\/div><\/div><div class=\"wpb_column vc_column_container us_custom_47474b22 us_animate_this\"><div class=\"vc_column-inner\"><div class=\"w-iconbox iconabox-titolo iconpos_left style_circle color_custom align_left no_text\"><div class=\"w-iconbox-icon\" style=\"font-size:2rem;--icon-color:#c91618;--icon-bg-color:rgba(201,22,24,0.2);\"><i class=\"fal fa-database\"><\/i><\/div><div class=\"w-iconbox-meta\"><h4 class=\"w-iconbox-title\">Silos e Serbatoi di Stoccaggio<\/h4><\/div><\/div><div class=\"w-separator size_small\"><\/div><div class=\"wpb_text_column us_custom_432d3f53\"><div class=\"wpb_wrapper\"><p><span>Silos per polveri, caricati automaticamente con un sistema pneumatico da un camion. Una volta che le materie prime sono stoccate negli appositi silos, l&#8217;impianto le convoglier\u00e0 dall&#8217;area di stoccaggio all&#8217;area di miscelazione.<\/span><br \/>\n<span>Il caricamento nei diversi miscelatori o nelle tramogge di preparazione consente l&#8217;ottimizzazione del tempo ciclo.<\/span><\/p>\n<\/div><\/div><\/div><\/div><\/div><\/div><\/section><section class=\"l-section wpb_row us_custom_a9be633b height_huge\"><div class=\"l-section-h i-cf\"><div class=\"g-cols vc_row via_grid cols_2 laptops-cols_inherit tablets-cols_inherit mobiles-cols_1 valign_middle type_default stacking_default\"><div class=\"wpb_column vc_column_container us_custom_47474b22 us_animate_this\"><div class=\"vc_column-inner\"><div class=\"w-iconbox iconabox-titolo iconpos_left style_circle color_custom align_left no_text\"><div class=\"w-iconbox-icon\" style=\"font-size:2rem;--icon-color:#c91618;--icon-bg-color:rgba(201,22,24,0.2);\"><i class=\"fal fa-weight\"><\/i><\/div><div class=\"w-iconbox-meta\"><h4 class=\"w-iconbox-title\">Tramogge di Pesatura<\/h4><\/div><\/div><div class=\"w-separator size_small\"><\/div><div class=\"wpb_text_column us_custom_432d3f53\"><div class=\"wpb_wrapper\"><p><span>Il dosaggio del prodotto stoccato nei silos pu\u00f2 avvenire tramite una o pi\u00f9 tramogge di pesatura. \u00c8 possibile pesare prodotti singoli o pi\u00f9 prodotti contemporaneamente sia nella stessa tramoggia che in tramogge diverse.<\/span><br \/>\n<span>Una volta pesato, il prodotto pu\u00f2 essere facilmente scaricato in un miscelatore o convogliato tramite una linea di trasporto ad un&#8217;altra area di lavorazione.<\/span><\/p>\n<\/div><\/div><\/div><\/div><div class=\"wpb_column vc_column_container us_custom_7e20fa79 us_animate_this\"><div class=\"vc_column-inner\"><div class=\"w-image align_none\"><div class=\"w-image-h\"><img decoding=\"async\" width=\"1024\" height=\"683\" src=\"https:\/\/comec.eu.com\/wp-content\/uploads\/2026\/02\/WEIGHING-HOPPERS-1024x683.jpg\" class=\"attachment-large size-large\" alt=\"\" loading=\"lazy\" srcset=\"https:\/\/comec.eu.com\/wp-content\/uploads\/2026\/02\/WEIGHING-HOPPERS-1024x683.jpg 1024w, https:\/\/comec.eu.com\/wp-content\/uploads\/2026\/02\/WEIGHING-HOPPERS-300x200.jpg 300w\" sizes=\"auto, (max-width: 1024px) 100vw, 1024px\" \/><\/div><\/div><\/div><\/div><\/div><\/div><\/section><section class=\"l-section wpb_row height_huge\"><div class=\"l-section-h i-cf\"><div class=\"g-cols vc_row via_grid cols_2 laptops-cols_inherit tablets-cols_inherit mobiles-cols_1 valign_middle type_default stacking_default\"><div class=\"wpb_column vc_column_container\"><div class=\"vc_column-inner\"><div class=\"w-image align_none\"><div class=\"w-image-h\"><img decoding=\"async\" width=\"1024\" height=\"680\" src=\"https:\/\/comec.eu.com\/wp-content\/uploads\/2026\/02\/BIG-BAGS-UNLOADING-1024x680.jpg\" class=\"attachment-large size-large\" alt=\"\" loading=\"lazy\" srcset=\"https:\/\/comec.eu.com\/wp-content\/uploads\/2026\/02\/BIG-BAGS-UNLOADING-1024x680.jpg 1024w, https:\/\/comec.eu.com\/wp-content\/uploads\/2026\/02\/BIG-BAGS-UNLOADING-300x199.jpg 300w\" sizes=\"auto, (max-width: 1024px) 100vw, 1024px\" \/><\/div><\/div><\/div><\/div><div class=\"wpb_column vc_column_container us_custom_47474b22 us_animate_this\"><div class=\"vc_column-inner\"><div class=\"w-iconbox iconabox-titolo iconpos_left style_circle color_custom align_left no_text\"><div class=\"w-iconbox-icon\" style=\"font-size:2rem;--icon-color:#c91618;--icon-bg-color:rgba(201,22,24,0.2);\"><i class=\"fas fa-sack\"><\/i><\/div><div class=\"w-iconbox-meta\"><h4 class=\"w-iconbox-title\">Scarico Big Bag<\/h4><\/div><\/div><div class=\"w-separator size_small\"><\/div><div class=\"wpb_text_column us_custom_432d3f53\"><div class=\"wpb_wrapper\"><p><span>Scarico Big Bag tramite il software di gestione e controllo dell&#8217;impianto. Diverse polveri possono essere svuotate e trasferite dall&#8217;area di stoccaggio all&#8217;area di miscelazione o in tramogge di preparazione per ottimizzare il tempo ciclo. <\/span><\/p>\n<\/div><\/div><\/div><\/div><\/div><\/div><\/section><section class=\"l-section wpb_row us_custom_a9be633b height_huge\"><div class=\"l-section-h i-cf\"><div class=\"g-cols vc_row via_grid cols_2 laptops-cols_inherit tablets-cols_inherit mobiles-cols_1 valign_middle type_default stacking_default\"><div class=\"wpb_column vc_column_container us_custom_47474b22 us_animate_this\"><div class=\"vc_column-inner\"><div class=\"w-iconbox iconabox-titolo iconpos_left style_circle color_custom align_left no_text\"><div class=\"w-iconbox-icon\" style=\"font-size:2rem;--icon-color:#c91618;--icon-bg-color:rgba(201,22,24,0.2);\"><i class=\"fal fa-columns\"><\/i><\/div><div class=\"w-iconbox-meta\"><h4 class=\"w-iconbox-title\">Rompi Sacchi<\/h4><\/div><\/div><div class=\"w-separator size_small\"><\/div><div class=\"wpb_text_column us_custom_432d3f53\"><div class=\"wpb_wrapper\"><p><span>In base ai prodotti utilizzati durante il caricamento del miscelatore, il software imposter\u00e0 automaticamente tutti i parametri del processo di produzione di conseguenza. Le unit\u00e0 di svuotamento manuale dei sacchi possono essere utilizzate per polveri di volume inferiore e per la gestione di pigmenti colorati. <\/span><\/p>\n<\/div><\/div><\/div><\/div><div class=\"wpb_column vc_column_container us_custom_7e20fa79 us_animate_this\"><div class=\"vc_column-inner\"><div class=\"w-image align_none\"><div class=\"w-image-h\"><img decoding=\"async\" width=\"1024\" height=\"704\" src=\"https:\/\/comec.eu.com\/wp-content\/uploads\/2026\/02\/BAG-SPLITTERS-1024x704.jpg\" class=\"attachment-large size-large\" alt=\"\" loading=\"lazy\" srcset=\"https:\/\/comec.eu.com\/wp-content\/uploads\/2026\/02\/BAG-SPLITTERS-1024x704.jpg 1024w, https:\/\/comec.eu.com\/wp-content\/uploads\/2026\/02\/BAG-SPLITTERS-300x206.jpg 300w\" sizes=\"auto, (max-width: 1024px) 100vw, 1024px\" \/><\/div><\/div><\/div><\/div><\/div><\/div><\/section><section class=\"l-section wpb_row height_huge\"><div class=\"l-section-h i-cf\"><div class=\"g-cols vc_row via_grid cols_2 laptops-cols_inherit tablets-cols_inherit mobiles-cols_1 valign_middle type_default stacking_default\"><div class=\"wpb_column vc_column_container\"><div class=\"vc_column-inner\"><div class=\"w-image align_none\"><div class=\"w-image-h\"><img decoding=\"async\" width=\"1024\" height=\"825\" src=\"https:\/\/comec.eu.com\/wp-content\/uploads\/2026\/02\/AEROMECHANICAL-SCREW-CONVEYORS-1024x825.jpg\" class=\"attachment-large size-large\" alt=\"\" loading=\"lazy\" srcset=\"https:\/\/comec.eu.com\/wp-content\/uploads\/2026\/02\/AEROMECHANICAL-SCREW-CONVEYORS-1024x825.jpg 1024w, https:\/\/comec.eu.com\/wp-content\/uploads\/2026\/02\/AEROMECHANICAL-SCREW-CONVEYORS-300x242.jpg 300w\" sizes=\"auto, (max-width: 1024px) 100vw, 1024px\" \/><\/div><\/div><\/div><\/div><div class=\"wpb_column vc_column_container us_custom_47474b22 us_animate_this\"><div class=\"vc_column-inner\"><div class=\"w-iconbox iconabox-titolo iconpos_left style_circle color_custom align_left no_text\"><div class=\"w-iconbox-icon\" style=\"font-size:2rem;--icon-color:#c91618;--icon-bg-color:rgba(201,22,24,0.2);\"><i class=\"fas fa-conveyor-belt-alt\"><\/i><\/div><div class=\"w-iconbox-meta\"><h4 class=\"w-iconbox-title\">Trasportatori Aeromeccanici e a Coclea<\/h4><\/div><\/div><div class=\"w-separator size_small\"><\/div><div class=\"wpb_text_column us_custom_432d3f53\"><div class=\"wpb_wrapper\"><p><span>I trasportatori aeromeccanici e a coclea sono stati concepiti per il trasporto verticale o orizzontale di polveri e granuli.<\/span><br \/>\n<span>Il trasporto aeromeccanico veloce \u00e8 per brevi e medie distanze. Il trasporto aeromeccanico lento \u00e8 per lunghe distanze.<\/span><\/p>\n<\/div><\/div><\/div><\/div><\/div><\/div><\/section>\n","protected":false},"excerpt":{"rendered":"Gestione Polveri Sistemi altamente personalizzati di stoccaggio, trasporto e dosaggio per polveri Comec Engineering sviluppa Sistemi di Stoccaggio Materie Prime in Polvere altamente personalizzati come Silos, Scaricatori BigBag e Aprisacchi, tutti progettati per adattarsi con precisione ai tuoi tassi di consumo e alle esigenze produttive. Ogni installazione \u00e8 accuratamente ingegnerizzata per garantire una movimentazione affidabile...","protected":false},"author":1,"featured_media":0,"parent":42260,"menu_order":0,"comment_status":"closed","ping_status":"closed","template":"","meta":{"_acf_changed":false,"footnotes":""},"class_list":["post-42054","page","type-page","status-publish","hentry"],"acf":[],"yoast_head":"<!-- This site is optimized with the Yoast SEO plugin v27.0 - https:\/\/yoast.com\/product\/yoast-seo-wordpress\/ -->\n<title>Gestione Polveri - Comec<\/title>\n<meta name=\"robots\" content=\"index, follow, max-snippet:-1, max-image-preview:large, max-video-preview:-1\" \/>\n<link rel=\"canonical\" href=\"https:\/\/comec.eu.com\/engineering-and-turnkey-plants\/powders-handling\/\" \/>\n<meta property=\"og:locale\" content=\"it_IT\" \/>\n<meta property=\"og:type\" content=\"article\" \/>\n<meta property=\"og:title\" content=\"Gestione Polveri - Comec\" \/>\n<meta property=\"og:url\" content=\"https:\/\/comec.eu.com\/engineering-and-turnkey-plants\/powders-handling\/\" \/>\n<meta property=\"og:site_name\" content=\"Comec\" \/>\n<meta property=\"article:modified_time\" content=\"2026-02-19T08:30:09+00:00\" \/>\n<meta name=\"twitter:card\" content=\"summary_large_image\" \/>\n<meta name=\"twitter:label1\" content=\"Tempo di lettura stimato\" \/>\n\t<meta name=\"twitter:data1\" content=\"6 minuti\" \/>\n<script type=\"application\/ld+json\" class=\"yoast-schema-graph\">{\"@context\":\"https:\/\/schema.org\",\"@graph\":[{\"@type\":\"WebPage\",\"@id\":\"https:\/\/comec.eu.com\/engineering-and-turnkey-plants\/powders-handling\/\",\"url\":\"https:\/\/comec.eu.com\/engineering-and-turnkey-plants\/powders-handling\/\",\"name\":\"Gestione Polveri - Comec\",\"isPartOf\":{\"@id\":\"https:\/\/comec.eu.com\/#website\"},\"datePublished\":\"2026-02-09T08:19:27+00:00\",\"dateModified\":\"2026-02-19T08:30:09+00:00\",\"breadcrumb\":{\"@id\":\"https:\/\/comec.eu.com\/engineering-and-turnkey-plants\/powders-handling\/#breadcrumb\"},\"inLanguage\":\"it-IT\",\"potentialAction\":[{\"@type\":\"ReadAction\",\"target\":[\"https:\/\/comec.eu.com\/engineering-and-turnkey-plants\/powders-handling\/\"]}]},{\"@type\":\"BreadcrumbList\",\"@id\":\"https:\/\/comec.eu.com\/engineering-and-turnkey-plants\/powders-handling\/#breadcrumb\",\"itemListElement\":[{\"@type\":\"ListItem\",\"position\":1,\"name\":\"Home\",\"item\":\"https:\/\/comec.eu.com\/\"},{\"@type\":\"ListItem\",\"position\":2,\"name\":\"Ingegneria e Impianti chiavi in mano\",\"item\":\"https:\/\/comec.eu.com\/engineering-and-turnkey-plants\/\"},{\"@type\":\"ListItem\",\"position\":3,\"name\":\"Gestione Polveri\"}]},{\"@type\":\"WebSite\",\"@id\":\"https:\/\/comec.eu.com\/#website\",\"url\":\"https:\/\/comec.eu.com\/\",\"name\":\"Comec - Avantgarde Engineering\",\"description\":\"\",\"publisher\":{\"@id\":\"https:\/\/comec.eu.com\/#organization\"},\"potentialAction\":[{\"@type\":\"SearchAction\",\"target\":{\"@type\":\"EntryPoint\",\"urlTemplate\":\"https:\/\/comec.eu.com\/?s={search_term_string}\"},\"query-input\":{\"@type\":\"PropertyValueSpecification\",\"valueRequired\":true,\"valueName\":\"search_term_string\"}}],\"inLanguage\":\"it-IT\"},{\"@type\":\"Organization\",\"@id\":\"https:\/\/comec.eu.com\/#organization\",\"name\":\"Comec\",\"url\":\"https:\/\/comec.eu.com\/\",\"logo\":{\"@type\":\"ImageObject\",\"inLanguage\":\"it-IT\",\"@id\":\"https:\/\/comec.eu.com\/#\/schema\/logo\/image\/\",\"url\":\"https:\/\/comec.eu.com\/wp-content\/uploads\/2025\/11\/comec-logo.png\",\"contentUrl\":\"https:\/\/comec.eu.com\/wp-content\/uploads\/2025\/11\/comec-logo.png\",\"width\":966,\"height\":266,\"caption\":\"Comec\"},\"image\":{\"@id\":\"https:\/\/comec.eu.com\/#\/schema\/logo\/image\/\"}}]}<\/script>\n<!-- \/ Yoast SEO plugin. -->","yoast_head_json":{"title":"Gestione Polveri - Comec","robots":{"index":"index","follow":"follow","max-snippet":"max-snippet:-1","max-image-preview":"max-image-preview:large","max-video-preview":"max-video-preview:-1"},"canonical":"https:\/\/comec.eu.com\/engineering-and-turnkey-plants\/powders-handling\/","og_locale":"it_IT","og_type":"article","og_title":"Gestione Polveri - Comec","og_url":"https:\/\/comec.eu.com\/engineering-and-turnkey-plants\/powders-handling\/","og_site_name":"Comec","article_modified_time":"2026-02-19T08:30:09+00:00","twitter_card":"summary_large_image","twitter_misc":{"Tempo di lettura stimato":"6 minuti"},"schema":{"@context":"https:\/\/schema.org","@graph":[{"@type":"WebPage","@id":"https:\/\/comec.eu.com\/engineering-and-turnkey-plants\/powders-handling\/","url":"https:\/\/comec.eu.com\/engineering-and-turnkey-plants\/powders-handling\/","name":"Gestione Polveri - Comec","isPartOf":{"@id":"https:\/\/comec.eu.com\/#website"},"datePublished":"2026-02-09T08:19:27+00:00","dateModified":"2026-02-19T08:30:09+00:00","breadcrumb":{"@id":"https:\/\/comec.eu.com\/engineering-and-turnkey-plants\/powders-handling\/#breadcrumb"},"inLanguage":"it-IT","potentialAction":[{"@type":"ReadAction","target":["https:\/\/comec.eu.com\/engineering-and-turnkey-plants\/powders-handling\/"]}]},{"@type":"BreadcrumbList","@id":"https:\/\/comec.eu.com\/engineering-and-turnkey-plants\/powders-handling\/#breadcrumb","itemListElement":[{"@type":"ListItem","position":1,"name":"Home","item":"https:\/\/comec.eu.com\/"},{"@type":"ListItem","position":2,"name":"Ingegneria e Impianti chiavi in mano","item":"https:\/\/comec.eu.com\/engineering-and-turnkey-plants\/"},{"@type":"ListItem","position":3,"name":"Gestione Polveri"}]},{"@type":"WebSite","@id":"https:\/\/comec.eu.com\/#website","url":"https:\/\/comec.eu.com\/","name":"Comec - Avantgarde Engineering","description":"","publisher":{"@id":"https:\/\/comec.eu.com\/#organization"},"potentialAction":[{"@type":"SearchAction","target":{"@type":"EntryPoint","urlTemplate":"https:\/\/comec.eu.com\/?s={search_term_string}"},"query-input":{"@type":"PropertyValueSpecification","valueRequired":true,"valueName":"search_term_string"}}],"inLanguage":"it-IT"},{"@type":"Organization","@id":"https:\/\/comec.eu.com\/#organization","name":"Comec","url":"https:\/\/comec.eu.com\/","logo":{"@type":"ImageObject","inLanguage":"it-IT","@id":"https:\/\/comec.eu.com\/#\/schema\/logo\/image\/","url":"https:\/\/comec.eu.com\/wp-content\/uploads\/2025\/11\/comec-logo.png","contentUrl":"https:\/\/comec.eu.com\/wp-content\/uploads\/2025\/11\/comec-logo.png","width":966,"height":266,"caption":"Comec"},"image":{"@id":"https:\/\/comec.eu.com\/#\/schema\/logo\/image\/"}}]}},"_links":{"self":[{"href":"https:\/\/comec.eu.com\/it\/wp-json\/wp\/v2\/pages\/42054","targetHints":{"allow":["GET"]}}],"collection":[{"href":"https:\/\/comec.eu.com\/it\/wp-json\/wp\/v2\/pages"}],"about":[{"href":"https:\/\/comec.eu.com\/it\/wp-json\/wp\/v2\/types\/page"}],"author":[{"embeddable":true,"href":"https:\/\/comec.eu.com\/it\/wp-json\/wp\/v2\/users\/1"}],"replies":[{"embeddable":true,"href":"https:\/\/comec.eu.com\/it\/wp-json\/wp\/v2\/comments?post=42054"}],"version-history":[{"count":8,"href":"https:\/\/comec.eu.com\/it\/wp-json\/wp\/v2\/pages\/42054\/revisions"}],"predecessor-version":[{"id":42887,"href":"https:\/\/comec.eu.com\/it\/wp-json\/wp\/v2\/pages\/42054\/revisions\/42887"}],"up":[{"embeddable":true,"href":"https:\/\/comec.eu.com\/it\/wp-json\/wp\/v2\/pages\/42260"}],"wp:attachment":[{"href":"https:\/\/comec.eu.com\/it\/wp-json\/wp\/v2\/media?parent=42054"}],"curies":[{"name":"wp","href":"https:\/\/api.w.org\/{rel}","templated":true}]}}