{"id":42045,"date":"2026-02-09T08:19:47","date_gmt":"2026-02-09T08:19:47","guid":{"rendered":"https:\/\/comec.eu.com\/lavorazione-liquidi\/"},"modified":"2026-02-19T08:22:26","modified_gmt":"2026-02-19T08:22:26","slug":"lavorazione-liquidi","status":"publish","type":"page","link":"https:\/\/comec.eu.com\/it\/ingegneria-e-impianti-chiavi-in-mano\/lavorazione-liquidi\/","title":{"rendered":"Gestione Liquidi"},"content":{"rendered":"<section class=\"l-section wpb_row us_custom_8b18cbbc height_medium\"><div class=\"l-section-overlay\" style=\"background:rgba(26,26,26,0.6)\"><\/div><div class=\"l-section-h i-cf\"><div class=\"g-cols vc_row via_grid cols_3-1 laptops-cols_inherit tablets-cols_inherit mobiles-cols_1 valign_middle type_default stacking_default\"><div class=\"wpb_column vc_column_container us_custom_7e20fa79 us_animate_this\"><div class=\"vc_column-inner\"><div class=\"wpb_text_column us_custom_de150e26 has_text_color\"><div class=\"wpb_wrapper\"><h1 class=\"text-5xl md:text-6xl font-light text-white mb-4\">Gestione Liquidi<\/h1>\n<\/div><\/div><div class=\"w-separator size_small\"><\/div><div class=\"wpb_text_column us_custom_836f727b has_text_color\"><div class=\"wpb_wrapper\"><p><span>Sistemi altamente personalizzati di stoccaggio, trasporto e dosaggio per liquidi<\/span><\/p>\n<\/div><\/div><\/div><\/div><div class=\"wpb_column vc_column_container\"><div class=\"vc_column-inner\"><\/div><\/div><\/div><\/div><\/section><section class=\"l-section wpb_row height_medium\"><div class=\"l-section-h i-cf\"><div class=\"g-cols vc_row via_grid cols_2 laptops-cols_inherit tablets-cols_inherit mobiles-cols_1 valign_top type_default stacking_default\"><div class=\"wpb_column vc_column_container\"><div class=\"vc_column-inner\"><div class=\"wpb_text_column us_custom_432d3f53 list-arrow\"><div class=\"wpb_wrapper\"><p>Comec sviluppa sistemi altamente personalizzati per il dosaggio, lo stoccaggio e il trasporto di materie prime liquide, progettati per garantire massima precisione, affidabilit\u00e0 ed efficienza di processo. Ogni installazione \u00e8 ingegnerizzata in base ai requisiti specifici di formulazione, ai volumi di produzione e al layout dell&#8217;impianto del cliente, garantendo un&#8217;integrazione perfetta negli ambienti produttivi esistenti o nuovi. <\/p>\n<p>Le nostre soluzioni sono progettate per <strong>ottimizzare il flusso dei materiali, preservare l&#8217;integrit\u00e0 del prodotto e ridurre gli sprechi, mantenendo i pi\u00f9 elevati standard di sicurezza e pulizia<\/strong>. Dallo stoccaggio alla rinfusa al microdosaggio di precisione, ogni componente \u00e8 progettato per funzionare come parte di un sistema completamente coordinato e automatizzato. <\/p>\n<p>Le nostre soluzioni includono:<\/p>\n<ul>\n<li><strong>Silos e serbatoi <\/strong>per resine, progettati per uno stoccaggio sicuro e un trasferimento controllato<\/li>\n<li><strong>Rack per additivi<\/strong> con IBC in plastica o acciaio, progettati per flessibilit\u00e0 e facile gestione dei materiali<\/li>\n<li><strong>Tramogge di pesatura<\/strong> ad alta precisione per un dosaggio accurato degli additivi e il controllo della formulazione<\/li>\n<li>Attrezzature a <strong>basso residuo e autopulenti<\/strong> per ridurre al minimo le perdite di prodotto e i tempi di manutenzione<\/li>\n<li>Tecnologie <strong>prive di contaminazione e polvere<\/strong> per garantire la purezza del prodotto e la sicurezza degli operatori<\/li>\n<li><strong>Sistemi di pigging<\/strong> avanzati per la pulizia delle linee, cambi prodotto rapidi e tempi di fermo minimi<\/li>\n<\/ul>\n<p>Combinando robustezza meccanica e controllo intelligente del processo, Comec fornisce sistemi completi di gestione dei liquidi che migliorano la produttivit\u00e0, garantiscono ripetibilit\u00e0 e supportano prestazioni produttive costanti e di alta qualit\u00e0 nel tempo<\/p>\n<\/div><\/div><\/div><\/div><div class=\"wpb_column vc_column_container\"><div class=\"vc_column-inner\"><div class=\"w-image align_none\"><div class=\"w-image-h\"><img decoding=\"async\" width=\"767\" height=\"1024\" src=\"https:\/\/comec.eu.com\/wp-content\/uploads\/2026\/02\/Pagina-27-767x1024.jpg\" class=\"attachment-large size-large\" alt=\"\" loading=\"lazy\" srcset=\"https:\/\/comec.eu.com\/wp-content\/uploads\/2026\/02\/Pagina-27-767x1024.jpg 767w, https:\/\/comec.eu.com\/wp-content\/uploads\/2026\/02\/Pagina-27-225x300.jpg 225w, https:\/\/comec.eu.com\/wp-content\/uploads\/2026\/02\/Pagina-27-scaled.jpg 1917w\" sizes=\"auto, (max-width: 767px) 100vw, 767px\" \/><\/div><\/div><\/div><\/div><\/div><\/div><\/section><section class=\"l-section wpb_row height_huge\"><div class=\"l-section-h i-cf\"><div class=\"g-cols vc_row via_grid cols_2 laptops-cols_inherit tablets-cols_inherit mobiles-cols_1 valign_middle type_default stacking_default\"><div class=\"wpb_column vc_column_container\"><div class=\"vc_column-inner\"><div class=\"w-image align_none\"><div class=\"w-image-h\"><img decoding=\"async\" width=\"1024\" height=\"768\" src=\"https:\/\/comec.eu.com\/wp-content\/uploads\/2026\/02\/Pagina-26_posizione-1.jpeg\" class=\"attachment-large size-large\" alt=\"\" loading=\"lazy\" srcset=\"https:\/\/comec.eu.com\/wp-content\/uploads\/2026\/02\/Pagina-26_posizione-1.jpeg 1024w, https:\/\/comec.eu.com\/wp-content\/uploads\/2026\/02\/Pagina-26_posizione-1-300x225.jpeg 300w\" sizes=\"auto, (max-width: 1024px) 100vw, 1024px\" \/><\/div><\/div><\/div><\/div><div class=\"wpb_column vc_column_container us_custom_47474b22 us_animate_this\"><div class=\"vc_column-inner\"><div class=\"w-iconbox iconabox-titolo iconpos_left style_circle color_custom align_left no_text\"><div class=\"w-iconbox-icon\" style=\"font-size:2rem;--icon-color:#c91618;--icon-bg-color:rgba(201,22,24,0.2);\"><i class=\"fal fa-water-rise\"><\/i><\/div><div class=\"w-iconbox-meta\"><h4 class=\"w-iconbox-title\">Stoccaggio e Dosaggio Additivi<\/h4><\/div><\/div><div class=\"w-separator size_small\"><\/div><div class=\"wpb_text_column us_custom_432d3f53\"><div class=\"wpb_wrapper\"><p>Sistemi di stoccaggio e dosaggio additivi, IBC in plastica o acciaio con tramogge di pesatura, sistema per la consegna al serbatoio di destinazione e pulizia automatica.<\/p>\n<p>Con un sistema automatico, la gestione del dosaggio avviene tramite il pannello operatore e il database delle ricette. Offriamo anche serbatoi sfusi per resine.<\/p>\n<\/div><\/div><\/div><\/div><\/div><\/div><\/section><section class=\"l-section wpb_row us_custom_a9be633b height_huge\"><div class=\"l-section-h i-cf\"><div class=\"g-cols vc_row via_grid cols_2 laptops-cols_inherit tablets-cols_inherit mobiles-cols_1 valign_middle type_default stacking_default\"><div class=\"wpb_column vc_column_container us_custom_47474b22 us_animate_this\"><div class=\"vc_column-inner\"><div class=\"w-iconbox iconabox-titolo iconpos_left style_circle color_custom align_left no_text\"><div class=\"w-iconbox-icon\" style=\"font-size:2rem;--icon-color:#c91618;--icon-bg-color:rgba(201,22,24,0.2);\"><i class=\"fal fa-stream\"><\/i><\/div><div class=\"w-iconbox-meta\"><h4 class=\"w-iconbox-title\">Prefabbricazione Tubazioni<\/h4><\/div><\/div><div class=\"w-separator size_small\"><\/div><div class=\"wpb_text_column us_custom_432d3f53\"><div class=\"wpb_wrapper\"><p><span>La progettazione 3D delle tubazioni e la prefabbricazione sono elementi chiave per semplificare il vostro impianto e ridurre la lunghezza delle tubazioni. La loro ingegnerizzazione e il perfetto assemblaggio sono all&#8217;avanguardia, evitando errori nel calcolo di stress, carico, temperatura e pressione operativa. <\/span><\/p>\n<\/div><\/div><\/div><\/div><div class=\"wpb_column vc_column_container us_custom_7e20fa79 us_animate_this\"><div class=\"vc_column-inner\"><div class=\"w-image align_none\"><div class=\"w-image-h\"><img decoding=\"async\" width=\"561\" height=\"373\" src=\"https:\/\/comec.eu.com\/wp-content\/uploads\/2026\/02\/Pagina-26_posizione-2.jpg\" class=\"attachment-large size-large\" alt=\"\" loading=\"lazy\" srcset=\"https:\/\/comec.eu.com\/wp-content\/uploads\/2026\/02\/Pagina-26_posizione-2.jpg 561w, https:\/\/comec.eu.com\/wp-content\/uploads\/2026\/02\/Pagina-26_posizione-2-300x199.jpg 300w\" sizes=\"auto, (max-width: 561px) 100vw, 561px\" \/><\/div><\/div><\/div><\/div><\/div><\/div><\/section><section class=\"l-section wpb_row height_huge\"><div class=\"l-section-h i-cf\"><div class=\"g-cols vc_row via_grid cols_2 laptops-cols_inherit tablets-cols_inherit mobiles-cols_1 valign_middle type_default stacking_default\"><div class=\"wpb_column vc_column_container\"><div class=\"vc_column-inner\"><div class=\"w-image align_none\"><div class=\"w-image-h\"><img decoding=\"async\" width=\"640\" height=\"427\" src=\"https:\/\/comec.eu.com\/wp-content\/uploads\/2026\/02\/Pagina-26_posizione-3.jpg\" class=\"attachment-large size-large\" alt=\"\" loading=\"lazy\" srcset=\"https:\/\/comec.eu.com\/wp-content\/uploads\/2026\/02\/Pagina-26_posizione-3.jpg 640w, https:\/\/comec.eu.com\/wp-content\/uploads\/2026\/02\/Pagina-26_posizione-3-300x200.jpg 300w\" sizes=\"auto, (max-width: 640px) 100vw, 640px\" \/><\/div><\/div><\/div><\/div><div class=\"wpb_column vc_column_container us_custom_47474b22 us_animate_this\"><div class=\"vc_column-inner\"><div class=\"w-iconbox iconabox-titolo iconpos_left style_circle color_custom align_left no_text\"><div class=\"w-iconbox-icon\" style=\"font-size:2rem;--icon-color:#c91618;--icon-bg-color:rgba(201,22,24,0.2);\"><i class=\"fal fa-industry\"><\/i><\/div><div class=\"w-iconbox-meta\"><h4 class=\"w-iconbox-title\">Sistemi Pigging<\/h4><\/div><\/div><div class=\"w-separator size_small\"><\/div><div class=\"wpb_text_column us_custom_432d3f53\"><div class=\"wpb_wrapper\"><div class=\"vc_col-sm-6 wpb_column vc_column_container\">\n<div class=\"vc_column-inner\">\n<div class=\"wpb_wrapper\">\n<div class=\"wpb_text_column us_custom_c4634527 advantages\">\n<div class=\"wpb_wrapper\">\n<div class=\"wpb_text_column us_custom_74132f1f\">\n<div class=\"wpb_wrapper\">\n<p>L&#8217;efficiente pulizia fornita dalla tecnologia pigging \u00e8 richiesta per molti dei processi odierni quando si passa da un lotto all&#8217;altro.<\/p>\n<p>I principali vantaggi derivanti dal sistema di pulizia pig, oltre all&#8217;assenza di perdita di prodotto, sono l&#8217;aumento della produttivit\u00e0 e la riduzione dei tempi di inattivit\u00e0 durante il cambio prodotto, la riduzione degli agenti di risciacquo e degli sprechi di prodotto, e tubazioni prive di contaminazione, grazie al sistema pigging integrato con processi di pulizia CIP (Cleaning In Place).<\/p>\n<\/div>\n<\/div>\n<\/div>\n<\/div>\n<\/div>\n<\/div>\n<\/div>\n<div class=\"vc_col-sm-6 wpb_column vc_column_container\">\n<div class=\"vc_column-inner\">\n<div class=\"wpb_wrapper\">\n<div class=\"w-image align_none\"><\/div>\n<\/div>\n<\/div>\n<\/div>\n<\/div><\/div><\/div><\/div><\/div><\/div><\/section><section class=\"l-section wpb_row us_custom_a9be633b height_medium\"><div class=\"l-section-h i-cf\"><div class=\"g-cols vc_row via_grid cols_6 laptops-cols_inherit tablets-cols_inherit mobiles-cols_1 valign_top type_default stacking_default\"><div class=\"wpb_column vc_column_container us_custom_7e20fa79 col-iconabox us_animate_this\"><div class=\"vc_column-inner\"><div class=\"w-iconbox iconabox-custom filling iconpos_top style_default color_primary align_center no_text\"><div class=\"w-iconbox-icon\" style=\"font-size:2rem;\"><i class=\"fal fa-soap\"><\/i><\/div><div class=\"w-iconbox-meta\"><h4 class=\"w-iconbox-title\">Stazione di pulizia<\/h4><\/div><\/div><\/div><\/div><div class=\"wpb_column vc_column_container us_custom_a640122a col-iconabox us_animate_this\"><div class=\"vc_column-inner\"><div class=\"w-iconbox iconabox-custom filling iconpos_top style_default color_primary align_center no_text\"><div class=\"w-iconbox-icon\" style=\"font-size:2rem;\"><i class=\"fal fa-chart-network\"><\/i><\/div><div class=\"w-iconbox-meta\"><h4 class=\"w-iconbox-title\">Mozzo<\/h4><\/div><\/div><\/div><\/div><div class=\"wpb_column vc_column_container us_custom_4ef5d869 col-iconabox us_animate_this\"><div class=\"vc_column-inner\"><div class=\"w-iconbox iconabox-custom filling iconpos_top style_default color_primary align_center no_text\"><div class=\"w-iconbox-icon\" style=\"font-size:2rem;\"><i class=\"fal fa-cogs\"><\/i><\/div><div class=\"w-iconbox-meta\"><h4 class=\"w-iconbox-title\">Collettore<\/h4><\/div><\/div><\/div><\/div><div class=\"wpb_column vc_column_container us_custom_8f7b07a9 col-iconabox us_animate_this\"><div class=\"vc_column-inner\"><div class=\"w-iconbox iconabox-custom filling iconpos_top style_default color_primary align_center no_text\"><div class=\"w-iconbox-icon\" style=\"font-size:2rem;\"><i class=\"fal fa-rocket-launch\"><\/i><\/div><div class=\"w-iconbox-meta\"><h4 class=\"w-iconbox-title\">Stazione di lancio<\/h4><\/div><\/div><\/div><\/div><div class=\"wpb_column vc_column_container us_custom_44ef4aae col-iconabox us_animate_this\"><div class=\"vc_column-inner\"><div class=\"w-iconbox iconabox-custom filling iconpos_top style_default color_primary align_center no_text\"><div class=\"w-iconbox-icon\" style=\"font-size:2rem;\"><i class=\"fal fa-stream\"><\/i><\/div><div class=\"w-iconbox-meta\"><h4 class=\"w-iconbox-title\">Dettaglio pigging<\/h4><\/div><\/div><\/div><\/div><div class=\"wpb_column vc_column_container us_custom_ef014360 col-iconabox us_animate_this\"><div class=\"vc_column-inner\"><div class=\"w-iconbox iconabox-custom filling iconpos_top style_default color_primary align_center no_text\"><div class=\"w-iconbox-icon\" style=\"font-size:2rem;\"><i class=\"fal fa-tire\"><\/i><\/div><div class=\"w-iconbox-meta\"><h4 class=\"w-iconbox-title\">Dispersore<\/h4><\/div><\/div><\/div><\/div><\/div><\/div><\/section>\n","protected":false},"excerpt":{"rendered":"Gestione Liquidi Sistemi altamente personalizzati di stoccaggio, trasporto e dosaggio per liquidi Comec sviluppa sistemi altamente personalizzati per il dosaggio, lo stoccaggio e il trasporto di materie prime liquide, progettati per garantire massima precisione, affidabilit\u00e0 ed efficienza di processo. Ogni installazione \u00e8 ingegnerizzata in base ai requisiti specifici di formulazione, ai volumi di produzione e...","protected":false},"author":1,"featured_media":0,"parent":42260,"menu_order":0,"comment_status":"closed","ping_status":"closed","template":"","meta":{"_acf_changed":false,"footnotes":""},"class_list":["post-42045","page","type-page","status-publish","hentry"],"acf":[],"yoast_head":"<!-- This site is optimized with the Yoast SEO plugin v27.0 - https:\/\/yoast.com\/product\/yoast-seo-wordpress\/ -->\n<title>Gestione Liquidi - Comec<\/title>\n<meta name=\"robots\" content=\"index, follow, max-snippet:-1, max-image-preview:large, max-video-preview:-1\" \/>\n<link rel=\"canonical\" href=\"https:\/\/comec.eu.com\/engineering-and-turnkey-plants\/liquids-processing\/\" \/>\n<meta property=\"og:locale\" content=\"it_IT\" \/>\n<meta property=\"og:type\" content=\"article\" \/>\n<meta property=\"og:title\" content=\"Gestione Liquidi - Comec\" \/>\n<meta property=\"og:url\" content=\"https:\/\/comec.eu.com\/engineering-and-turnkey-plants\/liquids-processing\/\" \/>\n<meta property=\"og:site_name\" content=\"Comec\" \/>\n<meta property=\"article:modified_time\" content=\"2026-02-19T08:22:26+00:00\" \/>\n<meta name=\"twitter:card\" content=\"summary_large_image\" \/>\n<meta name=\"twitter:label1\" content=\"Tempo di lettura stimato\" \/>\n\t<meta name=\"twitter:data1\" content=\"6 minuti\" \/>\n<script type=\"application\/ld+json\" class=\"yoast-schema-graph\">{\"@context\":\"https:\/\/schema.org\",\"@graph\":[{\"@type\":\"WebPage\",\"@id\":\"https:\/\/comec.eu.com\/engineering-and-turnkey-plants\/liquids-processing\/\",\"url\":\"https:\/\/comec.eu.com\/engineering-and-turnkey-plants\/liquids-processing\/\",\"name\":\"Gestione Liquidi - Comec\",\"isPartOf\":{\"@id\":\"https:\/\/comec.eu.com\/#website\"},\"datePublished\":\"2026-02-09T08:19:47+00:00\",\"dateModified\":\"2026-02-19T08:22:26+00:00\",\"breadcrumb\":{\"@id\":\"https:\/\/comec.eu.com\/engineering-and-turnkey-plants\/liquids-processing\/#breadcrumb\"},\"inLanguage\":\"it-IT\",\"potentialAction\":[{\"@type\":\"ReadAction\",\"target\":[\"https:\/\/comec.eu.com\/engineering-and-turnkey-plants\/liquids-processing\/\"]}]},{\"@type\":\"BreadcrumbList\",\"@id\":\"https:\/\/comec.eu.com\/engineering-and-turnkey-plants\/liquids-processing\/#breadcrumb\",\"itemListElement\":[{\"@type\":\"ListItem\",\"position\":1,\"name\":\"Home\",\"item\":\"https:\/\/comec.eu.com\/\"},{\"@type\":\"ListItem\",\"position\":2,\"name\":\"Ingegneria e Impianti chiavi in mano\",\"item\":\"https:\/\/comec.eu.com\/engineering-and-turnkey-plants\/\"},{\"@type\":\"ListItem\",\"position\":3,\"name\":\"Gestione Liquidi\"}]},{\"@type\":\"WebSite\",\"@id\":\"https:\/\/comec.eu.com\/#website\",\"url\":\"https:\/\/comec.eu.com\/\",\"name\":\"Comec - Avantgarde Engineering\",\"description\":\"\",\"publisher\":{\"@id\":\"https:\/\/comec.eu.com\/#organization\"},\"potentialAction\":[{\"@type\":\"SearchAction\",\"target\":{\"@type\":\"EntryPoint\",\"urlTemplate\":\"https:\/\/comec.eu.com\/?s={search_term_string}\"},\"query-input\":{\"@type\":\"PropertyValueSpecification\",\"valueRequired\":true,\"valueName\":\"search_term_string\"}}],\"inLanguage\":\"it-IT\"},{\"@type\":\"Organization\",\"@id\":\"https:\/\/comec.eu.com\/#organization\",\"name\":\"Comec\",\"url\":\"https:\/\/comec.eu.com\/\",\"logo\":{\"@type\":\"ImageObject\",\"inLanguage\":\"it-IT\",\"@id\":\"https:\/\/comec.eu.com\/#\/schema\/logo\/image\/\",\"url\":\"https:\/\/comec.eu.com\/wp-content\/uploads\/2025\/11\/comec-logo.png\",\"contentUrl\":\"https:\/\/comec.eu.com\/wp-content\/uploads\/2025\/11\/comec-logo.png\",\"width\":966,\"height\":266,\"caption\":\"Comec\"},\"image\":{\"@id\":\"https:\/\/comec.eu.com\/#\/schema\/logo\/image\/\"}}]}<\/script>\n<!-- \/ Yoast SEO plugin. -->","yoast_head_json":{"title":"Gestione Liquidi - Comec","robots":{"index":"index","follow":"follow","max-snippet":"max-snippet:-1","max-image-preview":"max-image-preview:large","max-video-preview":"max-video-preview:-1"},"canonical":"https:\/\/comec.eu.com\/engineering-and-turnkey-plants\/liquids-processing\/","og_locale":"it_IT","og_type":"article","og_title":"Gestione Liquidi - Comec","og_url":"https:\/\/comec.eu.com\/engineering-and-turnkey-plants\/liquids-processing\/","og_site_name":"Comec","article_modified_time":"2026-02-19T08:22:26+00:00","twitter_card":"summary_large_image","twitter_misc":{"Tempo di lettura stimato":"6 minuti"},"schema":{"@context":"https:\/\/schema.org","@graph":[{"@type":"WebPage","@id":"https:\/\/comec.eu.com\/engineering-and-turnkey-plants\/liquids-processing\/","url":"https:\/\/comec.eu.com\/engineering-and-turnkey-plants\/liquids-processing\/","name":"Gestione Liquidi - Comec","isPartOf":{"@id":"https:\/\/comec.eu.com\/#website"},"datePublished":"2026-02-09T08:19:47+00:00","dateModified":"2026-02-19T08:22:26+00:00","breadcrumb":{"@id":"https:\/\/comec.eu.com\/engineering-and-turnkey-plants\/liquids-processing\/#breadcrumb"},"inLanguage":"it-IT","potentialAction":[{"@type":"ReadAction","target":["https:\/\/comec.eu.com\/engineering-and-turnkey-plants\/liquids-processing\/"]}]},{"@type":"BreadcrumbList","@id":"https:\/\/comec.eu.com\/engineering-and-turnkey-plants\/liquids-processing\/#breadcrumb","itemListElement":[{"@type":"ListItem","position":1,"name":"Home","item":"https:\/\/comec.eu.com\/"},{"@type":"ListItem","position":2,"name":"Ingegneria e Impianti chiavi in mano","item":"https:\/\/comec.eu.com\/engineering-and-turnkey-plants\/"},{"@type":"ListItem","position":3,"name":"Gestione Liquidi"}]},{"@type":"WebSite","@id":"https:\/\/comec.eu.com\/#website","url":"https:\/\/comec.eu.com\/","name":"Comec - Avantgarde Engineering","description":"","publisher":{"@id":"https:\/\/comec.eu.com\/#organization"},"potentialAction":[{"@type":"SearchAction","target":{"@type":"EntryPoint","urlTemplate":"https:\/\/comec.eu.com\/?s={search_term_string}"},"query-input":{"@type":"PropertyValueSpecification","valueRequired":true,"valueName":"search_term_string"}}],"inLanguage":"it-IT"},{"@type":"Organization","@id":"https:\/\/comec.eu.com\/#organization","name":"Comec","url":"https:\/\/comec.eu.com\/","logo":{"@type":"ImageObject","inLanguage":"it-IT","@id":"https:\/\/comec.eu.com\/#\/schema\/logo\/image\/","url":"https:\/\/comec.eu.com\/wp-content\/uploads\/2025\/11\/comec-logo.png","contentUrl":"https:\/\/comec.eu.com\/wp-content\/uploads\/2025\/11\/comec-logo.png","width":966,"height":266,"caption":"Comec"},"image":{"@id":"https:\/\/comec.eu.com\/#\/schema\/logo\/image\/"}}]}},"_links":{"self":[{"href":"https:\/\/comec.eu.com\/it\/wp-json\/wp\/v2\/pages\/42045","targetHints":{"allow":["GET"]}}],"collection":[{"href":"https:\/\/comec.eu.com\/it\/wp-json\/wp\/v2\/pages"}],"about":[{"href":"https:\/\/comec.eu.com\/it\/wp-json\/wp\/v2\/types\/page"}],"author":[{"embeddable":true,"href":"https:\/\/comec.eu.com\/it\/wp-json\/wp\/v2\/users\/1"}],"replies":[{"embeddable":true,"href":"https:\/\/comec.eu.com\/it\/wp-json\/wp\/v2\/comments?post=42045"}],"version-history":[{"count":8,"href":"https:\/\/comec.eu.com\/it\/wp-json\/wp\/v2\/pages\/42045\/revisions"}],"predecessor-version":[{"id":42882,"href":"https:\/\/comec.eu.com\/it\/wp-json\/wp\/v2\/pages\/42045\/revisions\/42882"}],"up":[{"embeddable":true,"href":"https:\/\/comec.eu.com\/it\/wp-json\/wp\/v2\/pages\/42260"}],"wp:attachment":[{"href":"https:\/\/comec.eu.com\/it\/wp-json\/wp\/v2\/media?parent=42045"}],"curies":[{"name":"wp","href":"https:\/\/api.w.org\/{rel}","templated":true}]}}