{"id":42031,"date":"2026-02-09T08:20:19","date_gmt":"2026-02-09T08:20:19","guid":{"rendered":"https:\/\/comec.eu.com\/software-e-automazione\/"},"modified":"2026-02-19T08:52:45","modified_gmt":"2026-02-19T08:52:45","slug":"software-e-automazione","status":"publish","type":"page","link":"https:\/\/comec.eu.com\/it\/ingegneria-e-impianti-chiavi-in-mano\/software-e-automazione\/","title":{"rendered":"Software e Automazione"},"content":{"rendered":"<section class=\"l-section wpb_row us_custom_f8cb3575 height_medium\"><div class=\"l-section-overlay\" style=\"background:rgba(26,26,26,0.6)\"><\/div><div class=\"l-section-h i-cf\"><div class=\"g-cols vc_row via_grid cols_3-1 laptops-cols_inherit tablets-cols_inherit mobiles-cols_1 valign_middle type_default stacking_default\"><div class=\"wpb_column vc_column_container us_custom_7e20fa79 us_animate_this\"><div class=\"vc_column-inner\"><div class=\"wpb_text_column us_custom_de150e26 has_text_color\"><div class=\"wpb_wrapper\"><h1>Software e Automazione<\/h1>\n<\/div><\/div><div class=\"w-separator size_small\"><\/div><div class=\"wpb_text_column us_custom_836f727b has_text_color\"><div class=\"wpb_wrapper\"><p><span>Programmazione Software Interna<\/span><\/p>\n<\/div><\/div><\/div><\/div><div class=\"wpb_column vc_column_container\"><div class=\"vc_column-inner\"><\/div><\/div><\/div><\/div><\/section><section class=\"l-section wpb_row height_medium\"><div class=\"l-section-h i-cf\"><div class=\"g-cols vc_row via_grid cols_2 laptops-cols_inherit tablets-cols_inherit mobiles-cols_1 valign_top type_default stacking_default\"><div class=\"wpb_column vc_column_container\"><div class=\"vc_column-inner\"><div class=\"wpb_text_column\"><div class=\"wpb_wrapper\"><p>Grazie all&#8217;Automazione Industriale, \u00e8 possibile gestire qualsiasi attivit\u00e0 e operazione dell&#8217;impianto da remoto, aumentando la produttivit\u00e0 e generando profitti extra. Questo offre all&#8217;operatore un&#8217;esperienza nuova e semplificata, che rende i processi pi\u00f9 snelli e controllati. <\/p>\n<p>DromontGroup<span> <\/span><strong>Dipartimento Software Interno<\/strong><span> <\/span>\u00e8 composto da ingegneri programmatori interni che lavorano per aggiornare la nostra piattaforma software alle ultime innovazioni e per integrare le nostre macchine nel sistema ERP (Enterprise Resource Planning) del cliente. Questo dipartimento pu\u00f2 <span> <\/span><strong>personalizzare il software dell&#8217;interfaccia in base alle esigenze esatte del cliente<\/strong>, testando il software prima dell&#8217;installazione e programmando il software per comunicare con i sistemi del cliente.<\/p>\n<p>Utilizzando la piattaforma base molto stabile del nostro software, siamo in grado di creare diverse opzioni che consentiranno al cliente di gestire l&#8217;intero impianto.<\/p>\n<\/div><\/div><div class=\"w-separator size_small\"><\/div><div class=\"wpb_text_column list-arrow\"><div class=\"wpb_wrapper\"><h3>Caratteristiche principali<\/h3>\n<ul>\n<li>Gestione integrata di laboratorio e lotti<\/li>\n<li>Diagnosi e supporto da remoto<\/li>\n<li>Architettura di sistema<\/li>\n<li>Programmazione PLC multipla<\/li>\n<li>Automazione di base e avanzata<\/li>\n<li>Controllo completo del processo dell&#8217;impianto<\/li>\n<\/ul>\n<\/div><\/div><\/div><\/div><div class=\"wpb_column vc_column_container\"><div class=\"vc_column-inner\"><div class=\"w-image align_none\"><div class=\"w-image-h\"><img decoding=\"async\" width=\"717\" height=\"1024\" src=\"https:\/\/comec.eu.com\/wp-content\/uploads\/2026\/02\/foto-software--717x1024.jpg\" class=\"attachment-large size-large\" alt=\"\" loading=\"lazy\" srcset=\"https:\/\/comec.eu.com\/wp-content\/uploads\/2026\/02\/foto-software--717x1024.jpg 717w, https:\/\/comec.eu.com\/wp-content\/uploads\/2026\/02\/foto-software--210x300.jpg 210w, https:\/\/comec.eu.com\/wp-content\/uploads\/2026\/02\/foto-software--scaled.jpg 1793w\" sizes=\"auto, (max-width: 717px) 100vw, 717px\" \/><\/div><\/div><\/div><\/div><\/div><\/div><\/section><section class=\"l-section wpb_row height_medium\"><div class=\"l-section-h i-cf\"><div class=\"g-cols vc_row via_grid cols_1 laptops-cols_inherit tablets-cols_inherit mobiles-cols_1 valign_top type_default stacking_default\"><div class=\"wpb_column vc_column_container\"><div class=\"vc_column-inner\"><div class=\"wpb_text_column us_custom_432d3f53\"><div class=\"wpb_wrapper\"><h3>Software per apparecchiature MISURA<\/h3>\n<p>La nostra architettura software si basa sul software Misura di ultima generazione che garantisce la gestione automatizzata delle ricette e la supervisione continua dei parametri per un controllo completo dell&#8217;impianto.<\/p>\n<p>Questa architettura all&#8217;avanguardia consente un&#8217;organizzazione server-centrica unica, capace di coordinare e connettere pi\u00f9 client. Grazie a ci\u00f2, qualsiasi client che esegue il software pu\u00f2 lavorare in modo indipendente pur facendo parte dello stesso ecosistema. <\/p>\n<p>Questo garantisce anche la flessibilit\u00e0 di calcolo, la facilit\u00e0 di archiviazione e salvataggio dei dati tipica di un database relazionale in combinazione con i requisiti di sicurezza e robustezza di un tipico software di automazione sviluppato su PLC. Ci\u00f2 si ottiene utilizzando un sistema che consente di salvare i dati di configurazione e le statistiche di produzione del sistema e di scambiare le informazioni necessarie in modo sicuro ed efficiente con le aree dati del PLC e quindi con il sistema software di automazione. <\/p>\n<p>Il software per apparecchiature Misura sfrutta il vantaggio sia dei sistemi centralizzati che di quelli distribuiti, condividendo gli stessi dati sottostanti relativi all&#8217;impianto e mantenendo le funzionalit\u00e0 HMI sui client.<\/p>\n<\/div><\/div><\/div><\/div><\/div><\/div><\/section><section class=\"l-section wpb_row us_custom_3731a7ff has_text_color height_medium\"><div class=\"l-section-overlay\" style=\"background:rgba(0,0,0,0.65)\"><\/div><div class=\"l-section-h i-cf\"><div class=\"g-cols vc_row via_grid cols_1 laptops-cols_inherit tablets-cols_inherit mobiles-cols_1 valign_top type_default stacking_default\"><div class=\"wpb_column vc_column_container\"><div class=\"vc_column-inner\"><div class=\"wpb_text_column\"><div class=\"wpb_wrapper\"><h3><span>Principali vantaggi<\/span><\/h3>\n<\/div><\/div><div class=\"w-separator size_small\"><\/div><div class=\"wpb_text_column us_custom_432d3f53\"><div class=\"wpb_wrapper\"><ul>\n<li><strong>Riduzione del consumo energetico e dell&#8217;impronta ecologica:<span> <\/span><\/strong>grazie alla digitalizzazione e al controllo di processo, l&#8217;operatore pu\u00f2 monitorare i consumi, determinare i fattori responsabili, migliorare l&#8217;efficienza dell&#8217;impianto di produzione e la qualit\u00e0 del prodotto<\/li>\n<li><strong>Aumento della produttivit\u00e0 e dell&#8217;affidabilit\u00e0:<\/strong><span> <\/span>l&#8217;equipaggiamento di ogni macchina e impianto con PLC interno, interfaccia uomo-macchina intuitiva e connessioni Ethernet garantisce un controllo completo e automatizzato del processo produttivo, consentendo l&#8217;introduzione di miglioramenti continui<\/li>\n<li><strong>Riduzione dei costi di manutenzione fino al 30%:<\/strong> lo strumento di manutenzione predittiva consente ai nostri partner di prevedere con precisione un possibile guasto e identificare il servizio di assistenza pi\u00f9 adatto, pianificando la manutenzione e riducendo i tempi di inattivit\u00e0 della macchina<\/li>\n<\/ul>\n<\/div><\/div><\/div><\/div><\/div><\/div><\/section>\n","protected":false},"excerpt":{"rendered":"Software e Automazione Programmazione Software Interna Grazie all&#8217;Automazione Industriale, \u00e8 possibile gestire qualsiasi attivit\u00e0 e operazione dell&#8217;impianto da remoto, aumentando la produttivit\u00e0 e generando profitti extra. Questo offre all&#8217;operatore un&#8217;esperienza nuova e semplificata, che rende i processi pi\u00f9 snelli e controllati. DromontGroup Dipartimento Software Interno \u00e8 composto da ingegneri programmatori interni che lavorano per aggiornare...","protected":false},"author":1,"featured_media":0,"parent":42260,"menu_order":0,"comment_status":"closed","ping_status":"closed","template":"","meta":{"_acf_changed":false,"footnotes":""},"class_list":["post-42031","page","type-page","status-publish","hentry"],"acf":[],"yoast_head":"<!-- This site is optimized with the Yoast SEO plugin v27.0 - https:\/\/yoast.com\/product\/yoast-seo-wordpress\/ -->\n<title>Software e Automazione - Comec<\/title>\n<meta name=\"robots\" content=\"index, follow, max-snippet:-1, max-image-preview:large, max-video-preview:-1\" \/>\n<link rel=\"canonical\" href=\"https:\/\/comec.eu.com\/engineering-and-turnkey-plants\/software-automation\/\" \/>\n<meta property=\"og:locale\" content=\"it_IT\" \/>\n<meta property=\"og:type\" content=\"article\" \/>\n<meta property=\"og:title\" content=\"Software e Automazione - Comec\" \/>\n<meta property=\"og:url\" content=\"https:\/\/comec.eu.com\/engineering-and-turnkey-plants\/software-automation\/\" \/>\n<meta property=\"og:site_name\" content=\"Comec\" \/>\n<meta property=\"article:modified_time\" content=\"2026-02-19T08:52:45+00:00\" \/>\n<meta name=\"twitter:card\" content=\"summary_large_image\" \/>\n<meta name=\"twitter:label1\" content=\"Tempo di lettura stimato\" \/>\n\t<meta name=\"twitter:data1\" content=\"3 minuti\" \/>\n<script type=\"application\/ld+json\" class=\"yoast-schema-graph\">{\"@context\":\"https:\/\/schema.org\",\"@graph\":[{\"@type\":\"WebPage\",\"@id\":\"https:\/\/comec.eu.com\/engineering-and-turnkey-plants\/software-automation\/\",\"url\":\"https:\/\/comec.eu.com\/engineering-and-turnkey-plants\/software-automation\/\",\"name\":\"Software e Automazione - Comec\",\"isPartOf\":{\"@id\":\"https:\/\/comec.eu.com\/#website\"},\"datePublished\":\"2026-02-09T08:20:19+00:00\",\"dateModified\":\"2026-02-19T08:52:45+00:00\",\"breadcrumb\":{\"@id\":\"https:\/\/comec.eu.com\/engineering-and-turnkey-plants\/software-automation\/#breadcrumb\"},\"inLanguage\":\"it-IT\",\"potentialAction\":[{\"@type\":\"ReadAction\",\"target\":[\"https:\/\/comec.eu.com\/engineering-and-turnkey-plants\/software-automation\/\"]}]},{\"@type\":\"BreadcrumbList\",\"@id\":\"https:\/\/comec.eu.com\/engineering-and-turnkey-plants\/software-automation\/#breadcrumb\",\"itemListElement\":[{\"@type\":\"ListItem\",\"position\":1,\"name\":\"Home\",\"item\":\"https:\/\/comec.eu.com\/\"},{\"@type\":\"ListItem\",\"position\":2,\"name\":\"Ingegneria e Impianti chiavi in mano\",\"item\":\"https:\/\/comec.eu.com\/engineering-and-turnkey-plants\/\"},{\"@type\":\"ListItem\",\"position\":3,\"name\":\"Software e Automazione\"}]},{\"@type\":\"WebSite\",\"@id\":\"https:\/\/comec.eu.com\/#website\",\"url\":\"https:\/\/comec.eu.com\/\",\"name\":\"Comec - Avantgarde Engineering\",\"description\":\"\",\"publisher\":{\"@id\":\"https:\/\/comec.eu.com\/#organization\"},\"potentialAction\":[{\"@type\":\"SearchAction\",\"target\":{\"@type\":\"EntryPoint\",\"urlTemplate\":\"https:\/\/comec.eu.com\/?s={search_term_string}\"},\"query-input\":{\"@type\":\"PropertyValueSpecification\",\"valueRequired\":true,\"valueName\":\"search_term_string\"}}],\"inLanguage\":\"it-IT\"},{\"@type\":\"Organization\",\"@id\":\"https:\/\/comec.eu.com\/#organization\",\"name\":\"Comec\",\"url\":\"https:\/\/comec.eu.com\/\",\"logo\":{\"@type\":\"ImageObject\",\"inLanguage\":\"it-IT\",\"@id\":\"https:\/\/comec.eu.com\/#\/schema\/logo\/image\/\",\"url\":\"https:\/\/comec.eu.com\/wp-content\/uploads\/2025\/11\/comec-logo.png\",\"contentUrl\":\"https:\/\/comec.eu.com\/wp-content\/uploads\/2025\/11\/comec-logo.png\",\"width\":966,\"height\":266,\"caption\":\"Comec\"},\"image\":{\"@id\":\"https:\/\/comec.eu.com\/#\/schema\/logo\/image\/\"}}]}<\/script>\n<!-- \/ Yoast SEO plugin. -->","yoast_head_json":{"title":"Software e Automazione - Comec","robots":{"index":"index","follow":"follow","max-snippet":"max-snippet:-1","max-image-preview":"max-image-preview:large","max-video-preview":"max-video-preview:-1"},"canonical":"https:\/\/comec.eu.com\/engineering-and-turnkey-plants\/software-automation\/","og_locale":"it_IT","og_type":"article","og_title":"Software e Automazione - Comec","og_url":"https:\/\/comec.eu.com\/engineering-and-turnkey-plants\/software-automation\/","og_site_name":"Comec","article_modified_time":"2026-02-19T08:52:45+00:00","twitter_card":"summary_large_image","twitter_misc":{"Tempo di lettura stimato":"3 minuti"},"schema":{"@context":"https:\/\/schema.org","@graph":[{"@type":"WebPage","@id":"https:\/\/comec.eu.com\/engineering-and-turnkey-plants\/software-automation\/","url":"https:\/\/comec.eu.com\/engineering-and-turnkey-plants\/software-automation\/","name":"Software e Automazione - Comec","isPartOf":{"@id":"https:\/\/comec.eu.com\/#website"},"datePublished":"2026-02-09T08:20:19+00:00","dateModified":"2026-02-19T08:52:45+00:00","breadcrumb":{"@id":"https:\/\/comec.eu.com\/engineering-and-turnkey-plants\/software-automation\/#breadcrumb"},"inLanguage":"it-IT","potentialAction":[{"@type":"ReadAction","target":["https:\/\/comec.eu.com\/engineering-and-turnkey-plants\/software-automation\/"]}]},{"@type":"BreadcrumbList","@id":"https:\/\/comec.eu.com\/engineering-and-turnkey-plants\/software-automation\/#breadcrumb","itemListElement":[{"@type":"ListItem","position":1,"name":"Home","item":"https:\/\/comec.eu.com\/"},{"@type":"ListItem","position":2,"name":"Ingegneria e Impianti chiavi in mano","item":"https:\/\/comec.eu.com\/engineering-and-turnkey-plants\/"},{"@type":"ListItem","position":3,"name":"Software e Automazione"}]},{"@type":"WebSite","@id":"https:\/\/comec.eu.com\/#website","url":"https:\/\/comec.eu.com\/","name":"Comec - Avantgarde Engineering","description":"","publisher":{"@id":"https:\/\/comec.eu.com\/#organization"},"potentialAction":[{"@type":"SearchAction","target":{"@type":"EntryPoint","urlTemplate":"https:\/\/comec.eu.com\/?s={search_term_string}"},"query-input":{"@type":"PropertyValueSpecification","valueRequired":true,"valueName":"search_term_string"}}],"inLanguage":"it-IT"},{"@type":"Organization","@id":"https:\/\/comec.eu.com\/#organization","name":"Comec","url":"https:\/\/comec.eu.com\/","logo":{"@type":"ImageObject","inLanguage":"it-IT","@id":"https:\/\/comec.eu.com\/#\/schema\/logo\/image\/","url":"https:\/\/comec.eu.com\/wp-content\/uploads\/2025\/11\/comec-logo.png","contentUrl":"https:\/\/comec.eu.com\/wp-content\/uploads\/2025\/11\/comec-logo.png","width":966,"height":266,"caption":"Comec"},"image":{"@id":"https:\/\/comec.eu.com\/#\/schema\/logo\/image\/"}}]}},"_links":{"self":[{"href":"https:\/\/comec.eu.com\/it\/wp-json\/wp\/v2\/pages\/42031","targetHints":{"allow":["GET"]}}],"collection":[{"href":"https:\/\/comec.eu.com\/it\/wp-json\/wp\/v2\/pages"}],"about":[{"href":"https:\/\/comec.eu.com\/it\/wp-json\/wp\/v2\/types\/page"}],"author":[{"embeddable":true,"href":"https:\/\/comec.eu.com\/it\/wp-json\/wp\/v2\/users\/1"}],"replies":[{"embeddable":true,"href":"https:\/\/comec.eu.com\/it\/wp-json\/wp\/v2\/comments?post=42031"}],"version-history":[{"count":20,"href":"https:\/\/comec.eu.com\/it\/wp-json\/wp\/v2\/pages\/42031\/revisions"}],"predecessor-version":[{"id":42924,"href":"https:\/\/comec.eu.com\/it\/wp-json\/wp\/v2\/pages\/42031\/revisions\/42924"}],"up":[{"embeddable":true,"href":"https:\/\/comec.eu.com\/it\/wp-json\/wp\/v2\/pages\/42260"}],"wp:attachment":[{"href":"https:\/\/comec.eu.com\/it\/wp-json\/wp\/v2\/media?parent=42031"}],"curies":[{"name":"wp","href":"https:\/\/api.w.org\/{rel}","templated":true}]}}