{"id":43190,"date":"2026-02-26T14:14:08","date_gmt":"2026-02-26T14:14:08","guid":{"rendered":"https:\/\/comec.eu.com\/donnees-de-lentreprise\/"},"modified":"2026-02-26T14:16:04","modified_gmt":"2026-02-26T14:16:04","slug":"donnees-de-lentreprise","status":"publish","type":"page","link":"https:\/\/comec.eu.com\/fr\/donnees-de-lentreprise\/","title":{"rendered":"Donn\u00e9es de l&rsquo;entreprise"},"content":{"rendered":"<section class=\"l-section wpb_row height_medium\"><div class=\"l-section-h i-cf\"><div class=\"g-cols vc_row via_grid cols_1 laptops-cols_inherit tablets-cols_inherit mobiles-cols_1 valign_top type_default stacking_default\"><div class=\"wpb_column vc_column_container\"><div class=\"vc_column-inner\"><div class=\"wpb_text_column\"><div class=\"wpb_wrapper\"><h1>Donn\u00e9es de l&rsquo;entreprise<\/h1>\n<\/div><\/div><div class=\"w-separator size_medium\"><\/div><div class=\"wpb_text_column\"><div class=\"wpb_wrapper\"><div role=\"presentation\" data-olk-copy-source=\"MessageBody\">\n<p>Comec Srl<\/p>\n<p>Loc. Piana Gallo, Via Borzone, 42 &#8211; Grinzane Cavour (CN) &#8211; 12060 &#8211; Italie <\/p>\n<p>C.F.\/P.Iva 03448250047<\/p>\n<p><span>Registre du commerce et des soci\u00e9t\u00e9s<\/span> : 003448250047<\/p>\n<p>Num\u00e9ro REA : CN &#8211; 291546<\/p>\n<p><span>Capital social et capital lib\u00e9r\u00e9 : 1 000 000,00 \u20ac enti\u00e8rement lib\u00e9r\u00e9<\/span><\/p>\n<\/div>\n<\/div><\/div><\/div><\/div><\/div><\/div><\/section>\n","protected":false},"excerpt":{"rendered":"Donn\u00e9es de l&rsquo;entreprise Comec Srl Loc. Piana Gallo, Via Borzone, 42 &#8211; Grinzane Cavour (CN) &#8211; 12060 &#8211; Italie C.F.\/P.Iva 03448250047 Registre du commerce et des soci\u00e9t\u00e9s : 003448250047 Num\u00e9ro REA : CN &#8211; 291546 Capital social et capital lib\u00e9r\u00e9 : 1 000 000,00 \u20ac enti\u00e8rement lib\u00e9r\u00e9","protected":false},"author":1,"featured_media":0,"parent":0,"menu_order":0,"comment_status":"closed","ping_status":"closed","template":"","meta":{"_acf_changed":false,"footnotes":""},"class_list":["post-43190","page","type-page","status-publish","hentry"],"acf":[],"yoast_head":"<!-- This site is optimized with the Yoast SEO plugin v27.0 - https:\/\/yoast.com\/product\/yoast-seo-wordpress\/ -->\n<title>Donn\u00e9es de l&#039;entreprise - Comec<\/title>\n<meta name=\"robots\" content=\"index, follow, max-snippet:-1, max-image-preview:large, max-video-preview:-1\" \/>\n<link rel=\"canonical\" href=\"https:\/\/comec.eu.com\/fr\/donnees-de-lentreprise\/\" \/>\n<meta property=\"og:locale\" content=\"fr_FR\" \/>\n<meta property=\"og:type\" content=\"article\" \/>\n<meta property=\"og:title\" content=\"Donn\u00e9es de l&#039;entreprise - Comec\" \/>\n<meta property=\"og:url\" content=\"https:\/\/comec.eu.com\/fr\/donnees-de-lentreprise\/\" \/>\n<meta property=\"og:site_name\" content=\"Comec\" \/>\n<meta property=\"article:modified_time\" content=\"2026-02-26T14:16:04+00:00\" \/>\n<meta name=\"twitter:card\" content=\"summary_large_image\" \/>\n<script type=\"application\/ld+json\" class=\"yoast-schema-graph\">{\"@context\":\"https:\/\/schema.org\",\"@graph\":[{\"@type\":\"WebPage\",\"@id\":\"https:\/\/comec.eu.com\/fr\/donnees-de-lentreprise\/\",\"url\":\"https:\/\/comec.eu.com\/fr\/donnees-de-lentreprise\/\",\"name\":\"Donn\u00e9es de l'entreprise - Comec\",\"isPartOf\":{\"@id\":\"https:\/\/comec.eu.com\/#website\"},\"datePublished\":\"2026-02-26T14:14:08+00:00\",\"dateModified\":\"2026-02-26T14:16:04+00:00\",\"breadcrumb\":{\"@id\":\"https:\/\/comec.eu.com\/fr\/donnees-de-lentreprise\/#breadcrumb\"},\"inLanguage\":\"fr-FR\",\"potentialAction\":[{\"@type\":\"ReadAction\",\"target\":[\"https:\/\/comec.eu.com\/fr\/donnees-de-lentreprise\/\"]}]},{\"@type\":\"BreadcrumbList\",\"@id\":\"https:\/\/comec.eu.com\/fr\/donnees-de-lentreprise\/#breadcrumb\",\"itemListElement\":[{\"@type\":\"ListItem\",\"position\":1,\"name\":\"Home\",\"item\":\"https:\/\/comec.eu.com\/\"},{\"@type\":\"ListItem\",\"position\":2,\"name\":\"Donn\u00e9es de l&rsquo;entreprise\"}]},{\"@type\":\"WebSite\",\"@id\":\"https:\/\/comec.eu.com\/#website\",\"url\":\"https:\/\/comec.eu.com\/\",\"name\":\"Comec - Avantgarde Engineering\",\"description\":\"\",\"publisher\":{\"@id\":\"https:\/\/comec.eu.com\/#organization\"},\"potentialAction\":[{\"@type\":\"SearchAction\",\"target\":{\"@type\":\"EntryPoint\",\"urlTemplate\":\"https:\/\/comec.eu.com\/?s={search_term_string}\"},\"query-input\":{\"@type\":\"PropertyValueSpecification\",\"valueRequired\":true,\"valueName\":\"search_term_string\"}}],\"inLanguage\":\"fr-FR\"},{\"@type\":\"Organization\",\"@id\":\"https:\/\/comec.eu.com\/#organization\",\"name\":\"Comec\",\"url\":\"https:\/\/comec.eu.com\/\",\"logo\":{\"@type\":\"ImageObject\",\"inLanguage\":\"fr-FR\",\"@id\":\"https:\/\/comec.eu.com\/#\/schema\/logo\/image\/\",\"url\":\"https:\/\/comec.eu.com\/wp-content\/uploads\/2025\/11\/comec-logo.png\",\"contentUrl\":\"https:\/\/comec.eu.com\/wp-content\/uploads\/2025\/11\/comec-logo.png\",\"width\":966,\"height\":266,\"caption\":\"Comec\"},\"image\":{\"@id\":\"https:\/\/comec.eu.com\/#\/schema\/logo\/image\/\"}}]}<\/script>\n<!-- \/ Yoast SEO plugin. -->","yoast_head_json":{"title":"Donn\u00e9es de l'entreprise - Comec","robots":{"index":"index","follow":"follow","max-snippet":"max-snippet:-1","max-image-preview":"max-image-preview:large","max-video-preview":"max-video-preview:-1"},"canonical":"https:\/\/comec.eu.com\/fr\/donnees-de-lentreprise\/","og_locale":"fr_FR","og_type":"article","og_title":"Donn\u00e9es de l'entreprise - Comec","og_url":"https:\/\/comec.eu.com\/fr\/donnees-de-lentreprise\/","og_site_name":"Comec","article_modified_time":"2026-02-26T14:16:04+00:00","twitter_card":"summary_large_image","schema":{"@context":"https:\/\/schema.org","@graph":[{"@type":"WebPage","@id":"https:\/\/comec.eu.com\/fr\/donnees-de-lentreprise\/","url":"https:\/\/comec.eu.com\/fr\/donnees-de-lentreprise\/","name":"Donn\u00e9es de l'entreprise - Comec","isPartOf":{"@id":"https:\/\/comec.eu.com\/#website"},"datePublished":"2026-02-26T14:14:08+00:00","dateModified":"2026-02-26T14:16:04+00:00","breadcrumb":{"@id":"https:\/\/comec.eu.com\/fr\/donnees-de-lentreprise\/#breadcrumb"},"inLanguage":"fr-FR","potentialAction":[{"@type":"ReadAction","target":["https:\/\/comec.eu.com\/fr\/donnees-de-lentreprise\/"]}]},{"@type":"BreadcrumbList","@id":"https:\/\/comec.eu.com\/fr\/donnees-de-lentreprise\/#breadcrumb","itemListElement":[{"@type":"ListItem","position":1,"name":"Home","item":"https:\/\/comec.eu.com\/"},{"@type":"ListItem","position":2,"name":"Donn\u00e9es de l&rsquo;entreprise"}]},{"@type":"WebSite","@id":"https:\/\/comec.eu.com\/#website","url":"https:\/\/comec.eu.com\/","name":"Comec - Avantgarde Engineering","description":"","publisher":{"@id":"https:\/\/comec.eu.com\/#organization"},"potentialAction":[{"@type":"SearchAction","target":{"@type":"EntryPoint","urlTemplate":"https:\/\/comec.eu.com\/?s={search_term_string}"},"query-input":{"@type":"PropertyValueSpecification","valueRequired":true,"valueName":"search_term_string"}}],"inLanguage":"fr-FR"},{"@type":"Organization","@id":"https:\/\/comec.eu.com\/#organization","name":"Comec","url":"https:\/\/comec.eu.com\/","logo":{"@type":"ImageObject","inLanguage":"fr-FR","@id":"https:\/\/comec.eu.com\/#\/schema\/logo\/image\/","url":"https:\/\/comec.eu.com\/wp-content\/uploads\/2025\/11\/comec-logo.png","contentUrl":"https:\/\/comec.eu.com\/wp-content\/uploads\/2025\/11\/comec-logo.png","width":966,"height":266,"caption":"Comec"},"image":{"@id":"https:\/\/comec.eu.com\/#\/schema\/logo\/image\/"}}]}},"_links":{"self":[{"href":"https:\/\/comec.eu.com\/fr\/wp-json\/wp\/v2\/pages\/43190","targetHints":{"allow":["GET"]}}],"collection":[{"href":"https:\/\/comec.eu.com\/fr\/wp-json\/wp\/v2\/pages"}],"about":[{"href":"https:\/\/comec.eu.com\/fr\/wp-json\/wp\/v2\/types\/page"}],"author":[{"embeddable":true,"href":"https:\/\/comec.eu.com\/fr\/wp-json\/wp\/v2\/users\/1"}],"replies":[{"embeddable":true,"href":"https:\/\/comec.eu.com\/fr\/wp-json\/wp\/v2\/comments?post=43190"}],"version-history":[{"count":4,"href":"https:\/\/comec.eu.com\/fr\/wp-json\/wp\/v2\/pages\/43190\/revisions"}],"predecessor-version":[{"id":43198,"href":"https:\/\/comec.eu.com\/fr\/wp-json\/wp\/v2\/pages\/43190\/revisions\/43198"}],"wp:attachment":[{"href":"https:\/\/comec.eu.com\/fr\/wp-json\/wp\/v2\/media?parent=43190"}],"curies":[{"name":"wp","href":"https:\/\/api.w.org\/{rel}","templated":true}]}}