{"id":43037,"date":"2026-02-25T10:23:42","date_gmt":"2026-02-25T10:23:42","guid":{"rendered":"https:\/\/comec.eu.com\/actualites\/magazines\/"},"modified":"2026-02-25T13:15:42","modified_gmt":"2026-02-25T13:15:42","slug":"magazines","status":"publish","type":"page","link":"https:\/\/comec.eu.com\/fr\/actualites\/magazines\/","title":{"rendered":"Magazines"},"content":{"rendered":"<section class=\"l-section wpb_row height_medium\"><div class=\"l-section-h i-cf\"><div class=\"g-cols vc_row via_grid cols_1 laptops-cols_inherit tablets-cols_inherit mobiles-cols_1 valign_top type_default stacking_default\"><div class=\"wpb_column vc_column_container\"><div class=\"vc_column-inner\"><div class=\"wpb_text_column us_custom_f547b1e6\"><div class=\"wpb_wrapper\"><p>Magazines<\/p>\n<\/div><\/div><div class=\"wpb_text_column us_custom_337ef065\"><div class=\"wpb_wrapper\"><p>Consultez les derniers num\u00e9ros du magazine de technologies et de r\u00e9f\u00e9rences mondiales du DromontGroup.<\/p>\n<\/div><\/div><\/div><\/div><\/div><\/div><\/section><section class=\"l-section wpb_row height_small\"><div class=\"l-section-h i-cf\"><div class=\"g-cols vc_row via_grid cols_3 laptops-cols_inherit tablets-cols_inherit mobiles-cols_1 valign_top type_default stacking_default\"><div class=\"wpb_column vc_column_container\"><div class=\"vc_column-inner\"><\/div><\/div><div class=\"wpb_column vc_column_container\"><div class=\"vc_column-inner\"><div class=\"wpb_text_column us_custom_337ef065\"><div class=\"wpb_wrapper\"><p style=\"text-align: center;\"><strong>Num\u00e9ro 24 | 2026 <\/strong><\/p>\n<\/div><\/div><div class=\"w-slider style_none fit_scaledown nav_none count_3\"><div class=\"w-slider-h\" aria-hidden=\"true\"><div class=\"royalSlider\"><div class=\"rsContent\"><a class=\"rsImg\" data-rsw=\"720\" data-rsh=\"1024\" href=\"https:\/\/comec.eu.com\/wp-content\/uploads\/2026\/02\/Screenshot-2026-02-25-alle-12.08.49-720x1024.png\"><span data-alt=\"\"><\/span><\/a><\/div><div class=\"rsContent\"><a class=\"rsImg\" data-rsw=\"720\" data-rsh=\"1024\" href=\"https:\/\/comec.eu.com\/wp-content\/uploads\/2026\/02\/Screenshot-2026-02-25-alle-12.08.57-720x1024.png\"><span data-alt=\"\"><\/span><\/a><\/div><div class=\"rsContent\"><a class=\"rsImg\" data-rsw=\"720\" data-rsh=\"1024\" href=\"https:\/\/comec.eu.com\/wp-content\/uploads\/2026\/02\/Screenshot-2026-02-25-alle-12.09.09-720x1024.png\"><span data-alt=\"\"><\/span><\/a><\/div><\/div><img decoding=\"async\" src=\"https:\/\/comec.eu.com\/wp-content\/uploads\/2026\/02\/Screenshot-2026-02-25-alle-12.08.49-720x1024.png\" width=\"720\" height=\"1024\" alt loading=\"lazy\"><\/div><div class=\"w-slider-json\" onclick='return {&quot;autoScaleSlider&quot;:true,&quot;addActiveClass&quot;:true,&quot;loop&quot;:true,&quot;fadeInLoadedSlide&quot;:false,&quot;slidesSpacing&quot;:0,&quot;imageScalePadding&quot;:0,&quot;numImagesToPreload&quot;:2,&quot;arrowsNav&quot;:true,&quot;arrowsNavAutoHide&quot;:false,&quot;transitionType&quot;:&quot;move&quot;,&quot;transitionSpeed&quot;:250,&quot;block&quot;:{&quot;moveEffect&quot;:&quot;none&quot;,&quot;speed&quot;:300},&quot;thumbs&quot;:{&quot;fitInViewport&quot;:false,&quot;firstMargin&quot;:false,&quot;spacing&quot;:4},&quot;controlNavigation&quot;:&quot;none&quot;,&quot;autoScaleSliderWidth&quot;:720,&quot;autoScaleSliderHeight&quot;:1024}'><\/div><\/div><div class=\"w-separator size_medium\"><\/div><div class=\"wpb_text_column us_custom_dffc3507\"><div class=\"wpb_wrapper\"><p style=\"text-align: center;\">Pour recevoir la copie num\u00e9rique, veuillez \u00e9crire \u00e0 :<br \/>\n<a href=\"mailto:marketing@dromontgroup.com\">marketing@dromontgroup.com<\/a><\/p>\n<\/div><\/div><\/div><\/div><div class=\"wpb_column vc_column_container\"><div class=\"vc_column-inner\"><\/div><\/div><\/div><\/div><\/section><section class=\"l-section wpb_row height_medium\"><div class=\"l-section-h i-cf\"><div class=\"g-cols vc_row via_grid cols_1 laptops-cols_inherit tablets-cols_inherit mobiles-cols_1 valign_top type_default stacking_default\"><div class=\"wpb_column vc_column_container\"><div class=\"vc_column-inner\"><div class=\"w-separator size_large\"><\/div><div class=\"w-gallery fit_cover type_grid ratio_3x4 count_17\" style=\"--columns:4;--items-gap:4rem;\"><div class=\"w-gallery-list\"><div class=\"w-gallery-item\"><div class=\"w-gallery-item-img\"><img loading=\"lazy\" decoding=\"async\" width=\"424\" height=\"600\" src=\"https:\/\/comec.eu.com\/wp-content\/uploads\/2026\/02\/dm16-2.webp\" class=\"attachment-large size-large\" alt=\"\" srcset=\"https:\/\/comec.eu.com\/wp-content\/uploads\/2026\/02\/dm16-2.webp 424w, https:\/\/comec.eu.com\/wp-content\/uploads\/2026\/02\/dm16-2-212x300.webp 212w\" sizes=\"auto, (max-width: 424px) 100vw, 424px\" \/><\/div><\/div><div class=\"w-gallery-item\"><div class=\"w-gallery-item-img\"><img loading=\"lazy\" decoding=\"async\" width=\"387\" height=\"537\" src=\"https:\/\/comec.eu.com\/wp-content\/uploads\/2026\/02\/dm17.webp\" class=\"attachment-large size-large\" alt=\"\" srcset=\"https:\/\/comec.eu.com\/wp-content\/uploads\/2026\/02\/dm17.webp 387w, https:\/\/comec.eu.com\/wp-content\/uploads\/2026\/02\/dm17-216x300.webp 216w\" sizes=\"auto, (max-width: 387px) 100vw, 387px\" \/><\/div><\/div><div class=\"w-gallery-item\"><div class=\"w-gallery-item-img\"><img loading=\"lazy\" decoding=\"async\" width=\"424\" height=\"600\" src=\"https:\/\/comec.eu.com\/wp-content\/uploads\/2026\/02\/magazine-18.webp\" class=\"attachment-large size-large\" alt=\"\" srcset=\"https:\/\/comec.eu.com\/wp-content\/uploads\/2026\/02\/magazine-18.webp 424w, https:\/\/comec.eu.com\/wp-content\/uploads\/2026\/02\/magazine-18-212x300.webp 212w\" sizes=\"auto, (max-width: 424px) 100vw, 424px\" \/><\/div><\/div><div class=\"w-gallery-item\"><div class=\"w-gallery-item-img\"><img loading=\"lazy\" decoding=\"async\" width=\"724\" height=\"1024\" src=\"https:\/\/comec.eu.com\/wp-content\/uploads\/2026\/02\/Magazine-pagina-0.jpg\" class=\"attachment-large size-large\" alt=\"\" srcset=\"https:\/\/comec.eu.com\/wp-content\/uploads\/2026\/02\/Magazine-pagina-0.jpg 724w, https:\/\/comec.eu.com\/wp-content\/uploads\/2026\/02\/Magazine-pagina-0-212x300.jpg 212w\" sizes=\"auto, (max-width: 724px) 100vw, 724px\" \/><\/div><\/div><div class=\"w-gallery-item\"><div class=\"w-gallery-item-img\"><img loading=\"lazy\" decoding=\"async\" width=\"424\" height=\"600\" src=\"https:\/\/comec.eu.com\/wp-content\/uploads\/2026\/02\/dm10.webp\" class=\"attachment-large size-large\" alt=\"\" srcset=\"https:\/\/comec.eu.com\/wp-content\/uploads\/2026\/02\/dm10.webp 424w, https:\/\/comec.eu.com\/wp-content\/uploads\/2026\/02\/dm10-212x300.webp 212w\" sizes=\"auto, (max-width: 424px) 100vw, 424px\" \/><\/div><\/div><div class=\"w-gallery-item\"><div class=\"w-gallery-item-img\"><img loading=\"lazy\" decoding=\"async\" width=\"424\" height=\"600\" src=\"https:\/\/comec.eu.com\/wp-content\/uploads\/2026\/02\/dm10-2.webp\" class=\"attachment-large size-large\" alt=\"\" srcset=\"https:\/\/comec.eu.com\/wp-content\/uploads\/2026\/02\/dm10-2.webp 424w, https:\/\/comec.eu.com\/wp-content\/uploads\/2026\/02\/dm10-2-212x300.webp 212w\" sizes=\"auto, (max-width: 424px) 100vw, 424px\" \/><\/div><\/div><div class=\"w-gallery-item\"><div class=\"w-gallery-item-img\"><img loading=\"lazy\" decoding=\"async\" width=\"424\" height=\"600\" src=\"https:\/\/comec.eu.com\/wp-content\/uploads\/2026\/02\/dm11.webp\" class=\"attachment-large size-large\" alt=\"\" srcset=\"https:\/\/comec.eu.com\/wp-content\/uploads\/2026\/02\/dm11.webp 424w, https:\/\/comec.eu.com\/wp-content\/uploads\/2026\/02\/dm11-212x300.webp 212w\" sizes=\"auto, (max-width: 424px) 100vw, 424px\" \/><\/div><\/div><div class=\"w-gallery-item\"><div class=\"w-gallery-item-img\"><img loading=\"lazy\" decoding=\"async\" width=\"428\" height=\"600\" src=\"https:\/\/comec.eu.com\/wp-content\/uploads\/2026\/02\/dm11-2.webp\" class=\"attachment-large size-large\" alt=\"\" srcset=\"https:\/\/comec.eu.com\/wp-content\/uploads\/2026\/02\/dm11-2.webp 428w, https:\/\/comec.eu.com\/wp-content\/uploads\/2026\/02\/dm11-2-214x300.webp 214w\" sizes=\"auto, (max-width: 428px) 100vw, 428px\" \/><\/div><\/div><div class=\"w-gallery-item\"><div class=\"w-gallery-item-img\"><img loading=\"lazy\" decoding=\"async\" width=\"424\" height=\"600\" src=\"https:\/\/comec.eu.com\/wp-content\/uploads\/2026\/02\/dm12.webp\" class=\"attachment-large size-large\" alt=\"\" srcset=\"https:\/\/comec.eu.com\/wp-content\/uploads\/2026\/02\/dm12.webp 424w, https:\/\/comec.eu.com\/wp-content\/uploads\/2026\/02\/dm12-212x300.webp 212w\" sizes=\"auto, (max-width: 424px) 100vw, 424px\" \/><\/div><\/div><div class=\"w-gallery-item\"><div class=\"w-gallery-item-img\"><img loading=\"lazy\" decoding=\"async\" width=\"424\" height=\"600\" src=\"https:\/\/comec.eu.com\/wp-content\/uploads\/2026\/02\/dm12-2.webp\" class=\"attachment-large size-large\" alt=\"\" srcset=\"https:\/\/comec.eu.com\/wp-content\/uploads\/2026\/02\/dm12-2.webp 424w, https:\/\/comec.eu.com\/wp-content\/uploads\/2026\/02\/dm12-2-212x300.webp 212w\" sizes=\"auto, (max-width: 424px) 100vw, 424px\" \/><\/div><\/div><div class=\"w-gallery-item\"><div class=\"w-gallery-item-img\"><img loading=\"lazy\" decoding=\"async\" width=\"424\" height=\"600\" src=\"https:\/\/comec.eu.com\/wp-content\/uploads\/2026\/02\/dm13.webp\" class=\"attachment-large size-large\" alt=\"\" srcset=\"https:\/\/comec.eu.com\/wp-content\/uploads\/2026\/02\/dm13.webp 424w, https:\/\/comec.eu.com\/wp-content\/uploads\/2026\/02\/dm13-212x300.webp 212w\" sizes=\"auto, (max-width: 424px) 100vw, 424px\" \/><\/div><\/div><div class=\"w-gallery-item\"><div class=\"w-gallery-item-img\"><img loading=\"lazy\" decoding=\"async\" width=\"424\" height=\"600\" src=\"https:\/\/comec.eu.com\/wp-content\/uploads\/2026\/02\/dm13-2.webp\" class=\"attachment-large size-large\" alt=\"\" srcset=\"https:\/\/comec.eu.com\/wp-content\/uploads\/2026\/02\/dm13-2.webp 424w, https:\/\/comec.eu.com\/wp-content\/uploads\/2026\/02\/dm13-2-212x300.webp 212w\" sizes=\"auto, (max-width: 424px) 100vw, 424px\" \/><\/div><\/div><div class=\"w-gallery-item\"><div class=\"w-gallery-item-img\"><img loading=\"lazy\" decoding=\"async\" width=\"424\" height=\"600\" src=\"https:\/\/comec.eu.com\/wp-content\/uploads\/2026\/02\/dm14.webp\" class=\"attachment-large size-large\" alt=\"\" srcset=\"https:\/\/comec.eu.com\/wp-content\/uploads\/2026\/02\/dm14.webp 424w, https:\/\/comec.eu.com\/wp-content\/uploads\/2026\/02\/dm14-212x300.webp 212w\" sizes=\"auto, (max-width: 424px) 100vw, 424px\" \/><\/div><\/div><div class=\"w-gallery-item\"><div class=\"w-gallery-item-img\"><img loading=\"lazy\" decoding=\"async\" width=\"424\" height=\"600\" src=\"https:\/\/comec.eu.com\/wp-content\/uploads\/2026\/02\/dm14-2.webp\" class=\"attachment-large size-large\" alt=\"\" srcset=\"https:\/\/comec.eu.com\/wp-content\/uploads\/2026\/02\/dm14-2.webp 424w, https:\/\/comec.eu.com\/wp-content\/uploads\/2026\/02\/dm14-2-212x300.webp 212w\" sizes=\"auto, (max-width: 424px) 100vw, 424px\" \/><\/div><\/div><div class=\"w-gallery-item\"><div class=\"w-gallery-item-img\"><img loading=\"lazy\" decoding=\"async\" width=\"424\" height=\"600\" src=\"https:\/\/comec.eu.com\/wp-content\/uploads\/2026\/02\/dm15.webp\" class=\"attachment-large size-large\" alt=\"\" srcset=\"https:\/\/comec.eu.com\/wp-content\/uploads\/2026\/02\/dm15.webp 424w, https:\/\/comec.eu.com\/wp-content\/uploads\/2026\/02\/dm15-212x300.webp 212w\" sizes=\"auto, (max-width: 424px) 100vw, 424px\" \/><\/div><\/div><div class=\"w-gallery-item\"><div class=\"w-gallery-item-img\"><img loading=\"lazy\" decoding=\"async\" width=\"424\" height=\"600\" src=\"https:\/\/comec.eu.com\/wp-content\/uploads\/2026\/02\/dm15-2.webp\" class=\"attachment-large size-large\" alt=\"\" srcset=\"https:\/\/comec.eu.com\/wp-content\/uploads\/2026\/02\/dm15-2.webp 424w, https:\/\/comec.eu.com\/wp-content\/uploads\/2026\/02\/dm15-2-212x300.webp 212w\" sizes=\"auto, (max-width: 424px) 100vw, 424px\" \/><\/div><\/div><\/div><\/div><\/div><\/div><\/div><\/div><\/section>\n","protected":false},"excerpt":{"rendered":"Magazines Consultez les derniers num\u00e9ros du magazine de technologies et de r\u00e9f\u00e9rences mondiales du DromontGroup. Num\u00e9ro 24 | 2026 Pour recevoir la copie num\u00e9rique, veuillez \u00e9crire \u00e0 : marketing@dromontgroup.com","protected":false},"author":1,"featured_media":0,"parent":42072,"menu_order":0,"comment_status":"closed","ping_status":"closed","template":"","meta":{"_acf_changed":false,"footnotes":""},"class_list":["post-43037","page","type-page","status-publish","hentry"],"acf":[],"yoast_head":"<!-- This site is optimized with the Yoast SEO plugin v27.0 - https:\/\/yoast.com\/product\/yoast-seo-wordpress\/ -->\n<title>Magazines - Comec<\/title>\n<meta name=\"robots\" content=\"index, follow, max-snippet:-1, max-image-preview:large, max-video-preview:-1\" \/>\n<link rel=\"canonical\" href=\"https:\/\/comec.eu.com\/news\/magazines\/\" \/>\n<meta property=\"og:locale\" content=\"fr_FR\" \/>\n<meta property=\"og:type\" content=\"article\" \/>\n<meta property=\"og:title\" content=\"Magazines - Comec\" \/>\n<meta property=\"og:url\" content=\"https:\/\/comec.eu.com\/news\/magazines\/\" \/>\n<meta property=\"og:site_name\" content=\"Comec\" \/>\n<meta property=\"article:modified_time\" content=\"2026-02-25T13:15:42+00:00\" \/>\n<meta name=\"twitter:card\" content=\"summary_large_image\" \/>\n<meta name=\"twitter:label1\" content=\"Dur\u00e9e de lecture estim\u00e9e\" \/>\n\t<meta name=\"twitter:data1\" content=\"1 minute\" \/>\n<script type=\"application\/ld+json\" class=\"yoast-schema-graph\">{\"@context\":\"https:\/\/schema.org\",\"@graph\":[{\"@type\":\"WebPage\",\"@id\":\"https:\/\/comec.eu.com\/news\/magazines\/\",\"url\":\"https:\/\/comec.eu.com\/news\/magazines\/\",\"name\":\"Magazines - Comec\",\"isPartOf\":{\"@id\":\"https:\/\/comec.eu.com\/#website\"},\"datePublished\":\"2026-02-25T10:23:42+00:00\",\"dateModified\":\"2026-02-25T13:15:42+00:00\",\"breadcrumb\":{\"@id\":\"https:\/\/comec.eu.com\/news\/magazines\/#breadcrumb\"},\"inLanguage\":\"fr-FR\",\"potentialAction\":[{\"@type\":\"ReadAction\",\"target\":[\"https:\/\/comec.eu.com\/news\/magazines\/\"]}]},{\"@type\":\"BreadcrumbList\",\"@id\":\"https:\/\/comec.eu.com\/news\/magazines\/#breadcrumb\",\"itemListElement\":[{\"@type\":\"ListItem\",\"position\":1,\"name\":\"Home\",\"item\":\"https:\/\/comec.eu.com\/\"},{\"@type\":\"ListItem\",\"position\":2,\"name\":\"Actualit\u00e9s\",\"item\":\"https:\/\/comec.eu.com\/fr\/actualites\/\"},{\"@type\":\"ListItem\",\"position\":3,\"name\":\"Magazines\"}]},{\"@type\":\"WebSite\",\"@id\":\"https:\/\/comec.eu.com\/#website\",\"url\":\"https:\/\/comec.eu.com\/\",\"name\":\"Comec - Avantgarde Engineering\",\"description\":\"\",\"publisher\":{\"@id\":\"https:\/\/comec.eu.com\/#organization\"},\"potentialAction\":[{\"@type\":\"SearchAction\",\"target\":{\"@type\":\"EntryPoint\",\"urlTemplate\":\"https:\/\/comec.eu.com\/?s={search_term_string}\"},\"query-input\":{\"@type\":\"PropertyValueSpecification\",\"valueRequired\":true,\"valueName\":\"search_term_string\"}}],\"inLanguage\":\"fr-FR\"},{\"@type\":\"Organization\",\"@id\":\"https:\/\/comec.eu.com\/#organization\",\"name\":\"Comec\",\"url\":\"https:\/\/comec.eu.com\/\",\"logo\":{\"@type\":\"ImageObject\",\"inLanguage\":\"fr-FR\",\"@id\":\"https:\/\/comec.eu.com\/#\/schema\/logo\/image\/\",\"url\":\"https:\/\/comec.eu.com\/wp-content\/uploads\/2025\/11\/comec-logo.png\",\"contentUrl\":\"https:\/\/comec.eu.com\/wp-content\/uploads\/2025\/11\/comec-logo.png\",\"width\":966,\"height\":266,\"caption\":\"Comec\"},\"image\":{\"@id\":\"https:\/\/comec.eu.com\/#\/schema\/logo\/image\/\"}}]}<\/script>\n<!-- \/ Yoast SEO plugin. -->","yoast_head_json":{"title":"Magazines - Comec","robots":{"index":"index","follow":"follow","max-snippet":"max-snippet:-1","max-image-preview":"max-image-preview:large","max-video-preview":"max-video-preview:-1"},"canonical":"https:\/\/comec.eu.com\/news\/magazines\/","og_locale":"fr_FR","og_type":"article","og_title":"Magazines - Comec","og_url":"https:\/\/comec.eu.com\/news\/magazines\/","og_site_name":"Comec","article_modified_time":"2026-02-25T13:15:42+00:00","twitter_card":"summary_large_image","twitter_misc":{"Dur\u00e9e de lecture estim\u00e9e":"1 minute"},"schema":{"@context":"https:\/\/schema.org","@graph":[{"@type":"WebPage","@id":"https:\/\/comec.eu.com\/news\/magazines\/","url":"https:\/\/comec.eu.com\/news\/magazines\/","name":"Magazines - Comec","isPartOf":{"@id":"https:\/\/comec.eu.com\/#website"},"datePublished":"2026-02-25T10:23:42+00:00","dateModified":"2026-02-25T13:15:42+00:00","breadcrumb":{"@id":"https:\/\/comec.eu.com\/news\/magazines\/#breadcrumb"},"inLanguage":"fr-FR","potentialAction":[{"@type":"ReadAction","target":["https:\/\/comec.eu.com\/news\/magazines\/"]}]},{"@type":"BreadcrumbList","@id":"https:\/\/comec.eu.com\/news\/magazines\/#breadcrumb","itemListElement":[{"@type":"ListItem","position":1,"name":"Home","item":"https:\/\/comec.eu.com\/"},{"@type":"ListItem","position":2,"name":"Actualit\u00e9s","item":"https:\/\/comec.eu.com\/fr\/actualites\/"},{"@type":"ListItem","position":3,"name":"Magazines"}]},{"@type":"WebSite","@id":"https:\/\/comec.eu.com\/#website","url":"https:\/\/comec.eu.com\/","name":"Comec - Avantgarde Engineering","description":"","publisher":{"@id":"https:\/\/comec.eu.com\/#organization"},"potentialAction":[{"@type":"SearchAction","target":{"@type":"EntryPoint","urlTemplate":"https:\/\/comec.eu.com\/?s={search_term_string}"},"query-input":{"@type":"PropertyValueSpecification","valueRequired":true,"valueName":"search_term_string"}}],"inLanguage":"fr-FR"},{"@type":"Organization","@id":"https:\/\/comec.eu.com\/#organization","name":"Comec","url":"https:\/\/comec.eu.com\/","logo":{"@type":"ImageObject","inLanguage":"fr-FR","@id":"https:\/\/comec.eu.com\/#\/schema\/logo\/image\/","url":"https:\/\/comec.eu.com\/wp-content\/uploads\/2025\/11\/comec-logo.png","contentUrl":"https:\/\/comec.eu.com\/wp-content\/uploads\/2025\/11\/comec-logo.png","width":966,"height":266,"caption":"Comec"},"image":{"@id":"https:\/\/comec.eu.com\/#\/schema\/logo\/image\/"}}]}},"_links":{"self":[{"href":"https:\/\/comec.eu.com\/fr\/wp-json\/wp\/v2\/pages\/43037","targetHints":{"allow":["GET"]}}],"collection":[{"href":"https:\/\/comec.eu.com\/fr\/wp-json\/wp\/v2\/pages"}],"about":[{"href":"https:\/\/comec.eu.com\/fr\/wp-json\/wp\/v2\/types\/page"}],"author":[{"embeddable":true,"href":"https:\/\/comec.eu.com\/fr\/wp-json\/wp\/v2\/users\/1"}],"replies":[{"embeddable":true,"href":"https:\/\/comec.eu.com\/fr\/wp-json\/wp\/v2\/comments?post=43037"}],"version-history":[{"count":3,"href":"https:\/\/comec.eu.com\/fr\/wp-json\/wp\/v2\/pages\/43037\/revisions"}],"predecessor-version":[{"id":43063,"href":"https:\/\/comec.eu.com\/fr\/wp-json\/wp\/v2\/pages\/43037\/revisions\/43063"}],"up":[{"embeddable":true,"href":"https:\/\/comec.eu.com\/fr\/wp-json\/wp\/v2\/pages\/42072"}],"wp:attachment":[{"href":"https:\/\/comec.eu.com\/fr\/wp-json\/wp\/v2\/media?parent=43037"}],"curies":[{"name":"wp","href":"https:\/\/api.w.org\/{rel}","templated":true}]}}