{"id":42475,"date":"2026-01-02T10:15:37","date_gmt":"2026-01-02T10:15:37","guid":{"rendered":"https:\/\/comec.eu.com\/equipement\/equipement-auxiliaire\/"},"modified":"2026-02-18T14:14:30","modified_gmt":"2026-02-18T14:14:30","slug":"equipement-auxiliaire","status":"publish","type":"page","link":"https:\/\/comec.eu.com\/fr\/equipement\/equipement-auxiliaire\/","title":{"rendered":"\u00c9quipement auxiliaire"},"content":{"rendered":"<section class=\"l-section wpb_row us_custom_9f370bff height_medium\"><div class=\"l-section-overlay\" style=\"background:rgba(26,26,26,0.6)\"><\/div><div class=\"l-section-h i-cf\"><div class=\"g-cols vc_row via_grid cols_3-1 laptops-cols_inherit tablets-cols_inherit mobiles-cols_1 valign_middle type_default stacking_default\"><div class=\"wpb_column vc_column_container us_custom_7e20fa79 us_animate_this\"><div class=\"vc_column-inner\"><div class=\"wpb_text_column us_custom_de150e26 has_text_color\"><div class=\"wpb_wrapper\"><h1>\u00c9quipement auxiliaire<\/h1>\n<\/div><\/div><div class=\"w-separator size_small\"><\/div><div class=\"wpb_text_column us_custom_836f727b has_text_color\"><div class=\"wpb_wrapper\"><p><span>Unit\u00e9s de filtration, machines de nettoyage et extrudeuses \u00e0 plaque-presse pour des solutions de production compl\u00e8tes<\/span><\/p>\n<\/div><\/div><\/div><\/div><div class=\"wpb_column vc_column_container\"><div class=\"vc_column-inner\"><\/div><\/div><\/div><\/div><\/section><section class=\"l-section wpb_row height_huge\"><div class=\"l-section-h i-cf\"><div class=\"g-cols vc_row via_grid cols_2 laptops-cols_inherit tablets-cols_inherit mobiles-cols_1 valign_middle type_default stacking_default\"><div class=\"wpb_column vc_column_container us_custom_47474b22 us_animate_this\"><div class=\"vc_column-inner\"><div class=\"w-iconbox iconabox-titolo iconpos_left style_circle color_custom align_left\"><div class=\"w-iconbox-icon\" style=\"font-size:2rem;--icon-color:#c91618;--icon-bg-color:rgba(201,22,24,0.2);\"><i class=\"fal fa-filter\"><\/i><\/div><div class=\"w-iconbox-meta\"><h4 class=\"w-iconbox-title\">Unit\u00e9s de filtration<\/h4><div class=\"w-iconbox-text\"><p><span>Filtres auto-nettoyants de type pression mont\u00e9s sur chariot<\/span><\/p>\n<\/div><\/div><\/div><div class=\"w-separator size_small\"><\/div><div class=\"wpb_text_column\"><div class=\"wpb_wrapper\"><p><span>Filtre auto-nettoyant mont\u00e9 sur support mobile, avec roues et espace pour contenir un r\u00e9cipient de d\u00e9chets pour filtrer les produits liquides dans les peintures \u00e0 base d&rsquo;eau, tempera, \u00e9maux, mastic avec un contenu moyen de r\u00e9sidus.<\/span><\/p>\n<\/div><\/div><div class=\"w-separator size_small\"><\/div><div class=\"wpb_text_column list-arrow\"><div class=\"wpb_wrapper\"><ul>\n<li>\u00c9quip\u00e9 d&rsquo;une pompe \u00e9lectrique ou \u00e0 air comprim\u00e9 \u00e0 membrane<\/li>\n<li>G\u00e8re un d\u00e9bit de 20 \u00e0 plus de 100 l\/min<\/li>\n<li>Les niveaux de filtration peuvent \u00eatre choisis parmi 50\/100\/200\/300\/500\/1000 microns<\/li>\n<\/ul>\n<\/div><\/div><\/div><\/div><div class=\"wpb_column vc_column_container\"><div class=\"vc_column-inner\"><div class=\"w-image align_none\"><div class=\"w-image-h\"><img decoding=\"async\" width=\"646\" height=\"1024\" src=\"https:\/\/comec.eu.com\/wp-content\/uploads\/2026\/02\/23.-FAS-CAR-rendering-2-646x1024.jpg\" class=\"attachment-large size-large\" alt=\"\" loading=\"lazy\" srcset=\"https:\/\/comec.eu.com\/wp-content\/uploads\/2026\/02\/23.-FAS-CAR-rendering-2-646x1024.jpg 646w, https:\/\/comec.eu.com\/wp-content\/uploads\/2026\/02\/23.-FAS-CAR-rendering-2-189x300.jpg 189w, https:\/\/comec.eu.com\/wp-content\/uploads\/2026\/02\/23.-FAS-CAR-rendering-2-rotated.jpg 786w\" sizes=\"auto, (max-width: 646px) 100vw, 646px\" \/><\/div><\/div><\/div><\/div><\/div><\/div><\/section><section class=\"l-section wpb_row us_custom_a9be633b height_huge\"><div class=\"l-section-h i-cf\"><div class=\"g-cols vc_row via_grid cols_2 laptops-cols_inherit tablets-cols_inherit mobiles-cols_1 valign_middle type_default stacking_default\"><div class=\"wpb_column vc_column_container us_custom_7e20fa79 us_animate_this\"><div class=\"vc_column-inner\"><div class=\"w-image align_none\"><div class=\"w-image-h\"><img decoding=\"async\" width=\"1024\" height=\"819\" src=\"https:\/\/comec.eu.com\/wp-content\/uploads\/2026\/02\/20.-ECO-WASHING-rendering-1-1024x819.png\" class=\"attachment-large size-large\" alt=\"\" loading=\"lazy\" srcset=\"https:\/\/comec.eu.com\/wp-content\/uploads\/2026\/02\/20.-ECO-WASHING-rendering-1-1024x819.png 1024w, https:\/\/comec.eu.com\/wp-content\/uploads\/2026\/02\/20.-ECO-WASHING-rendering-1-300x240.png 300w\" sizes=\"auto, (max-width: 1024px) 100vw, 1024px\" \/><\/div><\/div><\/div><\/div><div class=\"wpb_column vc_column_container us_custom_47474b22 us_animate_this\"><div class=\"vc_column-inner\"><div class=\"w-iconbox iconabox-titolo iconpos_left style_circle color_custom align_left\"><div class=\"w-iconbox-icon\" style=\"font-size:2rem;--icon-color:#c91618;--icon-bg-color:rgba(201,22,24,0.2);\"><i class=\"fal fa-tint\"><\/i><\/div><div class=\"w-iconbox-meta\"><h4 class=\"w-iconbox-title\">Syst\u00e8mes de nettoyage<\/h4><div class=\"w-iconbox-text\"><p><span>Unit\u00e9 Eco-Washing pour un processus de nettoyage efficace<\/span><\/p>\n<\/div><\/div><\/div><div class=\"w-separator size_small\"><\/div><div class=\"wpb_text_column\"><div class=\"wpb_wrapper\"><p><span>L&rsquo;unit\u00e9 Eco-Washing est la solution parfaite pour am\u00e9liorer le processus de nettoyage et \u00e9conomiser du temps et des fluides de lavage jusqu&rsquo;\u00e0 50 %. Le lot cible va de 700 \u00e0 1500 litres. <\/span><\/p>\n<\/div><\/div><div class=\"w-separator size_small\"><\/div><div class=\"wpb_text_column list-arrow\"><div class=\"wpb_wrapper\"><ul>\n<li>Syst\u00e8me de base, lavage : t\u00eate de lavage rotative \u00e0 2 axes<\/li>\n<li>Syst\u00e8me elliptique, avec un syst\u00e8me r\u00e9volutionnaire de trajectoire elliptique<\/li>\n<li>Syst\u00e8me \u00e0 brosses, avec t\u00eate de lavage combin\u00e9e au syst\u00e8me de brosses de rin\u00e7age<\/li>\n<\/ul>\n<\/div><\/div><div class=\"w-separator size_small\"><\/div><div class=\"wpb_text_column list-arrow\"><div class=\"wpb_wrapper\"><p>Mod\u00e8les disponibles<\/p>\n<ul>\n<li>Disponible en version standard et ATEX<\/li>\n<li>D\u00e9ploy\u00e9 en trois mod\u00e8les diff\u00e9rents<\/li>\n<\/ul>\n<\/div><\/div><\/div><\/div><\/div><\/div><\/section><section class=\"l-section wpb_row height_medium\"><div class=\"l-section-h i-cf\"><div class=\"g-cols vc_row via_grid cols_1 laptops-cols_inherit tablets-cols_inherit mobiles-cols_1 valign_top type_default stacking_default\"><div class=\"wpb_column vc_column_container\"><div class=\"vc_column-inner\"><div class=\"w-iconbox iconpos_left style_default color_primary align_center no_text\"><div class=\"w-iconbox-icon\" style=\"font-size:2rem;\"><i class=\"fal fa-box\"><\/i><\/div><div class=\"w-iconbox-meta\"><h4 class=\"w-iconbox-title\">Extrudeuses \u00e0 plaque-presse<\/h4><\/div><\/div><\/div><\/div><\/div><\/div><\/section><section class=\"l-section wpb_row height_medium\"><div class=\"l-section-h i-cf\"><div class=\"g-cols vc_row via_grid cols_2 laptops-cols_inherit tablets-cols_inherit mobiles-cols_1 valign_top type_default stacking_default\"><div class=\"wpb_column vc_column_container us_custom_7e20fa79 us_animate_this\"><div class=\"vc_column-inner\"><div class=\"wpb_text_column us_custom_6745946f has_text_color\"><div class=\"wpb_wrapper\"><h4 style=\"text-align: center;\">Extrudeuse \u00e0 plaque-presse fixe<\/h4>\n<p style=\"text-align: center;\"><span>mod. EDE <\/span><\/p>\n<\/div><\/div><div class=\"w-separator size_small\"><\/div><div class=\"wpb_text_column\"><div class=\"wpb_wrapper\"><p style=\"text-align: center;\"><span>EDE est l&rsquo;extrudeuse \u00e0 plaque-presse fixe pour structures autonomes fixes pour l&rsquo;extrusion de produits de viscosit\u00e9 moyenne et \u00e9lev\u00e9e directement du r\u00e9servoir de production \u00e0 la ligne de remplissage, gr\u00e2ce \u00e0 une pression sur le produit de 7 \u00e0 20 bar.<\/span><\/p>\n<\/div><\/div><div class=\"w-separator size_small\"><\/div><div class=\"w-btn-wrapper align_center\"><a class=\"w-btn us-btn-style_1\" href=\"http:\/\/comec-dev.eu.com\/wp-content\/uploads\/2026\/02\/Comec_Data-Sheet_PRESSA-EDE_ENG_2023.pdf\"><span class=\"w-btn-label\">T\u00e9l\u00e9charger la brochure<\/span><\/a><\/div><\/div><\/div><div class=\"wpb_column vc_column_container us_custom_60e9caca us_animate_this\"><div class=\"vc_column-inner\"><div class=\"wpb_text_column us_custom_6745946f has_text_color\"><div class=\"wpb_wrapper\"><h4 style=\"text-align: center;\">Extrudeuse \u00e0 plaque-presse mobile<\/h4>\n<p style=\"text-align: center;\"><span>mod. EPM <\/span><\/p>\n<\/div><\/div><div class=\"w-separator size_small\"><\/div><div class=\"wpb_text_column\"><div class=\"wpb_wrapper\"><p style=\"text-align: center;\"><span>EPM Mobile est l&rsquo;extrudeuse \u00e0 plaque-presse mobile et structure autonome pour l&rsquo;extrusion de produits de viscosit\u00e9 moyenne et moyenne-\u00e9lev\u00e9e directement du r\u00e9servoir de production \u00e0 la ligne de remplissage, gr\u00e2ce \u00e0 une pression sur le produit jusqu&rsquo;\u00e0 8\/14 bar.<\/span><\/p>\n<\/div><\/div><div class=\"w-separator size_small\"><\/div><div class=\"w-btn-wrapper align_center\"><a class=\"w-btn us-btn-style_1\" href=\"http:\/\/comec-dev.eu.com\/wp-content\/uploads\/2026\/02\/Comec_Data-Sheet_PRESSA-EPM_ENG_2023.pdf\"><span class=\"w-btn-label\">T\u00e9l\u00e9charger la brochure<\/span><\/a><\/div><\/div><\/div><\/div><\/div><\/section><section class=\"l-section wpb_row us_custom_0a2ffbe9 has_text_color height_medium\"><div class=\"l-section-h i-cf\"><div class=\"g-cols vc_row via_grid cols_1 laptops-cols_inherit tablets-cols_inherit mobiles-cols_1 valign_top type_default stacking_default\"><div class=\"wpb_column vc_column_container\"><div class=\"vc_column-inner\"><div class=\"wpb_text_column\"><div class=\"wpb_wrapper\"><h2 style=\"text-align: center;\">Compl\u00e9tez votre ligne de production<\/h2>\n<\/div><\/div><div class=\"w-separator size_medium\"><\/div><div class=\"wpb_text_column\"><div class=\"wpb_wrapper\"><p style=\"text-align: center;\"><span>D\u00e9couvrez comment nos \u00e9quipements auxiliaires peuvent optimiser votre processus de fabrication<\/span><\/p>\n<\/div><\/div><div class=\"w-separator size_medium\"><\/div><div class=\"w-btn-wrapper align_center\"><a class=\"w-btn us-btn-style_3\" href=\"https:\/\/comec-dev.eu.com\/#contact-us\"><span class=\"w-btn-label\">Contactez-nous<\/span><\/a><\/div><\/div><\/div><\/div><\/div><\/section>\n","protected":false},"excerpt":{"rendered":"\u00c9quipement auxiliaire Unit\u00e9s de filtration, machines de nettoyage et extrudeuses \u00e0 plaque-presse pour des solutions de production compl\u00e8tes Unit\u00e9s de filtrationFiltres auto-nettoyants de type pression mont\u00e9s sur chariot Filtre auto-nettoyant mont\u00e9 sur support mobile, avec roues et espace pour contenir un r\u00e9cipient de d\u00e9chets pour filtrer les produits liquides dans les peintures \u00e0 base d&rsquo;eau,...","protected":false},"author":1,"featured_media":42476,"parent":42132,"menu_order":0,"comment_status":"closed","ping_status":"closed","template":"","meta":{"_acf_changed":false,"footnotes":""},"class_list":["post-42475","page","type-page","status-publish","has-post-thumbnail","hentry"],"acf":[],"yoast_head":"<!-- This site is optimized with the Yoast SEO plugin v27.0 - https:\/\/yoast.com\/product\/yoast-seo-wordpress\/ -->\n<title>\u00c9quipement auxiliaire - Comec<\/title>\n<meta name=\"robots\" content=\"index, follow, max-snippet:-1, max-image-preview:large, max-video-preview:-1\" \/>\n<link rel=\"canonical\" href=\"https:\/\/comec.eu.com\/equipment\/auxiliary-equipment\/\" \/>\n<meta property=\"og:locale\" content=\"fr_FR\" \/>\n<meta property=\"og:type\" content=\"article\" \/>\n<meta property=\"og:title\" content=\"\u00c9quipement auxiliaire - Comec\" \/>\n<meta property=\"og:url\" content=\"https:\/\/comec.eu.com\/equipment\/auxiliary-equipment\/\" \/>\n<meta property=\"og:site_name\" content=\"Comec\" \/>\n<meta property=\"article:modified_time\" content=\"2026-02-18T14:14:30+00:00\" \/>\n<meta property=\"og:image\" content=\"https:\/\/comec.eu.com\/wp-content\/uploads\/2026\/01\/20.-ECO-WASHING-rendering-1-min-500x400-1.png\" \/>\n\t<meta property=\"og:image:width\" content=\"500\" \/>\n\t<meta property=\"og:image:height\" content=\"400\" \/>\n\t<meta property=\"og:image:type\" content=\"image\/png\" \/>\n<meta name=\"twitter:card\" content=\"summary_large_image\" \/>\n<meta name=\"twitter:label1\" content=\"Dur\u00e9e de lecture estim\u00e9e\" \/>\n\t<meta name=\"twitter:data1\" content=\"5 minutes\" \/>\n<script type=\"application\/ld+json\" class=\"yoast-schema-graph\">{\"@context\":\"https:\/\/schema.org\",\"@graph\":[{\"@type\":\"WebPage\",\"@id\":\"https:\/\/comec.eu.com\/equipment\/auxiliary-equipment\/\",\"url\":\"https:\/\/comec.eu.com\/equipment\/auxiliary-equipment\/\",\"name\":\"\u00c9quipement auxiliaire - Comec\",\"isPartOf\":{\"@id\":\"https:\/\/comec.eu.com\/#website\"},\"primaryImageOfPage\":{\"@id\":\"https:\/\/comec.eu.com\/equipment\/auxiliary-equipment\/#primaryimage\"},\"image\":{\"@id\":\"https:\/\/comec.eu.com\/equipment\/auxiliary-equipment\/#primaryimage\"},\"thumbnailUrl\":\"https:\/\/comec.eu.com\/wp-content\/uploads\/2026\/01\/20.-ECO-WASHING-rendering-1-min-500x400-1.png\",\"datePublished\":\"2026-01-02T10:15:37+00:00\",\"dateModified\":\"2026-02-18T14:14:30+00:00\",\"breadcrumb\":{\"@id\":\"https:\/\/comec.eu.com\/equipment\/auxiliary-equipment\/#breadcrumb\"},\"inLanguage\":\"fr-FR\",\"potentialAction\":[{\"@type\":\"ReadAction\",\"target\":[\"https:\/\/comec.eu.com\/equipment\/auxiliary-equipment\/\"]}]},{\"@type\":\"ImageObject\",\"inLanguage\":\"fr-FR\",\"@id\":\"https:\/\/comec.eu.com\/equipment\/auxiliary-equipment\/#primaryimage\",\"url\":\"https:\/\/comec.eu.com\/wp-content\/uploads\/2026\/01\/20.-ECO-WASHING-rendering-1-min-500x400-1.png\",\"contentUrl\":\"https:\/\/comec.eu.com\/wp-content\/uploads\/2026\/01\/20.-ECO-WASHING-rendering-1-min-500x400-1.png\",\"width\":500,\"height\":400},{\"@type\":\"BreadcrumbList\",\"@id\":\"https:\/\/comec.eu.com\/equipment\/auxiliary-equipment\/#breadcrumb\",\"itemListElement\":[{\"@type\":\"ListItem\",\"position\":1,\"name\":\"Home\",\"item\":\"https:\/\/comec.eu.com\/\"},{\"@type\":\"ListItem\",\"position\":2,\"name\":\"\u00c9quipement\",\"item\":\"https:\/\/comec.eu.com\/equipment\/\"},{\"@type\":\"ListItem\",\"position\":3,\"name\":\"\u00c9quipement auxiliaire\"}]},{\"@type\":\"WebSite\",\"@id\":\"https:\/\/comec.eu.com\/#website\",\"url\":\"https:\/\/comec.eu.com\/\",\"name\":\"Comec - Avantgarde Engineering\",\"description\":\"\",\"publisher\":{\"@id\":\"https:\/\/comec.eu.com\/#organization\"},\"potentialAction\":[{\"@type\":\"SearchAction\",\"target\":{\"@type\":\"EntryPoint\",\"urlTemplate\":\"https:\/\/comec.eu.com\/?s={search_term_string}\"},\"query-input\":{\"@type\":\"PropertyValueSpecification\",\"valueRequired\":true,\"valueName\":\"search_term_string\"}}],\"inLanguage\":\"fr-FR\"},{\"@type\":\"Organization\",\"@id\":\"https:\/\/comec.eu.com\/#organization\",\"name\":\"Comec\",\"url\":\"https:\/\/comec.eu.com\/\",\"logo\":{\"@type\":\"ImageObject\",\"inLanguage\":\"fr-FR\",\"@id\":\"https:\/\/comec.eu.com\/#\/schema\/logo\/image\/\",\"url\":\"https:\/\/comec.eu.com\/wp-content\/uploads\/2025\/11\/comec-logo.png\",\"contentUrl\":\"https:\/\/comec.eu.com\/wp-content\/uploads\/2025\/11\/comec-logo.png\",\"width\":966,\"height\":266,\"caption\":\"Comec\"},\"image\":{\"@id\":\"https:\/\/comec.eu.com\/#\/schema\/logo\/image\/\"}}]}<\/script>\n<!-- \/ Yoast SEO plugin. -->","yoast_head_json":{"title":"\u00c9quipement auxiliaire - Comec","robots":{"index":"index","follow":"follow","max-snippet":"max-snippet:-1","max-image-preview":"max-image-preview:large","max-video-preview":"max-video-preview:-1"},"canonical":"https:\/\/comec.eu.com\/equipment\/auxiliary-equipment\/","og_locale":"fr_FR","og_type":"article","og_title":"\u00c9quipement auxiliaire - Comec","og_url":"https:\/\/comec.eu.com\/equipment\/auxiliary-equipment\/","og_site_name":"Comec","article_modified_time":"2026-02-18T14:14:30+00:00","og_image":[{"width":500,"height":400,"url":"https:\/\/comec.eu.com\/wp-content\/uploads\/2026\/01\/20.-ECO-WASHING-rendering-1-min-500x400-1.png","type":"image\/png"}],"twitter_card":"summary_large_image","twitter_misc":{"Dur\u00e9e de lecture estim\u00e9e":"5 minutes"},"schema":{"@context":"https:\/\/schema.org","@graph":[{"@type":"WebPage","@id":"https:\/\/comec.eu.com\/equipment\/auxiliary-equipment\/","url":"https:\/\/comec.eu.com\/equipment\/auxiliary-equipment\/","name":"\u00c9quipement auxiliaire - Comec","isPartOf":{"@id":"https:\/\/comec.eu.com\/#website"},"primaryImageOfPage":{"@id":"https:\/\/comec.eu.com\/equipment\/auxiliary-equipment\/#primaryimage"},"image":{"@id":"https:\/\/comec.eu.com\/equipment\/auxiliary-equipment\/#primaryimage"},"thumbnailUrl":"https:\/\/comec.eu.com\/wp-content\/uploads\/2026\/01\/20.-ECO-WASHING-rendering-1-min-500x400-1.png","datePublished":"2026-01-02T10:15:37+00:00","dateModified":"2026-02-18T14:14:30+00:00","breadcrumb":{"@id":"https:\/\/comec.eu.com\/equipment\/auxiliary-equipment\/#breadcrumb"},"inLanguage":"fr-FR","potentialAction":[{"@type":"ReadAction","target":["https:\/\/comec.eu.com\/equipment\/auxiliary-equipment\/"]}]},{"@type":"ImageObject","inLanguage":"fr-FR","@id":"https:\/\/comec.eu.com\/equipment\/auxiliary-equipment\/#primaryimage","url":"https:\/\/comec.eu.com\/wp-content\/uploads\/2026\/01\/20.-ECO-WASHING-rendering-1-min-500x400-1.png","contentUrl":"https:\/\/comec.eu.com\/wp-content\/uploads\/2026\/01\/20.-ECO-WASHING-rendering-1-min-500x400-1.png","width":500,"height":400},{"@type":"BreadcrumbList","@id":"https:\/\/comec.eu.com\/equipment\/auxiliary-equipment\/#breadcrumb","itemListElement":[{"@type":"ListItem","position":1,"name":"Home","item":"https:\/\/comec.eu.com\/"},{"@type":"ListItem","position":2,"name":"\u00c9quipement","item":"https:\/\/comec.eu.com\/equipment\/"},{"@type":"ListItem","position":3,"name":"\u00c9quipement auxiliaire"}]},{"@type":"WebSite","@id":"https:\/\/comec.eu.com\/#website","url":"https:\/\/comec.eu.com\/","name":"Comec - Avantgarde Engineering","description":"","publisher":{"@id":"https:\/\/comec.eu.com\/#organization"},"potentialAction":[{"@type":"SearchAction","target":{"@type":"EntryPoint","urlTemplate":"https:\/\/comec.eu.com\/?s={search_term_string}"},"query-input":{"@type":"PropertyValueSpecification","valueRequired":true,"valueName":"search_term_string"}}],"inLanguage":"fr-FR"},{"@type":"Organization","@id":"https:\/\/comec.eu.com\/#organization","name":"Comec","url":"https:\/\/comec.eu.com\/","logo":{"@type":"ImageObject","inLanguage":"fr-FR","@id":"https:\/\/comec.eu.com\/#\/schema\/logo\/image\/","url":"https:\/\/comec.eu.com\/wp-content\/uploads\/2025\/11\/comec-logo.png","contentUrl":"https:\/\/comec.eu.com\/wp-content\/uploads\/2025\/11\/comec-logo.png","width":966,"height":266,"caption":"Comec"},"image":{"@id":"https:\/\/comec.eu.com\/#\/schema\/logo\/image\/"}}]}},"_links":{"self":[{"href":"https:\/\/comec.eu.com\/fr\/wp-json\/wp\/v2\/pages\/42475","targetHints":{"allow":["GET"]}}],"collection":[{"href":"https:\/\/comec.eu.com\/fr\/wp-json\/wp\/v2\/pages"}],"about":[{"href":"https:\/\/comec.eu.com\/fr\/wp-json\/wp\/v2\/types\/page"}],"author":[{"embeddable":true,"href":"https:\/\/comec.eu.com\/fr\/wp-json\/wp\/v2\/users\/1"}],"replies":[{"embeddable":true,"href":"https:\/\/comec.eu.com\/fr\/wp-json\/wp\/v2\/comments?post=42475"}],"version-history":[{"count":5,"href":"https:\/\/comec.eu.com\/fr\/wp-json\/wp\/v2\/pages\/42475\/revisions"}],"predecessor-version":[{"id":42853,"href":"https:\/\/comec.eu.com\/fr\/wp-json\/wp\/v2\/pages\/42475\/revisions\/42853"}],"up":[{"embeddable":true,"href":"https:\/\/comec.eu.com\/fr\/wp-json\/wp\/v2\/pages\/42132"}],"wp:featuredmedia":[{"embeddable":true,"href":"https:\/\/comec.eu.com\/fr\/wp-json\/wp\/v2\/media\/42476"}],"wp:attachment":[{"href":"https:\/\/comec.eu.com\/fr\/wp-json\/wp\/v2\/media?parent=42475"}],"curies":[{"name":"wp","href":"https:\/\/api.w.org\/{rel}","templated":true}]}}