{"id":42332,"date":"2026-01-02T10:15:37","date_gmt":"2026-01-02T10:15:37","guid":{"rendered":"https:\/\/comec.eu.com\/entreprise\/"},"modified":"2026-02-19T07:56:52","modified_gmt":"2026-02-19T07:56:52","slug":"entreprise","status":"publish","type":"page","link":"https:\/\/comec.eu.com\/fr\/entreprise\/","title":{"rendered":"Entreprise"},"content":{"rendered":"<section class=\"l-section wpb_row us_custom_e566c667 has_text_color height_medium\"><div class=\"l-section-overlay\" style=\"background:rgba(26,26,26,0.7)\"><\/div><div class=\"l-section-h i-cf\"><div class=\"g-cols vc_row via_grid cols_1 laptops-cols_inherit tablets-cols_inherit mobiles-cols_1 valign_middle type_default stacking_default\"><div class=\"wpb_column vc_column_container\"><div class=\"vc_column-inner\"><div class=\"wpb_text_column\"><div class=\"wpb_wrapper\"><h1 style=\"text-align: center; font-weight: normal;\"><span>Entreprise<\/span><\/h1>\n<\/div><\/div><div class=\"w-separator size_medium\"><\/div><div class=\"wpb_text_column us_custom_abaebcfc\"><div class=\"wpb_wrapper\"><p style=\"text-align: center;\">Fond\u00e9e en 1970, <strong>Comec<\/strong> est sp\u00e9cialis\u00e9e dans les machines et les installations pour les industries chimique, c\u00e9ramique, pharmaceutique et alimentaire. Au fil des ans, Comec est devenue un leader dans les secteurs des peintures, des rev\u00eatements et des adh\u00e9sifs avec plus de 10 000 machines install\u00e9es dans le monde entier. En 2012, la continuit\u00e9 et le d\u00e9veloppement commercial ont \u00e9t\u00e9 assur\u00e9s par la famille Drocco et la soci\u00e9t\u00e9 m\u00e8re Dromont. Aujourd&rsquo;hui, l&rsquo;entreprise est d\u00e9tenue par le propri\u00e9taire et PDG <strong>Dott. Luca Drocco<\/strong>.   <\/p>\n<\/div><\/div><\/div><\/div><\/div><\/div><\/section><section class=\"l-section wpb_row us_custom_55ee54d1 height_medium color_alternate\" id=\"who-we-are\"><div class=\"l-section-h i-cf\"><div class=\"g-cols vc_row via_grid cols_1 laptops-cols_inherit tablets-cols_inherit mobiles-cols_1 valign_top type_default stacking_default\"><div class=\"wpb_column vc_column_container\"><div class=\"vc_column-inner\"><div class=\"wpb_text_column us_custom_174848e7 titolo-lp\"><div class=\"wpb_wrapper\"><h2 style=\"text-align: center;\">Qui sommes-nous ?<\/h2>\n<\/div><\/div><div class=\"w-video us_custom_402d8fec align_center ratio_16x9 has_iframe\"><div class=\"w-video-h\"><iframe title=\"Youtube video player\" src=\"\/\/www.youtube.com\/embed\/ow8BPQxyjXw?autoplay=0&controls=1&origin=https:\/\/comec.eu.com\/fr\/&loop=0&mute=0\" allowfullscreen=\"1\" loading=\"lazy\"><\/iframe><\/div><\/div><\/div><\/div><\/div><\/div><\/section><section class=\"l-section wpb_row height_huge\"><div class=\"l-section-h i-cf\"><div class=\"g-cols vc_row via_grid cols_2 laptops-cols_inherit tablets-cols_inherit mobiles-cols_1 valign_middle type_default reversed stacking_default\"><div class=\"wpb_column vc_column_container us_custom_47474b22 us_animate_this\"><div class=\"vc_column-inner\"><div class=\"w-image align_none\"><div class=\"w-image-h\"><img decoding=\"async\" width=\"1024\" height=\"985\" src=\"https:\/\/comec.eu.com\/wp-content\/uploads\/2023\/06\/foto-dispersori-md3-e1771424398460-1024x985.jpg\" class=\"attachment-large size-large\" alt=\"\" loading=\"lazy\" srcset=\"https:\/\/comec.eu.com\/wp-content\/uploads\/2023\/06\/foto-dispersori-md3-e1771424398460-1024x985.jpg 1024w, https:\/\/comec.eu.com\/wp-content\/uploads\/2023\/06\/foto-dispersori-md3-e1771424398460-300x289.jpg 300w, https:\/\/comec.eu.com\/wp-content\/uploads\/2023\/06\/foto-dispersori-md3-e1771424398460.jpg 1200w\" sizes=\"auto, (max-width: 1024px) 100vw, 1024px\" \/><\/div><\/div><\/div><\/div><div class=\"wpb_column vc_column_container us_custom_fa346f51 us_animate_this has_bg_color\"><div class=\"vc_column-inner\"><div class=\"wpb_text_column\"><div class=\"wpb_wrapper\"><h2>Ce que nous faisons<\/h2>\n<\/div><\/div><div class=\"w-separator size_small\"><\/div><div class=\"wpb_text_column us_custom_432d3f53\"><div class=\"wpb_wrapper\"><p>Comec, forte de plus de 50 ans de conception technique et d&rsquo;excellence, est internationalement reconnue pour ses principaux secteurs de produits, \u00e0 savoir les <strong>\u00e9quipements autonomes de dispersion, de m\u00e9lange et de broyage<\/strong>, les <strong>extensions d&rsquo;usine et les installations Greenfield\/Brownfield<\/strong>. L&rsquo;ajout de ce portefeuille de produits a permis au groupe Dromont d&rsquo;offrir \u00e0 ses clients des propositions cl\u00e9s en main compl\u00e8tes. <\/p>\n<p>La gamme de produits Comec offre le nec plus ultra en mati\u00e8re de <strong>processus automatis\u00e9s de broyage et de dispersion<\/strong>. Le secret n&rsquo;a pas \u00e9t\u00e9 seulement de cr\u00e9er les moteurs les plus puissants, mais aussi de les associer \u00e0 un <strong>syst\u00e8me d&rsquo;alimentation automatis\u00e9 en mati\u00e8res premi\u00e8res<\/strong> de premier ordre. <\/p>\n<p>Le r\u00e9sultat de cette combinaison garantit des co\u00fbts de main-d&rsquo;\u0153uvre plus faibles, des vitesses de d\u00e9bit plus rapides, une qualit\u00e9 sup\u00e9rieure gr\u00e2ce \u00e0 des processus contr\u00f4l\u00e9s et reproductibles, et des niveaux de s\u00e9curit\u00e9 et de saisie utilisateur plus \u00e9lev\u00e9s. B\u00e9n\u00e9ficiant des <strong>capacit\u00e9s de recherche et de d\u00e9veloppement<\/strong> du groupe Dromont et de l&rsquo;alignement avec le propre portefeuille de produits de Dromont, la <strong>r\u00e9putation et l&rsquo;expertise de Comec<\/strong> se d\u00e9veloppent rapidement en dehors du march\u00e9 traditionnel d&rsquo;Europe centrale.<\/p>\n<\/div><\/div><\/div><\/div><\/div><\/div><\/section><section class=\"l-section wpb_row height_huge color_alternate\"><div class=\"l-section-h i-cf\"><div class=\"g-cols vc_row via_grid cols_2 laptops-cols_inherit tablets-cols_inherit mobiles-cols_1 valign_middle type_default reversed stacking_default\"><div class=\"wpb_column vc_column_container us_custom_b2547913 us_animate_this has_bg_color\"><div class=\"vc_column-inner\"><div class=\"wpb_text_column us_custom_432d3f53\"><div class=\"wpb_wrapper\"><p>La gamme de produits Comec offre le meilleur des <strong>processus de broyage et de dispersion<\/strong> automatis\u00e9s, en alliant puissance, pr\u00e9cision et fiabilit\u00e9. Notre force r\u00e9side non seulement dans la conception de moteurs hautes performances, mais aussi dans leur int\u00e9gration \u00e0 un syst\u00e8me automatis\u00e9 d\u2019alimentation en mati\u00e8res premi\u00e8res <strong>de premier ordre<\/strong>.<br \/>\nChaque solution est con\u00e7ue pour r\u00e9duire les temps d\u2019arr\u00eat tout en maximisant l\u2019efficacit\u00e9 op\u00e9rationnelle.<br \/>\nGr\u00e2ce \u00e0 des investissements continus en R&amp;D, nous fournissons une technologie qui s\u2019adapte \u00e0 l\u2019\u00e9volution des exigences industrielles.<br \/>\nNous accompagnons nos clients de la consultation initiale \u00e0 l\u2019installation, ainsi qu\u2019au service apr\u00e8s-vente. <\/p>\n<p><strong>Choisir Comec, c\u2019est s\u2019associer \u00e0 l\u2019innovation, \u00e0 l\u2019automatisation et \u00e0 des performances durables<\/strong><\/p>\n<\/div><\/div><\/div><\/div><div class=\"wpb_column vc_column_container us_custom_47474b22 us_animate_this\"><div class=\"vc_column-inner\"><div class=\"w-image align_none\"><div class=\"w-image-h\"><img decoding=\"async\" width=\"1024\" height=\"576\" src=\"https:\/\/comec.eu.com\/wp-content\/uploads\/2026\/02\/DSC_3516-1024x576.jpg\" class=\"attachment-large size-large\" alt=\"\" loading=\"lazy\" srcset=\"https:\/\/comec.eu.com\/wp-content\/uploads\/2026\/02\/DSC_3516-1024x576.jpg 1024w, https:\/\/comec.eu.com\/wp-content\/uploads\/2026\/02\/DSC_3516-300x169.jpg 300w, https:\/\/comec.eu.com\/wp-content\/uploads\/2026\/02\/DSC_3516.jpg 1920w\" sizes=\"auto, (max-width: 1024px) 100vw, 1024px\" \/><\/div><\/div><\/div><\/div><\/div><\/div><\/section><section class=\"l-section wpb_row height_huge\"><div class=\"l-section-h i-cf\"><div class=\"g-cols vc_row via_grid cols_2 laptops-cols_inherit tablets-cols_inherit mobiles-cols_1 valign_middle type_default reversed stacking_default\"><div class=\"wpb_column vc_column_container us_custom_47474b22 us_animate_this\"><div class=\"vc_column-inner\"><div class=\"w-image align_none\"><div class=\"w-image-h\"><img decoding=\"async\" width=\"1000\" height=\"1000\" src=\"https:\/\/comec.eu.com\/wp-content\/uploads\/2026\/02\/DSC_3096-e1771424803419.png\" class=\"attachment-large size-large\" alt=\"\" loading=\"lazy\" \/><\/div><\/div><\/div><\/div><div class=\"wpb_column vc_column_container us_custom_fa346f51 us_animate_this has_bg_color\"><div class=\"vc_column-inner\"><div class=\"wpb_text_column us_custom_432d3f53\"><div class=\"wpb_wrapper\"><p>Le r\u00e9sultat de cette combinaison int\u00e9gr\u00e9e se traduit par une r\u00e9duction significative des co\u00fbts de main-d\u2019\u0153uvre, des vitesses de production plus \u00e9lev\u00e9es et une qualit\u00e9 de produit sup\u00e9rieure obtenue gr\u00e2ce \u00e0 des processus contr\u00f4l\u00e9s et r\u00e9p\u00e9tables. En minimisant l\u2019intervention manuelle et en maximisant l\u2019automatisation, <strong>nos syst\u00e8mes am\u00e9liorent la constance op\u00e9rationnelle tout en garantissant des niveaux de s\u00e9curit\u00e9 plus \u00e9lev\u00e9s pour les op\u00e9rateurs<\/strong>. La coordination intelligente entre les performances de broyage et la gestion automatis\u00e9e des mati\u00e8res premi\u00e8res permet aux fabricants d\u2019obtenir des gains mesurables en productivit\u00e9 et en fiabilit\u00e9 des processus  <\/p>\n<p>En s\u2019appuyant sur les capacit\u00e9s avanc\u00e9es de Recherche et D\u00e9veloppement de DromontGroup, Comec b\u00e9n\u00e9ficie d\u2019une innovation technologique continue et d\u2019un acc\u00e8s \u00e0 un vaste r\u00e9seau d\u2019expertise en ing\u00e9nierie. Cet alignement strat\u00e9gique avec Dromont et son portefeuille de produits \u00e9tabli renforce encore notre capacit\u00e9 \u00e0 fournir des solutions int\u00e9gr\u00e9es et innovantes, parfaitement adapt\u00e9es aux environnements de production modernes <\/p>\n<p>En cons\u00e9quence, la marque Comec se d\u00e9veloppe rapidement au-del\u00e0 de ses march\u00e9s traditionnels d\u2019Europe centrale, en construisant une solide r\u00e9putation internationale fond\u00e9e sur l\u2019excellence en ing\u00e9nierie, le leadership en automatisation et une innovation centr\u00e9e sur le client<\/p>\n<\/div><\/div><\/div><\/div><\/div><\/div><\/section><section class=\"l-section wpb_row us_custom_b03640aa height_medium\" id=\"certifications\"><div class=\"l-section-h i-cf\"><div class=\"g-cols vc_row via_grid cols_1 laptops-cols_inherit tablets-cols_inherit mobiles-cols_1 valign_top type_default stacking_default\"><div class=\"wpb_column vc_column_container\"><div class=\"vc_column-inner\"><div class=\"wpb_text_column us_custom_a57bf3d5 titolo-lp\"><div class=\"wpb_wrapper\"><h3>Certifications<\/h3>\n<\/div><\/div><div class=\"wpb_text_column us_custom_8ad8aa45\"><div class=\"wpb_wrapper\"><p>L&rsquo;unit\u00e9 de production de Comec est certifi\u00e9e conforme \u00e0 la norme du syst\u00e8me de gestion de la qualit\u00e9 <strong>ISO 9001<\/strong> et aux normes du syst\u00e8me de gestion de la sant\u00e9 et de la s\u00e9curit\u00e9 <strong>ISO 45001<\/strong>.<\/p>\n<\/div><\/div><div class=\"wpb_text_column us_custom_363c2ad2 has_text_color\"><div class=\"wpb_wrapper\"><ul>\n<li><a href=\"https:\/\/comec.eu.com\/wp-content\/uploads\/2024\/10\/Certificate_ISO-9001-2015_expiry-2026.pdf\">Syst\u00e8me de gestion de la qualit\u00e9 ISO 9001:2015<\/a><\/li>\n<li><a href=\"https:\/\/comec.eu.com\/wp-content\/uploads\/2021\/02\/ISO45001_Certificate-45001_2020.pdf\">Syst\u00e8me de gestion HSE ISO 45001:2018<\/a><\/li>\n<li><a href=\"https:\/\/comec.eu.com\/wp-content\/uploads\/2021\/02\/DOC-005-rev.-00-del-05.10.19-Politica-per-la-Sicurezza_firmato.pdf\">Politique de sant\u00e9 et de s\u00e9curit\u00e9 sur le lieu de travail<\/a><\/li>\n<\/ul>\n<\/div><\/div><div class=\"wpb_text_column us_custom_b970a344 has_text_color\"><div class=\"wpb_wrapper\"><ul>\n<li><a href=\"https:\/\/comec.eu.com\/wp-content\/uploads\/2021\/02\/Certificato-ATEX_3528-Q-ATEX-COMEC-D.pdf\">Certificat ATEX<\/a><\/li>\n<\/ul>\n<\/div><\/div><div class=\"wpb_text_column us_custom_b5e80113\"><div class=\"wpb_wrapper\"><p>Comec est l&rsquo;un des rares producteurs mondiaux \u00e0 d\u00e9tenir la ZONE ATEX \u00d8 en vertu du certificat EX II 1\/2 GC IIB T4, confirmant la fourniture d&rsquo;installations et de machines avec la certification Zone \u00d8 conform\u00e9ment aux directives CE ATEX<\/p>\n<\/div><\/div><div class=\"wpb_text_column us_custom_b970a344 has_text_color\"><div class=\"wpb_wrapper\"><ul>\n<li><span lang=\"EN-US\">TP TC 012\/2011<\/span><\/li>\n<\/ul>\n<\/div><\/div><div class=\"wpb_text_column us_custom_b5e80113\"><div class=\"wpb_wrapper\"><p><span lang=\"EN-US\">Comec garantit la s\u00e9curit\u00e9 de ses \u00e9quipements pour le travail en atmosph\u00e8re antid\u00e9flagrante (ATEX) en vertu du certificat <\/span><span lang=\"EN-US\">TP TC 012\/2011<\/span><span lang=\"EN-US\"> reconnu pour les exportations vers la Russie, la Bi\u00e9lorussie et le Kazakhstan<\/span><\/p>\n<\/div><\/div><div class=\"wpb_text_column us_custom_8ad8aa45\"><div class=\"wpb_wrapper\"><p>Nous avons \u00e9galement re\u00e7u la <strong>m\u00e9daille d&rsquo;or EcoVadis 2022<\/strong> pour nos approches de d\u00e9veloppement durable dans les domaines de l&rsquo;environnement, des conditions de travail et des droits de l&rsquo;homme, de l&rsquo;\u00e9thique et des achats durables.<\/p>\n<\/div><\/div><div class=\"wpb_text_column us_custom_b970a344 has_text_color\"><div class=\"wpb_wrapper\"><ul>\n<li>\u00c9valuation de la durabilit\u00e9 EcoVadis 2022 &#8211; M\u00e9daille d&rsquo;or<\/li>\n<\/ul>\n<\/div><\/div><div class=\"wpb_text_column us_custom_8ad8aa45\"><div class=\"wpb_wrapper\"><p>Enfin, nous sommes class\u00e9s parmi les <strong>Cribis Prime Companies<\/strong>, une reconnaissance internationale qui certifie une fiabilit\u00e9 commerciale maximale.<\/p>\n<\/div><\/div><div class=\"wpb_text_column us_custom_b970a344 has_text_color\"><div class=\"wpb_wrapper\"><ul>\n<li>Certification de notation Cribis Prime Company <a href=\"https:\/\/comec.eu.com\/wp-content\/uploads\/2023\/01\/Attestato-CRIBIS_ITA_03_17_COMEC.pdf\">italien<\/a>\/<a href=\"https:\/\/comec.eu.com\/wp-content\/uploads\/2023\/01\/Attestato-CRIBIS_ENG_03_17_COMEC.pdf\">anglais<\/a><\/li>\n<\/ul>\n<\/div><\/div><\/div><\/div><\/div><\/div><\/section><section class=\"l-section wpb_row us_custom_84df88bf height_small\"><div class=\"l-section-h i-cf\"><div class=\"g-cols vc_row via_grid cols_1 laptops-cols_inherit tablets-cols_inherit mobiles-cols_1 valign_top type_default stacking_default\"><div class=\"wpb_column vc_column_container has-link\"><div class=\"vc_column-inner\"><div class=\"wpb_text_column us_custom_659b7d63 has_text_color\"><div class=\"wpb_wrapper\"><p>Un groupe, trois grandes marques<\/p>\n<\/div><\/div><div class=\"wpb_text_column us_custom_66f0e55e has_text_color\"><div class=\"wpb_wrapper\"><p>Depuis 2012, <strong>Comec<\/strong>, avec Dromont et Qoncept, fait partie du <strong>DromontGroup<\/strong>.<\/p>\n<p>D\u00e9velopp\u00e9 gr\u00e2ce \u00e0 une recherche et une innovation constantes, rendues possibles par la synergie de <strong>personnes<\/strong> <strong>engag\u00e9es et talentueuses<\/strong>, le Groupe excelle dans le d\u00e9veloppement d&rsquo;<strong>une ing\u00e9nierie, des processus et des \u00e9quipements<\/strong> uniques. Les r\u00e9sultats pour nos partenaires sont des <strong>avantages financiers concurrentiels<\/strong> et des <strong>solutions diff\u00e9renci\u00e9es<\/strong> r\u00e9volutionnaires pour les entreprises et les industries. <\/p>\n<p>Le groupe Dromont a d\u00e9velopp\u00e9 une <strong>nouvelle identit\u00e9<\/strong> reliant ses <strong>d\u00e9veloppements commerciaux multidimensionnels<\/strong> tout en offrant une navigation simplifi\u00e9e et plus intuitive \u00e0 travers ses produits et services.<\/p>\n<\/div><\/div><div class=\"wpb_text_column us_custom_2a29ed06 has_text_color\"><div class=\"wpb_wrapper\"><p style=\"text-align: right;\">En savoir plus<\/p>\n<\/div><\/div><\/div><a href=\"http:\/\/www.dromontgroup.com\" class=\"vc_column-link smooth-scroll\" aria-label=\"Lien\"><\/a><\/div><\/div><\/div><\/section>\n","protected":false},"excerpt":{"rendered":"Entreprise Fond\u00e9e en 1970, Comec est sp\u00e9cialis\u00e9e dans les machines et les installations pour les industries chimique, c\u00e9ramique, pharmaceutique et alimentaire. Au fil des ans, Comec est devenue un leader dans les secteurs des peintures, des rev\u00eatements et des adh\u00e9sifs avec plus de 10 000 machines install\u00e9es dans le monde entier. En 2012, la continuit\u00e9...","protected":false},"author":1,"featured_media":0,"parent":0,"menu_order":0,"comment_status":"closed","ping_status":"closed","template":"","meta":{"_acf_changed":false,"footnotes":""},"class_list":["post-42332","page","type-page","status-publish","hentry"],"acf":[],"yoast_head":"<!-- This site is optimized with the Yoast SEO plugin v27.0 - https:\/\/yoast.com\/product\/yoast-seo-wordpress\/ -->\n<title>Entreprise - Comec<\/title>\n<meta name=\"robots\" content=\"index, follow, max-snippet:-1, max-image-preview:large, max-video-preview:-1\" \/>\n<link rel=\"canonical\" href=\"https:\/\/comec.eu.com\/company\/\" \/>\n<meta property=\"og:locale\" content=\"fr_FR\" \/>\n<meta property=\"og:type\" content=\"article\" \/>\n<meta property=\"og:title\" content=\"Entreprise - Comec\" \/>\n<meta property=\"og:url\" content=\"https:\/\/comec.eu.com\/company\/\" \/>\n<meta property=\"og:site_name\" content=\"Comec\" \/>\n<meta property=\"article:modified_time\" content=\"2026-02-19T07:56:52+00:00\" \/>\n<meta name=\"twitter:card\" content=\"summary_large_image\" \/>\n<meta name=\"twitter:label1\" content=\"Dur\u00e9e de lecture estim\u00e9e\" \/>\n\t<meta name=\"twitter:data1\" content=\"11 minutes\" \/>\n<script type=\"application\/ld+json\" class=\"yoast-schema-graph\">{\"@context\":\"https:\/\/schema.org\",\"@graph\":[{\"@type\":\"WebPage\",\"@id\":\"https:\/\/comec.eu.com\/company\/\",\"url\":\"https:\/\/comec.eu.com\/company\/\",\"name\":\"Entreprise - Comec\",\"isPartOf\":{\"@id\":\"https:\/\/comec.eu.com\/#website\"},\"datePublished\":\"2026-01-02T10:15:37+00:00\",\"dateModified\":\"2026-02-19T07:56:52+00:00\",\"breadcrumb\":{\"@id\":\"https:\/\/comec.eu.com\/company\/#breadcrumb\"},\"inLanguage\":\"fr-FR\",\"potentialAction\":[{\"@type\":\"ReadAction\",\"target\":[\"https:\/\/comec.eu.com\/company\/\"]}]},{\"@type\":\"BreadcrumbList\",\"@id\":\"https:\/\/comec.eu.com\/company\/#breadcrumb\",\"itemListElement\":[{\"@type\":\"ListItem\",\"position\":1,\"name\":\"Home\",\"item\":\"https:\/\/comec.eu.com\/\"},{\"@type\":\"ListItem\",\"position\":2,\"name\":\"Entreprise\"}]},{\"@type\":\"WebSite\",\"@id\":\"https:\/\/comec.eu.com\/#website\",\"url\":\"https:\/\/comec.eu.com\/\",\"name\":\"Comec - Avantgarde Engineering\",\"description\":\"\",\"publisher\":{\"@id\":\"https:\/\/comec.eu.com\/#organization\"},\"potentialAction\":[{\"@type\":\"SearchAction\",\"target\":{\"@type\":\"EntryPoint\",\"urlTemplate\":\"https:\/\/comec.eu.com\/?s={search_term_string}\"},\"query-input\":{\"@type\":\"PropertyValueSpecification\",\"valueRequired\":true,\"valueName\":\"search_term_string\"}}],\"inLanguage\":\"fr-FR\"},{\"@type\":\"Organization\",\"@id\":\"https:\/\/comec.eu.com\/#organization\",\"name\":\"Comec\",\"url\":\"https:\/\/comec.eu.com\/\",\"logo\":{\"@type\":\"ImageObject\",\"inLanguage\":\"fr-FR\",\"@id\":\"https:\/\/comec.eu.com\/#\/schema\/logo\/image\/\",\"url\":\"https:\/\/comec.eu.com\/wp-content\/uploads\/2025\/11\/comec-logo.png\",\"contentUrl\":\"https:\/\/comec.eu.com\/wp-content\/uploads\/2025\/11\/comec-logo.png\",\"width\":966,\"height\":266,\"caption\":\"Comec\"},\"image\":{\"@id\":\"https:\/\/comec.eu.com\/#\/schema\/logo\/image\/\"}}]}<\/script>\n<!-- \/ Yoast SEO plugin. -->","yoast_head_json":{"title":"Entreprise - Comec","robots":{"index":"index","follow":"follow","max-snippet":"max-snippet:-1","max-image-preview":"max-image-preview:large","max-video-preview":"max-video-preview:-1"},"canonical":"https:\/\/comec.eu.com\/company\/","og_locale":"fr_FR","og_type":"article","og_title":"Entreprise - Comec","og_url":"https:\/\/comec.eu.com\/company\/","og_site_name":"Comec","article_modified_time":"2026-02-19T07:56:52+00:00","twitter_card":"summary_large_image","twitter_misc":{"Dur\u00e9e de lecture estim\u00e9e":"11 minutes"},"schema":{"@context":"https:\/\/schema.org","@graph":[{"@type":"WebPage","@id":"https:\/\/comec.eu.com\/company\/","url":"https:\/\/comec.eu.com\/company\/","name":"Entreprise - Comec","isPartOf":{"@id":"https:\/\/comec.eu.com\/#website"},"datePublished":"2026-01-02T10:15:37+00:00","dateModified":"2026-02-19T07:56:52+00:00","breadcrumb":{"@id":"https:\/\/comec.eu.com\/company\/#breadcrumb"},"inLanguage":"fr-FR","potentialAction":[{"@type":"ReadAction","target":["https:\/\/comec.eu.com\/company\/"]}]},{"@type":"BreadcrumbList","@id":"https:\/\/comec.eu.com\/company\/#breadcrumb","itemListElement":[{"@type":"ListItem","position":1,"name":"Home","item":"https:\/\/comec.eu.com\/"},{"@type":"ListItem","position":2,"name":"Entreprise"}]},{"@type":"WebSite","@id":"https:\/\/comec.eu.com\/#website","url":"https:\/\/comec.eu.com\/","name":"Comec - Avantgarde Engineering","description":"","publisher":{"@id":"https:\/\/comec.eu.com\/#organization"},"potentialAction":[{"@type":"SearchAction","target":{"@type":"EntryPoint","urlTemplate":"https:\/\/comec.eu.com\/?s={search_term_string}"},"query-input":{"@type":"PropertyValueSpecification","valueRequired":true,"valueName":"search_term_string"}}],"inLanguage":"fr-FR"},{"@type":"Organization","@id":"https:\/\/comec.eu.com\/#organization","name":"Comec","url":"https:\/\/comec.eu.com\/","logo":{"@type":"ImageObject","inLanguage":"fr-FR","@id":"https:\/\/comec.eu.com\/#\/schema\/logo\/image\/","url":"https:\/\/comec.eu.com\/wp-content\/uploads\/2025\/11\/comec-logo.png","contentUrl":"https:\/\/comec.eu.com\/wp-content\/uploads\/2025\/11\/comec-logo.png","width":966,"height":266,"caption":"Comec"},"image":{"@id":"https:\/\/comec.eu.com\/#\/schema\/logo\/image\/"}}]}},"_links":{"self":[{"href":"https:\/\/comec.eu.com\/fr\/wp-json\/wp\/v2\/pages\/42332","targetHints":{"allow":["GET"]}}],"collection":[{"href":"https:\/\/comec.eu.com\/fr\/wp-json\/wp\/v2\/pages"}],"about":[{"href":"https:\/\/comec.eu.com\/fr\/wp-json\/wp\/v2\/types\/page"}],"author":[{"embeddable":true,"href":"https:\/\/comec.eu.com\/fr\/wp-json\/wp\/v2\/users\/1"}],"replies":[{"embeddable":true,"href":"https:\/\/comec.eu.com\/fr\/wp-json\/wp\/v2\/comments?post=42332"}],"version-history":[{"count":4,"href":"https:\/\/comec.eu.com\/fr\/wp-json\/wp\/v2\/pages\/42332\/revisions"}],"predecessor-version":[{"id":42863,"href":"https:\/\/comec.eu.com\/fr\/wp-json\/wp\/v2\/pages\/42332\/revisions\/42863"}],"wp:attachment":[{"href":"https:\/\/comec.eu.com\/fr\/wp-json\/wp\/v2\/media?parent=42332"}],"curies":[{"name":"wp","href":"https:\/\/api.w.org\/{rel}","templated":true}]}}