{"id":42318,"date":"2026-01-02T10:15:37","date_gmt":"2026-01-02T10:15:37","guid":{"rendered":"https:\/\/comec.eu.com\/equipement\/remplissage\/"},"modified":"2026-03-17T10:51:20","modified_gmt":"2026-03-17T10:51:20","slug":"remplissage","status":"publish","type":"page","link":"https:\/\/comec.eu.com\/fr\/equipement\/remplissage\/","title":{"rendered":"Conditionnement"},"content":{"rendered":"<section class=\"l-section wpb_row us_custom_3eac1168 height_medium\"><div class=\"l-section-overlay\" style=\"background:rgba(26,26,26,0.6)\"><\/div><div class=\"l-section-h i-cf\"><div class=\"g-cols vc_row via_grid cols_3-1 laptops-cols_inherit tablets-cols_inherit mobiles-cols_1 valign_middle type_default stacking_default\"><div class=\"wpb_column vc_column_container us_custom_7e20fa79 us_animate_this\"><div class=\"vc_column-inner\"><div class=\"wpb_text_column us_custom_de150e26 has_text_color\"><div class=\"wpb_wrapper\"><h1 class=\"text-5xl md:text-6xl font-light text-white mb-4\">Lignes de remplissage<\/h1>\n<\/div><\/div><div class=\"w-separator size_small\"><\/div><div class=\"wpb_text_column us_custom_836f727b has_text_color\"><div class=\"wpb_wrapper\"><p><span>Lignes de remplissage intelligentes et personnalis\u00e9es<\/span><\/p>\n<\/div><\/div><\/div><\/div><div class=\"wpb_column vc_column_container\"><div class=\"vc_column-inner\"><\/div><\/div><\/div><\/div><\/section><section class=\"l-section wpb_row height_medium\"><div class=\"l-section-h i-cf\"><div class=\"g-cols vc_row via_grid cols_1 laptops-cols_inherit tablets-cols_inherit mobiles-cols_1 valign_top type_default stacking_default\"><div class=\"wpb_column vc_column_container\"><div class=\"vc_column-inner\"><div class=\"wpb_text_column\"><div class=\"wpb_wrapper\"><h4 class=\"text-xl text-neutral-600 font-light leading-relaxed mb-6\">Comec con\u00e7oit des <strong>\u00e9quipements de remplissage innovants adapt\u00e9s \u00e0 chaque client<\/strong> en tenant compte de ses besoins de production et des sp\u00e9cifications de ses produits.<\/h4>\n<h5 class=\"text-xl text-neutral-600 font-light leading-relaxed mb-6\">Solutions flexibles et intelligentes, du processus de remplissage enti\u00e8rement automatique aux machines semi-automatiques.<\/h5>\n<p class=\"text-neutral-500 leading-relaxed\">Des syst\u00e8mes de remplissage gravim\u00e9trique peuvent \u00eatre adopt\u00e9s pour diff\u00e9rents formats et dimensions de seaux. Les options peuvent inclure un syst\u00e8me de pose de couvercles automatique, un syst\u00e8me de fermeture automatique des couvercles et un palettiseur robotis\u00e9. <\/p>\n<\/div><\/div><\/div><\/div><\/div><\/div><\/section><section class=\"l-section wpb_row us_custom_a9be633b height_medium\"><div class=\"l-section-h i-cf\"><div class=\"g-cols vc_row via_grid cols_1 laptops-cols_inherit tablets-cols_inherit mobiles-cols_1 valign_top type_default stacking_default\"><div class=\"wpb_column vc_column_container\"><div class=\"vc_column-inner\"><div class=\"wpb_text_column\"><div class=\"wpb_wrapper\"><h4 style=\"text-align: center;\">Processus de remplissage complet<\/h4>\n<\/div><\/div><\/div><\/div><\/div><\/div><\/section><section class=\"l-section wpb_row us_custom_bdca43d7 height_medium\"><div class=\"l-section-h i-cf\"><div class=\"g-cols vc_row via_grid cols_6 laptops-cols_inherit tablets-cols_inherit mobiles-cols_1 valign_top type_default stacking_default\"><div class=\"wpb_column vc_column_container us_custom_7e20fa79 col-iconabox us_animate_this\"><div class=\"vc_column-inner\"><div class=\"w-iconbox iconabox-custom filling iconpos_top style_default color_primary align_center no_text\"><div class=\"w-iconbox-icon\" style=\"font-size:2rem;\"><i class=\"fal fa-box\"><\/i><\/div><div class=\"w-iconbox-meta\"><h4 class=\"w-iconbox-title\">\u00c9tiquetage<\/h4><\/div><\/div><\/div><\/div><div class=\"wpb_column vc_column_container us_custom_a640122a col-iconabox us_animate_this\"><div class=\"vc_column-inner\"><div class=\"w-iconbox iconabox-custom filling iconpos_top style_default color_primary align_center no_text\"><div class=\"w-iconbox-icon\" style=\"font-size:2rem;\"><i class=\"fal fa-fill-drip\"><\/i><\/div><div class=\"w-iconbox-meta\"><h4 class=\"w-iconbox-title\">Conditionnement<\/h4><\/div><\/div><\/div><\/div><div class=\"wpb_column vc_column_container us_custom_4ef5d869 col-iconabox us_animate_this\"><div class=\"vc_column-inner\"><div class=\"w-iconbox iconabox-custom filling iconpos_top style_default color_primary align_center no_text\"><div class=\"w-iconbox-icon\" style=\"font-size:2rem;\"><i class=\"fal fa-bring-forward\"><\/i><\/div><div class=\"w-iconbox-meta\"><h4 class=\"w-iconbox-title\">Pose de couvercles<\/h4><\/div><\/div><\/div><\/div><div class=\"wpb_column vc_column_container us_custom_8f7b07a9 col-iconabox us_animate_this\"><div class=\"vc_column-inner\"><div class=\"w-iconbox iconabox-custom filling iconpos_top style_default color_primary align_center no_text\"><div class=\"w-iconbox-icon\" style=\"font-size:2rem;\"><i class=\"fal fa-box-open\"><\/i><\/div><div class=\"w-iconbox-meta\"><h4 class=\"w-iconbox-title\">Mise en carton<\/h4><\/div><\/div><\/div><\/div><div class=\"wpb_column vc_column_container us_custom_44ef4aae col-iconabox us_animate_this\"><div class=\"vc_column-inner\"><div class=\"w-iconbox iconabox-custom filling iconpos_top style_default color_primary align_center no_text\"><div class=\"w-iconbox-icon\" style=\"font-size:2rem;\"><i class=\"fal fa-box-check\"><\/i><\/div><div class=\"w-iconbox-meta\"><h4 class=\"w-iconbox-title\">Fermeture de cartons<\/h4><\/div><\/div><\/div><\/div><div class=\"wpb_column vc_column_container us_custom_ef014360 col-iconabox us_animate_this\"><div class=\"vc_column-inner\"><div class=\"w-iconbox iconabox-custom filling iconpos_top style_default color_primary align_center no_text\"><div class=\"w-iconbox-icon\" style=\"font-size:2rem;\"><i class=\"fal fa-box-alt\"><\/i><\/div><div class=\"w-iconbox-meta\"><h4 class=\"w-iconbox-title\">Tampon de sortie<\/h4><\/div><\/div><\/div><\/div><\/div><\/div><\/section><section class=\"l-section wpb_row height_medium\"><div class=\"l-section-h i-cf\"><div class=\"g-cols vc_row via_grid cols_3 laptops-cols_inherit tablets-cols_inherit mobiles-cols_1 valign_top type_default stacking_default\"><div class=\"wpb_column vc_column_container us_custom_7e20fa79 us_animate_this\"><div class=\"vc_column-inner\"><div class=\"w-image prodotto-interno-generico align_none\"><div class=\"w-image-h\"><img decoding=\"async\" width=\"1000\" height=\"1000\" src=\"https:\/\/comec.eu.com\/wp-content\/uploads\/2026\/02\/Pagina-45.png\" class=\"attachment-large size-large\" alt=\"\" loading=\"lazy\" srcset=\"https:\/\/comec.eu.com\/wp-content\/uploads\/2026\/02\/Pagina-45.png 1000w, https:\/\/comec.eu.com\/wp-content\/uploads\/2026\/02\/Pagina-45-300x300.png 300w, https:\/\/comec.eu.com\/wp-content\/uploads\/2026\/02\/Pagina-45-150x150.png 150w\" sizes=\"auto, (max-width: 1000px) 100vw, 1000px\" \/><\/div><\/div><div class=\"w-separator size_small\"><\/div><div class=\"wpb_text_column us_custom_6745946f has_text_color\"><div class=\"wpb_wrapper\"><h4 style=\"text-align: center;\">Veloce<\/h4>\n<p style=\"text-align: center;\"><span>3 pi\u00e8ces\/min<\/span><\/p>\n<\/div><\/div><div class=\"w-separator size_small\"><\/div><div class=\"wpb_text_column\"><div class=\"wpb_wrapper\"><p style=\"text-align: center;\"><span>Machine de remplissage gravim\u00e9trique semi-automatique<\/span><\/p>\n<\/div><\/div><div class=\"w-separator size_small\"><\/div><div class=\"w-btn-wrapper align_center\"><a class=\"w-btn us-btn-style_1\" href=\"https:\/\/comec.eu.com\/wp-content\/uploads\/2026\/02\/VELOCE-BROCHURE.pdf\"><span class=\"w-btn-label\">T\u00e9l\u00e9charger la brochure<\/span><\/a><\/div><\/div><\/div><div class=\"wpb_column vc_column_container us_custom_60e9caca us_animate_this\"><div class=\"vc_column-inner\"><div class=\"w-image prodotto-interno-generico align_none\"><div class=\"w-image-h\"><img decoding=\"async\" width=\"1000\" height=\"1000\" src=\"https:\/\/comec.eu.com\/wp-content\/uploads\/2026\/02\/Pagina-44-1.png\" class=\"attachment-large size-large\" alt=\"\" loading=\"lazy\" srcset=\"https:\/\/comec.eu.com\/wp-content\/uploads\/2026\/02\/Pagina-44-1.png 1000w, https:\/\/comec.eu.com\/wp-content\/uploads\/2026\/02\/Pagina-44-1-300x300.png 300w, https:\/\/comec.eu.com\/wp-content\/uploads\/2026\/02\/Pagina-44-1-150x150.png 150w\" sizes=\"auto, (max-width: 1000px) 100vw, 1000px\" \/><\/div><\/div><div class=\"w-separator size_small\"><\/div><div class=\"wpb_text_column us_custom_6745946f has_text_color\"><div class=\"wpb_wrapper\"><h4 style=\"text-align: center;\">Rapida<\/h4>\n<p style=\"text-align: center;\"><span>6 pi\u00e8ces\/min<\/span><\/p>\n<\/div><\/div><div class=\"w-separator size_small\"><\/div><div class=\"wpb_text_column\"><div class=\"wpb_wrapper\"><p style=\"text-align: center;\"><span>Machine de remplissage gravim\u00e9trique automatique<\/span><\/p>\n<\/div><\/div><div class=\"w-separator size_small\"><\/div><div class=\"w-btn-wrapper align_center\"><a class=\"w-btn us-btn-style_1\" href=\"https:\/\/comec.eu.com\/wp-content\/uploads\/2026\/02\/RAPIDA-BROCHURE.pdf\"><span class=\"w-btn-label\">T\u00e9l\u00e9charger la brochure<\/span><\/a><\/div><\/div><\/div><div class=\"wpb_column vc_column_container us_custom_47474b22 us_animate_this\"><div class=\"vc_column-inner\"><div class=\"w-image prodotto-interno-generico align_none\"><div class=\"w-image-h\"><img decoding=\"async\" width=\"1000\" height=\"1001\" src=\"https:\/\/comec.eu.com\/wp-content\/uploads\/2026\/02\/Pagina-42-1.png\" class=\"attachment-large size-large\" alt=\"\" loading=\"lazy\" srcset=\"https:\/\/comec.eu.com\/wp-content\/uploads\/2026\/02\/Pagina-42-1.png 1000w, https:\/\/comec.eu.com\/wp-content\/uploads\/2026\/02\/Pagina-42-1-300x300.png 300w, https:\/\/comec.eu.com\/wp-content\/uploads\/2026\/02\/Pagina-42-1-150x150.png 150w\" sizes=\"auto, (max-width: 1000px) 100vw, 1000px\" \/><\/div><\/div><div class=\"w-separator size_small\"><\/div><div class=\"wpb_text_column us_custom_6745946f has_text_color\"><div class=\"wpb_wrapper\"><h4 style=\"text-align: center;\">Fulminea<\/h4>\n<p style=\"text-align: center;\"><span>12 pi\u00e8ces\/min<\/span><\/p>\n<\/div><\/div><div class=\"w-separator size_small\"><\/div><div class=\"wpb_text_column\"><div class=\"wpb_wrapper\"><p style=\"text-align: center;\"><span>Machine de remplissage automatique \u00e0 haute vitesse<\/span><\/p>\n<\/div><\/div><div class=\"w-separator size_small\"><\/div><div class=\"w-btn-wrapper align_center\"><a class=\"w-btn us-btn-style_1\" href=\"https:\/\/comec.eu.com\/wp-content\/uploads\/2026\/02\/FULMINEA-BROCHURE.pdf\"><span class=\"w-btn-label\">T\u00e9l\u00e9charger la brochure<\/span><\/a><\/div><\/div><\/div><\/div><\/div><\/section><section class=\"l-section wpb_row us_custom_d7a8a3c0 has_text_color height_medium\"><div class=\"l-section-overlay\" style=\"background:rgba(0,0,0,0.65)\"><\/div><div class=\"l-section-h i-cf\"><div class=\"g-cols vc_row via_grid cols_1 laptops-cols_inherit tablets-cols_inherit mobiles-cols_1 valign_top type_default stacking_default\"><div class=\"wpb_column vc_column_container\"><div class=\"vc_column-inner\"><div class=\"wpb_text_column\"><div class=\"wpb_wrapper\"><h3>Principaux avantages<\/h3>\n<\/div><\/div><div class=\"w-separator size_small\"><\/div><div class=\"wpb_text_column\"><div class=\"wpb_wrapper\"><div class=\"transition-all ease-out opacity-100 translate-y-0\">\n<div class=\"flex gap-4\">\n<ul>\n<li class=\"text-white\/90 font-light text-lg leading-relaxed\">Rationaliser toutes les op\u00e9rations de fabrication<\/li>\n<li class=\"text-white\/90 font-light text-lg leading-relaxed\">Minimiser les stocks de produits finis<\/li>\n<li class=\"text-white\/90 font-light text-lg leading-relaxed\">R\u00e9duire la consommation de liquides de nettoyage<\/li>\n<li class=\"text-white\/90 font-light text-lg leading-relaxed\">Minimiser le temps de changement de produits et d&#8217;emballages<\/li>\n<\/ul>\n<\/div>\n<\/div>\n<\/div><\/div><\/div><\/div><\/div><\/div><\/section><section class=\"l-section wpb_row height_medium\"><div class=\"l-section-h i-cf\"><div class=\"g-cols vc_row via_grid cols_1 laptops-cols_inherit tablets-cols_inherit mobiles-cols_1 valign_top type_default stacking_default\"><div class=\"wpb_column vc_column_container\"><div class=\"vc_column-inner\"><div class=\"wpb_text_column\"><div class=\"wpb_wrapper\"><h2 style=\"text-align: center;\">Pr\u00eat \u00e0 optimiser votre processus de remplissage ?<\/h2>\n<\/div><\/div><div class=\"w-separator size_medium\"><\/div><div class=\"wpb_text_column\"><div class=\"wpb_wrapper\"><p class=\"text-xl text-neutral-600 mb-10\" style=\"text-align: center;\">Contactez-nous pour discuter de vos besoins sp\u00e9cifiques et d\u00e9couvrir comment nos solutions de remplissage peuvent am\u00e9liorer votre efficacit\u00e9 de production.<\/p>\n<\/div><\/div><div class=\"w-separator size_medium\"><\/div><div class=\"w-btn-wrapper align_center\"><a class=\"w-btn us-btn-style_1\" href=\"https:\/\/comec.eu.com\/#contact-us\"><span class=\"w-btn-label\">Contactez-nous<\/span><\/a><\/div><\/div><\/div><\/div><\/div><\/section>\n","protected":false},"excerpt":{"rendered":"Lignes de remplissage Lignes de remplissage intelligentes et personnalis\u00e9es Comec con\u00e7oit des \u00e9quipements de remplissage innovants adapt\u00e9s \u00e0 chaque client en tenant compte de ses besoins de production et des sp\u00e9cifications de ses produits. Solutions flexibles et intelligentes, du processus de remplissage enti\u00e8rement automatique aux machines semi-automatiques. Des syst\u00e8mes de remplissage gravim\u00e9trique peuvent \u00eatre adopt\u00e9s...","protected":false},"author":1,"featured_media":42328,"parent":42132,"menu_order":0,"comment_status":"closed","ping_status":"closed","template":"","meta":{"_acf_changed":false,"footnotes":""},"class_list":["post-42318","page","type-page","status-publish","has-post-thumbnail","hentry"],"acf":[],"yoast_head":"<!-- This site is optimized with the Yoast SEO plugin v27.0 - https:\/\/yoast.com\/product\/yoast-seo-wordpress\/ -->\n<title>Conditionnement - Comec<\/title>\n<meta name=\"robots\" content=\"index, follow, max-snippet:-1, max-image-preview:large, max-video-preview:-1\" \/>\n<link rel=\"canonical\" href=\"https:\/\/comec.eu.com\/fr\/equipement\/remplissage\/\" \/>\n<meta property=\"og:locale\" content=\"fr_FR\" \/>\n<meta property=\"og:type\" content=\"article\" \/>\n<meta property=\"og:title\" content=\"Conditionnement - Comec\" \/>\n<meta property=\"og:url\" content=\"https:\/\/comec.eu.com\/fr\/equipement\/remplissage\/\" \/>\n<meta property=\"og:site_name\" content=\"Comec\" \/>\n<meta property=\"article:modified_time\" content=\"2026-03-17T10:51:20+00:00\" \/>\n<meta property=\"og:image\" content=\"https:\/\/comec.eu.com\/wp-content\/uploads\/2026\/02\/Filling-Lines.jpg\" \/>\n\t<meta property=\"og:image:width\" content=\"1000\" \/>\n\t<meta property=\"og:image:height\" content=\"667\" \/>\n\t<meta property=\"og:image:type\" content=\"image\/jpeg\" \/>\n<meta name=\"twitter:card\" content=\"summary_large_image\" \/>\n<meta name=\"twitter:label1\" content=\"Dur\u00e9e de lecture estim\u00e9e\" \/>\n\t<meta name=\"twitter:data1\" content=\"5 minutes\" \/>\n<script type=\"application\/ld+json\" class=\"yoast-schema-graph\">{\"@context\":\"https:\/\/schema.org\",\"@graph\":[{\"@type\":\"WebPage\",\"@id\":\"https:\/\/comec.eu.com\/fr\/equipement\/remplissage\/\",\"url\":\"https:\/\/comec.eu.com\/fr\/equipement\/remplissage\/\",\"name\":\"Conditionnement - Comec\",\"isPartOf\":{\"@id\":\"https:\/\/comec.eu.com\/#website\"},\"primaryImageOfPage\":{\"@id\":\"https:\/\/comec.eu.com\/fr\/equipement\/remplissage\/#primaryimage\"},\"image\":{\"@id\":\"https:\/\/comec.eu.com\/fr\/equipement\/remplissage\/#primaryimage\"},\"thumbnailUrl\":\"https:\/\/comec.eu.com\/wp-content\/uploads\/2026\/02\/Filling-Lines.jpg\",\"datePublished\":\"2026-01-02T10:15:37+00:00\",\"dateModified\":\"2026-03-17T10:51:20+00:00\",\"breadcrumb\":{\"@id\":\"https:\/\/comec.eu.com\/fr\/equipement\/remplissage\/#breadcrumb\"},\"inLanguage\":\"fr-FR\",\"potentialAction\":[{\"@type\":\"ReadAction\",\"target\":[\"https:\/\/comec.eu.com\/fr\/equipement\/remplissage\/\"]}]},{\"@type\":\"ImageObject\",\"inLanguage\":\"fr-FR\",\"@id\":\"https:\/\/comec.eu.com\/fr\/equipement\/remplissage\/#primaryimage\",\"url\":\"https:\/\/comec.eu.com\/wp-content\/uploads\/2026\/02\/Filling-Lines.jpg\",\"contentUrl\":\"https:\/\/comec.eu.com\/wp-content\/uploads\/2026\/02\/Filling-Lines.jpg\",\"width\":1000,\"height\":667},{\"@type\":\"BreadcrumbList\",\"@id\":\"https:\/\/comec.eu.com\/fr\/equipement\/remplissage\/#breadcrumb\",\"itemListElement\":[{\"@type\":\"ListItem\",\"position\":1,\"name\":\"Home\",\"item\":\"https:\/\/comec.eu.com\/\"},{\"@type\":\"ListItem\",\"position\":2,\"name\":\"\u00c9quipement\",\"item\":\"https:\/\/comec.eu.com\/equipment\/\"},{\"@type\":\"ListItem\",\"position\":3,\"name\":\"Conditionnement\"}]},{\"@type\":\"WebSite\",\"@id\":\"https:\/\/comec.eu.com\/#website\",\"url\":\"https:\/\/comec.eu.com\/\",\"name\":\"Comec - Avantgarde Engineering\",\"description\":\"\",\"publisher\":{\"@id\":\"https:\/\/comec.eu.com\/#organization\"},\"potentialAction\":[{\"@type\":\"SearchAction\",\"target\":{\"@type\":\"EntryPoint\",\"urlTemplate\":\"https:\/\/comec.eu.com\/?s={search_term_string}\"},\"query-input\":{\"@type\":\"PropertyValueSpecification\",\"valueRequired\":true,\"valueName\":\"search_term_string\"}}],\"inLanguage\":\"fr-FR\"},{\"@type\":\"Organization\",\"@id\":\"https:\/\/comec.eu.com\/#organization\",\"name\":\"Comec\",\"url\":\"https:\/\/comec.eu.com\/\",\"logo\":{\"@type\":\"ImageObject\",\"inLanguage\":\"fr-FR\",\"@id\":\"https:\/\/comec.eu.com\/#\/schema\/logo\/image\/\",\"url\":\"https:\/\/comec.eu.com\/wp-content\/uploads\/2025\/11\/comec-logo.png\",\"contentUrl\":\"https:\/\/comec.eu.com\/wp-content\/uploads\/2025\/11\/comec-logo.png\",\"width\":966,\"height\":266,\"caption\":\"Comec\"},\"image\":{\"@id\":\"https:\/\/comec.eu.com\/#\/schema\/logo\/image\/\"}}]}<\/script>\n<!-- \/ Yoast SEO plugin. -->","yoast_head_json":{"title":"Conditionnement - Comec","robots":{"index":"index","follow":"follow","max-snippet":"max-snippet:-1","max-image-preview":"max-image-preview:large","max-video-preview":"max-video-preview:-1"},"canonical":"https:\/\/comec.eu.com\/fr\/equipement\/remplissage\/","og_locale":"fr_FR","og_type":"article","og_title":"Conditionnement - Comec","og_url":"https:\/\/comec.eu.com\/fr\/equipement\/remplissage\/","og_site_name":"Comec","article_modified_time":"2026-03-17T10:51:20+00:00","og_image":[{"width":1000,"height":667,"url":"https:\/\/comec.eu.com\/wp-content\/uploads\/2026\/02\/Filling-Lines.jpg","type":"image\/jpeg"}],"twitter_card":"summary_large_image","twitter_misc":{"Dur\u00e9e de lecture estim\u00e9e":"5 minutes"},"schema":{"@context":"https:\/\/schema.org","@graph":[{"@type":"WebPage","@id":"https:\/\/comec.eu.com\/fr\/equipement\/remplissage\/","url":"https:\/\/comec.eu.com\/fr\/equipement\/remplissage\/","name":"Conditionnement - Comec","isPartOf":{"@id":"https:\/\/comec.eu.com\/#website"},"primaryImageOfPage":{"@id":"https:\/\/comec.eu.com\/fr\/equipement\/remplissage\/#primaryimage"},"image":{"@id":"https:\/\/comec.eu.com\/fr\/equipement\/remplissage\/#primaryimage"},"thumbnailUrl":"https:\/\/comec.eu.com\/wp-content\/uploads\/2026\/02\/Filling-Lines.jpg","datePublished":"2026-01-02T10:15:37+00:00","dateModified":"2026-03-17T10:51:20+00:00","breadcrumb":{"@id":"https:\/\/comec.eu.com\/fr\/equipement\/remplissage\/#breadcrumb"},"inLanguage":"fr-FR","potentialAction":[{"@type":"ReadAction","target":["https:\/\/comec.eu.com\/fr\/equipement\/remplissage\/"]}]},{"@type":"ImageObject","inLanguage":"fr-FR","@id":"https:\/\/comec.eu.com\/fr\/equipement\/remplissage\/#primaryimage","url":"https:\/\/comec.eu.com\/wp-content\/uploads\/2026\/02\/Filling-Lines.jpg","contentUrl":"https:\/\/comec.eu.com\/wp-content\/uploads\/2026\/02\/Filling-Lines.jpg","width":1000,"height":667},{"@type":"BreadcrumbList","@id":"https:\/\/comec.eu.com\/fr\/equipement\/remplissage\/#breadcrumb","itemListElement":[{"@type":"ListItem","position":1,"name":"Home","item":"https:\/\/comec.eu.com\/"},{"@type":"ListItem","position":2,"name":"\u00c9quipement","item":"https:\/\/comec.eu.com\/equipment\/"},{"@type":"ListItem","position":3,"name":"Conditionnement"}]},{"@type":"WebSite","@id":"https:\/\/comec.eu.com\/#website","url":"https:\/\/comec.eu.com\/","name":"Comec - Avantgarde Engineering","description":"","publisher":{"@id":"https:\/\/comec.eu.com\/#organization"},"potentialAction":[{"@type":"SearchAction","target":{"@type":"EntryPoint","urlTemplate":"https:\/\/comec.eu.com\/?s={search_term_string}"},"query-input":{"@type":"PropertyValueSpecification","valueRequired":true,"valueName":"search_term_string"}}],"inLanguage":"fr-FR"},{"@type":"Organization","@id":"https:\/\/comec.eu.com\/#organization","name":"Comec","url":"https:\/\/comec.eu.com\/","logo":{"@type":"ImageObject","inLanguage":"fr-FR","@id":"https:\/\/comec.eu.com\/#\/schema\/logo\/image\/","url":"https:\/\/comec.eu.com\/wp-content\/uploads\/2025\/11\/comec-logo.png","contentUrl":"https:\/\/comec.eu.com\/wp-content\/uploads\/2025\/11\/comec-logo.png","width":966,"height":266,"caption":"Comec"},"image":{"@id":"https:\/\/comec.eu.com\/#\/schema\/logo\/image\/"}}]}},"_links":{"self":[{"href":"https:\/\/comec.eu.com\/fr\/wp-json\/wp\/v2\/pages\/42318","targetHints":{"allow":["GET"]}}],"collection":[{"href":"https:\/\/comec.eu.com\/fr\/wp-json\/wp\/v2\/pages"}],"about":[{"href":"https:\/\/comec.eu.com\/fr\/wp-json\/wp\/v2\/types\/page"}],"author":[{"embeddable":true,"href":"https:\/\/comec.eu.com\/fr\/wp-json\/wp\/v2\/users\/1"}],"replies":[{"embeddable":true,"href":"https:\/\/comec.eu.com\/fr\/wp-json\/wp\/v2\/comments?post=42318"}],"version-history":[{"count":14,"href":"https:\/\/comec.eu.com\/fr\/wp-json\/wp\/v2\/pages\/42318\/revisions"}],"predecessor-version":[{"id":43245,"href":"https:\/\/comec.eu.com\/fr\/wp-json\/wp\/v2\/pages\/42318\/revisions\/43245"}],"up":[{"embeddable":true,"href":"https:\/\/comec.eu.com\/fr\/wp-json\/wp\/v2\/pages\/42132"}],"wp:featuredmedia":[{"embeddable":true,"href":"https:\/\/comec.eu.com\/fr\/wp-json\/wp\/v2\/media\/42328"}],"wp:attachment":[{"href":"https:\/\/comec.eu.com\/fr\/wp-json\/wp\/v2\/media?parent=42318"}],"curies":[{"name":"wp","href":"https:\/\/api.w.org\/{rel}","templated":true}]}}