{"id":42313,"date":"2026-01-02T10:15:37","date_gmt":"2026-01-02T10:15:37","guid":{"rendered":"https:\/\/comec.eu.com\/equipement\/equipement-de-laboratoire\/"},"modified":"2026-02-19T08:59:29","modified_gmt":"2026-02-19T08:59:29","slug":"equipement-de-laboratoire","status":"publish","type":"page","link":"https:\/\/comec.eu.com\/fr\/equipement\/equipement-de-laboratoire\/","title":{"rendered":"\u00c9quipement de laboratoire"},"content":{"rendered":"<section class=\"l-section wpb_row us_custom_329fd223 height_medium\"><div class=\"l-section-overlay\" style=\"background:rgba(26,26,26,0.6)\"><\/div><div class=\"l-section-h i-cf\"><div class=\"g-cols vc_row via_grid cols_3-1 laptops-cols_inherit tablets-cols_inherit mobiles-cols_1 valign_middle type_default stacking_default\"><div class=\"wpb_column vc_column_container us_custom_7e20fa79 us_animate_this\"><div class=\"vc_column-inner\"><div class=\"wpb_text_column us_custom_de150e26 has_text_color\"><div class=\"wpb_wrapper\"><h1>\u00c9quipement de laboratoire<\/h1>\n<\/div><\/div><div class=\"w-separator size_small\"><\/div><div class=\"wpb_text_column us_custom_836f727b has_text_color\"><div class=\"wpb_wrapper\"><p><span>Dissolveurs, agitateurs et broyeurs \u00e0 des fins de test<\/span><\/p>\n<\/div><\/div><\/div><\/div><div class=\"wpb_column vc_column_container\"><div class=\"vc_column-inner\"><\/div><\/div><\/div><\/div><\/section><section class=\"l-section wpb_row height_medium\"><div class=\"l-section-h i-cf\"><div class=\"g-cols vc_row via_grid cols_2 laptops-cols_inherit tablets-cols_inherit mobiles-cols_1 valign_middle type_default stacking_default\"><div class=\"wpb_column vc_column_container us_custom_7e20fa79 us_animate_this\"><div class=\"vc_column-inner\"><div class=\"w-image prodotto-interno-generico align_none\"><div class=\"w-image-h\"><img decoding=\"async\" width=\"1000\" height=\"1000\" src=\"https:\/\/comec.eu.com\/wp-content\/uploads\/2026\/02\/KYNEPILOT-rendering-1.png\" class=\"attachment-large size-large\" alt=\"\" loading=\"lazy\" srcset=\"https:\/\/comec.eu.com\/wp-content\/uploads\/2026\/02\/KYNEPILOT-rendering-1.png 1000w, https:\/\/comec.eu.com\/wp-content\/uploads\/2026\/02\/KYNEPILOT-rendering-1-300x300.png 300w, https:\/\/comec.eu.com\/wp-content\/uploads\/2026\/02\/KYNEPILOT-rendering-1-150x150.png 150w\" sizes=\"auto, (max-width: 1000px) 100vw, 1000px\" \/><\/div><\/div><\/div><\/div><div class=\"wpb_column vc_column_container us_custom_60e9caca us_animate_this\"><div class=\"vc_column-inner\"><div class=\"wpb_text_column\"><div class=\"wpb_wrapper\"><h2>Kynepilot<\/h2>\n<\/div><\/div><div class=\"w-separator size_small\"><\/div><div class=\"wpb_text_column\"><div class=\"wpb_wrapper\"><p><span>Dissolveur haute technologie en ligne pour laboratoire et petits lots<\/span><\/p>\n<\/div><\/div><div class=\"w-separator size_small\"><\/div><div class=\"wpb_text_column us_custom_432d3f53\"><div class=\"wpb_wrapper\"><p><span>L&rsquo;unit\u00e9 de dispersion de laboratoire Kynepilot est compos\u00e9e d&rsquo;une cuve de traitement d\u00e9di\u00e9e avec m\u00e9langeur int\u00e9gr\u00e9 pour les r\u00e9sines et composants liquides, d&rsquo;une petite tr\u00e9mie pour l&rsquo;alimentation en poudre, des \u00e9quipements de mesure n\u00e9cessaires, de la tuyauterie interne, des vannes, de l&rsquo;\u00e9quipement pneumatique et du syst\u00e8me de contr\u00f4le \u00e9lectronique. La partie centrale du syst\u00e8me consiste en une unit\u00e9 de mouillage et de dispersion de poudre qui a \u00e9t\u00e9 d\u00e9velopp\u00e9e en r\u00e9volutionnant les principes traditionnels rotor\/stator. <\/span><\/p>\n<\/div><\/div><div class=\"w-separator size_small\"><\/div><div class=\"w-btn-wrapper align_left\"><a class=\"w-btn us-btn-style_1\" href=\"http:\/\/comec-dev.eu.com\/wp-content\/uploads\/2026\/02\/Comec_Data-Sheet_KYNEPILOT_ENG_2023.pdf\"><span class=\"w-btn-label\">T\u00e9l\u00e9charger la brochure<\/span><\/a><\/div><\/div><\/div><\/div><\/div><\/section><section class=\"l-section wpb_row height_medium\"><div class=\"l-section-h i-cf\"><div class=\"g-cols vc_row via_grid cols_2 laptops-cols_inherit tablets-cols_inherit mobiles-cols_1 valign_top type_default stacking_default\"><div class=\"wpb_column vc_column_container us_custom_7e20fa79 us_animate_this\"><div class=\"vc_column-inner\"><div class=\"w-separator size_small\"><\/div><div class=\"wpb_text_column us_custom_6745946f has_text_color\"><div class=\"wpb_wrapper\"><h4 style=\"text-align: center;\">Dual Force Lab<\/h4>\n<\/div><\/div><div class=\"w-separator size_small\"><\/div><div class=\"wpb_text_column\"><div class=\"wpb_wrapper\"><p style=\"text-align: center;\"><span>Broyeur \u00e0 panier d&rsquo;immersion de laboratoire<\/span><\/p>\n<\/div><\/div><div class=\"w-separator size_small\"><\/div><div class=\"wpb_text_column\"><div class=\"wpb_wrapper\"><p style=\"text-align: center;\"><span>Les broyeurs Dual Force Lab sont des \u00e9quipements de laboratoire pour la recherche, la formulation, le d\u00e9veloppement et la production de petites quantit\u00e9s de produits de 1 \u00e0 5 L. Ce syst\u00e8me unique est con\u00e7u en tirant parti de la double force de deux moteurs ind\u00e9pendants avec des entra\u00eenements s\u00e9par\u00e9s pour le broyage et le m\u00e9lange<\/span><\/p>\n<\/div><\/div><div class=\"w-separator size_small\"><\/div><div class=\"w-btn-wrapper align_center\"><a class=\"w-btn us-btn-style_1\" href=\"http:\/\/comec-dev.eu.com\/wp-content\/uploads\/2026\/02\/Comec_Data-Sheet_DUAL-FORCE-LAB_ENG_2023.pdf\"><span class=\"w-btn-label\">T\u00e9l\u00e9charger la brochure<\/span><\/a><\/div><\/div><\/div><div class=\"wpb_column vc_column_container us_custom_60e9caca us_animate_this\"><div class=\"vc_column-inner\"><div class=\"w-separator size_small\"><\/div><div class=\"wpb_text_column us_custom_6745946f has_text_color\"><div class=\"wpb_wrapper\"><h4 style=\"text-align: center;\">Varitest<\/h4>\n<\/div><\/div><div class=\"w-separator size_small\"><\/div><div class=\"wpb_text_column\"><div class=\"wpb_wrapper\"><p style=\"text-align: center;\"><span>Broyage et dispersion de laboratoire<\/span><\/p>\n<\/div><\/div><div class=\"w-separator size_small\"><\/div><div class=\"wpb_text_column\"><div class=\"wpb_wrapper\"><p style=\"text-align: center;\"><span>Les agitateurs et broyeurs de laboratoire Varitest sont des machines pour la recherche, la formulation et la production de petites quantit\u00e9s de peintures, encres, gla\u00e7ures c\u00e9ramiques, produits pharmaceutiques, cosm\u00e9tiques et chimiques. Il permet un m\u00e9lange et un broyage simultan\u00e9s dans le m\u00eame cylindre et un degr\u00e9 exceptionnel d&rsquo;homog\u00e9n\u00e9isation jusqu&rsquo;\u00e0 z\u00e9ro r\u00e9siduel <\/span><\/p>\n<\/div><\/div><div class=\"w-separator size_small\"><\/div><div class=\"w-btn-wrapper align_center\"><a class=\"w-btn us-btn-style_1\" href=\"http:\/\/comec-dev.eu.com\/wp-content\/uploads\/2026\/02\/Comec_Data-Sheet_VARITEST_ENG_2023_compressed.pdf\"><span class=\"w-btn-label\">T\u00e9l\u00e9charger la brochure<\/span><\/a><\/div><\/div><\/div><\/div><\/div><\/section><section class=\"l-section wpb_row height_medium\"><div class=\"l-section-h i-cf\"><div class=\"g-cols vc_row via_grid cols_3 laptops-cols_inherit tablets-cols_inherit mobiles-cols_1 valign_top type_default stacking_default\"><div class=\"wpb_column vc_column_container us_custom_7e20fa79 us_animate_this\"><div class=\"vc_column-inner\"><div class=\"w-separator size_small\"><\/div><div class=\"wpb_text_column us_custom_6745946f has_text_color\"><div class=\"wpb_wrapper\"><h4 style=\"text-align: center;\">AP Lab<\/h4>\n<\/div><\/div><div class=\"w-separator size_small\"><\/div><div class=\"wpb_text_column\"><div class=\"wpb_wrapper\"><p style=\"text-align: center;\"><span>Agitateurs de laboratoire<\/span><\/p>\n<\/div><\/div><div class=\"w-separator size_small\"><\/div><\/div><\/div><div class=\"wpb_column vc_column_container us_custom_60e9caca us_animate_this\"><div class=\"vc_column-inner\"><div class=\"w-separator size_small\"><\/div><div class=\"wpb_text_column us_custom_6745946f has_text_color\"><div class=\"wpb_wrapper\"><h4 style=\"text-align: center;\">DCL Lab<\/h4>\n<\/div><\/div><div class=\"w-separator size_small\"><\/div><div class=\"wpb_text_column\"><div class=\"wpb_wrapper\"><p style=\"text-align: center;\"><span>M\u00e9langeurs papillon de laboratoire<\/span><\/p>\n<\/div><\/div><div class=\"w-separator size_small\"><\/div><\/div><\/div><div class=\"wpb_column vc_column_container\"><div class=\"vc_column-inner\"><div class=\"w-separator size_small\"><\/div><div class=\"wpb_text_column us_custom_6745946f has_text_color\"><div class=\"wpb_wrapper\"><h4 style=\"text-align: center;\">Microlab<\/h4>\n<\/div><\/div><div class=\"w-separator size_small\"><\/div><div class=\"wpb_text_column\"><div class=\"wpb_wrapper\"><p style=\"text-align: center;\"><span>Broyeur \u00e0 recirculation forc\u00e9e<\/span><\/p>\n<\/div><\/div><div class=\"w-separator size_small\"><\/div><\/div><\/div><\/div><\/div><\/section><section class=\"l-section wpb_row us_custom_92d565f4 has_text_color height_huge width_full_with_indents\"><div class=\"l-section-h i-cf\"><div class=\"g-cols vc_row via_grid cols_1-4-1 laptops-cols_inherit tablets-cols_inherit mobiles-cols_1 valign_top type_default stacking_default\"><div class=\"wpb_column vc_column_container\"><div class=\"vc_column-inner\"><\/div><\/div><div class=\"wpb_column vc_column_container\"><div class=\"vc_column-inner\"><div class=\"wpb_text_column\"><div class=\"wpb_wrapper\"><h2 style=\"text-align: center;\"><span>Industrie 4.0 <\/span><span>&amp; Logiciel de supervision<\/span><\/h2>\n<\/div><\/div><div class=\"w-separator size_medium\"><\/div><div class=\"wpb_text_column\"><div class=\"wpb_wrapper\"><p style=\"text-align: center;\"><strong>La configuration Industrie 4.0<\/strong><span> <\/span>est garantie par un logiciel de gestion et une interface de gestion client.<\/p>\n<p style=\"text-align: center;\">Un automate programmable connect\u00e9 via un r\u00e9seau Ethernet industriel \u00e0 tous les actionneurs, capteurs et dispositifs de processus et via un r\u00e9seau Ethernet de s\u00e9curit\u00e9 \u00e0 tous les dispositifs de s\u00e9curit\u00e9 permet le<span> <\/span><strong>contr\u00f4le et la commande complets du syst\u00e8me<\/strong><span> <\/span>et la<span> <\/span><strong>gestion des diagnostics, alarmes et s\u00e9curit\u00e9<\/strong>. L&rsquo;utilisation int\u00e9gr\u00e9e de tous les dispositifs et interfaces pour l&rsquo;insertion et la gestion des informations permet d&rsquo;avoir un <span> <\/span><strong>syst\u00e8me constamment mis \u00e0 jour en temps r\u00e9el<\/strong><span> <\/span>et en m\u00eame temps de<span> <\/span><strong>archiver et mettre \u00e0 disposition du superviseur KPI les statistiques de processus<\/strong>, afin d&rsquo;optimiser toutes les variables impliqu\u00e9es dans le processus de production, du temps \u00e0 la consommation de mati\u00e8res premi\u00e8res, de la consommation d&rsquo;\u00e9nergie \u00e0 la gestion optimis\u00e9e des arr\u00eats de production pour les op\u00e9rations de nettoyage et de maintenance.<\/p>\n<p style=\"text-align: center;\">Le syst\u00e8me garantit un<span> <\/span><strong>service d&rsquo;assistance \u00e0 distance<\/strong><span> <\/span>pour assister les clients du monde entier 24h\/24 et 7j\/7.<\/p>\n<\/div><\/div><div class=\"w-separator size_medium\"><\/div><div class=\"w-btn-wrapper align_center\"><a class=\"w-btn us-btn-style_2\" href=\"#\"><span class=\"w-btn-label\">En savoir plus<\/span><\/a><\/div><\/div><\/div><div class=\"wpb_column vc_column_container\"><div class=\"vc_column-inner\"><\/div><\/div><\/div><\/div><\/section>\n\n","protected":false},"excerpt":{"rendered":"\u00c9quipement de laboratoire Dissolveurs, agitateurs et broyeurs \u00e0 des fins de test Kynepilot Dissolveur haute technologie en ligne pour laboratoire et petits lots L&rsquo;unit\u00e9 de dispersion de laboratoire Kynepilot est compos\u00e9e d&rsquo;une cuve de traitement d\u00e9di\u00e9e avec m\u00e9langeur int\u00e9gr\u00e9 pour les r\u00e9sines et composants liquides, d&rsquo;une petite tr\u00e9mie pour l&rsquo;alimentation en poudre, des \u00e9quipements de...","protected":false},"author":1,"featured_media":42314,"parent":42132,"menu_order":0,"comment_status":"closed","ping_status":"closed","template":"","meta":{"_acf_changed":false,"footnotes":""},"class_list":["post-42313","page","type-page","status-publish","has-post-thumbnail","hentry"],"acf":[],"yoast_head":"<!-- This site is optimized with the Yoast SEO plugin v27.0 - https:\/\/yoast.com\/product\/yoast-seo-wordpress\/ -->\n<title>\u00c9quipement de laboratoire - Comec<\/title>\n<meta name=\"robots\" content=\"index, follow, max-snippet:-1, max-image-preview:large, max-video-preview:-1\" \/>\n<link rel=\"canonical\" href=\"https:\/\/comec.eu.com\/equipment\/laboratory-equipment\/\" \/>\n<meta property=\"og:locale\" content=\"fr_FR\" \/>\n<meta property=\"og:type\" content=\"article\" \/>\n<meta property=\"og:title\" content=\"\u00c9quipement de laboratoire - Comec\" \/>\n<meta property=\"og:url\" content=\"https:\/\/comec.eu.com\/equipment\/laboratory-equipment\/\" \/>\n<meta property=\"og:site_name\" content=\"Comec\" \/>\n<meta property=\"article:modified_time\" content=\"2026-02-19T08:59:29+00:00\" \/>\n<meta property=\"og:image\" content=\"https:\/\/comec.eu.com\/wp-content\/uploads\/2026\/01\/Kynepilot-1-301x400-1.png\" \/>\n\t<meta property=\"og:image:width\" content=\"301\" \/>\n\t<meta property=\"og:image:height\" content=\"400\" \/>\n\t<meta property=\"og:image:type\" content=\"image\/png\" \/>\n<meta name=\"twitter:card\" content=\"summary_large_image\" \/>\n<meta name=\"twitter:label1\" content=\"Dur\u00e9e de lecture estim\u00e9e\" \/>\n\t<meta name=\"twitter:data1\" content=\"4 minutes\" \/>\n<script type=\"application\/ld+json\" class=\"yoast-schema-graph\">{\"@context\":\"https:\/\/schema.org\",\"@graph\":[{\"@type\":\"WebPage\",\"@id\":\"https:\/\/comec.eu.com\/equipment\/laboratory-equipment\/\",\"url\":\"https:\/\/comec.eu.com\/equipment\/laboratory-equipment\/\",\"name\":\"\u00c9quipement de laboratoire - Comec\",\"isPartOf\":{\"@id\":\"https:\/\/comec.eu.com\/#website\"},\"primaryImageOfPage\":{\"@id\":\"https:\/\/comec.eu.com\/equipment\/laboratory-equipment\/#primaryimage\"},\"image\":{\"@id\":\"https:\/\/comec.eu.com\/equipment\/laboratory-equipment\/#primaryimage\"},\"thumbnailUrl\":\"https:\/\/comec.eu.com\/wp-content\/uploads\/2026\/01\/Kynepilot-1-301x400-1.png\",\"datePublished\":\"2026-01-02T10:15:37+00:00\",\"dateModified\":\"2026-02-19T08:59:29+00:00\",\"breadcrumb\":{\"@id\":\"https:\/\/comec.eu.com\/equipment\/laboratory-equipment\/#breadcrumb\"},\"inLanguage\":\"fr-FR\",\"potentialAction\":[{\"@type\":\"ReadAction\",\"target\":[\"https:\/\/comec.eu.com\/equipment\/laboratory-equipment\/\"]}]},{\"@type\":\"ImageObject\",\"inLanguage\":\"fr-FR\",\"@id\":\"https:\/\/comec.eu.com\/equipment\/laboratory-equipment\/#primaryimage\",\"url\":\"https:\/\/comec.eu.com\/wp-content\/uploads\/2026\/01\/Kynepilot-1-301x400-1.png\",\"contentUrl\":\"https:\/\/comec.eu.com\/wp-content\/uploads\/2026\/01\/Kynepilot-1-301x400-1.png\",\"width\":301,\"height\":400},{\"@type\":\"BreadcrumbList\",\"@id\":\"https:\/\/comec.eu.com\/equipment\/laboratory-equipment\/#breadcrumb\",\"itemListElement\":[{\"@type\":\"ListItem\",\"position\":1,\"name\":\"Home\",\"item\":\"https:\/\/comec.eu.com\/\"},{\"@type\":\"ListItem\",\"position\":2,\"name\":\"\u00c9quipement\",\"item\":\"https:\/\/comec.eu.com\/equipment\/\"},{\"@type\":\"ListItem\",\"position\":3,\"name\":\"\u00c9quipement de laboratoire\"}]},{\"@type\":\"WebSite\",\"@id\":\"https:\/\/comec.eu.com\/#website\",\"url\":\"https:\/\/comec.eu.com\/\",\"name\":\"Comec - Avantgarde Engineering\",\"description\":\"\",\"publisher\":{\"@id\":\"https:\/\/comec.eu.com\/#organization\"},\"potentialAction\":[{\"@type\":\"SearchAction\",\"target\":{\"@type\":\"EntryPoint\",\"urlTemplate\":\"https:\/\/comec.eu.com\/?s={search_term_string}\"},\"query-input\":{\"@type\":\"PropertyValueSpecification\",\"valueRequired\":true,\"valueName\":\"search_term_string\"}}],\"inLanguage\":\"fr-FR\"},{\"@type\":\"Organization\",\"@id\":\"https:\/\/comec.eu.com\/#organization\",\"name\":\"Comec\",\"url\":\"https:\/\/comec.eu.com\/\",\"logo\":{\"@type\":\"ImageObject\",\"inLanguage\":\"fr-FR\",\"@id\":\"https:\/\/comec.eu.com\/#\/schema\/logo\/image\/\",\"url\":\"https:\/\/comec.eu.com\/wp-content\/uploads\/2025\/11\/comec-logo.png\",\"contentUrl\":\"https:\/\/comec.eu.com\/wp-content\/uploads\/2025\/11\/comec-logo.png\",\"width\":966,\"height\":266,\"caption\":\"Comec\"},\"image\":{\"@id\":\"https:\/\/comec.eu.com\/#\/schema\/logo\/image\/\"}}]}<\/script>\n<!-- \/ Yoast SEO plugin. -->","yoast_head_json":{"title":"\u00c9quipement de laboratoire - Comec","robots":{"index":"index","follow":"follow","max-snippet":"max-snippet:-1","max-image-preview":"max-image-preview:large","max-video-preview":"max-video-preview:-1"},"canonical":"https:\/\/comec.eu.com\/equipment\/laboratory-equipment\/","og_locale":"fr_FR","og_type":"article","og_title":"\u00c9quipement de laboratoire - Comec","og_url":"https:\/\/comec.eu.com\/equipment\/laboratory-equipment\/","og_site_name":"Comec","article_modified_time":"2026-02-19T08:59:29+00:00","og_image":[{"width":301,"height":400,"url":"https:\/\/comec.eu.com\/wp-content\/uploads\/2026\/01\/Kynepilot-1-301x400-1.png","type":"image\/png"}],"twitter_card":"summary_large_image","twitter_misc":{"Dur\u00e9e de lecture estim\u00e9e":"4 minutes"},"schema":{"@context":"https:\/\/schema.org","@graph":[{"@type":"WebPage","@id":"https:\/\/comec.eu.com\/equipment\/laboratory-equipment\/","url":"https:\/\/comec.eu.com\/equipment\/laboratory-equipment\/","name":"\u00c9quipement de laboratoire - Comec","isPartOf":{"@id":"https:\/\/comec.eu.com\/#website"},"primaryImageOfPage":{"@id":"https:\/\/comec.eu.com\/equipment\/laboratory-equipment\/#primaryimage"},"image":{"@id":"https:\/\/comec.eu.com\/equipment\/laboratory-equipment\/#primaryimage"},"thumbnailUrl":"https:\/\/comec.eu.com\/wp-content\/uploads\/2026\/01\/Kynepilot-1-301x400-1.png","datePublished":"2026-01-02T10:15:37+00:00","dateModified":"2026-02-19T08:59:29+00:00","breadcrumb":{"@id":"https:\/\/comec.eu.com\/equipment\/laboratory-equipment\/#breadcrumb"},"inLanguage":"fr-FR","potentialAction":[{"@type":"ReadAction","target":["https:\/\/comec.eu.com\/equipment\/laboratory-equipment\/"]}]},{"@type":"ImageObject","inLanguage":"fr-FR","@id":"https:\/\/comec.eu.com\/equipment\/laboratory-equipment\/#primaryimage","url":"https:\/\/comec.eu.com\/wp-content\/uploads\/2026\/01\/Kynepilot-1-301x400-1.png","contentUrl":"https:\/\/comec.eu.com\/wp-content\/uploads\/2026\/01\/Kynepilot-1-301x400-1.png","width":301,"height":400},{"@type":"BreadcrumbList","@id":"https:\/\/comec.eu.com\/equipment\/laboratory-equipment\/#breadcrumb","itemListElement":[{"@type":"ListItem","position":1,"name":"Home","item":"https:\/\/comec.eu.com\/"},{"@type":"ListItem","position":2,"name":"\u00c9quipement","item":"https:\/\/comec.eu.com\/equipment\/"},{"@type":"ListItem","position":3,"name":"\u00c9quipement de laboratoire"}]},{"@type":"WebSite","@id":"https:\/\/comec.eu.com\/#website","url":"https:\/\/comec.eu.com\/","name":"Comec - Avantgarde Engineering","description":"","publisher":{"@id":"https:\/\/comec.eu.com\/#organization"},"potentialAction":[{"@type":"SearchAction","target":{"@type":"EntryPoint","urlTemplate":"https:\/\/comec.eu.com\/?s={search_term_string}"},"query-input":{"@type":"PropertyValueSpecification","valueRequired":true,"valueName":"search_term_string"}}],"inLanguage":"fr-FR"},{"@type":"Organization","@id":"https:\/\/comec.eu.com\/#organization","name":"Comec","url":"https:\/\/comec.eu.com\/","logo":{"@type":"ImageObject","inLanguage":"fr-FR","@id":"https:\/\/comec.eu.com\/#\/schema\/logo\/image\/","url":"https:\/\/comec.eu.com\/wp-content\/uploads\/2025\/11\/comec-logo.png","contentUrl":"https:\/\/comec.eu.com\/wp-content\/uploads\/2025\/11\/comec-logo.png","width":966,"height":266,"caption":"Comec"},"image":{"@id":"https:\/\/comec.eu.com\/#\/schema\/logo\/image\/"}}]}},"_links":{"self":[{"href":"https:\/\/comec.eu.com\/fr\/wp-json\/wp\/v2\/pages\/42313","targetHints":{"allow":["GET"]}}],"collection":[{"href":"https:\/\/comec.eu.com\/fr\/wp-json\/wp\/v2\/pages"}],"about":[{"href":"https:\/\/comec.eu.com\/fr\/wp-json\/wp\/v2\/types\/page"}],"author":[{"embeddable":true,"href":"https:\/\/comec.eu.com\/fr\/wp-json\/wp\/v2\/users\/1"}],"replies":[{"embeddable":true,"href":"https:\/\/comec.eu.com\/fr\/wp-json\/wp\/v2\/comments?post=42313"}],"version-history":[{"count":5,"href":"https:\/\/comec.eu.com\/fr\/wp-json\/wp\/v2\/pages\/42313\/revisions"}],"predecessor-version":[{"id":42932,"href":"https:\/\/comec.eu.com\/fr\/wp-json\/wp\/v2\/pages\/42313\/revisions\/42932"}],"up":[{"embeddable":true,"href":"https:\/\/comec.eu.com\/fr\/wp-json\/wp\/v2\/pages\/42132"}],"wp:featuredmedia":[{"embeddable":true,"href":"https:\/\/comec.eu.com\/fr\/wp-json\/wp\/v2\/media\/42314"}],"wp:attachment":[{"href":"https:\/\/comec.eu.com\/fr\/wp-json\/wp\/v2\/media?parent=42313"}],"curies":[{"name":"wp","href":"https:\/\/api.w.org\/{rel}","templated":true}]}}