{"id":42266,"date":"2026-01-07T10:48:55","date_gmt":"2026-01-07T10:48:55","guid":{"rendered":"https:\/\/comec.eu.com\/motor-valley\/"},"modified":"2026-02-19T08:03:12","modified_gmt":"2026-02-19T08:03:12","slug":"motor-valley","status":"publish","type":"page","link":"https:\/\/comec.eu.com\/fr\/entreprise\/motor-valley\/","title":{"rendered":"Motor Valley"},"content":{"rendered":"<section class=\"l-section wpb_row us_custom_cf6c67e8 has_text_color height_medium\"><div class=\"l-section-overlay\" style=\"background:rgba(26,26,26,0.5)\"><\/div><div class=\"l-section-h i-cf\"><div class=\"g-cols vc_row via_grid cols_1 laptops-cols_inherit tablets-cols_inherit mobiles-cols_1 valign_middle type_default stacking_default\"><div class=\"wpb_column vc_column_container\"><div class=\"vc_column-inner\"><div class=\"wpb_text_column\"><div class=\"wpb_wrapper\"><h1 style=\"text-align: center; font-weight: normal;\"><span>Les racines de la Motor Valley, la pr\u00e9cision industrielle<\/span><\/h1>\n<\/div><\/div><div class=\"w-separator size_medium\"><\/div><div class=\"wpb_text_column\"><div class=\"wpb_wrapper\"><p style=\"text-align: center;\"><span>Le c\u0153ur de l&rsquo;excellence automobile italienne, o\u00f9 la passion rencontre la pr\u00e9cision<\/span><\/p>\n<\/div><\/div><\/div><\/div><\/div><\/div><\/section><section class=\"l-section wpb_row height_huge\"><div class=\"l-section-h i-cf\"><div class=\"g-cols vc_row via_grid cols_2 laptops-cols_inherit tablets-cols_inherit mobiles-cols_1 valign_middle type_default reversed stacking_default\"><div class=\"wpb_column vc_column_container us_custom_7e20fa79 us_animate_this\"><div class=\"vc_column-inner\"><div class=\"w-iconbox iconpos_left style_default color_primary align_left no_text\"><div class=\"w-iconbox-icon\" style=\"font-size:2rem;\"><i class=\"fal fa-map-marker\"><\/i><\/div><div class=\"w-iconbox-meta\"><p class=\"w-iconbox-title\">\u00c9milie-Romagne, Italie<\/p><\/div><\/div><div class=\"w-separator size_small\"><\/div><div class=\"wpb_text_column\"><div class=\"wpb_wrapper\"><h2>L\u00e0 o\u00f9 nous sommes chez nous<\/h2>\n<\/div><\/div><div class=\"w-separator size_small\"><\/div><div class=\"wpb_text_column us_custom_432d3f53\"><div class=\"wpb_wrapper\"><p>COMEC est fi\u00e8rement situ\u00e9e au c\u0153ur de<span> <\/span><strong class=\"text-foreground\">Motor Valley<\/strong>, un territoire internationalement reconnu pour son excellence m\u00e9canique, sa culture de l&rsquo;ing\u00e9nierie et son innovation industrielle.<\/p>\n<p>Depuis des d\u00e9cennies, cette r\u00e9gion abrite des entreprises qui ont fa\u00e7onn\u00e9 le monde des moteurs, de la m\u00e9canique et de la fabrication de pointe. Nous sommes fiers d&rsquo;appartenir \u00e0 cet \u00e9cosyst\u00e8me, traduisant les m\u00eames valeurs dans la conception et la production de <strong>machines industrielles de dispersion et de broyage.<\/strong> <\/p>\n<p>De Ferrari \u00e0 Lamborghini, de Ducati \u00e0 Pagani, nos voisins sont des marques qui ont d\u00e9fini ce que signifie combiner beaut\u00e9, performance et pr\u00e9cision. Cet h\u00e9ritage inspire tout ce que nous faisons chez COMEC.<\/p>\n<\/div><\/div><\/div><\/div><div class=\"wpb_column vc_column_container us_custom_47474b22 us_animate_this\"><div class=\"vc_column-inner\"><div class=\"w-image align_none\"><div class=\"w-image-h\"><img decoding=\"async\" width=\"1024\" height=\"682\" src=\"https:\/\/comec.eu.com\/wp-content\/uploads\/2026\/02\/Motor-Valley-2-1024x682.jpg\" class=\"attachment-large size-large\" alt=\"\" loading=\"lazy\" srcset=\"https:\/\/comec.eu.com\/wp-content\/uploads\/2026\/02\/Motor-Valley-2-1024x682.jpg 1024w, https:\/\/comec.eu.com\/wp-content\/uploads\/2026\/02\/Motor-Valley-2-300x200.jpg 300w, https:\/\/comec.eu.com\/wp-content\/uploads\/2026\/02\/Motor-Valley-2.jpg 1280w\" sizes=\"auto, (max-width: 1024px) 100vw, 1024px\" \/><\/div><\/div><\/div><\/div><\/div><\/div><\/section><section class=\"l-section wpb_row height_medium color_alternate\"><div class=\"l-section-h i-cf\"><div class=\"g-cols vc_row via_grid cols_1 laptops-cols_inherit tablets-cols_inherit mobiles-cols_1 valign_top type_default stacking_default\"><div class=\"wpb_column vc_column_container\"><div class=\"vc_column-inner\"><div class=\"wpb_text_column\"><div class=\"wpb_wrapper\"><h2 style=\"text-align: center;\">Culture de l&rsquo;ing\u00e9nierie, Made in Emilia<\/h2>\n<\/div><\/div><div class=\"w-separator size_medium\"><\/div><div class=\"wpb_text_column\"><div class=\"wpb_wrapper\"><p style=\"text-align: center;\"><span>Ici, la pr\u00e9cision n&rsquo;est pas une revendication, c&rsquo;est un h\u00e9ritage<\/span><\/p>\n<\/div><\/div><div class=\"w-separator size_medium\"><\/div><div class=\"wpb_text_column us_custom_432d3f53\"><div class=\"wpb_wrapper\"><p>Cela signifie grandir avec un profond respect pour la m\u00e9canique, les mat\u00e9riaux et la performance. Cela implique de d\u00e9velopper une Culture o\u00f9 la Pr\u00e9cision n&rsquo;est pas une option, mais une n\u00e9cessit\u00e9, et o\u00f9 chaque D\u00e9tail contribue \u00e0 la Fiabilit\u00e9 globale du syst\u00e8me. <\/p>\n<p>Cela signifie comprendre les machines non seulement comme des assemblages de composants, mais comme des syst\u00e8mes int\u00e9gr\u00e9s qui doivent fonctionner de mani\u00e8re coh\u00e9rente, chaque jour, dans des conditions industrielles r\u00e9elles et des cycles de production exigeants. La v\u00e9ritable Valeur d&rsquo;Ing\u00e9nierie r\u00e9side dans la garantie de la stabilit\u00e9, de l&rsquo;efficacit\u00e9 et de la durabilit\u00e9 dans le temps. <\/p>\n<p>Nos machines sont Con\u00e7ues, Dessin\u00e9es et Fabriqu\u00e9es enti\u00e8rement en Italie, combinant :<\/p>\n<ul>\n<li>Un savoir-faire m\u00e9canique enracin\u00e9 dans une forte tradition manufacturi\u00e8re<\/li>\n<li>Des outils d&rsquo;ing\u00e9nierie modernes et des technologies de conception num\u00e9rique avanc\u00e9es<\/li>\n<li>Une exp\u00e9rience pratique acquise directement dans des environnements de production r\u00e9els<\/li>\n<\/ul>\n<p>En alliant h\u00e9ritage et innovation, nous cr\u00e9ons des \u00e9quipements qui refl\u00e8tent \u00e0 la fois l&rsquo;expertise technique et la compr\u00e9hension pratique.<\/p>\n<p>Cette approche nous permet de fournir des solutions robustes, pr\u00e9cises, \u00c9co\u00e9nerg\u00e9tiques et con\u00e7ues pour durer, garantissant une Performance \u00e0 long terme, des exigences de maintenance r\u00e9duites et un Retour Sur Investissement maximal pour nos Clients.<\/p>\n<\/div><\/div><\/div><\/div><\/div><\/div><\/section><section class=\"l-section wpb_row us_custom_0a2ffbe9 has_text_color height_huge\"><div class=\"l-section-h i-cf\"><div class=\"g-cols vc_row via_grid cols_2 laptops-cols_inherit tablets-cols_inherit mobiles-cols_1 valign_middle type_default reversed stacking_default\"><div class=\"wpb_column vc_column_container us_custom_47474b22 us_animate_this\"><div class=\"vc_column-inner\"><div class=\"w-image align_none\"><div class=\"w-image-h\"><img decoding=\"async\" width=\"1024\" height=\"768\" src=\"https:\/\/comec.eu.com\/wp-content\/uploads\/2026\/02\/P1380432_BW-1024x768.jpg\" class=\"attachment-large size-large\" alt=\"\" loading=\"lazy\" srcset=\"https:\/\/comec.eu.com\/wp-content\/uploads\/2026\/02\/P1380432_BW-1024x768.jpg 1024w, https:\/\/comec.eu.com\/wp-content\/uploads\/2026\/02\/P1380432_BW-300x225.jpg 300w\" sizes=\"auto, (max-width: 1024px) 100vw, 1024px\" \/><\/div><\/div><\/div><\/div><div class=\"wpb_column vc_column_container us_custom_7e20fa79 us_animate_this\"><div class=\"vc_column-inner\"><div class=\"wpb_text_column\"><div class=\"wpb_wrapper\"><h2>Du territoire \u00e0 la technologie<\/h2>\n<\/div><\/div><div class=\"w-separator size_small\"><\/div><div class=\"wpb_text_column\"><div class=\"wpb_wrapper\"><p>Le m\u00eame \u00e9tat d&rsquo;esprit qui anime l&rsquo;ing\u00e9nierie m\u00e9canique de haute performance dans la Motor Valley anime notre approche de la technologie de dispersion.<\/p>\n<p>Nous nous concentrons sur :<\/p>\n<ul>\n<li>La stabilit\u00e9 du processus<\/li>\n<li>La r\u00e9p\u00e9tabilit\u00e9 des r\u00e9sultats<\/li>\n<li>La facilit\u00e9 de maintenance<\/li>\n<li>La fiabilit\u00e9 op\u00e9rationnelle \u00e0 long terme<\/li>\n<\/ul>\n<p>Chaque solution est d\u00e9velopp\u00e9e en portant une attention particuli\u00e8re \u00e0 la fa\u00e7on dont elle sera utilis\u00e9e dans l&rsquo;usine, car la v\u00e9ritable innovation doit performer au-del\u00e0 de la planche \u00e0 dessin. <\/p>\n<\/div><\/div><\/div><\/div><\/div><\/div><\/section><section class=\"l-section wpb_row height_medium\"><div class=\"l-section-h i-cf\"><div class=\"g-cols vc_row via_grid cols_1 laptops-cols_inherit tablets-cols_inherit mobiles-cols_1 valign_top type_default stacking_default\"><div class=\"wpb_column vc_column_container\"><div class=\"vc_column-inner\"><div class=\"wpb_text_column\"><div class=\"wpb_wrapper\"><h2 style=\"text-align: center;\">O\u00f9 les machines sont <span style=\"color: #c91618;\">construites<\/span><\/h2>\n<\/div><\/div><div class=\"w-separator size_medium\"><\/div><div class=\"wpb_text_column\"><div class=\"wpb_wrapper\"><p>Sur notre site de production \u00e0 Ciano d&rsquo;Enza, l&rsquo;ing\u00e9nierie et la fabrication travaillent c\u00f4te \u00e0 c\u00f4te.<\/p>\n<p> Cette connexion directe entre la conception et l&rsquo;assemblage nous permet d&rsquo;affiner continuellement nos machines, en optimisant les performances, le service et la durabilit\u00e9.<br \/>\n C&rsquo;est ici que les id\u00e9es deviennent des solutions industrielles : test\u00e9es, am\u00e9lior\u00e9es et valid\u00e9es avant d&rsquo;atteindre nos clients dans le monde entier. <\/p>\n<\/div><\/div><div class=\"w-separator size_medium\"><\/div><div class=\"g-cols wpb_row via_grid cols_4 laptops-cols_inherit tablets-cols_inherit mobiles-cols_1 valign_top type_default stacking_default\" style=\"--columns-gap:3rem;\"><div class=\"wpb_column vc_column_container\"><div class=\"vc_column-inner\"><div class=\"w-iconbox iconabox-custom iconpos_top style_circle color_custom align_left\"><div class=\"w-iconbox-icon\" style=\"font-size:2rem;--icon-color:#c91618;--icon-bg-color:rgba(201,22,24,0.2);\"><i class=\"fal fa-award\"><\/i><\/div><div class=\"w-iconbox-meta\"><h4 class=\"w-iconbox-title\">Excellence<\/h4><div class=\"w-iconbox-text\"><p><span>Une culture de la recherche de la perfection dans chaque d\u00e9tail, tout comme nos voisins du secteur automobile.<\/span><\/p>\n<\/div><\/div><\/div><\/div><\/div><div class=\"wpb_column vc_column_container\"><div class=\"vc_column-inner\"><div class=\"w-iconbox iconabox-custom iconpos_top style_circle color_custom align_left\"><div class=\"w-iconbox-icon\" style=\"font-size:2rem;--icon-color:#c91618;--icon-bg-color:rgba(201,22,24,0.2);\"><i class=\"fal fa-lightbulb\"><\/i><\/div><div class=\"w-iconbox-meta\"><h4 class=\"w-iconbox-title\">Innovation<\/h4><div class=\"w-iconbox-text\"><p><span>Recherche et d\u00e9veloppement continus pour repousser les limites du possible.<\/span><\/p>\n<\/div><\/div><\/div><\/div><\/div><div class=\"wpb_column vc_column_container\"><div class=\"vc_column-inner\"><div class=\"w-iconbox iconabox-custom iconpos_top style_circle color_custom align_left\"><div class=\"w-iconbox-icon\" style=\"font-size:2rem;--icon-color:#c91618;--icon-bg-color:rgba(201,22,24,0.2);\"><i class=\"fal fa-history\"><\/i><\/div><div class=\"w-iconbox-meta\"><h4 class=\"w-iconbox-title\">H\u00e9ritage<\/h4><div class=\"w-iconbox-text\"><p><span>Des racines profondes dans l&rsquo;artisanat italien combin\u00e9es \u00e0 une technologie de pointe.<\/span><\/p>\n<\/div><\/div><\/div><\/div><\/div><div class=\"wpb_column vc_column_container\"><div class=\"vc_column-inner\"><div class=\"w-iconbox iconabox-custom iconpos_top style_circle color_custom align_left\"><div class=\"w-iconbox-icon\" style=\"font-size:2rem;--icon-color:#c91618;--icon-bg-color:rgba(201,22,24,0.2);\"><i class=\"fal fa-industry\"><\/i><\/div><div class=\"w-iconbox-meta\"><h4 class=\"w-iconbox-title\">Fabrication<\/h4><div class=\"w-iconbox-text\"><p><span>Des capacit\u00e9s de production de classe mondiale bas\u00e9es sur des d\u00e9cennies d&rsquo;expertise.<\/span><\/p>\n<\/div><\/div><\/div><\/div><\/div><\/div><\/div><\/div><\/div><\/div><\/section><section class=\"l-section wpb_row us_custom_cead63f3 has_text_color height_medium\"><div class=\"l-section-h i-cf\"><div class=\"g-cols vc_row via_grid cols_2 laptops-cols_inherit tablets-cols_inherit mobiles-cols_1 valign_middle type_default stacking_default\"><div class=\"wpb_column vc_column_container\"><div class=\"vc_column-inner\"><div class=\"wpb_text_column\"><div class=\"wpb_wrapper\"><h2>Une vision globale, des racines locales fortes<\/h2>\n<\/div><\/div><div class=\"w-separator size_small\"><\/div><div class=\"wpb_text_column\"><div class=\"wpb_wrapper\"><p>Bien que nos machines fonctionnent dans des usines industrielles \u00e0 travers le monde, notre identit\u00e9 reste fermement ancr\u00e9e dans la Motor Valley.<\/p>\n<p> C&rsquo;est de l\u00e0 que viennent nos normes.<br \/>\n C&rsquo;est l\u00e0 que nos machines naissent. <\/p>\n<\/div><\/div><div class=\"w-separator size_small\"><\/div><div class=\"w-btn-wrapper align_none\"><a class=\"w-btn us-btn-style_3\" href=\"https:\/\/comec-dev.eu.com\/#contact-us\"><span class=\"w-btn-label\">Contactez-nous<\/span><\/a><\/div><\/div><\/div><div class=\"wpb_column vc_column_container\"><div class=\"vc_column-inner\"><div class=\"w-image align_none\"><div class=\"w-image-h\"><img decoding=\"async\" width=\"1024\" height=\"768\" src=\"https:\/\/comec.eu.com\/wp-content\/uploads\/2026\/02\/P1090576_BW-1024x768.jpg\" class=\"attachment-large size-large\" alt=\"\" loading=\"lazy\" srcset=\"https:\/\/comec.eu.com\/wp-content\/uploads\/2026\/02\/P1090576_BW-1024x768.jpg 1024w, https:\/\/comec.eu.com\/wp-content\/uploads\/2026\/02\/P1090576_BW-300x225.jpg 300w, https:\/\/comec.eu.com\/wp-content\/uploads\/2026\/02\/P1090576_BW.jpg 1600w\" sizes=\"auto, (max-width: 1024px) 100vw, 1024px\" \/><\/div><\/div><\/div><\/div><\/div><\/div><\/section>\n","protected":false},"excerpt":{"rendered":"Les racines de la Motor Valley, la pr\u00e9cision industrielle Le c\u0153ur de l&rsquo;excellence automobile italienne, o\u00f9 la passion rencontre la pr\u00e9cision \u00c9milie-Romagne, ItalieL\u00e0 o\u00f9 nous sommes chez nous COMEC est fi\u00e8rement situ\u00e9e au c\u0153ur de Motor Valley, un territoire internationalement reconnu pour son excellence m\u00e9canique, sa culture de l&rsquo;ing\u00e9nierie et son innovation industrielle. Depuis des...","protected":false},"author":1,"featured_media":0,"parent":42332,"menu_order":0,"comment_status":"closed","ping_status":"closed","template":"","meta":{"_acf_changed":false,"footnotes":""},"class_list":["post-42266","page","type-page","status-publish","hentry"],"acf":[],"yoast_head":"<!-- This site is optimized with the Yoast SEO plugin v27.0 - https:\/\/yoast.com\/product\/yoast-seo-wordpress\/ -->\n<title>Motor Valley - Comec<\/title>\n<meta name=\"robots\" content=\"index, follow, max-snippet:-1, max-image-preview:large, max-video-preview:-1\" \/>\n<link rel=\"canonical\" href=\"https:\/\/comec.eu.com\/company\/motor-valley\/\" \/>\n<meta property=\"og:locale\" content=\"fr_FR\" \/>\n<meta property=\"og:type\" content=\"article\" \/>\n<meta property=\"og:title\" content=\"Motor Valley - Comec\" \/>\n<meta property=\"og:url\" content=\"https:\/\/comec.eu.com\/company\/motor-valley\/\" \/>\n<meta property=\"og:site_name\" content=\"Comec\" \/>\n<meta property=\"article:modified_time\" content=\"2026-02-19T08:03:12+00:00\" \/>\n<meta name=\"twitter:card\" content=\"summary_large_image\" \/>\n<meta name=\"twitter:label1\" content=\"Dur\u00e9e de lecture estim\u00e9e\" \/>\n\t<meta name=\"twitter:data1\" content=\"6 minutes\" \/>\n<script type=\"application\/ld+json\" class=\"yoast-schema-graph\">{\"@context\":\"https:\/\/schema.org\",\"@graph\":[{\"@type\":\"WebPage\",\"@id\":\"https:\/\/comec.eu.com\/company\/motor-valley\/\",\"url\":\"https:\/\/comec.eu.com\/company\/motor-valley\/\",\"name\":\"Motor Valley - Comec\",\"isPartOf\":{\"@id\":\"https:\/\/comec.eu.com\/#website\"},\"datePublished\":\"2026-01-07T10:48:55+00:00\",\"dateModified\":\"2026-02-19T08:03:12+00:00\",\"breadcrumb\":{\"@id\":\"https:\/\/comec.eu.com\/company\/motor-valley\/#breadcrumb\"},\"inLanguage\":\"fr-FR\",\"potentialAction\":[{\"@type\":\"ReadAction\",\"target\":[\"https:\/\/comec.eu.com\/company\/motor-valley\/\"]}]},{\"@type\":\"BreadcrumbList\",\"@id\":\"https:\/\/comec.eu.com\/company\/motor-valley\/#breadcrumb\",\"itemListElement\":[{\"@type\":\"ListItem\",\"position\":1,\"name\":\"Home\",\"item\":\"https:\/\/comec.eu.com\/\"},{\"@type\":\"ListItem\",\"position\":2,\"name\":\"Entreprise\",\"item\":\"https:\/\/comec.eu.com\/company\/\"},{\"@type\":\"ListItem\",\"position\":3,\"name\":\"Motor Valley\"}]},{\"@type\":\"WebSite\",\"@id\":\"https:\/\/comec.eu.com\/#website\",\"url\":\"https:\/\/comec.eu.com\/\",\"name\":\"Comec - Avantgarde Engineering\",\"description\":\"\",\"publisher\":{\"@id\":\"https:\/\/comec.eu.com\/#organization\"},\"potentialAction\":[{\"@type\":\"SearchAction\",\"target\":{\"@type\":\"EntryPoint\",\"urlTemplate\":\"https:\/\/comec.eu.com\/?s={search_term_string}\"},\"query-input\":{\"@type\":\"PropertyValueSpecification\",\"valueRequired\":true,\"valueName\":\"search_term_string\"}}],\"inLanguage\":\"fr-FR\"},{\"@type\":\"Organization\",\"@id\":\"https:\/\/comec.eu.com\/#organization\",\"name\":\"Comec\",\"url\":\"https:\/\/comec.eu.com\/\",\"logo\":{\"@type\":\"ImageObject\",\"inLanguage\":\"fr-FR\",\"@id\":\"https:\/\/comec.eu.com\/#\/schema\/logo\/image\/\",\"url\":\"https:\/\/comec.eu.com\/wp-content\/uploads\/2025\/11\/comec-logo.png\",\"contentUrl\":\"https:\/\/comec.eu.com\/wp-content\/uploads\/2025\/11\/comec-logo.png\",\"width\":966,\"height\":266,\"caption\":\"Comec\"},\"image\":{\"@id\":\"https:\/\/comec.eu.com\/#\/schema\/logo\/image\/\"}}]}<\/script>\n<!-- \/ Yoast SEO plugin. -->","yoast_head_json":{"title":"Motor Valley - Comec","robots":{"index":"index","follow":"follow","max-snippet":"max-snippet:-1","max-image-preview":"max-image-preview:large","max-video-preview":"max-video-preview:-1"},"canonical":"https:\/\/comec.eu.com\/company\/motor-valley\/","og_locale":"fr_FR","og_type":"article","og_title":"Motor Valley - Comec","og_url":"https:\/\/comec.eu.com\/company\/motor-valley\/","og_site_name":"Comec","article_modified_time":"2026-02-19T08:03:12+00:00","twitter_card":"summary_large_image","twitter_misc":{"Dur\u00e9e de lecture estim\u00e9e":"6 minutes"},"schema":{"@context":"https:\/\/schema.org","@graph":[{"@type":"WebPage","@id":"https:\/\/comec.eu.com\/company\/motor-valley\/","url":"https:\/\/comec.eu.com\/company\/motor-valley\/","name":"Motor Valley - Comec","isPartOf":{"@id":"https:\/\/comec.eu.com\/#website"},"datePublished":"2026-01-07T10:48:55+00:00","dateModified":"2026-02-19T08:03:12+00:00","breadcrumb":{"@id":"https:\/\/comec.eu.com\/company\/motor-valley\/#breadcrumb"},"inLanguage":"fr-FR","potentialAction":[{"@type":"ReadAction","target":["https:\/\/comec.eu.com\/company\/motor-valley\/"]}]},{"@type":"BreadcrumbList","@id":"https:\/\/comec.eu.com\/company\/motor-valley\/#breadcrumb","itemListElement":[{"@type":"ListItem","position":1,"name":"Home","item":"https:\/\/comec.eu.com\/"},{"@type":"ListItem","position":2,"name":"Entreprise","item":"https:\/\/comec.eu.com\/company\/"},{"@type":"ListItem","position":3,"name":"Motor Valley"}]},{"@type":"WebSite","@id":"https:\/\/comec.eu.com\/#website","url":"https:\/\/comec.eu.com\/","name":"Comec - Avantgarde Engineering","description":"","publisher":{"@id":"https:\/\/comec.eu.com\/#organization"},"potentialAction":[{"@type":"SearchAction","target":{"@type":"EntryPoint","urlTemplate":"https:\/\/comec.eu.com\/?s={search_term_string}"},"query-input":{"@type":"PropertyValueSpecification","valueRequired":true,"valueName":"search_term_string"}}],"inLanguage":"fr-FR"},{"@type":"Organization","@id":"https:\/\/comec.eu.com\/#organization","name":"Comec","url":"https:\/\/comec.eu.com\/","logo":{"@type":"ImageObject","inLanguage":"fr-FR","@id":"https:\/\/comec.eu.com\/#\/schema\/logo\/image\/","url":"https:\/\/comec.eu.com\/wp-content\/uploads\/2025\/11\/comec-logo.png","contentUrl":"https:\/\/comec.eu.com\/wp-content\/uploads\/2025\/11\/comec-logo.png","width":966,"height":266,"caption":"Comec"},"image":{"@id":"https:\/\/comec.eu.com\/#\/schema\/logo\/image\/"}}]}},"_links":{"self":[{"href":"https:\/\/comec.eu.com\/fr\/wp-json\/wp\/v2\/pages\/42266","targetHints":{"allow":["GET"]}}],"collection":[{"href":"https:\/\/comec.eu.com\/fr\/wp-json\/wp\/v2\/pages"}],"about":[{"href":"https:\/\/comec.eu.com\/fr\/wp-json\/wp\/v2\/types\/page"}],"author":[{"embeddable":true,"href":"https:\/\/comec.eu.com\/fr\/wp-json\/wp\/v2\/users\/1"}],"replies":[{"embeddable":true,"href":"https:\/\/comec.eu.com\/fr\/wp-json\/wp\/v2\/comments?post=42266"}],"version-history":[{"count":9,"href":"https:\/\/comec.eu.com\/fr\/wp-json\/wp\/v2\/pages\/42266\/revisions"}],"predecessor-version":[{"id":42874,"href":"https:\/\/comec.eu.com\/fr\/wp-json\/wp\/v2\/pages\/42266\/revisions\/42874"}],"up":[{"embeddable":true,"href":"https:\/\/comec.eu.com\/fr\/wp-json\/wp\/v2\/pages\/42332"}],"wp:attachment":[{"href":"https:\/\/comec.eu.com\/fr\/wp-json\/wp\/v2\/media?parent=42266"}],"curies":[{"name":"wp","href":"https:\/\/api.w.org\/{rel}","templated":true}]}}