{"id":42204,"date":"2026-02-09T08:18:18","date_gmt":"2026-02-09T08:18:18","guid":{"rendered":"https:\/\/comec.eu.com\/ingenierie-et-usines-cles-en-main\/qoncept-engineering\/"},"modified":"2026-02-19T09:12:49","modified_gmt":"2026-02-19T09:12:49","slug":"qoncept-engineering","status":"publish","type":"page","link":"https:\/\/comec.eu.com\/fr\/ingenierie-et-usines-cles-en-main\/qoncept-engineering\/","title":{"rendered":"Qoncept Engineering"},"content":{"rendered":"<section class=\"l-section wpb_row us_custom_6700a48f height_medium\"><div class=\"l-section-overlay\" style=\"background:rgba(26,26,26,0.6)\"><\/div><div class=\"l-section-h i-cf\"><div class=\"g-cols vc_row via_grid cols_3-1 laptops-cols_inherit tablets-cols_inherit mobiles-cols_1 valign_middle type_default stacking_default\"><div class=\"wpb_column vc_column_container us_custom_7e20fa79 us_animate_this\"><div class=\"vc_column-inner\"><div class=\"wpb_text_column us_custom_de150e26 has_text_color\"><div class=\"wpb_wrapper\"><h1 class=\"text-5xl md:text-6xl font-light text-white mb-4\">Qoncept Engineering<\/h1>\n<\/div><\/div><div class=\"w-separator size_small\"><\/div><div class=\"wpb_text_column us_custom_836f727b has_text_color\"><div class=\"wpb_wrapper\"><p><span>De l&rsquo;usine virtuelle \u00e0 l&rsquo;usine r\u00e9elle<\/span><\/p>\n<\/div><\/div><\/div><\/div><div class=\"wpb_column vc_column_container\"><div class=\"vc_column-inner\"><\/div><\/div><\/div><\/div><\/section><section class=\"l-section wpb_row us_custom_e11ab399 height_medium\"><div class=\"l-section-h i-cf\"><div class=\"g-cols vc_row via_grid cols_1 laptops-cols_inherit tablets-cols_inherit mobiles-cols_1 valign_top type_default stacking_default\"><div class=\"wpb_column vc_column_container\"><div class=\"vc_column-inner\"><div class=\"wpb_text_column\"><div class=\"wpb_wrapper\"><h3 class=\"text-xl text-neutral-600 font-light leading-relaxed mb-6\"><span>Solutions intelligentes, \u00e9tudes de faisabilit\u00e9 et analyses de flux combin\u00e9es avec des technologies de production innovantes pour am\u00e9liorer les conditions de travail, cr\u00e9er de nouveaux mod\u00e8les \u00e9conomiques, augmenter la productivit\u00e9 et la qualit\u00e9 dans la production industrielle, en concevant une Usine Innovante.<\/span><\/h3>\n<\/div><\/div><\/div><\/div><\/div><\/div><\/section><section class=\"l-section wpb_row height_medium\"><div class=\"l-section-h i-cf\"><div class=\"g-cols vc_row via_grid cols_1 laptops-cols_inherit tablets-cols_inherit mobiles-cols_1 valign_top type_default stacking_default\"><div class=\"wpb_column vc_column_container\"><div class=\"vc_column-inner\"><div class=\"wpb_text_column us_custom_432d3f53\"><div class=\"wpb_wrapper\"><div class=\"wpb_text_column us_custom_afa99c10 has_text_color\">\n<div class=\"wpb_wrapper\">\n<p>Nous fournissons un conseil complet en strat\u00e9gie de fabrication, fond\u00e9 sur des solutions avanc\u00e9es d\u2019analyse et de mod\u00e9lisation business visant \u00e0 r\u00e9duire les co\u00fbts de production, accro\u00eetre l\u2019efficacit\u00e9 op\u00e9rationnelle et maximiser la productivit\u00e9. Notre plateforme propri\u00e9taire, Qoncept, est sp\u00e9cialement con\u00e7ue pour accompagner les programmes d\u2019investissement en capital de nos partenaires, qu\u2019il s\u2019agisse d\u2019op\u00e9rations \u00e0 petite \u00e9chelle ou de projets cl\u00e9s en main \u00e0 grande \u00e9chelle, en veillant \u00e0 ce que chaque investissement soit align\u00e9 strat\u00e9giquement sur les objectifs business \u00e0 long terme. <\/p>\n<p>En appliquant les concepts du Lean Manufacturing, nous impulsons une nouvelle approche de l\u2019ing\u00e9nierie des installations de production. Cette m\u00e9thodologie vise \u00e0 am\u00e9liorer les indicateurs cl\u00e9s de performance (KPI) sur l\u2019ensemble des activit\u00e9s, en apportant des r\u00e9ductions mesurables de la consommation d\u2019\u00e9nergie, des co\u00fbts de stock, des pertes de rendement, de la production de d\u00e9chets et des d\u00e9penses d\u2019investissement globales. <\/p>\n<p>Gr\u00e2ce \u00e0 la collecte syst\u00e9matique des donn\u00e9es de base du projet, combin\u00e9e \u00e0 la mod\u00e9lisation des processus, nous fournissons \u00e0 nos partenaires des analyses solides, fond\u00e9es sur les donn\u00e9es, qui soutiennent des changements de processus efficaces et des am\u00e9liorations op\u00e9rationnelles, en cr\u00e9ant une v\u00e9ritable valeur ajout\u00e9e.<\/p>\n<p>Nos services de conseil couvrent :<\/p>\n<\/div>\n<\/div>\n<div class=\"wpb_text_column us_custom_612feba2 has_text_color\">\n<div class=\"wpb_wrapper\">\n<ul>\n<li data-start=\"1109\" data-end=\"1160\">Conception efficace des processus de <strong>production et de logistique<\/strong><\/li>\n<li data-start=\"1163\" data-end=\"1206\">Dimensionnement pr\u00e9cis de la <strong>capacit\u00e9 de production<\/strong><\/li>\n<li data-start=\"1209\" data-end=\"1277\"><strong>Optimisation des lots<\/strong> pour am\u00e9liorer le d\u00e9bit et r\u00e9duire les temps de cycle<\/li>\n<li data-start=\"1280\" data-end=\"1345\">Identification des <strong>\u00e9conomies de production de l\u2019usine<\/strong> et des gains d\u2019efficacit\u00e9<\/li>\n<li data-start=\"1348\" data-end=\"1408\">Estimations <strong>pr\u00e9liminaires des investissements<\/strong> et analyse co\u00fbts-b\u00e9n\u00e9fices<\/li>\n<li data-start=\"1411\" data-end=\"1467\">Strat\u00e9gies de <strong>r\u00e9duction des stocks<\/strong> pour lib\u00e9rer du fonds de roulement<\/li>\n<li data-start=\"1470\" data-end=\"1542\">\u00c9valuations du <strong>retour sur investissement et de la rentabilit\u00e9<\/strong> pour valider les d\u00e9cisions d\u2019investissement<\/li>\n<\/ul>\n<p>En combinant expertise technique, mod\u00e9lisation analytique et exp\u00e9rience industrielle de terrain, nous permettons \u00e0 nos P<strong>artenaires de prendre des d\u00e9cisions strat\u00e9giques \u00e9clair\u00e9es, d\u2019atteindre l\u2019excellence op\u00e9rationnelle et de maximiser le retour sur leurs investissements de fabrication.<\/strong><\/p>\n<\/div>\n<\/div>\n<\/div><\/div><\/div><\/div><\/div><\/div><\/section><section class=\"l-section wpb_row us_custom_8e1dd723 has_text_color height_medium\"><div class=\"l-section-overlay\" style=\"background:rgba(0,0,0,0.65)\"><\/div><div class=\"l-section-h i-cf\"><div class=\"g-cols vc_row via_grid cols_1-3 laptops-cols_inherit tablets-cols_inherit mobiles-cols_1 valign_top type_default stacking_default\"><div class=\"wpb_column vc_column_container\"><div class=\"vc_column-inner\"><div class=\"wpb_text_column\"><div class=\"wpb_wrapper\"><h2>Ing\u00e9nierie d&rsquo;Usine Virtuelle<\/h2>\n<\/div><\/div><div class=\"w-separator size_small\"><\/div><div class=\"wpb_text_column\"><div class=\"wpb_wrapper\"><div class=\"transition-all ease-out opacity-100 translate-y-0\">\n<div class=\"flex gap-4\">\n<ul>\n<li>Analyse de Mod\u00e8le \u00c9conomique<\/li>\n<li>Charte de Projet<\/li>\n<li>Classification de Projet et de Site<\/li>\n<li>Contr\u00f4le de Processus et Gestion des Op\u00e9rations<\/li>\n<li>Optimisation \u00c9nerg\u00e9tique et des D\u00e9chets<\/li>\n<\/ul>\n<\/div>\n<\/div>\n<\/div><\/div><\/div><\/div><div class=\"wpb_column vc_column_container\"><div class=\"vc_column-inner\"><div class=\"wpb_text_column\"><div class=\"wpb_wrapper\"><h2>Mod\u00e9lisation Dynamique et Ing\u00e9nierie de D\u00e9tail<\/h2>\n<\/div><\/div><div class=\"w-separator size_small\"><\/div><div class=\"wpb_text_column\"><div class=\"wpb_wrapper\"><div class=\"transition-all ease-out opacity-100 translate-y-0\">\n<div class=\"flex gap-4\">\n<ul>\n<li>Strat\u00e9gie de Formation et \u00c9valuation des Risques<\/li>\n<li>Analyse Fonctionnelle et des Co\u00fbts<\/li>\n<li>Constructibilit\u00e9<\/li>\n<li>Mise en Service et D\u00e9marrage<\/li>\n<\/ul>\n<\/div>\n<\/div>\n<\/div><\/div><\/div><\/div><\/div><\/div><\/section><section class=\"l-section wpb_row height_medium\"><div class=\"l-section-h i-cf\"><div class=\"g-cols vc_row via_grid cols_1 laptops-cols_inherit tablets-cols_inherit mobiles-cols_1 valign_top type_default stacking_default\"><div class=\"wpb_column vc_column_container\"><div class=\"vc_column-inner\"><div class=\"wpb_text_column\"><div class=\"wpb_wrapper\"><div class=\"wpb_text_column us_custom_afa99c10 has_text_color\">\n<div class=\"wpb_wrapper\">\n<h2 style=\"text-align: center;\"><span>Analyse d&rsquo;Investissement<\/span><\/h2>\n<\/div>\n<\/div>\n<\/div><\/div><div class=\"w-separator size_small\"><\/div><div class=\"wpb_text_column\"><div class=\"wpb_wrapper\"><div class=\"wpb_text_column us_custom_afa99c10 has_text_color\">\n<div class=\"wpb_wrapper\">\n<p style=\"text-align: center;\">Ax\u00e9 sur la mod\u00e9lisation \u00e9conomique et les retours financiers pour soutenir les projets d&rsquo;Ing\u00e9nierie Concept, nous avons \u00e9tendu sa port\u00e9e et son champ d&rsquo;application en soutenant le changement complet de l&rsquo;entreprise, l&rsquo;alignement du portefeuille de produits, l&rsquo;optimisation des mati\u00e8res premi\u00e8res et les processus lean.<\/p>\n<p style=\"text-align: center;\">Capable d&rsquo;analyser de multiples entr\u00e9es incorporant des donn\u00e9es historiques, de production, de planification, de mouvements de stocks et de ventes, il fournit un impact consid\u00e9rable \u00e0 travers l&rsquo;entreprise.<\/p>\n<p style=\"text-align: center;\">Plus r\u00e9cemment, l&rsquo;unit\u00e9 d&rsquo;Analyse d&rsquo;Investissement a d\u00e9velopp\u00e9 des outils sur mesure pour int\u00e9grer des m\u00e9triques commerciales plus larges dans l&rsquo;investissement et l&rsquo;optimisation d&rsquo;ing\u00e9nierie, et le dernier d\u00e9veloppement a \u00e9t\u00e9 l&rsquo;introduction des avantages de l&rsquo;Intelligence Artificielle dans le processus, fournissant des perspectives uniques et des capacit\u00e9s d&rsquo;auto-apprentissage dans le m\u00e9lange commercial et d&rsquo;ing\u00e9nierie.<\/p>\n<\/div>\n<\/div>\n<\/div><\/div><div class=\"w-image align_none\"><div class=\"w-image-h\"><img decoding=\"async\" width=\"1024\" height=\"756\" src=\"https:\/\/comec.eu.com\/wp-content\/uploads\/2026\/02\/pagina-4-qoncept-1024x756.jpg\" class=\"attachment-large size-large\" alt=\"\" loading=\"lazy\" srcset=\"https:\/\/comec.eu.com\/wp-content\/uploads\/2026\/02\/pagina-4-qoncept-1024x756.jpg 1024w, https:\/\/comec.eu.com\/wp-content\/uploads\/2026\/02\/pagina-4-qoncept-300x222.jpg 300w, https:\/\/comec.eu.com\/wp-content\/uploads\/2026\/02\/pagina-4-qoncept.jpg 1747w\" sizes=\"auto, (max-width: 1024px) 100vw, 1024px\" \/><\/div><\/div><\/div><\/div><\/div><\/div><\/section><section class=\"l-section wpb_row us_custom_2bd36d0e height_medium\"><div class=\"l-section-h i-cf\"><div class=\"g-cols vc_row via_grid cols_1 laptops-cols_inherit tablets-cols_inherit mobiles-cols_1 valign_top type_default stacking_default\"><div class=\"wpb_column vc_column_container\"><div class=\"vc_column-inner\"><div class=\"wpb_text_column\"><div class=\"wpb_wrapper\"><h2 style=\"text-align: center;\"><span>Con\u00e7u pour vous, d\u00e9velopp\u00e9 pour votre entreprise.<\/span><\/h2>\n<\/div><\/div><div class=\"w-separator size_medium\"><\/div><div class=\"wpb_text_column\"><div class=\"wpb_wrapper\"><p class=\"text-xl text-neutral-600 mb-10\" style=\"text-align: center;\"><span>Pour plus d&rsquo;informations, visitez :<\/span><\/p>\n<\/div><\/div><div class=\"w-separator size_medium\"><\/div><div class=\"w-image us_custom_ac31e2a0 align_center\"><a target=\"_blank\" href=\"https:\/\/qoncept.com\/\" aria-label=\"QONCEPT_Colore_PAYOFF-e1649231809916-1024x284-1\" class=\"w-image-h\"><img decoding=\"async\" width=\"1024\" height=\"284\" src=\"https:\/\/comec.eu.com\/wp-content\/uploads\/2026\/02\/QONCEPT_Colore_PAYOFF-e1649231809916-1024x284-1.png\" class=\"attachment-large size-large\" alt=\"\" loading=\"lazy\" srcset=\"https:\/\/comec.eu.com\/wp-content\/uploads\/2026\/02\/QONCEPT_Colore_PAYOFF-e1649231809916-1024x284-1.png 1024w, https:\/\/comec.eu.com\/wp-content\/uploads\/2026\/02\/QONCEPT_Colore_PAYOFF-e1649231809916-1024x284-1-300x83.png 300w\" sizes=\"auto, (max-width: 1024px) 100vw, 1024px\" \/><\/a><\/div><\/div><\/div><\/div><\/div><\/section>\n","protected":false},"excerpt":{"rendered":"Qoncept Engineering De l&rsquo;usine virtuelle \u00e0 l&rsquo;usine r\u00e9elle Solutions intelligentes, \u00e9tudes de faisabilit\u00e9 et analyses de flux combin\u00e9es avec des technologies de production innovantes pour am\u00e9liorer les conditions de travail, cr\u00e9er de nouveaux mod\u00e8les \u00e9conomiques, augmenter la productivit\u00e9 et la qualit\u00e9 dans la production industrielle, en concevant une Usine Innovante. Nous fournissons un conseil complet...","protected":false},"author":1,"featured_media":0,"parent":42120,"menu_order":0,"comment_status":"closed","ping_status":"closed","template":"","meta":{"_acf_changed":false,"footnotes":""},"class_list":["post-42204","page","type-page","status-publish","hentry"],"acf":[],"yoast_head":"<!-- This site is optimized with the Yoast SEO plugin v27.0 - https:\/\/yoast.com\/product\/yoast-seo-wordpress\/ -->\n<title>Qoncept Engineering - Comec<\/title>\n<meta name=\"robots\" content=\"index, follow, max-snippet:-1, max-image-preview:large, max-video-preview:-1\" \/>\n<link rel=\"canonical\" href=\"https:\/\/comec.eu.com\/engineering-and-turnkey-plants\/qoncept-engineering\/\" \/>\n<meta property=\"og:locale\" content=\"fr_FR\" \/>\n<meta property=\"og:type\" content=\"article\" \/>\n<meta property=\"og:title\" content=\"Qoncept Engineering - Comec\" \/>\n<meta property=\"og:url\" content=\"https:\/\/comec.eu.com\/engineering-and-turnkey-plants\/qoncept-engineering\/\" \/>\n<meta property=\"og:site_name\" content=\"Comec\" \/>\n<meta property=\"article:modified_time\" content=\"2026-02-19T09:12:49+00:00\" \/>\n<meta name=\"twitter:card\" content=\"summary_large_image\" \/>\n<meta name=\"twitter:label1\" content=\"Dur\u00e9e de lecture estim\u00e9e\" \/>\n\t<meta name=\"twitter:data1\" content=\"5 minutes\" \/>\n<script type=\"application\/ld+json\" class=\"yoast-schema-graph\">{\"@context\":\"https:\/\/schema.org\",\"@graph\":[{\"@type\":\"WebPage\",\"@id\":\"https:\/\/comec.eu.com\/engineering-and-turnkey-plants\/qoncept-engineering\/\",\"url\":\"https:\/\/comec.eu.com\/engineering-and-turnkey-plants\/qoncept-engineering\/\",\"name\":\"Qoncept Engineering - Comec\",\"isPartOf\":{\"@id\":\"https:\/\/comec.eu.com\/#website\"},\"datePublished\":\"2026-02-09T08:18:18+00:00\",\"dateModified\":\"2026-02-19T09:12:49+00:00\",\"breadcrumb\":{\"@id\":\"https:\/\/comec.eu.com\/engineering-and-turnkey-plants\/qoncept-engineering\/#breadcrumb\"},\"inLanguage\":\"fr-FR\",\"potentialAction\":[{\"@type\":\"ReadAction\",\"target\":[\"https:\/\/comec.eu.com\/engineering-and-turnkey-plants\/qoncept-engineering\/\"]}]},{\"@type\":\"BreadcrumbList\",\"@id\":\"https:\/\/comec.eu.com\/engineering-and-turnkey-plants\/qoncept-engineering\/#breadcrumb\",\"itemListElement\":[{\"@type\":\"ListItem\",\"position\":1,\"name\":\"Home\",\"item\":\"https:\/\/comec.eu.com\/\"},{\"@type\":\"ListItem\",\"position\":2,\"name\":\"Ing\u00e9nierie et usines cl\u00e9s en main\",\"item\":\"https:\/\/comec.eu.com\/engineering-and-turnkey-plants\/\"},{\"@type\":\"ListItem\",\"position\":3,\"name\":\"Qoncept Engineering\"}]},{\"@type\":\"WebSite\",\"@id\":\"https:\/\/comec.eu.com\/#website\",\"url\":\"https:\/\/comec.eu.com\/\",\"name\":\"Comec - Avantgarde Engineering\",\"description\":\"\",\"publisher\":{\"@id\":\"https:\/\/comec.eu.com\/#organization\"},\"potentialAction\":[{\"@type\":\"SearchAction\",\"target\":{\"@type\":\"EntryPoint\",\"urlTemplate\":\"https:\/\/comec.eu.com\/?s={search_term_string}\"},\"query-input\":{\"@type\":\"PropertyValueSpecification\",\"valueRequired\":true,\"valueName\":\"search_term_string\"}}],\"inLanguage\":\"fr-FR\"},{\"@type\":\"Organization\",\"@id\":\"https:\/\/comec.eu.com\/#organization\",\"name\":\"Comec\",\"url\":\"https:\/\/comec.eu.com\/\",\"logo\":{\"@type\":\"ImageObject\",\"inLanguage\":\"fr-FR\",\"@id\":\"https:\/\/comec.eu.com\/#\/schema\/logo\/image\/\",\"url\":\"https:\/\/comec.eu.com\/wp-content\/uploads\/2025\/11\/comec-logo.png\",\"contentUrl\":\"https:\/\/comec.eu.com\/wp-content\/uploads\/2025\/11\/comec-logo.png\",\"width\":966,\"height\":266,\"caption\":\"Comec\"},\"image\":{\"@id\":\"https:\/\/comec.eu.com\/#\/schema\/logo\/image\/\"}}]}<\/script>\n<!-- \/ Yoast SEO plugin. -->","yoast_head_json":{"title":"Qoncept Engineering - Comec","robots":{"index":"index","follow":"follow","max-snippet":"max-snippet:-1","max-image-preview":"max-image-preview:large","max-video-preview":"max-video-preview:-1"},"canonical":"https:\/\/comec.eu.com\/engineering-and-turnkey-plants\/qoncept-engineering\/","og_locale":"fr_FR","og_type":"article","og_title":"Qoncept Engineering - Comec","og_url":"https:\/\/comec.eu.com\/engineering-and-turnkey-plants\/qoncept-engineering\/","og_site_name":"Comec","article_modified_time":"2026-02-19T09:12:49+00:00","twitter_card":"summary_large_image","twitter_misc":{"Dur\u00e9e de lecture estim\u00e9e":"5 minutes"},"schema":{"@context":"https:\/\/schema.org","@graph":[{"@type":"WebPage","@id":"https:\/\/comec.eu.com\/engineering-and-turnkey-plants\/qoncept-engineering\/","url":"https:\/\/comec.eu.com\/engineering-and-turnkey-plants\/qoncept-engineering\/","name":"Qoncept Engineering - Comec","isPartOf":{"@id":"https:\/\/comec.eu.com\/#website"},"datePublished":"2026-02-09T08:18:18+00:00","dateModified":"2026-02-19T09:12:49+00:00","breadcrumb":{"@id":"https:\/\/comec.eu.com\/engineering-and-turnkey-plants\/qoncept-engineering\/#breadcrumb"},"inLanguage":"fr-FR","potentialAction":[{"@type":"ReadAction","target":["https:\/\/comec.eu.com\/engineering-and-turnkey-plants\/qoncept-engineering\/"]}]},{"@type":"BreadcrumbList","@id":"https:\/\/comec.eu.com\/engineering-and-turnkey-plants\/qoncept-engineering\/#breadcrumb","itemListElement":[{"@type":"ListItem","position":1,"name":"Home","item":"https:\/\/comec.eu.com\/"},{"@type":"ListItem","position":2,"name":"Ing\u00e9nierie et usines cl\u00e9s en main","item":"https:\/\/comec.eu.com\/engineering-and-turnkey-plants\/"},{"@type":"ListItem","position":3,"name":"Qoncept Engineering"}]},{"@type":"WebSite","@id":"https:\/\/comec.eu.com\/#website","url":"https:\/\/comec.eu.com\/","name":"Comec - Avantgarde Engineering","description":"","publisher":{"@id":"https:\/\/comec.eu.com\/#organization"},"potentialAction":[{"@type":"SearchAction","target":{"@type":"EntryPoint","urlTemplate":"https:\/\/comec.eu.com\/?s={search_term_string}"},"query-input":{"@type":"PropertyValueSpecification","valueRequired":true,"valueName":"search_term_string"}}],"inLanguage":"fr-FR"},{"@type":"Organization","@id":"https:\/\/comec.eu.com\/#organization","name":"Comec","url":"https:\/\/comec.eu.com\/","logo":{"@type":"ImageObject","inLanguage":"fr-FR","@id":"https:\/\/comec.eu.com\/#\/schema\/logo\/image\/","url":"https:\/\/comec.eu.com\/wp-content\/uploads\/2025\/11\/comec-logo.png","contentUrl":"https:\/\/comec.eu.com\/wp-content\/uploads\/2025\/11\/comec-logo.png","width":966,"height":266,"caption":"Comec"},"image":{"@id":"https:\/\/comec.eu.com\/#\/schema\/logo\/image\/"}}]}},"_links":{"self":[{"href":"https:\/\/comec.eu.com\/fr\/wp-json\/wp\/v2\/pages\/42204","targetHints":{"allow":["GET"]}}],"collection":[{"href":"https:\/\/comec.eu.com\/fr\/wp-json\/wp\/v2\/pages"}],"about":[{"href":"https:\/\/comec.eu.com\/fr\/wp-json\/wp\/v2\/types\/page"}],"author":[{"embeddable":true,"href":"https:\/\/comec.eu.com\/fr\/wp-json\/wp\/v2\/users\/1"}],"replies":[{"embeddable":true,"href":"https:\/\/comec.eu.com\/fr\/wp-json\/wp\/v2\/comments?post=42204"}],"version-history":[{"count":8,"href":"https:\/\/comec.eu.com\/fr\/wp-json\/wp\/v2\/pages\/42204\/revisions"}],"predecessor-version":[{"id":42942,"href":"https:\/\/comec.eu.com\/fr\/wp-json\/wp\/v2\/pages\/42204\/revisions\/42942"}],"up":[{"embeddable":true,"href":"https:\/\/comec.eu.com\/fr\/wp-json\/wp\/v2\/pages\/42120"}],"wp:attachment":[{"href":"https:\/\/comec.eu.com\/fr\/wp-json\/wp\/v2\/media?parent=42204"}],"curies":[{"name":"wp","href":"https:\/\/api.w.org\/{rel}","templated":true}]}}