{"id":42195,"date":"2026-02-09T08:19:47","date_gmt":"2026-02-09T08:19:47","guid":{"rendered":"https:\/\/comec.eu.com\/ingenierie-et-usines-cles-en-main\/traitement-des-liquides\/"},"modified":"2026-02-19T08:23:12","modified_gmt":"2026-02-19T08:23:12","slug":"traitement-des-liquides","status":"publish","type":"page","link":"https:\/\/comec.eu.com\/fr\/ingenierie-et-usines-cles-en-main\/traitement-des-liquides\/","title":{"rendered":"Traitement des liquides"},"content":{"rendered":"<section class=\"l-section wpb_row us_custom_8b18cbbc height_medium\"><div class=\"l-section-overlay\" style=\"background:rgba(26,26,26,0.6)\"><\/div><div class=\"l-section-h i-cf\"><div class=\"g-cols vc_row via_grid cols_3-1 laptops-cols_inherit tablets-cols_inherit mobiles-cols_1 valign_middle type_default stacking_default\"><div class=\"wpb_column vc_column_container us_custom_7e20fa79 us_animate_this\"><div class=\"vc_column-inner\"><div class=\"wpb_text_column us_custom_de150e26 has_text_color\"><div class=\"wpb_wrapper\"><h1 class=\"text-5xl md:text-6xl font-light text-white mb-4\">Traitement des liquides<\/h1>\n<\/div><\/div><div class=\"w-separator size_small\"><\/div><div class=\"wpb_text_column us_custom_836f727b has_text_color\"><div class=\"wpb_wrapper\"><p><span>Syst\u00e8mes de stockage, transport et dosage hautement personnalis\u00e9s pour liquides<\/span><\/p>\n<\/div><\/div><\/div><\/div><div class=\"wpb_column vc_column_container\"><div class=\"vc_column-inner\"><\/div><\/div><\/div><\/div><\/section><section class=\"l-section wpb_row height_medium\"><div class=\"l-section-h i-cf\"><div class=\"g-cols vc_row via_grid cols_2 laptops-cols_inherit tablets-cols_inherit mobiles-cols_1 valign_top type_default stacking_default\"><div class=\"wpb_column vc_column_container\"><div class=\"vc_column-inner\"><div class=\"wpb_text_column us_custom_432d3f53 list-arrow\"><div class=\"wpb_wrapper\"><p>L\u2019ing\u00e9nierie Comec d\u00e9veloppe des syst\u00e8mes de dosage, de stockage et de transport de mati\u00e8res premi\u00e8res liquides hautement personnalis\u00e9s, con\u00e7us pour garantir un maximum de pr\u00e9cision, de fiabilit\u00e9 et d\u2019efficacit\u00e9 de processus. Chaque installation est con\u00e7ue en fonction des exigences de formulation sp\u00e9cifiques, des volumes de production et de l\u2019agencement de l\u2019usine du client, garantissant une int\u00e9gration parfaite au sein d\u2019environnements de fabrication existants ou nouveaux. <\/p>\n<p>Nos solutions sont con\u00e7ues pour <strong>optimiser le flux de mati\u00e8res, pr\u00e9server l\u2019int\u00e9grit\u00e9 des produits et r\u00e9duire les d\u00e9chets, tout en respectant les normes de s\u00e9curit\u00e9 et de propret\u00e9 les plus strictes<\/strong>. Du stockage en vrac au micro-dosage pr\u00e9cis, chaque composant est con\u00e7u pour fonctionner au sein d\u2019un syst\u00e8me enti\u00e8rement coordonn\u00e9 et automatis\u00e9. <\/p>\n<p>Nos solutions comprennent :<\/p>\n<ul>\n<li><strong>Silos et r\u00e9servoirs de vrac<\/strong> pour r\u00e9sines, con\u00e7us pour un stockage s\u00fbr et un transfert contr\u00f4l\u00e9<\/li>\n<li><strong>Racks d\u2019additifs<\/strong> avec GRV en plastique ou en acier, con\u00e7us pour la flexibilit\u00e9 et une gestion ais\u00e9e des mat\u00e9riaux<\/li>\n<li><strong>Tr\u00e9mies de pesage<\/strong> de haute pr\u00e9cision pour un dosage pr\u00e9cis des additifs et un contr\u00f4le de la formulation<\/li>\n<li>\u00c9quipements \u00e0 <strong>faible r\u00e9sidu et autonettoyants<\/strong> pour minimiser la perte de produit et r\u00e9duire le temps de maintenance<\/li>\n<li>Technologies <strong>sans contamination et sans poussi\u00e8re<\/strong> pour garantir la puret\u00e9 du produit et la s\u00e9curit\u00e9 de l\u2019op\u00e9rateur<\/li>\n<li><strong>Syst\u00e8mes de raclage<\/strong> de nettoyage avanc\u00e9s pour un nettoyage efficace des lignes, des changements de produits rapides et un temps d\u2019arr\u00eat minimal<\/li>\n<\/ul>\n<p>En combinant robustesse m\u00e9canique et contr\u00f4le de processus intelligent, Comec fournit des syst\u00e8mes complets de manipulation de liquides qui am\u00e9liorent la productivit\u00e9, garantissent la r\u00e9p\u00e9tabilit\u00e9 et soutiennent des performances de fabrication constantes et de haute qualit\u00e9 dans le temps.<\/p>\n<\/div><\/div><\/div><\/div><div class=\"wpb_column vc_column_container\"><div class=\"vc_column-inner\"><div class=\"w-image align_none\"><div class=\"w-image-h\"><img decoding=\"async\" width=\"767\" height=\"1024\" src=\"https:\/\/comec.eu.com\/wp-content\/uploads\/2026\/02\/Pagina-27-767x1024.jpg\" class=\"attachment-large size-large\" alt=\"\" loading=\"lazy\" srcset=\"https:\/\/comec.eu.com\/wp-content\/uploads\/2026\/02\/Pagina-27-767x1024.jpg 767w, https:\/\/comec.eu.com\/wp-content\/uploads\/2026\/02\/Pagina-27-225x300.jpg 225w, https:\/\/comec.eu.com\/wp-content\/uploads\/2026\/02\/Pagina-27-scaled.jpg 1917w\" sizes=\"auto, (max-width: 767px) 100vw, 767px\" \/><\/div><\/div><\/div><\/div><\/div><\/div><\/section><section class=\"l-section wpb_row height_huge\"><div class=\"l-section-h i-cf\"><div class=\"g-cols vc_row via_grid cols_2 laptops-cols_inherit tablets-cols_inherit mobiles-cols_1 valign_middle type_default stacking_default\"><div class=\"wpb_column vc_column_container\"><div class=\"vc_column-inner\"><div class=\"w-image align_none\"><div class=\"w-image-h\"><img decoding=\"async\" width=\"1024\" height=\"768\" src=\"https:\/\/comec.eu.com\/wp-content\/uploads\/2026\/02\/Pagina-26_posizione-1.jpeg\" class=\"attachment-large size-large\" alt=\"\" loading=\"lazy\" srcset=\"https:\/\/comec.eu.com\/wp-content\/uploads\/2026\/02\/Pagina-26_posizione-1.jpeg 1024w, https:\/\/comec.eu.com\/wp-content\/uploads\/2026\/02\/Pagina-26_posizione-1-300x225.jpeg 300w\" sizes=\"auto, (max-width: 1024px) 100vw, 1024px\" \/><\/div><\/div><\/div><\/div><div class=\"wpb_column vc_column_container us_custom_47474b22 us_animate_this\"><div class=\"vc_column-inner\"><div class=\"w-iconbox iconabox-titolo iconpos_left style_circle color_custom align_left no_text\"><div class=\"w-iconbox-icon\" style=\"font-size:2rem;--icon-color:#c91618;--icon-bg-color:rgba(201,22,24,0.2);\"><i class=\"fal fa-water-rise\"><\/i><\/div><div class=\"w-iconbox-meta\"><h4 class=\"w-iconbox-title\">Stockage et dosage d&#039;additifs<\/h4><\/div><\/div><div class=\"w-separator size_small\"><\/div><div class=\"wpb_text_column us_custom_432d3f53\"><div class=\"wpb_wrapper\"><p>Syst\u00e8mes de stockage et dosage d&rsquo;additifs, IBC plastique ou acier avec tr\u00e9mies de pesage, syst\u00e8me de livraison vers le r\u00e9servoir de destination et nettoyage automatique.<\/p>\n<p>Avec un syst\u00e8me automatique, la gestion du dosage s&rsquo;effectue via le panneau op\u00e9rateur et la base de donn\u00e9es de recettes. Nous proposons \u00e9galement des r\u00e9servoirs en vrac pour r\u00e9sines.<\/p>\n<\/div><\/div><\/div><\/div><\/div><\/div><\/section><section class=\"l-section wpb_row us_custom_a9be633b height_huge\"><div class=\"l-section-h i-cf\"><div class=\"g-cols vc_row via_grid cols_2 laptops-cols_inherit tablets-cols_inherit mobiles-cols_1 valign_middle type_default stacking_default\"><div class=\"wpb_column vc_column_container us_custom_47474b22 us_animate_this\"><div class=\"vc_column-inner\"><div class=\"w-iconbox iconabox-titolo iconpos_left style_circle color_custom align_left no_text\"><div class=\"w-iconbox-icon\" style=\"font-size:2rem;--icon-color:#c91618;--icon-bg-color:rgba(201,22,24,0.2);\"><i class=\"fal fa-stream\"><\/i><\/div><div class=\"w-iconbox-meta\"><h4 class=\"w-iconbox-title\">Pr\u00e9fabrication de tuyauterie<\/h4><\/div><\/div><div class=\"w-separator size_small\"><\/div><div class=\"wpb_text_column us_custom_432d3f53\"><div class=\"wpb_wrapper\"><p><span>La conception 3D et la pr\u00e9fabrication de tuyauterie sont des \u00e9l\u00e9ments cl\u00e9s pour simplifier votre installation et r\u00e9duire la longueur de tuyauterie. Leur ing\u00e9nierie et assemblage parfait sont \u00e0 la pointe de la technologie, \u00e9vitant les erreurs de calcul de contrainte, charge, temp\u00e9rature et pression de fonctionnement. <\/span><\/p>\n<\/div><\/div><\/div><\/div><div class=\"wpb_column vc_column_container us_custom_7e20fa79 us_animate_this\"><div class=\"vc_column-inner\"><div class=\"w-image align_none\"><div class=\"w-image-h\"><img decoding=\"async\" width=\"561\" height=\"373\" src=\"https:\/\/comec.eu.com\/wp-content\/uploads\/2026\/02\/Pagina-26_posizione-2.jpg\" class=\"attachment-large size-large\" alt=\"\" loading=\"lazy\" srcset=\"https:\/\/comec.eu.com\/wp-content\/uploads\/2026\/02\/Pagina-26_posizione-2.jpg 561w, https:\/\/comec.eu.com\/wp-content\/uploads\/2026\/02\/Pagina-26_posizione-2-300x199.jpg 300w\" sizes=\"auto, (max-width: 561px) 100vw, 561px\" \/><\/div><\/div><\/div><\/div><\/div><\/div><\/section><section class=\"l-section wpb_row height_huge\"><div class=\"l-section-h i-cf\"><div class=\"g-cols vc_row via_grid cols_2 laptops-cols_inherit tablets-cols_inherit mobiles-cols_1 valign_middle type_default stacking_default\"><div class=\"wpb_column vc_column_container\"><div class=\"vc_column-inner\"><div class=\"w-image align_none\"><div class=\"w-image-h\"><img decoding=\"async\" width=\"640\" height=\"427\" src=\"https:\/\/comec.eu.com\/wp-content\/uploads\/2026\/02\/Pagina-26_posizione-3.jpg\" class=\"attachment-large size-large\" alt=\"\" loading=\"lazy\" srcset=\"https:\/\/comec.eu.com\/wp-content\/uploads\/2026\/02\/Pagina-26_posizione-3.jpg 640w, https:\/\/comec.eu.com\/wp-content\/uploads\/2026\/02\/Pagina-26_posizione-3-300x200.jpg 300w\" sizes=\"auto, (max-width: 640px) 100vw, 640px\" \/><\/div><\/div><\/div><\/div><div class=\"wpb_column vc_column_container us_custom_47474b22 us_animate_this\"><div class=\"vc_column-inner\"><div class=\"w-iconbox iconabox-titolo iconpos_left style_circle color_custom align_left no_text\"><div class=\"w-iconbox-icon\" style=\"font-size:2rem;--icon-color:#c91618;--icon-bg-color:rgba(201,22,24,0.2);\"><i class=\"fal fa-industry\"><\/i><\/div><div class=\"w-iconbox-meta\"><h4 class=\"w-iconbox-title\">Syst\u00e8mes de raclage<\/h4><\/div><\/div><div class=\"w-separator size_small\"><\/div><div class=\"wpb_text_column us_custom_432d3f53\"><div class=\"wpb_wrapper\"><div class=\"vc_col-sm-6 wpb_column vc_column_container\">\n<div class=\"vc_column-inner\">\n<div class=\"wpb_wrapper\">\n<div class=\"wpb_text_column us_custom_c4634527 advantages\">\n<div class=\"wpb_wrapper\">\n<div class=\"wpb_text_column us_custom_74132f1f\">\n<div class=\"wpb_wrapper\">\n<p>Le nettoyage efficace fourni par la technologie de raclage est requis pour de nombreux processus actuels lors du passage d&rsquo;un lot \u00e0 l&rsquo;autre.<\/p>\n<p>Les principaux avantages d\u00e9coulant du syst\u00e8me de nettoyage par raclage, outre l&rsquo;absence de perte de produit, sont l&rsquo;augmentation de la productivit\u00e9 et la r\u00e9duction des temps d&rsquo;arr\u00eat lors du changement de produit, la r\u00e9duction des agents de rin\u00e7age et des d\u00e9chets de produit, et des canalisations sans contamination, gr\u00e2ce au syst\u00e8me de raclage int\u00e9gr\u00e9 avec les processus de nettoyage CIP (Cleaning In Place).<\/p>\n<\/div>\n<\/div>\n<\/div>\n<\/div>\n<\/div>\n<\/div>\n<\/div>\n<div class=\"vc_col-sm-6 wpb_column vc_column_container\">\n<div class=\"vc_column-inner\">\n<div class=\"wpb_wrapper\">\n<div class=\"w-image align_none\"><\/div>\n<\/div>\n<\/div>\n<\/div>\n<\/div><\/div><\/div><\/div><\/div><\/div><\/section><section class=\"l-section wpb_row us_custom_a9be633b height_medium\"><div class=\"l-section-h i-cf\"><div class=\"g-cols vc_row via_grid cols_6 laptops-cols_inherit tablets-cols_inherit mobiles-cols_1 valign_top type_default stacking_default\"><div class=\"wpb_column vc_column_container us_custom_7e20fa79 col-iconabox us_animate_this\"><div class=\"vc_column-inner\"><div class=\"w-iconbox iconabox-custom filling iconpos_top style_default color_primary align_center no_text\"><div class=\"w-iconbox-icon\" style=\"font-size:2rem;\"><i class=\"fal fa-soap\"><\/i><\/div><div class=\"w-iconbox-meta\"><h4 class=\"w-iconbox-title\">Station de nettoyage<\/h4><\/div><\/div><\/div><\/div><div class=\"wpb_column vc_column_container us_custom_a640122a col-iconabox us_animate_this\"><div class=\"vc_column-inner\"><div class=\"w-iconbox iconabox-custom filling iconpos_top style_default color_primary align_center no_text\"><div class=\"w-iconbox-icon\" style=\"font-size:2rem;\"><i class=\"fal fa-chart-network\"><\/i><\/div><div class=\"w-iconbox-meta\"><h4 class=\"w-iconbox-title\">Hub<\/h4><\/div><\/div><\/div><\/div><div class=\"wpb_column vc_column_container us_custom_4ef5d869 col-iconabox us_animate_this\"><div class=\"vc_column-inner\"><div class=\"w-iconbox iconabox-custom filling iconpos_top style_default color_primary align_center no_text\"><div class=\"w-iconbox-icon\" style=\"font-size:2rem;\"><i class=\"fal fa-cogs\"><\/i><\/div><div class=\"w-iconbox-meta\"><h4 class=\"w-iconbox-title\">Collecteur<\/h4><\/div><\/div><\/div><\/div><div class=\"wpb_column vc_column_container us_custom_8f7b07a9 col-iconabox us_animate_this\"><div class=\"vc_column-inner\"><div class=\"w-iconbox iconabox-custom filling iconpos_top style_default color_primary align_center no_text\"><div class=\"w-iconbox-icon\" style=\"font-size:2rem;\"><i class=\"fal fa-rocket-launch\"><\/i><\/div><div class=\"w-iconbox-meta\"><h4 class=\"w-iconbox-title\">Station de lancement<\/h4><\/div><\/div><\/div><\/div><div class=\"wpb_column vc_column_container us_custom_44ef4aae col-iconabox us_animate_this\"><div class=\"vc_column-inner\"><div class=\"w-iconbox iconabox-custom filling iconpos_top style_default color_primary align_center no_text\"><div class=\"w-iconbox-icon\" style=\"font-size:2rem;\"><i class=\"fal fa-stream\"><\/i><\/div><div class=\"w-iconbox-meta\"><h4 class=\"w-iconbox-title\">D\u00e9tail du raclage<\/h4><\/div><\/div><\/div><\/div><div class=\"wpb_column vc_column_container us_custom_ef014360 col-iconabox us_animate_this\"><div class=\"vc_column-inner\"><div class=\"w-iconbox iconabox-custom filling iconpos_top style_default color_primary align_center no_text\"><div class=\"w-iconbox-icon\" style=\"font-size:2rem;\"><i class=\"fal fa-tire\"><\/i><\/div><div class=\"w-iconbox-meta\"><h4 class=\"w-iconbox-title\">Disperserurs<\/h4><\/div><\/div><\/div><\/div><\/div><\/div><\/section>\n","protected":false},"excerpt":{"rendered":"Traitement des liquides Syst\u00e8mes de stockage, transport et dosage hautement personnalis\u00e9s pour liquides L\u2019ing\u00e9nierie Comec d\u00e9veloppe des syst\u00e8mes de dosage, de stockage et de transport de mati\u00e8res premi\u00e8res liquides hautement personnalis\u00e9s, con\u00e7us pour garantir un maximum de pr\u00e9cision, de fiabilit\u00e9 et d\u2019efficacit\u00e9 de processus. Chaque installation est con\u00e7ue en fonction des exigences de formulation sp\u00e9cifiques,...","protected":false},"author":1,"featured_media":0,"parent":42120,"menu_order":0,"comment_status":"closed","ping_status":"closed","template":"","meta":{"_acf_changed":false,"footnotes":""},"class_list":["post-42195","page","type-page","status-publish","hentry"],"acf":[],"yoast_head":"<!-- This site is optimized with the Yoast SEO plugin v27.0 - https:\/\/yoast.com\/product\/yoast-seo-wordpress\/ -->\n<title>Traitement des liquides - Comec<\/title>\n<meta name=\"robots\" content=\"index, follow, max-snippet:-1, max-image-preview:large, max-video-preview:-1\" \/>\n<link rel=\"canonical\" href=\"https:\/\/comec.eu.com\/engineering-and-turnkey-plants\/liquids-processing\/\" \/>\n<meta property=\"og:locale\" content=\"fr_FR\" \/>\n<meta property=\"og:type\" content=\"article\" \/>\n<meta property=\"og:title\" content=\"Traitement des liquides - Comec\" \/>\n<meta property=\"og:url\" content=\"https:\/\/comec.eu.com\/engineering-and-turnkey-plants\/liquids-processing\/\" \/>\n<meta property=\"og:site_name\" content=\"Comec\" \/>\n<meta property=\"article:modified_time\" content=\"2026-02-19T08:23:12+00:00\" \/>\n<meta name=\"twitter:card\" content=\"summary_large_image\" \/>\n<meta name=\"twitter:label1\" content=\"Dur\u00e9e de lecture estim\u00e9e\" \/>\n\t<meta name=\"twitter:data1\" content=\"7 minutes\" \/>\n<script type=\"application\/ld+json\" class=\"yoast-schema-graph\">{\"@context\":\"https:\/\/schema.org\",\"@graph\":[{\"@type\":\"WebPage\",\"@id\":\"https:\/\/comec.eu.com\/engineering-and-turnkey-plants\/liquids-processing\/\",\"url\":\"https:\/\/comec.eu.com\/engineering-and-turnkey-plants\/liquids-processing\/\",\"name\":\"Traitement des liquides - Comec\",\"isPartOf\":{\"@id\":\"https:\/\/comec.eu.com\/#website\"},\"datePublished\":\"2026-02-09T08:19:47+00:00\",\"dateModified\":\"2026-02-19T08:23:12+00:00\",\"breadcrumb\":{\"@id\":\"https:\/\/comec.eu.com\/engineering-and-turnkey-plants\/liquids-processing\/#breadcrumb\"},\"inLanguage\":\"fr-FR\",\"potentialAction\":[{\"@type\":\"ReadAction\",\"target\":[\"https:\/\/comec.eu.com\/engineering-and-turnkey-plants\/liquids-processing\/\"]}]},{\"@type\":\"BreadcrumbList\",\"@id\":\"https:\/\/comec.eu.com\/engineering-and-turnkey-plants\/liquids-processing\/#breadcrumb\",\"itemListElement\":[{\"@type\":\"ListItem\",\"position\":1,\"name\":\"Home\",\"item\":\"https:\/\/comec.eu.com\/\"},{\"@type\":\"ListItem\",\"position\":2,\"name\":\"Ing\u00e9nierie et usines cl\u00e9s en main\",\"item\":\"https:\/\/comec.eu.com\/engineering-and-turnkey-plants\/\"},{\"@type\":\"ListItem\",\"position\":3,\"name\":\"Traitement des liquides\"}]},{\"@type\":\"WebSite\",\"@id\":\"https:\/\/comec.eu.com\/#website\",\"url\":\"https:\/\/comec.eu.com\/\",\"name\":\"Comec - Avantgarde Engineering\",\"description\":\"\",\"publisher\":{\"@id\":\"https:\/\/comec.eu.com\/#organization\"},\"potentialAction\":[{\"@type\":\"SearchAction\",\"target\":{\"@type\":\"EntryPoint\",\"urlTemplate\":\"https:\/\/comec.eu.com\/?s={search_term_string}\"},\"query-input\":{\"@type\":\"PropertyValueSpecification\",\"valueRequired\":true,\"valueName\":\"search_term_string\"}}],\"inLanguage\":\"fr-FR\"},{\"@type\":\"Organization\",\"@id\":\"https:\/\/comec.eu.com\/#organization\",\"name\":\"Comec\",\"url\":\"https:\/\/comec.eu.com\/\",\"logo\":{\"@type\":\"ImageObject\",\"inLanguage\":\"fr-FR\",\"@id\":\"https:\/\/comec.eu.com\/#\/schema\/logo\/image\/\",\"url\":\"https:\/\/comec.eu.com\/wp-content\/uploads\/2025\/11\/comec-logo.png\",\"contentUrl\":\"https:\/\/comec.eu.com\/wp-content\/uploads\/2025\/11\/comec-logo.png\",\"width\":966,\"height\":266,\"caption\":\"Comec\"},\"image\":{\"@id\":\"https:\/\/comec.eu.com\/#\/schema\/logo\/image\/\"}}]}<\/script>\n<!-- \/ Yoast SEO plugin. -->","yoast_head_json":{"title":"Traitement des liquides - Comec","robots":{"index":"index","follow":"follow","max-snippet":"max-snippet:-1","max-image-preview":"max-image-preview:large","max-video-preview":"max-video-preview:-1"},"canonical":"https:\/\/comec.eu.com\/engineering-and-turnkey-plants\/liquids-processing\/","og_locale":"fr_FR","og_type":"article","og_title":"Traitement des liquides - Comec","og_url":"https:\/\/comec.eu.com\/engineering-and-turnkey-plants\/liquids-processing\/","og_site_name":"Comec","article_modified_time":"2026-02-19T08:23:12+00:00","twitter_card":"summary_large_image","twitter_misc":{"Dur\u00e9e de lecture estim\u00e9e":"7 minutes"},"schema":{"@context":"https:\/\/schema.org","@graph":[{"@type":"WebPage","@id":"https:\/\/comec.eu.com\/engineering-and-turnkey-plants\/liquids-processing\/","url":"https:\/\/comec.eu.com\/engineering-and-turnkey-plants\/liquids-processing\/","name":"Traitement des liquides - Comec","isPartOf":{"@id":"https:\/\/comec.eu.com\/#website"},"datePublished":"2026-02-09T08:19:47+00:00","dateModified":"2026-02-19T08:23:12+00:00","breadcrumb":{"@id":"https:\/\/comec.eu.com\/engineering-and-turnkey-plants\/liquids-processing\/#breadcrumb"},"inLanguage":"fr-FR","potentialAction":[{"@type":"ReadAction","target":["https:\/\/comec.eu.com\/engineering-and-turnkey-plants\/liquids-processing\/"]}]},{"@type":"BreadcrumbList","@id":"https:\/\/comec.eu.com\/engineering-and-turnkey-plants\/liquids-processing\/#breadcrumb","itemListElement":[{"@type":"ListItem","position":1,"name":"Home","item":"https:\/\/comec.eu.com\/"},{"@type":"ListItem","position":2,"name":"Ing\u00e9nierie et usines cl\u00e9s en main","item":"https:\/\/comec.eu.com\/engineering-and-turnkey-plants\/"},{"@type":"ListItem","position":3,"name":"Traitement des liquides"}]},{"@type":"WebSite","@id":"https:\/\/comec.eu.com\/#website","url":"https:\/\/comec.eu.com\/","name":"Comec - Avantgarde Engineering","description":"","publisher":{"@id":"https:\/\/comec.eu.com\/#organization"},"potentialAction":[{"@type":"SearchAction","target":{"@type":"EntryPoint","urlTemplate":"https:\/\/comec.eu.com\/?s={search_term_string}"},"query-input":{"@type":"PropertyValueSpecification","valueRequired":true,"valueName":"search_term_string"}}],"inLanguage":"fr-FR"},{"@type":"Organization","@id":"https:\/\/comec.eu.com\/#organization","name":"Comec","url":"https:\/\/comec.eu.com\/","logo":{"@type":"ImageObject","inLanguage":"fr-FR","@id":"https:\/\/comec.eu.com\/#\/schema\/logo\/image\/","url":"https:\/\/comec.eu.com\/wp-content\/uploads\/2025\/11\/comec-logo.png","contentUrl":"https:\/\/comec.eu.com\/wp-content\/uploads\/2025\/11\/comec-logo.png","width":966,"height":266,"caption":"Comec"},"image":{"@id":"https:\/\/comec.eu.com\/#\/schema\/logo\/image\/"}}]}},"_links":{"self":[{"href":"https:\/\/comec.eu.com\/fr\/wp-json\/wp\/v2\/pages\/42195","targetHints":{"allow":["GET"]}}],"collection":[{"href":"https:\/\/comec.eu.com\/fr\/wp-json\/wp\/v2\/pages"}],"about":[{"href":"https:\/\/comec.eu.com\/fr\/wp-json\/wp\/v2\/types\/page"}],"author":[{"embeddable":true,"href":"https:\/\/comec.eu.com\/fr\/wp-json\/wp\/v2\/users\/1"}],"replies":[{"embeddable":true,"href":"https:\/\/comec.eu.com\/fr\/wp-json\/wp\/v2\/comments?post=42195"}],"version-history":[{"count":8,"href":"https:\/\/comec.eu.com\/fr\/wp-json\/wp\/v2\/pages\/42195\/revisions"}],"predecessor-version":[{"id":42884,"href":"https:\/\/comec.eu.com\/fr\/wp-json\/wp\/v2\/pages\/42195\/revisions\/42884"}],"up":[{"embeddable":true,"href":"https:\/\/comec.eu.com\/fr\/wp-json\/wp\/v2\/pages\/42120"}],"wp:attachment":[{"href":"https:\/\/comec.eu.com\/fr\/wp-json\/wp\/v2\/media?parent=42195"}],"curies":[{"name":"wp","href":"https:\/\/api.w.org\/{rel}","templated":true}]}}