{"id":42153,"date":"2026-01-05T14:21:41","date_gmt":"2026-01-05T14:21:41","guid":{"rendered":"https:\/\/comec.eu.com\/des-personnes-qui-se-soucient\/"},"modified":"2026-02-19T11:40:59","modified_gmt":"2026-02-19T11:40:59","slug":"des-personnes-qui-se-soucient","status":"publish","type":"page","link":"https:\/\/comec.eu.com\/fr\/service\/des-personnes-qui-se-soucient\/","title":{"rendered":"Des personnes qui se soucient"},"content":{"rendered":"<section class=\"l-section wpb_row us_custom_324a6427 has_text_color height_medium\"><div class=\"l-section-overlay\" style=\"background:rgba(26,26,26,0.5)\"><\/div><div class=\"l-section-h i-cf\"><div class=\"g-cols vc_row via_grid cols_1 laptops-cols_inherit tablets-cols_inherit mobiles-cols_1 valign_middle type_default stacking_default\"><div class=\"wpb_column vc_column_container us_custom_7e20fa79 us_animate_this\"><div class=\"vc_column-inner\"><div class=\"wpb_text_column\"><div class=\"wpb_wrapper\"><h1 style=\"text-align: center; font-weight: normal;\"><span>Des Personnes Qui Se Soucient<\/span><\/h1>\n<\/div><\/div><div class=\"w-separator size_medium\"><\/div><div class=\"wpb_text_column\"><div class=\"wpb_wrapper\"><p style=\"text-align: center;\"><span>Derri\u00e8re chaque solution, il y a quelqu&rsquo;un qui \u00e9coute<\/span><\/p>\n<\/div><\/div><\/div><\/div><\/div><\/div><\/section><section class=\"l-section wpb_row us_custom_7dcda505 has_text_color height_medium\"><div class=\"l-section-h i-cf\"><div class=\"g-cols vc_row via_grid cols_4 laptops-cols_inherit tablets-cols_inherit mobiles-cols_1 valign_top type_default stacking_default\"><div class=\"wpb_column vc_column_container us_custom_7e20fa79 us_animate_this\"><div class=\"vc_column-inner\"><div class=\"wpb_text_column us_custom_c7864ef3\"><div class=\"wpb_wrapper\"><p><span>97%<\/span><\/p>\n<\/div><\/div><div class=\"w-separator size_medium\"><\/div><div class=\"wpb_text_column\"><div class=\"wpb_wrapper\"><p><span>Satisfaction Client<\/span><\/p>\n<\/div><\/div><\/div><\/div><div class=\"wpb_column vc_column_container us_custom_7e20fa79 us_animate_this\"><div class=\"vc_column-inner\"><div class=\"wpb_text_column us_custom_c7864ef3\"><div class=\"wpb_wrapper\"><p><span>2 h<\/span><\/p>\n<\/div><\/div><div class=\"w-separator size_medium\"><\/div><div class=\"wpb_text_column\"><div class=\"wpb_wrapper\"><p><span>Temps de R\u00e9ponse Moyen<\/span><\/p>\n<\/div><\/div><\/div><\/div><div class=\"wpb_column vc_column_container us_custom_47474b22 us_animate_this\"><div class=\"vc_column-inner\"><div class=\"wpb_text_column us_custom_c7864ef3\"><div class=\"wpb_wrapper\"><p><span>50+<\/span><\/p>\n<\/div><\/div><div class=\"w-separator size_medium\"><\/div><div class=\"wpb_text_column\"><div class=\"wpb_wrapper\"><p><span>Pays Desservis<\/span><\/p>\n<\/div><\/div><\/div><\/div><div class=\"wpb_column vc_column_container us_custom_47474b22 us_animate_this\"><div class=\"vc_column-inner\"><div class=\"wpb_text_column us_custom_c7864ef3\"><div class=\"wpb_wrapper\"><p><span>24\/7<\/span><\/p>\n<\/div><\/div><div class=\"w-separator size_medium\"><\/div><div class=\"wpb_text_column\"><div class=\"wpb_wrapper\"><p><span>Disponibilit\u00e9 du Support<\/span><\/p>\n<\/div><\/div><\/div><\/div><\/div><\/div><\/section><section class=\"l-section wpb_row height_huge\"><div class=\"l-section-h i-cf\"><div class=\"g-cols vc_row via_grid cols_2 laptops-cols_inherit tablets-cols_inherit mobiles-cols_1 valign_middle type_default reversed stacking_default\"><div class=\"wpb_column vc_column_container us_custom_8f7b07a9 us_animate_this\"><div class=\"vc_column-inner\"><div class=\"wpb_text_column\"><div class=\"wpb_wrapper\"><h2>Notre Philosophie<\/h2>\n<\/div><\/div><div class=\"w-separator size_small\"><\/div><div class=\"wpb_text_column us_custom_432d3f53\"><div class=\"wpb_wrapper\"><p>Chez Dromont, nous pensons que<span> <\/span><strong class=\"text-foreground\">un service client exceptionnel<\/strong><span> <\/span>n\u2019est pas seulement un service, c\u2019est un \u00e9tat d\u2019esprit qui impr\u00e8gne tout ce que nous faisons.<\/p>\n<p>Notre approche \u00ab People Who Cares \u00bb signifie que chaque membre de l\u2019\u00e9quipe, des ing\u00e9nieurs au personnel d\u2019assistance, s\u2019engage \u00e0 comprendre vos besoins et \u00e0 d\u00e9passer vos attentes.<\/p>\n<p>Nous ne nous contentons pas de vendre des machines ; nous construisons<span> <\/span>des <strong class=\"text-foreground\">partenariats<\/strong>. En choisissant Dromont, vous choisissez une \u00e9quipe qui vous accompagnera tout au long du cycle de vie de vos \u00e9quipements.<\/p>\n<\/div><\/div><\/div><\/div><div class=\"wpb_column vc_column_container us_custom_ff13c409 us_animate_this\"><div class=\"vc_column-inner\"><div class=\"w-image align_none\"><div class=\"w-image-h\"><img decoding=\"async\" width=\"1024\" height=\"683\" src=\"https:\/\/comec.eu.com\/wp-content\/uploads\/2026\/02\/F19E9148-E4BF-47A2-904B-A763EB916E39-1024x683.jpg\" class=\"attachment-large size-large\" alt=\"\" loading=\"lazy\" srcset=\"https:\/\/comec.eu.com\/wp-content\/uploads\/2026\/02\/F19E9148-E4BF-47A2-904B-A763EB916E39-1024x683.jpg 1024w, https:\/\/comec.eu.com\/wp-content\/uploads\/2026\/02\/F19E9148-E4BF-47A2-904B-A763EB916E39-300x200.jpg 300w\" sizes=\"auto, (max-width: 1024px) 100vw, 1024px\" \/><\/div><\/div><\/div><\/div><\/div><\/div><\/section><section class=\"l-section wpb_row us_custom_60e9caca us_animate_this height_medium color_alternate\"><div class=\"l-section-h i-cf\"><div class=\"g-cols vc_row via_grid cols_1 laptops-cols_inherit tablets-cols_inherit mobiles-cols_1 valign_top type_default stacking_default\"><div class=\"wpb_column vc_column_container\"><div class=\"vc_column-inner\"><div class=\"wpb_text_column\"><div class=\"wpb_wrapper\"><h2 style=\"text-align: center;\">V\u00e9ritable <span style=\"color: #c91618;\">Partenariat<\/span><\/h2>\n<\/div><\/div><div class=\"w-separator size_medium\"><\/div><div class=\"wpb_text_column\"><div class=\"wpb_wrapper\"><p>Le service client est souvent per\u00e7u comme une fonction r\u00e9active.<br \/>\nNous le voyons diff\u00e9remment.<\/p>\n<p>Notre \u00e9quipe travaille comme un partenaire technique, combinant une connaissance approfondie des produits avec une exp\u00e9rience pratique dans de v\u00e9ritables environnements de production. Cela nous permet de comprendre rapidement les probl\u00e8mes, d&rsquo;anticiper les besoins et de fournir des solutions durables. <\/p>\n<p>Qu&rsquo;il s&rsquo;agisse de d\u00e9pannage, d&rsquo;optimisation ou de maintenance pr\u00e9ventive, notre objectif est toujours le m\u00eame : maintenir votre production au meilleur niveau. <\/p>\n<\/div><\/div><div class=\"w-separator size_medium\"><\/div><div class=\"g-cols wpb_row via_grid cols_4 laptops-cols_inherit tablets-cols_inherit mobiles-cols_1 valign_top type_default stacking_default\" style=\"--columns-gap:3rem;\"><div class=\"wpb_column vc_column_container us_custom_8f7b07a9 us_animate_this\"><div class=\"vc_column-inner\"><div class=\"w-iconbox iconabox-custom iconpos_top style_circle color_custom align_left\"><div class=\"w-iconbox-icon\" style=\"font-size:2rem;--icon-color:#c91618;--icon-bg-color:rgba(201,22,24,0.2);\"><i class=\"fal fa-heart\"><\/i><\/div><div class=\"w-iconbox-meta\"><h4 class=\"w-iconbox-title\">Passion<\/h4><div class=\"w-iconbox-text\"><p><span>Nous sommes passionn\u00e9s par ce que nous faisons et engag\u00e9s \u00e0 offrir l&rsquo;excellence dans chaque interaction.<\/span><\/p>\n<\/div><\/div><\/div><\/div><\/div><div class=\"wpb_column vc_column_container us_custom_8f7b07a9 us_animate_this\"><div class=\"vc_column-inner\"><div class=\"w-iconbox iconabox-custom iconpos_top style_circle color_custom align_left\"><div class=\"w-iconbox-icon\" style=\"font-size:2rem;--icon-color:#c91618;--icon-bg-color:rgba(201,22,24,0.2);\"><i class=\"fal fa-users\"><\/i><\/div><div class=\"w-iconbox-meta\"><h4 class=\"w-iconbox-title\">Partenariat<\/h4><div class=\"w-iconbox-text\"><p><span>Nous \u00e9tablissons des relations durables avec nos clients, devenant de v\u00e9ritables partenaires dans leur succ\u00e8s.<\/span><\/p>\n<\/div><\/div><\/div><\/div><\/div><div class=\"wpb_column vc_column_container us_custom_ff13c409 us_animate_this\"><div class=\"vc_column-inner\"><div class=\"w-iconbox iconabox-custom iconpos_top style_circle color_custom align_left\"><div class=\"w-iconbox-icon\" style=\"font-size:2rem;--icon-color:#c91618;--icon-bg-color:rgba(201,22,24,0.2);\"><i class=\"fal fa-clock\"><\/i><\/div><div class=\"w-iconbox-meta\"><h4 class=\"w-iconbox-title\">R\u00e9activit\u00e9<\/h4><div class=\"w-iconbox-text\"><p><span>Nous comprenons que le temps est critique. Notre \u00e9quipe r\u00e9pond rapidement et efficacement \u00e0 chaque demande. <\/span><\/p>\n<\/div><\/div><\/div><\/div><\/div><div class=\"wpb_column vc_column_container us_custom_ff13c409 us_animate_this\"><div class=\"vc_column-inner\"><div class=\"w-iconbox iconabox-custom iconpos_top style_circle color_custom align_left\"><div class=\"w-iconbox-icon\" style=\"font-size:2rem;--icon-color:#c91618;--icon-bg-color:rgba(201,22,24,0.2);\"><i class=\"fal fa-award\"><\/i><\/div><div class=\"w-iconbox-meta\"><h4 class=\"w-iconbox-title\">Expertise<\/h4><div class=\"w-iconbox-text\"><p><span>Notre \u00e9quipe se compose de professionnels hautement qualifi\u00e9s avec une connaissance approfondie de nos technologies.<\/span><\/p>\n<\/div><\/div><\/div><\/div><\/div><\/div><\/div><\/div><\/div><\/div><\/section><section class=\"l-section wpb_row us_custom_60e9caca us_animate_this height_medium\"><div class=\"l-section-h i-cf\"><div class=\"g-cols vc_row via_grid cols_1 laptops-cols_inherit tablets-cols_inherit mobiles-cols_1 valign_top type_default stacking_default\"><div class=\"wpb_column vc_column_container\"><div class=\"vc_column-inner\"><div class=\"wpb_text_column\"><div class=\"wpb_wrapper\"><h2 style=\"text-align: center;\">Comment Nous <span style=\"color: #c91618;\">Vous<\/span> Accompagnons<\/h2>\n<\/div><\/div><div class=\"w-separator size_medium\"><\/div><div class=\"wpb_text_column\"><div class=\"wpb_wrapper\"><p>De nombreux membres de notre \u00e9quipe de service client sont dans l&rsquo;entreprise depuis des d\u00e9cennies. Cette continuit\u00e9 se traduit par quelque chose d&rsquo;inestimable : une exp\u00e9rience qui ne peut pas s&rsquo;apprendre uniquement dans les manuels. <\/p>\n<p>Cela signifie :<\/p>\n<ul>\n<li>Conna\u00eetre les machines de fond en comble<\/li>\n<li>Comprendre comment les processus \u00e9voluent dans le temps<\/li>\n<li>Reconna\u00eetre les probl\u00e8mes avant qu&rsquo;ils ne deviennent critiques<\/li>\n<\/ul>\n<p>Et surtout, cela signifie parler le m\u00eame langage que nos clients. <\/p>\n<\/div><\/div><div class=\"w-separator size_medium\"><\/div><div class=\"g-cols wpb_row via_grid cols_4 laptops-cols_inherit tablets-cols_inherit mobiles-cols_1 valign_top type_default stacking_default\" style=\"--columns-gap:3rem;\"><div class=\"wpb_column vc_column_container us_custom_8f7b07a9 us_animate_this\"><div class=\"vc_column-inner\"><div class=\"w-iconbox iconabox-custom iconpos_top style_circle color_custom align_left\"><div class=\"w-iconbox-icon\" style=\"font-size:2rem;--icon-color:#c91618;--icon-bg-color:rgba(201,22,24,0.2);\"><i class=\"fal fa-headset\"><\/i><\/div><div class=\"w-iconbox-meta\"><h4 class=\"w-iconbox-title\">Support 24 h\/24 et 7 j\/7<\/h4><div class=\"w-iconbox-text\"><p><span>Assistance 24 h\/24 pour les probl\u00e8mes critiques<\/span><\/p>\n<\/div><\/div><\/div><\/div><\/div><div class=\"wpb_column vc_column_container us_custom_8f7b07a9 us_animate_this\"><div class=\"vc_column-inner\"><div class=\"w-iconbox iconabox-custom iconpos_top style_circle color_custom align_left\"><div class=\"w-iconbox-icon\" style=\"font-size:2rem;--icon-color:#c91618;--icon-bg-color:rgba(201,22,24,0.2);\"><i class=\"fal fa-globe\"><\/i><\/div><div class=\"w-iconbox-meta\"><h4 class=\"w-iconbox-title\">Port\u00e9e Mondiale<\/h4><div class=\"w-iconbox-text\"><p><span>\u00c9quipes de service dans plus de 50 pays dans le monde<\/span><\/p>\n<\/div><\/div><\/div><\/div><\/div><div class=\"wpb_column vc_column_container us_custom_ff13c409 us_animate_this\"><div class=\"vc_column-inner\"><div class=\"w-iconbox iconabox-custom iconpos_top style_circle color_custom align_left\"><div class=\"w-iconbox-icon\" style=\"font-size:2rem;--icon-color:#c91618;--icon-bg-color:rgba(201,22,24,0.2);\"><i class=\"fal fa-shield\"><\/i><\/div><div class=\"w-iconbox-meta\"><h4 class=\"w-iconbox-title\">Soins Pr\u00e9ventifs<\/h4><div class=\"w-iconbox-text\"><p><span>Maintenance proactive pour pr\u00e9venir les arr\u00eats<\/span><\/p>\n<\/div><\/div><\/div><\/div><\/div><div class=\"wpb_column vc_column_container us_custom_ff13c409 us_animate_this\"><div class=\"vc_column-inner\"><div class=\"w-iconbox iconabox-custom iconpos_top style_circle color_custom align_left\"><div class=\"w-iconbox-icon\" style=\"font-size:2rem;--icon-color:#c91618;--icon-bg-color:rgba(201,22,24,0.2);\"><i class=\"fal fa-tachometer-alt-fast\"><\/i><\/div><div class=\"w-iconbox-meta\"><h4 class=\"w-iconbox-title\">R\u00e9ponse Rapide<\/h4><div class=\"w-iconbox-text\"><p><span>Temps de r\u00e9ponse moyen inf\u00e9rieur \u00e0 2 heures<\/span><\/p>\n<\/div><\/div><\/div><\/div><\/div><\/div><\/div><\/div><\/div><\/div><\/section><section class=\"l-section wpb_row us_custom_cead63f3 has_text_color height_medium\"><div class=\"l-section-h i-cf\"><div class=\"g-cols vc_row via_grid cols_2 laptops-cols_inherit tablets-cols_inherit mobiles-cols_1 valign_middle type_default stacking_default\"><div class=\"wpb_column vc_column_container us_custom_7e20fa79 us_animate_this\"><div class=\"vc_column-inner\"><div class=\"w-image align_none\"><div class=\"w-image-h\"><img decoding=\"async\" width=\"1024\" height=\"690\" src=\"https:\/\/comec.eu.com\/wp-content\/uploads\/2026\/02\/Foto-news-e-Ticketing-1024x690.png\" class=\"attachment-large size-large\" alt=\"\" loading=\"lazy\" srcset=\"https:\/\/comec.eu.com\/wp-content\/uploads\/2026\/02\/Foto-news-e-Ticketing-1024x690.png 1024w, https:\/\/comec.eu.com\/wp-content\/uploads\/2026\/02\/Foto-news-e-Ticketing-300x202.png 300w, https:\/\/comec.eu.com\/wp-content\/uploads\/2026\/02\/Foto-news-e-Ticketing.png 1262w\" sizes=\"auto, (max-width: 1024px) 100vw, 1024px\" \/><\/div><\/div><\/div><\/div><div class=\"wpb_column vc_column_container us_custom_47474b22 us_animate_this\"><div class=\"vc_column-inner\"><div class=\"wpb_text_column\"><div class=\"wpb_wrapper\"><h2>Rencontrez Notre \u00c9quipe<\/h2>\n<\/div><\/div><div class=\"w-separator size_small\"><\/div><div class=\"wpb_text_column\"><div class=\"wpb_wrapper\"><p>Nos machines fonctionnent dans le monde entier, et notre support aussi.<\/p>\n<p>Gr\u00e2ce \u00e0 l&rsquo;assistance \u00e0 distance, aux interventions sur site et au suivi technique continu, nous veillons \u00e0 ce que la distance ne devienne jamais un obstacle. O\u00f9 que soit situ\u00e9e votre usine, notre \u00e9quipe est pr\u00eate \u00e0 vous accompagner avec la m\u00eame attention et le m\u00eame engagement. <\/p>\n<\/div><\/div><div class=\"w-separator size_small\"><\/div><div class=\"w-btn-wrapper align_none\"><a class=\"w-btn us-btn-style_3\" target=\"_blank\" href=\"https:\/\/service.dromont.com\/hc\/en-us\/requests\/new\"><span class=\"w-btn-label\">Contactez notre \u00e9quipe<\/span><\/a><\/div><\/div><\/div><\/div><\/div><\/section>\n","protected":false},"excerpt":{"rendered":"Des Personnes Qui Se Soucient Derri\u00e8re chaque solution, il y a quelqu&rsquo;un qui \u00e9coute 97% Satisfaction Client 2 h Temps de R\u00e9ponse Moyen 50+ Pays Desservis 24\/7 Disponibilit\u00e9 du Support Notre Philosophie Chez Dromont, nous pensons que un service client exceptionnel n\u2019est pas seulement un service, c\u2019est un \u00e9tat d\u2019esprit qui impr\u00e8gne tout ce que...","protected":false},"author":1,"featured_media":0,"parent":42340,"menu_order":0,"comment_status":"closed","ping_status":"closed","template":"","meta":{"_acf_changed":false,"footnotes":""},"class_list":["post-42153","page","type-page","status-publish","hentry"],"acf":[],"yoast_head":"<!-- This site is optimized with the Yoast SEO plugin v27.0 - https:\/\/yoast.com\/product\/yoast-seo-wordpress\/ -->\n<title>Des personnes qui se soucient - Comec<\/title>\n<meta name=\"robots\" content=\"index, follow, max-snippet:-1, max-image-preview:large, max-video-preview:-1\" \/>\n<link rel=\"canonical\" href=\"https:\/\/comec.eu.com\/service\/people-who-cares\/\" \/>\n<meta property=\"og:locale\" content=\"fr_FR\" \/>\n<meta property=\"og:type\" content=\"article\" \/>\n<meta property=\"og:title\" content=\"Des personnes qui se soucient - Comec\" \/>\n<meta property=\"og:url\" content=\"https:\/\/comec.eu.com\/service\/people-who-cares\/\" \/>\n<meta property=\"og:site_name\" content=\"Comec\" \/>\n<meta property=\"article:modified_time\" content=\"2026-02-19T11:40:59+00:00\" \/>\n<meta name=\"twitter:card\" content=\"summary_large_image\" \/>\n<meta name=\"twitter:label1\" content=\"Dur\u00e9e de lecture estim\u00e9e\" \/>\n\t<meta name=\"twitter:data1\" content=\"7 minutes\" \/>\n<script type=\"application\/ld+json\" class=\"yoast-schema-graph\">{\"@context\":\"https:\/\/schema.org\",\"@graph\":[{\"@type\":\"WebPage\",\"@id\":\"https:\/\/comec.eu.com\/service\/people-who-cares\/\",\"url\":\"https:\/\/comec.eu.com\/service\/people-who-cares\/\",\"name\":\"Des personnes qui se soucient - Comec\",\"isPartOf\":{\"@id\":\"https:\/\/comec.eu.com\/#website\"},\"datePublished\":\"2026-01-05T14:21:41+00:00\",\"dateModified\":\"2026-02-19T11:40:59+00:00\",\"breadcrumb\":{\"@id\":\"https:\/\/comec.eu.com\/service\/people-who-cares\/#breadcrumb\"},\"inLanguage\":\"fr-FR\",\"potentialAction\":[{\"@type\":\"ReadAction\",\"target\":[\"https:\/\/comec.eu.com\/service\/people-who-cares\/\"]}]},{\"@type\":\"BreadcrumbList\",\"@id\":\"https:\/\/comec.eu.com\/service\/people-who-cares\/#breadcrumb\",\"itemListElement\":[{\"@type\":\"ListItem\",\"position\":1,\"name\":\"Home\",\"item\":\"https:\/\/comec.eu.com\/\"},{\"@type\":\"ListItem\",\"position\":2,\"name\":\"Service\",\"item\":\"https:\/\/comec.eu.com\/service\/\"},{\"@type\":\"ListItem\",\"position\":3,\"name\":\"Des personnes qui se soucient\"}]},{\"@type\":\"WebSite\",\"@id\":\"https:\/\/comec.eu.com\/#website\",\"url\":\"https:\/\/comec.eu.com\/\",\"name\":\"Comec - Avantgarde Engineering\",\"description\":\"\",\"publisher\":{\"@id\":\"https:\/\/comec.eu.com\/#organization\"},\"potentialAction\":[{\"@type\":\"SearchAction\",\"target\":{\"@type\":\"EntryPoint\",\"urlTemplate\":\"https:\/\/comec.eu.com\/?s={search_term_string}\"},\"query-input\":{\"@type\":\"PropertyValueSpecification\",\"valueRequired\":true,\"valueName\":\"search_term_string\"}}],\"inLanguage\":\"fr-FR\"},{\"@type\":\"Organization\",\"@id\":\"https:\/\/comec.eu.com\/#organization\",\"name\":\"Comec\",\"url\":\"https:\/\/comec.eu.com\/\",\"logo\":{\"@type\":\"ImageObject\",\"inLanguage\":\"fr-FR\",\"@id\":\"https:\/\/comec.eu.com\/#\/schema\/logo\/image\/\",\"url\":\"https:\/\/comec.eu.com\/wp-content\/uploads\/2025\/11\/comec-logo.png\",\"contentUrl\":\"https:\/\/comec.eu.com\/wp-content\/uploads\/2025\/11\/comec-logo.png\",\"width\":966,\"height\":266,\"caption\":\"Comec\"},\"image\":{\"@id\":\"https:\/\/comec.eu.com\/#\/schema\/logo\/image\/\"}}]}<\/script>\n<!-- \/ Yoast SEO plugin. -->","yoast_head_json":{"title":"Des personnes qui se soucient - Comec","robots":{"index":"index","follow":"follow","max-snippet":"max-snippet:-1","max-image-preview":"max-image-preview:large","max-video-preview":"max-video-preview:-1"},"canonical":"https:\/\/comec.eu.com\/service\/people-who-cares\/","og_locale":"fr_FR","og_type":"article","og_title":"Des personnes qui se soucient - Comec","og_url":"https:\/\/comec.eu.com\/service\/people-who-cares\/","og_site_name":"Comec","article_modified_time":"2026-02-19T11:40:59+00:00","twitter_card":"summary_large_image","twitter_misc":{"Dur\u00e9e de lecture estim\u00e9e":"7 minutes"},"schema":{"@context":"https:\/\/schema.org","@graph":[{"@type":"WebPage","@id":"https:\/\/comec.eu.com\/service\/people-who-cares\/","url":"https:\/\/comec.eu.com\/service\/people-who-cares\/","name":"Des personnes qui se soucient - Comec","isPartOf":{"@id":"https:\/\/comec.eu.com\/#website"},"datePublished":"2026-01-05T14:21:41+00:00","dateModified":"2026-02-19T11:40:59+00:00","breadcrumb":{"@id":"https:\/\/comec.eu.com\/service\/people-who-cares\/#breadcrumb"},"inLanguage":"fr-FR","potentialAction":[{"@type":"ReadAction","target":["https:\/\/comec.eu.com\/service\/people-who-cares\/"]}]},{"@type":"BreadcrumbList","@id":"https:\/\/comec.eu.com\/service\/people-who-cares\/#breadcrumb","itemListElement":[{"@type":"ListItem","position":1,"name":"Home","item":"https:\/\/comec.eu.com\/"},{"@type":"ListItem","position":2,"name":"Service","item":"https:\/\/comec.eu.com\/service\/"},{"@type":"ListItem","position":3,"name":"Des personnes qui se soucient"}]},{"@type":"WebSite","@id":"https:\/\/comec.eu.com\/#website","url":"https:\/\/comec.eu.com\/","name":"Comec - Avantgarde Engineering","description":"","publisher":{"@id":"https:\/\/comec.eu.com\/#organization"},"potentialAction":[{"@type":"SearchAction","target":{"@type":"EntryPoint","urlTemplate":"https:\/\/comec.eu.com\/?s={search_term_string}"},"query-input":{"@type":"PropertyValueSpecification","valueRequired":true,"valueName":"search_term_string"}}],"inLanguage":"fr-FR"},{"@type":"Organization","@id":"https:\/\/comec.eu.com\/#organization","name":"Comec","url":"https:\/\/comec.eu.com\/","logo":{"@type":"ImageObject","inLanguage":"fr-FR","@id":"https:\/\/comec.eu.com\/#\/schema\/logo\/image\/","url":"https:\/\/comec.eu.com\/wp-content\/uploads\/2025\/11\/comec-logo.png","contentUrl":"https:\/\/comec.eu.com\/wp-content\/uploads\/2025\/11\/comec-logo.png","width":966,"height":266,"caption":"Comec"},"image":{"@id":"https:\/\/comec.eu.com\/#\/schema\/logo\/image\/"}}]}},"_links":{"self":[{"href":"https:\/\/comec.eu.com\/fr\/wp-json\/wp\/v2\/pages\/42153","targetHints":{"allow":["GET"]}}],"collection":[{"href":"https:\/\/comec.eu.com\/fr\/wp-json\/wp\/v2\/pages"}],"about":[{"href":"https:\/\/comec.eu.com\/fr\/wp-json\/wp\/v2\/types\/page"}],"author":[{"embeddable":true,"href":"https:\/\/comec.eu.com\/fr\/wp-json\/wp\/v2\/users\/1"}],"replies":[{"embeddable":true,"href":"https:\/\/comec.eu.com\/fr\/wp-json\/wp\/v2\/comments?post=42153"}],"version-history":[{"count":16,"href":"https:\/\/comec.eu.com\/fr\/wp-json\/wp\/v2\/pages\/42153\/revisions"}],"predecessor-version":[{"id":42982,"href":"https:\/\/comec.eu.com\/fr\/wp-json\/wp\/v2\/pages\/42153\/revisions\/42982"}],"up":[{"embeddable":true,"href":"https:\/\/comec.eu.com\/fr\/wp-json\/wp\/v2\/pages\/42340"}],"wp:attachment":[{"href":"https:\/\/comec.eu.com\/fr\/wp-json\/wp\/v2\/media?parent=42153"}],"curies":[{"name":"wp","href":"https:\/\/api.w.org\/{rel}","templated":true}]}}