{"id":42138,"date":"2026-01-05T14:21:25","date_gmt":"2026-01-05T14:21:25","guid":{"rendered":"https:\/\/comec.eu.com\/maintenance-predictive\/"},"modified":"2026-02-19T09:18:24","modified_gmt":"2026-02-19T09:18:24","slug":"maintenance-predictive","status":"publish","type":"page","link":"https:\/\/comec.eu.com\/fr\/service\/maintenance-predictive\/","title":{"rendered":"Maintenance pr\u00e9dictive"},"content":{"rendered":"<section class=\"l-section wpb_row us_custom_a5a11595 has_text_color height_medium\"><div class=\"l-section-overlay\" style=\"background:rgba(26,26,26,0.5)\"><\/div><div class=\"l-section-h i-cf\"><div class=\"g-cols vc_row via_grid cols_1 laptops-cols_inherit tablets-cols_inherit mobiles-cols_1 valign_middle type_default stacking_default\"><div class=\"wpb_column vc_column_container us_custom_7e20fa79 us_animate_this\"><div class=\"vc_column-inner\"><div class=\"wpb_text_column\"><div class=\"wpb_wrapper\"><h1 style=\"text-align: center; font-weight: normal;\"><span>Programme de maintenance pr\u00e9dictive<\/span><\/h1>\n<\/div><\/div><div class=\"w-separator size_medium\"><\/div><div class=\"wpb_text_column\"><div class=\"wpb_wrapper\"><p style=\"text-align: center;\"><span>Augmentez la productivit\u00e9 et capturez des profits suppl\u00e9mentaires gr\u00e2ce aux op\u00e9rations d&rsquo;usine<\/span><\/p>\n<\/div><\/div><\/div><\/div><\/div><\/div><\/section><section class=\"l-section wpb_row us_custom_60e9caca us_animate_this height_medium\"><div class=\"l-section-h i-cf\"><div class=\"g-cols vc_row via_grid cols_1 laptops-cols_inherit tablets-cols_inherit mobiles-cols_1 valign_top type_default stacking_default\"><div class=\"wpb_column vc_column_container\"><div class=\"vc_column-inner\"><div class=\"w-image align_center\"><div class=\"w-image-h\"><img decoding=\"async\" width=\"615\" height=\"331\" src=\"https:\/\/comec.eu.com\/wp-content\/uploads\/2026\/01\/Image1.png\" class=\"attachment-large size-large\" alt=\"\" loading=\"lazy\" srcset=\"https:\/\/comec.eu.com\/wp-content\/uploads\/2026\/01\/Image1.png 615w, https:\/\/comec.eu.com\/wp-content\/uploads\/2026\/01\/Image1-300x161.png 300w\" sizes=\"auto, (max-width: 615px) 100vw, 615px\" \/><\/div><\/div><div class=\"w-separator size_medium\"><\/div><div class=\"wpb_text_column\"><div class=\"wpb_wrapper\"><p>Dans la plupart des cas aujourd&rsquo;hui, la maintenance est programm\u00e9e selon des intervalles pr\u00e9d\u00e9termin\u00e9s. Cela entra\u00eene souvent le remplacement de pi\u00e8ces apr\u00e8s une p\u00e9riode sp\u00e9cifique m\u00eame si elles auraient pu durer beaucoup plus longtemps. Dans les rares cas o\u00f9 la maintenance est bas\u00e9e sur la d\u00e9tection pr\u00e9coce et la pr\u00e9diction de d\u00e9faillances, elle repose principalement sur l&rsquo;exp\u00e9rience du technicien de maintenance et sa familiarit\u00e9 avec l&rsquo;\u00e9quipement. Le jugement humain, cependant, n&rsquo;est pas suffisant pour pr\u00e9dire pr\u00e9matur\u00e9ment et surveiller en continu l&rsquo;\u00e9tat de l&rsquo;\u00e9quipement.   <\/p>\n<p>Pour r\u00e9soudre ces probl\u00e8mes, nous avons lanc\u00e9 notre<span> <\/span><strong class=\"text-foreground\">Logiciel d&rsquo;analyse num\u00e9rique<\/strong><span> <\/span>qui permet l&rsquo;auto-optimisation des machines, augmentant l&rsquo;automatisation et favorisant des op\u00e9rations plus efficaces.<\/p>\n<p>Notre<span> <\/span><strong class=\"text-foreground\">Programme de maintenance pr\u00e9dictive<\/strong><span> <\/span>permet aux utilisateurs finaux de pr\u00e9dire sans fil les probl\u00e8mes et d&rsquo;identifier les solutions, en prenant des mesures proactives avant qu&rsquo;un probl\u00e8me ne se manifeste.<\/p>\n<p>Cela r\u00e9duit les temps d&rsquo;arr\u00eat jusqu&rsquo;\u00e0 50 %, permet un acc\u00e8s plus rapide aux pi\u00e8ces de rechange, prolonge la dur\u00e9e de vie de l&rsquo;\u00e9quipement existant et apporte plusieurs \u00e9conomies de co\u00fbts, notamment les co\u00fbts d&rsquo;\u00e9quipement d&rsquo;usine qui sont r\u00e9duits jusqu&rsquo;\u00e0 40 %.<\/p>\n<\/div><\/div><\/div><\/div><\/div><\/div><\/section><section class=\"l-section wpb_row us_custom_60e9caca us_animate_this height_medium color_alternate\"><div class=\"l-section-h i-cf\"><div class=\"g-cols vc_row via_grid cols_1 laptops-cols_inherit tablets-cols_inherit mobiles-cols_1 valign_top type_default stacking_default\"><div class=\"wpb_column vc_column_container\"><div class=\"vc_column-inner\"><div class=\"wpb_text_column\"><div class=\"wpb_wrapper\"><h2 class=\"text-5xl font-light mb-16 text-center\">Principaux avantages<\/h2>\n<\/div><\/div><div class=\"w-separator size_medium\"><\/div><div class=\"wpb_text_column lista-custom\"><div class=\"wpb_wrapper\"><ul>\n<li>Temps de maintenance r\u00e9duit et acc\u00e8s plus rapide aux pi\u00e8ces de rechange<\/li>\n<li>Temps d&rsquo;arr\u00eat r\u00e9duit d\u00fb \u00e0 la maintenance jusqu&rsquo;\u00e0 50 %<\/li>\n<li>Co\u00fbts d&rsquo;\u00e9quipement d&rsquo;usine et de pi\u00e8ces de rechange r\u00e9duits jusqu&rsquo;\u00e0 40 %<\/li>\n<li>Moins de pannes<\/li>\n<li>Dur\u00e9e de vie de l&rsquo;\u00e9quipement existant prolong\u00e9e<\/li>\n<\/ul>\n<\/div><\/div><\/div><\/div><\/div><\/div><\/section><section class=\"l-section wpb_row us_custom_92d565f4 has_text_color height_medium\"><div class=\"l-section-h i-cf\"><div class=\"g-cols vc_row via_grid cols_1 laptops-cols_inherit tablets-cols_inherit mobiles-cols_1 valign_top type_default stacking_default\"><div class=\"wpb_column vc_column_container\"><div class=\"vc_column-inner\"><div class=\"wpb_text_column us_custom_4a593b65 us_animate_this\"><div class=\"wpb_wrapper\"><h2 style=\"text-align: center;\">Comment cela fonctionne<\/h2>\n<\/div><\/div><div class=\"w-separator size_medium\"><\/div><div class=\"g-cols wpb_row via_grid cols_2 laptops-cols_inherit tablets-cols_inherit mobiles-cols_1 valign_top type_default stacking_default\" style=\"--columns-gap:3rem;\"><div class=\"wpb_column vc_column_container us_custom_7e20fa79 us_animate_this\"><div class=\"vc_column-inner\"><div class=\"wpb_text_column\"><div class=\"wpb_wrapper\"><p>La disruption technologique dans le domaine de<span> <\/span><strong class=\"font-normal\">l&rsquo;Internet des objets (IoT)<\/strong><span> <\/span>est l&rsquo;analyse pr\u00e9dictive sur l&rsquo;IoT.<\/p>\n<p>L&rsquo;analyse pr\u00e9dictive sur l&rsquo;IoT accomplit l&rsquo;objectif d&rsquo;automatisation intelligente pour anticiper et minimiser\/\u00e9liminer les temps d&rsquo;arr\u00eat et les \u00e9v\u00e9nements n\u00e9gatifs impr\u00e9vus dans nos processus et technologies.<\/p>\n<\/div><\/div><\/div><\/div><div class=\"wpb_column vc_column_container us_custom_47474b22 us_animate_this\"><div class=\"vc_column-inner\"><div class=\"wpb_text_column\"><div class=\"wpb_wrapper\"><p>La pr\u00e9sence de plusieurs capteurs sur l&rsquo;\u00e9quipement permet la mesure de diff\u00e9rents param\u00e8tres et l&rsquo;identification d&rsquo;anomalies. Une fois le probl\u00e8me identifi\u00e9, gr\u00e2ce \u00e0 une plateforme d&rsquo;IA, le v\u00e9ritable c\u0153ur des syst\u00e8mes de maintenance pr\u00e9dictive, la solution est \u00e9labor\u00e9e. <\/p>\n<p>L&rsquo;\u00e9tape finale consiste \u00e0 mettre en \u0153uvre le r\u00e9sultat pour atteindre une efficacit\u00e9 sup\u00e9rieure. Le processus implique l&rsquo;utilisation d&rsquo;outils de classification et de regroupement appropri\u00e9s qui nous aident \u00e0 g\u00e9rer les gros ensembles de donn\u00e9es g\u00e9n\u00e9r\u00e9s par les appareils IoT.<\/p>\n<\/div><\/div><\/div><\/div><\/div><\/div><\/div><\/div><\/div><\/section><section class=\"l-section wpb_row height_medium\"><div class=\"l-section-h i-cf\"><div class=\"g-cols vc_row via_grid cols_1 laptops-cols_inherit tablets-cols_inherit mobiles-cols_1 valign_top type_default stacking_default\"><div class=\"wpb_column vc_column_container\"><div class=\"vc_column-inner\"><div class=\"wpb_text_column us_custom_4a593b65 us_animate_this\"><div class=\"wpb_wrapper\"><h2 style=\"text-align: center;\">Maintenance <span style=\"color: #c91618;\">4.0<\/span><\/h2>\n<\/div><\/div><div class=\"w-separator size_medium\"><\/div><div class=\"g-cols wpb_row via_grid cols_3 laptops-cols_inherit tablets-cols_inherit mobiles-cols_1 valign_top type_default stacking_default\" style=\"--columns-gap:3rem;\"><div class=\"wpb_column vc_column_container us_custom_7e20fa79 us_animate_this\"><div class=\"vc_column-inner\"><div class=\"w-iconbox iconabox-custom iconpos_top style_circle color_custom align_left\"><div class=\"w-iconbox-icon\" style=\"font-size:2rem;--icon-color:#c91618;--icon-bg-color:rgba(201,22,24,0.2);\"><i class=\"fal fa-chart-bar\"><\/i><\/div><div class=\"w-iconbox-meta\"><h4 class=\"w-iconbox-title\">Maintenance proactive<\/h4><div class=\"w-iconbox-text\"><p><span>Activation de \u00ab compteurs \u00bb sur des dispositifs s\u00e9lectionn\u00e9s pour la gestion d&rsquo;un plan d&rsquo;interventions de maintenance.<\/span><\/p>\n<\/div><\/div><\/div><\/div><\/div><div class=\"wpb_column vc_column_container us_custom_4a593b65 us_animate_this\"><div class=\"vc_column-inner\"><div class=\"w-iconbox iconabox-custom iconpos_top style_circle color_custom align_left\"><div class=\"w-iconbox-icon\" style=\"font-size:2rem;--icon-color:#c91618;--icon-bg-color:rgba(201,22,24,0.2);\"><i class=\"fal fa-chart-line\"><\/i><\/div><div class=\"w-iconbox-meta\"><h4 class=\"w-iconbox-title\">Maintenance proactive avanc\u00e9e<\/h4><div class=\"w-iconbox-text\"><p><span>Activation de v\u00e9rifications statistiques pour la \u00ab capture \u00bb de valeurs, envoy\u00e9es par les capteurs sur la ligne, qui peuvent \u00eatre marqu\u00e9es comme \u00ab hors limites \u00bb. Ces cas identifient un comportement anormal. <\/span><\/p>\n<\/div><\/div><\/div><\/div><\/div><div class=\"wpb_column vc_column_container us_custom_47474b22 us_animate_this\"><div class=\"vc_column-inner\"><div class=\"w-iconbox iconabox-custom iconpos_top style_circle color_custom align_left\"><div class=\"w-iconbox-icon\" style=\"font-size:2rem;--icon-color:#c91618;--icon-bg-color:rgba(201,22,24,0.2);\"><i class=\"fal fa-tachometer-alt-fast\"><\/i><\/div><div class=\"w-iconbox-meta\"><h4 class=\"w-iconbox-title\">Prochaine maintenance 4.0<\/h4><div class=\"w-iconbox-text\"><p><span>Comec est en cours de d\u00e9veloppement afin de fournir aux clients un service de \u00ab maintenance pr\u00e9dictive \u00bb bas\u00e9 sur les opportunit\u00e9s d&rsquo;analyse avanc\u00e9e.<\/span><\/p>\n<\/div><\/div><\/div><\/div><\/div><\/div><\/div><\/div><\/div><\/div><\/section><section class=\"l-section wpb_row height_medium\"><div class=\"l-section-h i-cf\"><div class=\"g-cols vc_row via_grid cols_1 laptops-cols_inherit tablets-cols_inherit mobiles-cols_1 valign_top type_default stacking_default\"><div class=\"wpb_column vc_column_container\"><div class=\"vc_column-inner\"><div class=\"wpb_text_column us_custom_4eac9b72 has_text_color\"><div class=\"wpb_wrapper\"><h5>La maintenance Comec propose les options suivantes :<\/h5>\n<p>&nbsp;<\/p>\n<p><strong>\u00ab Maintenance proactive \u00bb<\/strong> : activation de \u00ab compteurs \u00bb sur des dispositifs s\u00e9lectionn\u00e9s pour la gestion d&rsquo;un plan d&rsquo;interventions de maintenance.<\/p>\n<p><strong>\u00ab Maintenance proactive avanc\u00e9e \u00bb<\/strong> : activation de v\u00e9rifications statistiques pour la \u00ab capture \u00bb de valeurs, envoy\u00e9es par les capteurs sur la ligne, qui peuvent \u00eatre marqu\u00e9es comme \u00ab hors limites \u00bb. Ces cas identifient un comportement anormal des dispositifs qui peut causer une diminution des performances ou, dans le pire des cas, la panne d&rsquo;un dispositif. <\/p>\n<p><strong>Prochaine maintenance Comec 4.0<\/strong> : Comec est en cours de d\u00e9veloppement afin de fournir aux clients un service de \u00ab maintenance pr\u00e9dictive \u00bb bas\u00e9 sur les opportunit\u00e9s d&rsquo;analyse avanc\u00e9e.<\/p>\n<\/div><\/div><\/div><\/div><\/div><\/div><\/section><section class=\"l-section wpb_row us_custom_60e9caca us_animate_this height_medium color_alternate\"><div class=\"l-section-h i-cf\"><div class=\"g-cols vc_row via_grid cols_1 laptops-cols_inherit tablets-cols_inherit mobiles-cols_1 valign_top type_default stacking_default\"><div class=\"wpb_column vc_column_container\"><div class=\"vc_column-inner\"><div class=\"wpb_text_column\"><div class=\"wpb_wrapper\"><h2 style=\"text-align: center;\">Dispositif de poche et r\u00e9alit\u00e9 augment\u00e9e<\/h2>\n<\/div><\/div><div class=\"w-separator size_medium\"><\/div><div class=\"g-cols wpb_row via_grid cols_2 laptops-cols_inherit tablets-cols_inherit mobiles-cols_1 valign_top type_default stacking_default\" style=\"--columns-gap:3rem;\"><div class=\"wpb_column vc_column_container\"><div class=\"vc_column-inner\"><div class=\"w-iconbox iconabox-custom nobackground iconpos_top style_circle color_custom align_left no_text no_title\"><div class=\"w-iconbox-icon\" style=\"font-size:2rem;--icon-color:#c91618;--icon-bg-color:rgba(201,22,24,0.2);\"><i class=\"fal fa-mobile-android-alt\"><\/i><\/div><div class=\"w-iconbox-meta\"><\/div><\/div><div class=\"w-separator size_medium\"><\/div><div class=\"wpb_text_column\"><div class=\"wpb_wrapper\"><p><span>Avec Comec comme partenaire de confiance,<\/span><span> <\/span><strong>la distance n&rsquo;existe plus<\/strong><span>. En utilisant<\/span><span> <\/span><strong>TeamViewer Assist AR<\/strong><span> notre expert peut guider \u00e0 distance le technicien \u00e0 travers la r\u00e9paration avec la r\u00e9alit\u00e9 augment\u00e9e.<\/span><\/p>\n<\/div><\/div><div class=\"w-separator size_medium\"><\/div><div class=\"wpb_text_column\"><div class=\"wpb_wrapper\"><h5><em>Oubliez tout ce que vous savez sur le support technique !<\/em><\/h5>\n<\/div><\/div><\/div><\/div><div class=\"wpb_column vc_column_container\"><div class=\"vc_column-inner\"><div class=\"w-image align_none\"><div class=\"w-image-h\"><img decoding=\"async\" width=\"683\" height=\"1024\" src=\"https:\/\/comec.eu.com\/wp-content\/uploads\/2026\/02\/L1004881-683x1024.jpg\" class=\"attachment-large size-large\" alt=\"\" loading=\"lazy\" srcset=\"https:\/\/comec.eu.com\/wp-content\/uploads\/2026\/02\/L1004881-683x1024.jpg 683w, https:\/\/comec.eu.com\/wp-content\/uploads\/2026\/02\/L1004881-200x300.jpg 200w, https:\/\/comec.eu.com\/wp-content\/uploads\/2026\/02\/L1004881-scaled.jpg 1707w\" sizes=\"auto, (max-width: 683px) 100vw, 683px\" \/><\/div><\/div><\/div><\/div><\/div><\/div><\/div><\/div><\/div><\/section>\n","protected":false},"excerpt":{"rendered":"Programme de maintenance pr\u00e9dictive Augmentez la productivit\u00e9 et capturez des profits suppl\u00e9mentaires gr\u00e2ce aux op\u00e9rations d&rsquo;usine Dans la plupart des cas aujourd&rsquo;hui, la maintenance est programm\u00e9e selon des intervalles pr\u00e9d\u00e9termin\u00e9s. Cela entra\u00eene souvent le remplacement de pi\u00e8ces apr\u00e8s une p\u00e9riode sp\u00e9cifique m\u00eame si elles auraient pu durer beaucoup plus longtemps. Dans les rares cas o\u00f9...","protected":false},"author":1,"featured_media":0,"parent":42340,"menu_order":0,"comment_status":"closed","ping_status":"closed","template":"","meta":{"_acf_changed":false,"footnotes":""},"class_list":["post-42138","page","type-page","status-publish","hentry"],"acf":[],"yoast_head":"<!-- This site is optimized with the Yoast SEO plugin v27.0 - https:\/\/yoast.com\/product\/yoast-seo-wordpress\/ -->\n<title>Maintenance pr\u00e9dictive - Comec<\/title>\n<meta name=\"robots\" content=\"index, follow, max-snippet:-1, max-image-preview:large, max-video-preview:-1\" \/>\n<link rel=\"canonical\" href=\"https:\/\/comec.eu.com\/service\/predictive-maintenance\/\" \/>\n<meta property=\"og:locale\" content=\"fr_FR\" \/>\n<meta property=\"og:type\" content=\"article\" \/>\n<meta property=\"og:title\" content=\"Maintenance pr\u00e9dictive - Comec\" \/>\n<meta property=\"og:url\" content=\"https:\/\/comec.eu.com\/service\/predictive-maintenance\/\" \/>\n<meta property=\"og:site_name\" content=\"Comec\" \/>\n<meta property=\"article:modified_time\" content=\"2026-02-19T09:18:24+00:00\" \/>\n<meta name=\"twitter:card\" content=\"summary_large_image\" \/>\n<meta name=\"twitter:label1\" content=\"Dur\u00e9e de lecture estim\u00e9e\" \/>\n\t<meta name=\"twitter:data1\" content=\"6 minutes\" \/>\n<script type=\"application\/ld+json\" class=\"yoast-schema-graph\">{\"@context\":\"https:\/\/schema.org\",\"@graph\":[{\"@type\":\"WebPage\",\"@id\":\"https:\/\/comec.eu.com\/service\/predictive-maintenance\/\",\"url\":\"https:\/\/comec.eu.com\/service\/predictive-maintenance\/\",\"name\":\"Maintenance pr\u00e9dictive - Comec\",\"isPartOf\":{\"@id\":\"https:\/\/comec.eu.com\/#website\"},\"datePublished\":\"2026-01-05T14:21:25+00:00\",\"dateModified\":\"2026-02-19T09:18:24+00:00\",\"breadcrumb\":{\"@id\":\"https:\/\/comec.eu.com\/service\/predictive-maintenance\/#breadcrumb\"},\"inLanguage\":\"fr-FR\",\"potentialAction\":[{\"@type\":\"ReadAction\",\"target\":[\"https:\/\/comec.eu.com\/service\/predictive-maintenance\/\"]}]},{\"@type\":\"BreadcrumbList\",\"@id\":\"https:\/\/comec.eu.com\/service\/predictive-maintenance\/#breadcrumb\",\"itemListElement\":[{\"@type\":\"ListItem\",\"position\":1,\"name\":\"Home\",\"item\":\"https:\/\/comec.eu.com\/\"},{\"@type\":\"ListItem\",\"position\":2,\"name\":\"Service\",\"item\":\"https:\/\/comec.eu.com\/service\/\"},{\"@type\":\"ListItem\",\"position\":3,\"name\":\"Maintenance pr\u00e9dictive\"}]},{\"@type\":\"WebSite\",\"@id\":\"https:\/\/comec.eu.com\/#website\",\"url\":\"https:\/\/comec.eu.com\/\",\"name\":\"Comec - Avantgarde Engineering\",\"description\":\"\",\"publisher\":{\"@id\":\"https:\/\/comec.eu.com\/#organization\"},\"potentialAction\":[{\"@type\":\"SearchAction\",\"target\":{\"@type\":\"EntryPoint\",\"urlTemplate\":\"https:\/\/comec.eu.com\/?s={search_term_string}\"},\"query-input\":{\"@type\":\"PropertyValueSpecification\",\"valueRequired\":true,\"valueName\":\"search_term_string\"}}],\"inLanguage\":\"fr-FR\"},{\"@type\":\"Organization\",\"@id\":\"https:\/\/comec.eu.com\/#organization\",\"name\":\"Comec\",\"url\":\"https:\/\/comec.eu.com\/\",\"logo\":{\"@type\":\"ImageObject\",\"inLanguage\":\"fr-FR\",\"@id\":\"https:\/\/comec.eu.com\/#\/schema\/logo\/image\/\",\"url\":\"https:\/\/comec.eu.com\/wp-content\/uploads\/2025\/11\/comec-logo.png\",\"contentUrl\":\"https:\/\/comec.eu.com\/wp-content\/uploads\/2025\/11\/comec-logo.png\",\"width\":966,\"height\":266,\"caption\":\"Comec\"},\"image\":{\"@id\":\"https:\/\/comec.eu.com\/#\/schema\/logo\/image\/\"}}]}<\/script>\n<!-- \/ Yoast SEO plugin. -->","yoast_head_json":{"title":"Maintenance pr\u00e9dictive - Comec","robots":{"index":"index","follow":"follow","max-snippet":"max-snippet:-1","max-image-preview":"max-image-preview:large","max-video-preview":"max-video-preview:-1"},"canonical":"https:\/\/comec.eu.com\/service\/predictive-maintenance\/","og_locale":"fr_FR","og_type":"article","og_title":"Maintenance pr\u00e9dictive - Comec","og_url":"https:\/\/comec.eu.com\/service\/predictive-maintenance\/","og_site_name":"Comec","article_modified_time":"2026-02-19T09:18:24+00:00","twitter_card":"summary_large_image","twitter_misc":{"Dur\u00e9e de lecture estim\u00e9e":"6 minutes"},"schema":{"@context":"https:\/\/schema.org","@graph":[{"@type":"WebPage","@id":"https:\/\/comec.eu.com\/service\/predictive-maintenance\/","url":"https:\/\/comec.eu.com\/service\/predictive-maintenance\/","name":"Maintenance pr\u00e9dictive - Comec","isPartOf":{"@id":"https:\/\/comec.eu.com\/#website"},"datePublished":"2026-01-05T14:21:25+00:00","dateModified":"2026-02-19T09:18:24+00:00","breadcrumb":{"@id":"https:\/\/comec.eu.com\/service\/predictive-maintenance\/#breadcrumb"},"inLanguage":"fr-FR","potentialAction":[{"@type":"ReadAction","target":["https:\/\/comec.eu.com\/service\/predictive-maintenance\/"]}]},{"@type":"BreadcrumbList","@id":"https:\/\/comec.eu.com\/service\/predictive-maintenance\/#breadcrumb","itemListElement":[{"@type":"ListItem","position":1,"name":"Home","item":"https:\/\/comec.eu.com\/"},{"@type":"ListItem","position":2,"name":"Service","item":"https:\/\/comec.eu.com\/service\/"},{"@type":"ListItem","position":3,"name":"Maintenance pr\u00e9dictive"}]},{"@type":"WebSite","@id":"https:\/\/comec.eu.com\/#website","url":"https:\/\/comec.eu.com\/","name":"Comec - Avantgarde Engineering","description":"","publisher":{"@id":"https:\/\/comec.eu.com\/#organization"},"potentialAction":[{"@type":"SearchAction","target":{"@type":"EntryPoint","urlTemplate":"https:\/\/comec.eu.com\/?s={search_term_string}"},"query-input":{"@type":"PropertyValueSpecification","valueRequired":true,"valueName":"search_term_string"}}],"inLanguage":"fr-FR"},{"@type":"Organization","@id":"https:\/\/comec.eu.com\/#organization","name":"Comec","url":"https:\/\/comec.eu.com\/","logo":{"@type":"ImageObject","inLanguage":"fr-FR","@id":"https:\/\/comec.eu.com\/#\/schema\/logo\/image\/","url":"https:\/\/comec.eu.com\/wp-content\/uploads\/2025\/11\/comec-logo.png","contentUrl":"https:\/\/comec.eu.com\/wp-content\/uploads\/2025\/11\/comec-logo.png","width":966,"height":266,"caption":"Comec"},"image":{"@id":"https:\/\/comec.eu.com\/#\/schema\/logo\/image\/"}}]}},"_links":{"self":[{"href":"https:\/\/comec.eu.com\/fr\/wp-json\/wp\/v2\/pages\/42138","targetHints":{"allow":["GET"]}}],"collection":[{"href":"https:\/\/comec.eu.com\/fr\/wp-json\/wp\/v2\/pages"}],"about":[{"href":"https:\/\/comec.eu.com\/fr\/wp-json\/wp\/v2\/types\/page"}],"author":[{"embeddable":true,"href":"https:\/\/comec.eu.com\/fr\/wp-json\/wp\/v2\/users\/1"}],"replies":[{"embeddable":true,"href":"https:\/\/comec.eu.com\/fr\/wp-json\/wp\/v2\/comments?post=42138"}],"version-history":[{"count":10,"href":"https:\/\/comec.eu.com\/fr\/wp-json\/wp\/v2\/pages\/42138\/revisions"}],"predecessor-version":[{"id":42973,"href":"https:\/\/comec.eu.com\/fr\/wp-json\/wp\/v2\/pages\/42138\/revisions\/42973"}],"up":[{"embeddable":true,"href":"https:\/\/comec.eu.com\/fr\/wp-json\/wp\/v2\/pages\/42340"}],"wp:attachment":[{"href":"https:\/\/comec.eu.com\/fr\/wp-json\/wp\/v2\/media?parent=42138"}],"curies":[{"name":"wp","href":"https:\/\/api.w.org\/{rel}","templated":true}]}}