{"id":42132,"date":"2026-01-02T10:15:37","date_gmt":"2026-01-02T10:15:37","guid":{"rendered":"https:\/\/comec.eu.com\/equipement\/"},"modified":"2026-02-19T08:51:11","modified_gmt":"2026-02-19T08:51:11","slug":"equipement","status":"publish","type":"page","link":"https:\/\/comec.eu.com\/fr\/equipement\/","title":{"rendered":"\u00c9quipement"},"content":{"rendered":"<section class=\"l-section wpb_row us_custom_eacf564b height_medium\"><div class=\"l-section-overlay\" style=\"background:rgba(26,26,26,0.6)\"><\/div><div class=\"l-section-h i-cf\"><div class=\"g-cols vc_row via_grid cols_3-1 laptops-cols_inherit tablets-cols_inherit mobiles-cols_1 valign_middle type_default stacking_default\"><div class=\"wpb_column vc_column_container us_custom_7e20fa79 us_animate_this\"><div class=\"vc_column-inner\"><div class=\"wpb_text_column us_custom_de150e26 has_text_color\"><div class=\"wpb_wrapper\"><h1>\u00c9quipement autonome<\/h1>\n<\/div><\/div><div class=\"w-separator size_small\"><\/div><div class=\"wpb_text_column us_custom_836f727b has_text_color\"><div class=\"wpb_wrapper\"><p><span>Nous fournissons \u00e0 nos clients des <\/span><span>solutions haut de gamme et innovantes pour la dispersion, le broyage, le m\u00e9lange et le remplissage.<\/span><\/p>\n<\/div><\/div><\/div><\/div><div class=\"wpb_column vc_column_container\"><div class=\"vc_column-inner\"><\/div><\/div><\/div><\/div><\/section><section class=\"l-section wpb_row height_huge\"><div class=\"l-section-h i-cf\"><div class=\"g-cols vc_row via_grid cols_2 laptops-cols_inherit tablets-cols_inherit mobiles-cols_1 valign_middle type_default stacking_default\"><div class=\"wpb_column vc_column_container us_custom_47474b22 us_animate_this\"><div class=\"vc_column-inner\"><div class=\"wpb_text_column iconabox-titolo\"><div class=\"wpb_wrapper\"><h2><span>Dispersion et m\u00e9lange<\/span><\/h2>\n<p><span>Cuve mobile de haute technologie, dissolveurs fixes et en ligne, agitateurs et m\u00e9langeurs horizontaux<\/span><\/p>\n<\/div><\/div><div class=\"w-separator size_small\"><\/div><div class=\"wpb_text_column us_custom_432d3f53\"><div class=\"wpb_wrapper\"><p><span>Avec plus de <strong>50 ans<\/strong> d\u2019exp\u00e9rience en conception, production et installation, Comec s\u2019est impos\u00e9e comme un leader mondial des technologies de dispersion pour les applications industrielles. Notre expertise s\u2019appuie sur des milliers de disperseurs op\u00e9rant avec succ\u00e8s sur le terrain, sp\u00e9cifiquement con\u00e7us pour fonctionner dans les conditions industrielles les plus exigeantes et les plus critiques. <\/span><\/p>\n<p>Chaque machine est con\u00e7ue en mettant l\u2019accent sur la fiabilit\u00e9, l\u2019efficacit\u00e9 et la durabilit\u00e9, garantissant des performances constantes, m\u00eame en cycles de production continus ou dans des environnements d\u2019exploitation difficiles. Notre approche d\u2019ing\u00e9nierie combine une <strong>conception m\u00e9canique robuste, une fabrication de pr\u00e9cision et un contr\u00f4le avanc\u00e9 des proc\u00e9d\u00e9s<\/strong> afin de fournir des \u00e9quipements r\u00e9pondant aux plus hauts standards de qualit\u00e9, tout en maintenant un excellent rapport qualit\u00e9-prix. <\/p>\n<p>Au fil de d\u00e9cennies d\u2019exp\u00e9rience pratique, nous avons perfectionn\u00e9 chaque aspect de nos machines : des performances du moteur et de l\u2019efficacit\u00e9 du m\u00e9lange \u00e0 la facilit\u00e9 de maintenance et \u00e0 l\u2019optimisation \u00e9nerg\u00e9tique. Cet engagement de long terme en faveur de l\u2019innovation et de la qualit\u00e9 garantit \u00e0 nos clients des syst\u00e8mes qui r\u00e9pondent non seulement aux besoins de production actuels, mais sont \u00e9galement pr\u00eats \u00e0 s\u2019adapter aux \u00e9volutions technologiques futures. <\/p>\n<p>En choisissant Comec, les clients acc\u00e8dent \u00e0 une <strong>expertise \u00e9prouv\u00e9e<\/strong>, \u00e0 des solutions test\u00e9es par l\u2019industrie et \u00e0 un partenaire de confiance capable de fournir des disperseurs hautes performances qui maximisent la productivit\u00e9, minimisent les temps d\u2019arr\u00eat et offrent un excellent retour sur investissement.<\/p>\n<\/div><\/div><div class=\"w-separator size_small\"><\/div><div class=\"w-btn-wrapper align_none\"><a class=\"w-btn us-btn-style_3\" href=\"https:\/\/comec-dev.eu.com\/fr\/equipement\/dispersion-et-melange\/\"><span class=\"w-btn-label\">En savoir plus<\/span><\/a><\/div><\/div><\/div><div class=\"wpb_column vc_column_container\"><div class=\"vc_column-inner\"><div class=\"w-image align_none\"><div class=\"w-image-h\"><img decoding=\"async\" width=\"703\" height=\"1024\" src=\"https:\/\/comec.eu.com\/wp-content\/uploads\/2026\/02\/DYNAMIX-MD3-703x1024.jpg\" class=\"attachment-large size-large\" alt=\"\" loading=\"lazy\" srcset=\"https:\/\/comec.eu.com\/wp-content\/uploads\/2026\/02\/DYNAMIX-MD3-703x1024.jpg 703w, https:\/\/comec.eu.com\/wp-content\/uploads\/2026\/02\/DYNAMIX-MD3-206x300.jpg 206w, https:\/\/comec.eu.com\/wp-content\/uploads\/2026\/02\/DYNAMIX-MD3.jpg 1668w\" sizes=\"auto, (max-width: 703px) 100vw, 703px\" \/><\/div><\/div><\/div><\/div><\/div><\/div><\/section><section class=\"l-section wpb_row height_huge color_alternate\"><div class=\"l-section-h i-cf\"><div class=\"g-cols vc_row via_grid cols_2 laptops-cols_inherit tablets-cols_inherit mobiles-cols_1 valign_middle type_default stacking_default\"><div class=\"wpb_column vc_column_container\"><div class=\"vc_column-inner\"><div class=\"w-image align_none\"><div class=\"w-image-h\"><img decoding=\"async\" width=\"1024\" height=\"683\" src=\"https:\/\/comec.eu.com\/wp-content\/uploads\/2022\/02\/photo-RedLine-jan2022_Plan-de-travail-1-1024x683.png\" class=\"attachment-large size-large\" alt=\"\" loading=\"lazy\" srcset=\"https:\/\/comec.eu.com\/wp-content\/uploads\/2022\/02\/photo-RedLine-jan2022_Plan-de-travail-1-1024x683.png 1024w, https:\/\/comec.eu.com\/wp-content\/uploads\/2022\/02\/photo-RedLine-jan2022_Plan-de-travail-1-300x200.png 300w\" sizes=\"auto, (max-width: 1024px) 100vw, 1024px\" \/><\/div><\/div><\/div><\/div><div class=\"wpb_column vc_column_container us_custom_47474b22 us_animate_this\"><div class=\"vc_column-inner\"><div class=\"wpb_text_column iconabox-titolo\"><div class=\"wpb_wrapper\"><h2>Broyage<\/h2>\n<p>Broyeurs \u00e0 panier submersibles ultra-fins, broyeurs continus et broyeurs \u00e0 dispersion<\/p>\n<\/div><\/div><div class=\"w-separator size_small\"><\/div><div class=\"wpb_text_column us_custom_432d3f53\"><div class=\"wpb_wrapper\"><p>Des broyeurs ultrafins d\u2019exception, \u00e9conomes en \u00e9nergie, sp\u00e9cifiquement con\u00e7us pour les proc\u00e9d\u00e9s de broyage en mode batch, repr\u00e9sentant le summum de la pr\u00e9cision et des performances. Chaque syst\u00e8me est con\u00e7u de mani\u00e8re unique pour optimiser la circulation du produit dans la cuve de broyage, garantissant une distribution uniforme de la taille des particules et une efficacit\u00e9 de traitement maximale. <\/p>\n<p>Une attention particuli\u00e8re est port\u00e9e aux diff\u00e9rents comportements au soufflage et aux caract\u00e9ristiques des mat\u00e9riaux, permettant \u00e0 l\u2019\u00e9quipement de traiter une large gamme de poudres et de formulations avec des r\u00e9sultats constants. Des caract\u00e9ristiques de conception avanc\u00e9es minimisent la consommation d\u2019\u00e9nergie tout en maximisant le d\u00e9bit, rendant ces machines \u00e0 la fois \u00e9conomiques et respectueuses de l\u2019environnement.<\/p>\n<\/div><\/div><div class=\"w-separator size_small\"><\/div><div class=\"w-btn-wrapper align_none\"><a class=\"w-btn us-btn-style_3\" href=\"https:\/\/comec-dev.eu.com\/fr\/equipement\/broyage\/\"><span class=\"w-btn-label\">En savoir plus<\/span><\/a><\/div><\/div><\/div><\/div><\/div><\/section><section class=\"l-section wpb_row height_huge\"><div class=\"l-section-h i-cf\"><div class=\"g-cols vc_row via_grid cols_2 laptops-cols_inherit tablets-cols_inherit mobiles-cols_1 valign_middle type_default stacking_default\"><div class=\"wpb_column vc_column_container us_custom_47474b22 us_animate_this\"><div class=\"vc_column-inner\"><div class=\"wpb_text_column iconabox-titolo\"><div class=\"wpb_wrapper\"><h2>\u00c9quipement de laboratoire<\/h2>\n<p>Dissolveurs, agitateurs et broyeurs \u00e0 des fins de test<\/p>\n<\/div><\/div><div class=\"w-separator size_small\"><\/div><div class=\"wpb_text_column us_custom_432d3f53\"><div class=\"wpb_wrapper\"><p>Nous fournissons \u00e0 nos clients de nombreux \u00e9quipements de laboratoire pour le broyage et l&rsquo;agitation. Gr\u00e2ce \u00e0 de nouveaux concepts pour une utilisation simple et intuitive et \u00e0 une g\u00e9n\u00e9ration de syst\u00e8me de contr\u00f4le ax\u00e9e sur la connectivit\u00e9, il est possible d&rsquo;am\u00e9liorer les processus de test et de R&amp;D et de gagner du temps.<\/p>\n<\/div><\/div><div class=\"w-separator size_small\"><\/div><div class=\"w-btn-wrapper align_none\"><a class=\"w-btn us-btn-style_3\" href=\"https:\/\/comec-dev.eu.com\/fr\/equipement\/equipement-de-laboratoire\/\"><span class=\"w-btn-label\">En savoir plus<\/span><\/a><\/div><\/div><\/div><div class=\"wpb_column vc_column_container\"><div class=\"vc_column-inner\"><div class=\"w-image align_none\"><div class=\"w-image-h\"><img decoding=\"async\" width=\"1024\" height=\"729\" src=\"https:\/\/comec.eu.com\/wp-content\/uploads\/2026\/02\/adf1b87f3c0048aca84fd45fa7715e980MCPdeKOGw6XTkxW-2-1024x729.png\" class=\"attachment-large size-large\" alt=\"\" loading=\"lazy\" srcset=\"https:\/\/comec.eu.com\/wp-content\/uploads\/2026\/02\/adf1b87f3c0048aca84fd45fa7715e980MCPdeKOGw6XTkxW-2-1024x729.png 1024w, https:\/\/comec.eu.com\/wp-content\/uploads\/2026\/02\/adf1b87f3c0048aca84fd45fa7715e980MCPdeKOGw6XTkxW-2-300x213.png 300w\" sizes=\"auto, (max-width: 1024px) 100vw, 1024px\" \/><\/div><\/div><\/div><\/div><\/div><\/div><\/section><section class=\"l-section wpb_row height_huge color_alternate\"><div class=\"l-section-h i-cf\"><div class=\"g-cols vc_row via_grid cols_2 laptops-cols_inherit tablets-cols_inherit mobiles-cols_1 valign_middle type_default stacking_default\"><div class=\"wpb_column vc_column_container\"><div class=\"vc_column-inner\"><div class=\"w-image align_none\"><div class=\"w-image-h\"><img decoding=\"async\" width=\"1024\" height=\"719\" src=\"https:\/\/comec.eu.com\/wp-content\/uploads\/2026\/02\/filling1-1024x719.jpg\" class=\"attachment-large size-large\" alt=\"\" loading=\"lazy\" srcset=\"https:\/\/comec.eu.com\/wp-content\/uploads\/2026\/02\/filling1-1024x719.jpg 1024w, https:\/\/comec.eu.com\/wp-content\/uploads\/2026\/02\/filling1-300x211.jpg 300w\" sizes=\"auto, (max-width: 1024px) 100vw, 1024px\" \/><\/div><\/div><\/div><\/div><div class=\"wpb_column vc_column_container us_custom_47474b22 us_animate_this\"><div class=\"vc_column-inner\"><div class=\"wpb_text_column iconabox-titolo\"><div class=\"wpb_wrapper\"><h2>Conditionnement<\/h2>\n<p>Lignes de remplissage intelligentes et personnalis\u00e9es<\/p>\n<\/div><\/div><div class=\"w-separator size_small\"><\/div><div class=\"wpb_text_column us_custom_432d3f53\"><div class=\"wpb_wrapper\"><p>Les lignes de remplissage sont soigneusement adapt\u00e9es pour r\u00e9pondre aux besoins de production sp\u00e9cifiques de chaque client, en tenant compte de la vitesse, du volume et de la pr\u00e9cision requis par les sp\u00e9cifications du produit. Chaque syst\u00e8me est con\u00e7u pour garantir que m\u00eame les formulations les plus complexes soient trait\u00e9es efficacement, tout en maintenant une qualit\u00e9 constante tout au long du cycle de production. <\/p>\n<p>Nos solutions sont flexibles et intelligentes, capables de s\u2019adapter \u00e0 l\u2019\u00e9volution des exigences de production, \u00e0 de multiples types de produits et \u00e0 diff\u00e9rents formats d\u2019emballage. Enti\u00e8rement automatis\u00e9es, elles minimisent les interventions manuelles, r\u00e9duisent le risque d\u2019erreurs et permettent aux op\u00e9rateurs de se concentrer sur la surveillance et l\u2019optimisation plut\u00f4t que sur des t\u00e2ches r\u00e9p\u00e9titives.<\/p>\n<\/div><\/div><div class=\"w-separator size_small\"><\/div><div class=\"w-btn-wrapper align_none\"><a class=\"w-btn us-btn-style_3\" href=\"https:\/\/comec-dev.eu.com\/fr\/equipement\/remplissage\/\"><span class=\"w-btn-label\">En savoir plus<\/span><\/a><\/div><\/div><\/div><\/div><\/div><\/section><section class=\"l-section wpb_row height_huge\"><div class=\"l-section-h i-cf\"><div class=\"g-cols vc_row via_grid cols_2 laptops-cols_inherit tablets-cols_inherit mobiles-cols_1 valign_middle type_default stacking_default\"><div class=\"wpb_column vc_column_container us_custom_47474b22 us_animate_this\"><div class=\"vc_column-inner\"><div class=\"wpb_text_column iconabox-titolo\"><div class=\"wpb_wrapper\"><h2>\u00c9quipement auxiliaire<\/h2>\n<p>Unit\u00e9s de filtration, machines de nettoyage et extrudeuses \u00e0 plaques de presse<\/p>\n<\/div><\/div><div class=\"w-separator size_small\"><\/div><div class=\"wpb_text_column us_custom_432d3f53\"><div class=\"wpb_wrapper\"><p>Afin de fournir le meilleur service \u00e0 nos clients, ces derni\u00e8res ann\u00e9es, nous avons investi dans l&rsquo;\u00e9tude, la recherche et la fabrication d&rsquo;\u00e9quipements auxiliaires essentiels \u00e0 la r\u00e9alisation du cycle de production. Parmi ceux-ci, nous pouvons citer les accessoires pour la filtration des produits, les extrudeuses et les syst\u00e8mes de nettoyage des cuves.<\/p>\n<\/div><\/div><div class=\"w-separator size_small\"><\/div><div class=\"w-btn-wrapper align_none\"><a class=\"w-btn us-btn-style_3\" href=\"https:\/\/comec-dev.eu.com\/fr\/equipement\/equipement-auxiliaire\/\"><span class=\"w-btn-label\">En savoir plus<\/span><\/a><\/div><\/div><\/div><div class=\"wpb_column vc_column_container\"><div class=\"vc_column-inner\"><div class=\"w-image align_none\"><div class=\"w-image-h\"><img decoding=\"async\" width=\"500\" height=\"400\" src=\"https:\/\/comec.eu.com\/wp-content\/uploads\/2026\/01\/20.-ECO-WASHING-rendering-1-min-500x400-1.png\" class=\"attachment-large size-large\" alt=\"\" loading=\"lazy\" srcset=\"https:\/\/comec.eu.com\/wp-content\/uploads\/2026\/01\/20.-ECO-WASHING-rendering-1-min-500x400-1.png 500w, https:\/\/comec.eu.com\/wp-content\/uploads\/2026\/01\/20.-ECO-WASHING-rendering-1-min-500x400-1-300x240.png 300w\" sizes=\"auto, (max-width: 500px) 100vw, 500px\" \/><\/div><\/div><\/div><\/div><\/div><\/div><\/section>\n","protected":false},"excerpt":{"rendered":"\u00c9quipement autonome Nous fournissons \u00e0 nos clients des solutions haut de gamme et innovantes pour la dispersion, le broyage, le m\u00e9lange et le remplissage. Dispersion et m\u00e9lange Cuve mobile de haute technologie, dissolveurs fixes et en ligne, agitateurs et m\u00e9langeurs horizontaux Avec plus de 50 ans d\u2019exp\u00e9rience en conception, production et installation, Comec s\u2019est impos\u00e9e...","protected":false},"author":1,"featured_media":0,"parent":0,"menu_order":0,"comment_status":"closed","ping_status":"closed","template":"","meta":{"_acf_changed":false,"footnotes":""},"class_list":["post-42132","page","type-page","status-publish","hentry"],"acf":[],"yoast_head":"<!-- This site is optimized with the Yoast SEO plugin v27.0 - https:\/\/yoast.com\/product\/yoast-seo-wordpress\/ -->\n<title>\u00c9quipement - Comec<\/title>\n<meta name=\"robots\" content=\"index, follow, max-snippet:-1, max-image-preview:large, max-video-preview:-1\" \/>\n<link rel=\"canonical\" href=\"https:\/\/comec.eu.com\/equipment\/\" \/>\n<meta property=\"og:locale\" content=\"fr_FR\" \/>\n<meta property=\"og:type\" content=\"article\" \/>\n<meta property=\"og:title\" content=\"\u00c9quipement - Comec\" \/>\n<meta property=\"og:url\" content=\"https:\/\/comec.eu.com\/equipment\/\" \/>\n<meta property=\"og:site_name\" content=\"Comec\" \/>\n<meta property=\"article:modified_time\" content=\"2026-02-19T08:51:11+00:00\" \/>\n<meta name=\"twitter:card\" content=\"summary_large_image\" \/>\n<meta name=\"twitter:label1\" content=\"Dur\u00e9e de lecture estim\u00e9e\" \/>\n\t<meta name=\"twitter:data1\" content=\"7 minutes\" \/>\n<script type=\"application\/ld+json\" class=\"yoast-schema-graph\">{\"@context\":\"https:\/\/schema.org\",\"@graph\":[{\"@type\":\"WebPage\",\"@id\":\"https:\/\/comec.eu.com\/equipment\/\",\"url\":\"https:\/\/comec.eu.com\/equipment\/\",\"name\":\"\u00c9quipement - Comec\",\"isPartOf\":{\"@id\":\"https:\/\/comec.eu.com\/#website\"},\"datePublished\":\"2026-01-02T10:15:37+00:00\",\"dateModified\":\"2026-02-19T08:51:11+00:00\",\"breadcrumb\":{\"@id\":\"https:\/\/comec.eu.com\/equipment\/#breadcrumb\"},\"inLanguage\":\"fr-FR\",\"potentialAction\":[{\"@type\":\"ReadAction\",\"target\":[\"https:\/\/comec.eu.com\/equipment\/\"]}]},{\"@type\":\"BreadcrumbList\",\"@id\":\"https:\/\/comec.eu.com\/equipment\/#breadcrumb\",\"itemListElement\":[{\"@type\":\"ListItem\",\"position\":1,\"name\":\"Home\",\"item\":\"https:\/\/comec.eu.com\/\"},{\"@type\":\"ListItem\",\"position\":2,\"name\":\"\u00c9quipement\"}]},{\"@type\":\"WebSite\",\"@id\":\"https:\/\/comec.eu.com\/#website\",\"url\":\"https:\/\/comec.eu.com\/\",\"name\":\"Comec - Avantgarde Engineering\",\"description\":\"\",\"publisher\":{\"@id\":\"https:\/\/comec.eu.com\/#organization\"},\"potentialAction\":[{\"@type\":\"SearchAction\",\"target\":{\"@type\":\"EntryPoint\",\"urlTemplate\":\"https:\/\/comec.eu.com\/?s={search_term_string}\"},\"query-input\":{\"@type\":\"PropertyValueSpecification\",\"valueRequired\":true,\"valueName\":\"search_term_string\"}}],\"inLanguage\":\"fr-FR\"},{\"@type\":\"Organization\",\"@id\":\"https:\/\/comec.eu.com\/#organization\",\"name\":\"Comec\",\"url\":\"https:\/\/comec.eu.com\/\",\"logo\":{\"@type\":\"ImageObject\",\"inLanguage\":\"fr-FR\",\"@id\":\"https:\/\/comec.eu.com\/#\/schema\/logo\/image\/\",\"url\":\"https:\/\/comec.eu.com\/wp-content\/uploads\/2025\/11\/comec-logo.png\",\"contentUrl\":\"https:\/\/comec.eu.com\/wp-content\/uploads\/2025\/11\/comec-logo.png\",\"width\":966,\"height\":266,\"caption\":\"Comec\"},\"image\":{\"@id\":\"https:\/\/comec.eu.com\/#\/schema\/logo\/image\/\"}}]}<\/script>\n<!-- \/ Yoast SEO plugin. -->","yoast_head_json":{"title":"\u00c9quipement - Comec","robots":{"index":"index","follow":"follow","max-snippet":"max-snippet:-1","max-image-preview":"max-image-preview:large","max-video-preview":"max-video-preview:-1"},"canonical":"https:\/\/comec.eu.com\/equipment\/","og_locale":"fr_FR","og_type":"article","og_title":"\u00c9quipement - Comec","og_url":"https:\/\/comec.eu.com\/equipment\/","og_site_name":"Comec","article_modified_time":"2026-02-19T08:51:11+00:00","twitter_card":"summary_large_image","twitter_misc":{"Dur\u00e9e de lecture estim\u00e9e":"7 minutes"},"schema":{"@context":"https:\/\/schema.org","@graph":[{"@type":"WebPage","@id":"https:\/\/comec.eu.com\/equipment\/","url":"https:\/\/comec.eu.com\/equipment\/","name":"\u00c9quipement - Comec","isPartOf":{"@id":"https:\/\/comec.eu.com\/#website"},"datePublished":"2026-01-02T10:15:37+00:00","dateModified":"2026-02-19T08:51:11+00:00","breadcrumb":{"@id":"https:\/\/comec.eu.com\/equipment\/#breadcrumb"},"inLanguage":"fr-FR","potentialAction":[{"@type":"ReadAction","target":["https:\/\/comec.eu.com\/equipment\/"]}]},{"@type":"BreadcrumbList","@id":"https:\/\/comec.eu.com\/equipment\/#breadcrumb","itemListElement":[{"@type":"ListItem","position":1,"name":"Home","item":"https:\/\/comec.eu.com\/"},{"@type":"ListItem","position":2,"name":"\u00c9quipement"}]},{"@type":"WebSite","@id":"https:\/\/comec.eu.com\/#website","url":"https:\/\/comec.eu.com\/","name":"Comec - Avantgarde Engineering","description":"","publisher":{"@id":"https:\/\/comec.eu.com\/#organization"},"potentialAction":[{"@type":"SearchAction","target":{"@type":"EntryPoint","urlTemplate":"https:\/\/comec.eu.com\/?s={search_term_string}"},"query-input":{"@type":"PropertyValueSpecification","valueRequired":true,"valueName":"search_term_string"}}],"inLanguage":"fr-FR"},{"@type":"Organization","@id":"https:\/\/comec.eu.com\/#organization","name":"Comec","url":"https:\/\/comec.eu.com\/","logo":{"@type":"ImageObject","inLanguage":"fr-FR","@id":"https:\/\/comec.eu.com\/#\/schema\/logo\/image\/","url":"https:\/\/comec.eu.com\/wp-content\/uploads\/2025\/11\/comec-logo.png","contentUrl":"https:\/\/comec.eu.com\/wp-content\/uploads\/2025\/11\/comec-logo.png","width":966,"height":266,"caption":"Comec"},"image":{"@id":"https:\/\/comec.eu.com\/#\/schema\/logo\/image\/"}}]}},"_links":{"self":[{"href":"https:\/\/comec.eu.com\/fr\/wp-json\/wp\/v2\/pages\/42132","targetHints":{"allow":["GET"]}}],"collection":[{"href":"https:\/\/comec.eu.com\/fr\/wp-json\/wp\/v2\/pages"}],"about":[{"href":"https:\/\/comec.eu.com\/fr\/wp-json\/wp\/v2\/types\/page"}],"author":[{"embeddable":true,"href":"https:\/\/comec.eu.com\/fr\/wp-json\/wp\/v2\/users\/1"}],"replies":[{"embeddable":true,"href":"https:\/\/comec.eu.com\/fr\/wp-json\/wp\/v2\/comments?post=42132"}],"version-history":[{"count":7,"href":"https:\/\/comec.eu.com\/fr\/wp-json\/wp\/v2\/pages\/42132\/revisions"}],"predecessor-version":[{"id":42904,"href":"https:\/\/comec.eu.com\/fr\/wp-json\/wp\/v2\/pages\/42132\/revisions\/42904"}],"wp:attachment":[{"href":"https:\/\/comec.eu.com\/fr\/wp-json\/wp\/v2\/media?parent=42132"}],"curies":[{"name":"wp","href":"https:\/\/api.w.org\/{rel}","templated":true}]}}