{"id":42120,"date":"2026-02-06T14:21:38","date_gmt":"2026-02-06T14:21:38","guid":{"rendered":"https:\/\/comec.eu.com\/ingenierie-et-usines-cles-en-main\/"},"modified":"2026-02-19T08:20:53","modified_gmt":"2026-02-19T08:20:53","slug":"ingenierie-et-usines-cles-en-main","status":"publish","type":"page","link":"https:\/\/comec.eu.com\/fr\/ingenierie-et-usines-cles-en-main\/","title":{"rendered":"Ing\u00e9nierie et usines cl\u00e9s en main"},"content":{"rendered":"<section class=\"l-section wpb_row us_custom_81cfcabb height_medium\"><div class=\"l-section-overlay\" style=\"background:rgba(26,26,26,0.6)\"><\/div><div class=\"l-section-h i-cf\"><div class=\"g-cols vc_row via_grid cols_3-1 laptops-cols_inherit tablets-cols_inherit mobiles-cols_1 valign_middle type_default stacking_default\"><div class=\"wpb_column vc_column_container us_custom_7e20fa79 us_animate_this\"><div class=\"vc_column-inner\"><div class=\"wpb_text_column us_custom_de150e26 has_text_color\"><div class=\"wpb_wrapper\"><h1>Ing\u00e9nierie et usines cl\u00e9s en main<\/h1>\n<\/div><\/div><div class=\"w-separator size_small\"><\/div><div class=\"wpb_text_column us_custom_836f727b has_text_color\"><div class=\"wpb_wrapper\"><p><span>Toujours \u00e0 vos c\u00f4t\u00e9s \u00e0 chaque \u00e9tape du processus <\/span><span>pour concevoir, construire, maintenir et am\u00e9liorer votre usine<\/span><\/p>\n<\/div><\/div><\/div><\/div><div class=\"wpb_column vc_column_container\"><div class=\"vc_column-inner\"><\/div><\/div><\/div><\/div><\/section><section class=\"l-section wpb_row height_medium\"><div class=\"l-section-h i-cf\"><div class=\"g-cols vc_row via_grid cols_2 laptops-cols_inherit tablets-cols_inherit mobiles-cols_1 valign_top type_default stacking_default\"><div class=\"wpb_column vc_column_container\"><div class=\"vc_column-inner\"><div class=\"wpb_text_column us_custom_432d3f53\"><div class=\"wpb_wrapper\"><h2>Projets cl\u00e9s en main<\/h2>\n<p>Nous tirons parti de notre exp\u00e9rience et de nos innovations combin\u00e9es du groupe Dromont pour mettre en \u0153uvre des usines avec le co\u00fbt de production le plus bas et la qualit\u00e9 la plus \u00e9lev\u00e9e en utilisant notre technologie de pointe de l&rsquo;industrie. Nous fournissons des conceptions de processus depuis l&rsquo;analyse de faisabilit\u00e9 et la d\u00e9finition des KPI jusqu&rsquo;\u00e0 la gestion de projet et de site, depuis la conception et la fabrication jusqu&rsquo;\u00e0 l&rsquo;installation et le d\u00e9marrage de l&rsquo;usine. <\/p>\n<p>Les applications les plus courantes sont d\u00e9di\u00e9es au stockage, au transport, au pesage et aux dispersions par lots de mati\u00e8res premi\u00e8res individuelles humides et s\u00e8ches, pour obtenir le produit fini qui, dans de nombreux cas, doit \u00e9galement \u00eatre broy\u00e9, filtr\u00e9, emball\u00e9 et color\u00e9.<\/p>\n<\/div><\/div><\/div><\/div><div class=\"wpb_column vc_column_container\"><div class=\"vc_column-inner\"><div class=\"wpb_text_column list-arrow\"><div class=\"wpb_wrapper\"><p>Ce que nous offrons :<\/p>\n<ul>\n<li>Gestion de projet<\/li>\n<li>Ing\u00e9nierie de d\u00e9tail<\/li>\n<li>Sch\u00e9ma de flux de processus et agencement<\/li>\n<li>R\u00e9ception des mati\u00e8res premi\u00e8res<\/li>\n<li>Stockage, transfert et dosage<\/li>\n<li>Dispersion et m\u00e9lange<\/li>\n<li>Broyage, nettoyage et remplissage<\/li>\n<li>Construction et montage d&rsquo;\u00e9quipements<\/li>\n<li>Tests et pr\u00e9-mise en service<\/li>\n<li>Mise en service, formation et d\u00e9marrage<\/li>\n<\/ul>\n<\/div><\/div><\/div><\/div><\/div><\/div><\/section><section class=\"l-section wpb_row height_huge\"><div class=\"l-section-h i-cf\"><div class=\"g-cols vc_row via_grid cols_2 laptops-cols_inherit tablets-cols_inherit mobiles-cols_1 valign_middle type_default stacking_default\"><div class=\"wpb_column vc_column_container us_custom_47474b22 us_animate_this\"><div class=\"vc_column-inner\"><div class=\"wpb_text_column iconabox-titolo\"><div class=\"wpb_wrapper\"><h2>Qoncept Engineering<\/h2>\n<\/div><\/div><div class=\"w-separator size_small\"><\/div><div class=\"wpb_text_column us_custom_432d3f53\"><div class=\"wpb_wrapper\"><div class=\"wpb_text_column us_custom_b2261517\">\n<div class=\"wpb_wrapper\">\n<p>Des solutions intelligentes, des \u00e9tudes de faisabilit\u00e9 et des analyses d\u00e9taill\u00e9es des flux sont d\u00e9velopp\u00e9es afin de s\u2019int\u00e9grer parfaitement aux nouvelles technologies de production, <strong>cr\u00e9ant un environnement de fabrication coh\u00e9rent et pr\u00eat pour l\u2019avenir<\/strong>.<\/p>\n<p>Notre approche vise \u00e0 am\u00e9liorer les conditions de travail gr\u00e2ce \u00e0 des syst\u00e8mes plus s\u00fbrs, plus ergonomiques et hautement automatis\u00e9s, tout en permettant la cr\u00e9ation de nouveaux mod\u00e8les \u00e9conomiques flexibles. Gr\u00e2ce \u00e0 une conception intelligente de l\u2019usine et \u00e0 l\u2019int\u00e9gration num\u00e9rique, nous contribuons \u00e0 accro\u00eetre la productivit\u00e9, \u00e0 garantir une qualit\u00e9 produit constante et \u00e0 optimiser l\u2019utilisation des ressources. <\/p>\n<p>Le r\u00e9sultat va bien au-del\u00e0 d\u2019une simple modernisation des machines : il s\u2019agit <strong>de la conception et de la mise en \u0153uvre d\u2019une Usine Innovante, con\u00e7ue pour relever avec efficacit\u00e9, durabilit\u00e9 et comp\u00e9titivit\u00e9 \u00e0 long terme les d\u00e9fis \u00e9volutifs de l\u2019industrie moderne<\/strong>.<\/p>\n<\/div>\n<\/div>\n<\/div><\/div><div class=\"w-separator size_small\"><\/div><div class=\"w-btn-wrapper align_none\"><a class=\"w-btn us-btn-style_3\" href=\"https:\/\/comec-dev.eu.com\/fr\/ingenierie-et-usines-cles-en-main\/qoncept-engineering\/\"><span class=\"w-btn-label\">En savoir plus<\/span><\/a><\/div><\/div><\/div><div class=\"wpb_column vc_column_container\"><div class=\"vc_column-inner\"><div class=\"w-image align_none\"><div class=\"w-image-h\"><img decoding=\"async\" width=\"1024\" height=\"576\" src=\"https:\/\/comec.eu.com\/wp-content\/uploads\/2026\/02\/Dromont_Qoncept-Engineering-1024x576.jpg\" class=\"attachment-large size-large\" alt=\"\" loading=\"lazy\" srcset=\"https:\/\/comec.eu.com\/wp-content\/uploads\/2026\/02\/Dromont_Qoncept-Engineering-1024x576.jpg 1024w, https:\/\/comec.eu.com\/wp-content\/uploads\/2026\/02\/Dromont_Qoncept-Engineering-300x169.jpg 300w\" sizes=\"auto, (max-width: 1024px) 100vw, 1024px\" \/><\/div><\/div><\/div><\/div><\/div><\/div><\/section><section class=\"l-section wpb_row height_huge color_alternate\"><div class=\"l-section-h i-cf\"><div class=\"g-cols vc_row via_grid cols_2 laptops-cols_inherit tablets-cols_inherit mobiles-cols_1 valign_middle type_default stacking_default\"><div class=\"wpb_column vc_column_container\"><div class=\"vc_column-inner\"><div class=\"w-image align_none\"><div class=\"w-image-h\"><img decoding=\"async\" width=\"1024\" height=\"825\" src=\"https:\/\/comec.eu.com\/wp-content\/uploads\/2026\/02\/AEROMECHANICAL-SCREW-CONVEYORS-1024x825.jpg\" class=\"attachment-large size-large\" alt=\"\" loading=\"lazy\" srcset=\"https:\/\/comec.eu.com\/wp-content\/uploads\/2026\/02\/AEROMECHANICAL-SCREW-CONVEYORS-1024x825.jpg 1024w, https:\/\/comec.eu.com\/wp-content\/uploads\/2026\/02\/AEROMECHANICAL-SCREW-CONVEYORS-300x242.jpg 300w\" sizes=\"auto, (max-width: 1024px) 100vw, 1024px\" \/><\/div><\/div><\/div><\/div><div class=\"wpb_column vc_column_container us_custom_47474b22 us_animate_this\"><div class=\"vc_column-inner\"><div class=\"wpb_text_column iconabox-titolo\"><div class=\"wpb_wrapper\"><h2>Manutention des Poudres<\/h2>\n<\/div><\/div><div class=\"w-separator size_small\"><\/div><div class=\"wpb_text_column us_custom_432d3f53\"><div class=\"wpb_wrapper\"><p><span>Comec Engineering d\u00e9veloppe des syst\u00e8mes de stockage de mati\u00e8res premi\u00e8res en poudre hautement personnalis\u00e9s, tels que des silos, des d\u00e9chargeurs de BigBags et des ouvre-sacs, tous con\u00e7us pour s\u2019adapter pr\u00e9cis\u00e9ment \u00e0 vos cadences de consommation et \u00e0 vos exigences de production. Chaque solution est soigneusement con\u00e7ue afin d\u2019assurer une manutention s\u00fbre des mat\u00e9riaux, une utilisation optimale de l\u2019espace et une gestion r\u00e9guli\u00e8re des flux au sein de l\u2019usine. <\/span><\/p>\n<p>Notre expertise va au-del\u00e0 du stockage et inclut des syst\u00e8mes de transport de pointe, tels que des convoyeurs a\u00e9rom\u00e9caniques, des syst\u00e8mes de transport pneumatique, des convoyeurs \u00e0 vis et des tr\u00e9mies de pesage avanc\u00e9es. Ces technologies sont int\u00e9gr\u00e9es afin de garantir un dosage pr\u00e9cis, un transfert ma\u00eetris\u00e9 et une communication fluide entre les diff\u00e9rentes \u00e9tapes du processus de production. <\/p>\n<p>En combinant la fiabilit\u00e9 m\u00e9canique et un contr\u00f4le intelligent des proc\u00e9d\u00e9s, nous fournissons <strong>des syst\u00e8mes complets de manutention des mat\u00e9riaux qui am\u00e9liorent l\u2019efficacit\u00e9, r\u00e9duisent les pertes et maintiennent les plus hauts standards de s\u00e9curit\u00e9 et de performance op\u00e9rationnelle<\/strong>.<\/p>\n<\/div><\/div><div class=\"w-separator size_small\"><\/div><div class=\"w-btn-wrapper align_none\"><a class=\"w-btn us-btn-style_3\" href=\"https:\/\/comec-dev.eu.com\/fr\/ingenierie-et-usines-cles-en-main\/manutention-des-poudres\/\"><span class=\"w-btn-label\">En savoir plus<\/span><\/a><\/div><\/div><\/div><\/div><\/div><\/section><section class=\"l-section wpb_row height_huge\"><div class=\"l-section-h i-cf\"><div class=\"g-cols vc_row via_grid cols_2 laptops-cols_inherit tablets-cols_inherit mobiles-cols_1 valign_middle type_default stacking_default\"><div class=\"wpb_column vc_column_container us_custom_47474b22 us_animate_this\"><div class=\"vc_column-inner\"><div class=\"wpb_text_column iconabox-titolo\"><div class=\"wpb_wrapper\"><h2>Traitement des liquides<\/h2>\n<\/div><\/div><div class=\"w-separator size_small\"><\/div><div class=\"wpb_text_column us_custom_432d3f53\"><div class=\"wpb_wrapper\"><div class=\"wpb_text_column us_custom_b2261517\">\n<div class=\"wpb_wrapper\">\n<p>La conception des tuyauteries et des parcs de r\u00e9servoirs, ainsi que les activit\u00e9s de pr\u00e9fabrication, repr\u00e9sentent <strong>des \u00e9l\u00e9ments cl\u00e9s<\/strong> de toute usine de proc\u00e9d\u00e9s performante. Une ing\u00e9nierie rigoureuse \u00e0 ce stade garantit une int\u00e9gration sans faille, une r\u00e9duction du temps d\u2019installation et une fiabilit\u00e9 d\u2019exploitation \u00e0 long terme. <\/p>\n<p>Nous d\u00e9veloppons des <strong>syst\u00e8mes de manutention des liquides de pointe<\/strong>, incluant des r\u00e9servoirs de stockage en vrac pour les r\u00e9sines et d\u2019autres mati\u00e8res premi\u00e8res critiques, con\u00e7us pour garantir l\u2019int\u00e9grit\u00e9 du produit et des conditions de stockage s\u00fbres. Notre expertise comprend \u00e9galement des r\u00e9seaux de tuyauterie enti\u00e8rement con\u00e7us et des syst\u00e8mes de racks d\u2019additifs \u00e9quip\u00e9s pour une distribution de haute pr\u00e9cision, garantissant un dosage exact et un contr\u00f4le constant des formulations. <\/p>\n<p>En combinant une ing\u00e9nierie d\u00e9taill\u00e9e, une fabrication de qualit\u00e9 et une planification intelligente de l\u2019implantation, nous fournissons des solutions int\u00e9gr\u00e9es de gestion des liquides qui <strong>optimisent les performances de l\u2019usine, am\u00e9liorent les standards de s\u00e9curit\u00e9 et soutiennent des r\u00e9sultats de production constants et de haute qualit\u00e9<\/strong>.<\/p>\n<\/div>\n<\/div>\n<\/div><\/div><div class=\"w-separator size_small\"><\/div><div class=\"w-btn-wrapper align_none\"><a class=\"w-btn us-btn-style_3\" href=\"https:\/\/comec-dev.eu.com\/fr\/ingenierie-et-usines-cles-en-main\/traitement-des-liquides\/\"><span class=\"w-btn-label\">En savoir plus<\/span><\/a><\/div><\/div><\/div><div class=\"wpb_column vc_column_container\"><div class=\"vc_column-inner\"><div class=\"w-image align_none\"><div class=\"w-image-h\"><img decoding=\"async\" width=\"561\" height=\"373\" src=\"https:\/\/comec.eu.com\/wp-content\/uploads\/2026\/02\/Pagina-26_posizione-2.jpg\" class=\"attachment-large size-large\" alt=\"\" loading=\"lazy\" srcset=\"https:\/\/comec.eu.com\/wp-content\/uploads\/2026\/02\/Pagina-26_posizione-2.jpg 561w, https:\/\/comec.eu.com\/wp-content\/uploads\/2026\/02\/Pagina-26_posizione-2-300x199.jpg 300w\" sizes=\"auto, (max-width: 561px) 100vw, 561px\" \/><\/div><\/div><\/div><\/div><\/div><\/div><\/section><section class=\"l-section wpb_row height_huge color_alternate\"><div class=\"l-section-h i-cf\"><div class=\"g-cols vc_row via_grid cols_2 laptops-cols_inherit tablets-cols_inherit mobiles-cols_1 valign_middle type_default stacking_default\"><div class=\"wpb_column vc_column_container\"><div class=\"vc_column-inner\"><div class=\"w-image align_none\"><div class=\"w-image-h\"><img decoding=\"async\" width=\"717\" height=\"1024\" src=\"https:\/\/comec.eu.com\/wp-content\/uploads\/2026\/02\/foto-software--717x1024.jpg\" class=\"attachment-large size-large\" alt=\"\" loading=\"lazy\" srcset=\"https:\/\/comec.eu.com\/wp-content\/uploads\/2026\/02\/foto-software--717x1024.jpg 717w, https:\/\/comec.eu.com\/wp-content\/uploads\/2026\/02\/foto-software--210x300.jpg 210w, https:\/\/comec.eu.com\/wp-content\/uploads\/2026\/02\/foto-software--scaled.jpg 1793w\" sizes=\"auto, (max-width: 717px) 100vw, 717px\" \/><\/div><\/div><\/div><\/div><div class=\"wpb_column vc_column_container us_custom_47474b22 us_animate_this\"><div class=\"vc_column-inner\"><div class=\"wpb_text_column iconabox-titolo\"><div class=\"wpb_wrapper\"><h2>Logiciels et Automatisation<\/h2>\n<\/div><\/div><div class=\"w-separator size_small\"><\/div><div class=\"wpb_text_column us_custom_432d3f53\"><div class=\"wpb_wrapper\"><p><span>Une <strong>plateforme logicielle<\/strong> enti\u00e8rement int\u00e9gr\u00e9e, con\u00e7ue pour g\u00e9rer l\u2019ensemble des \u00e9quipements, des processus de production et de la collecte de donn\u00e9es au sein de l\u2019usine, cr\u00e9ant un environnement op\u00e9rationnel connect\u00e9 et intelligent.<\/span><\/p>\n<p>Notre syst\u00e8me centralise les fonctions de contr\u00f4le, de supervision et de reporting, permettant une surveillance en temps r\u00e9el de chaque \u00e9tape de la production. En collectant et en analysant les donn\u00e9es de proc\u00e9d\u00e9, il permet une prise de d\u00e9cision \u00e9clair\u00e9e, une maintenance pr\u00e9dictive et une optimisation continue des performances. <\/p>\n<p>Gr\u00e2ce \u00e0 une automatisation avanc\u00e9e, \u00e0 la tra\u00e7abilit\u00e9 et \u00e0 des analyses de production d\u00e9taill\u00e9es, la plateforme contribue \u00e0 accro\u00eetre la productivit\u00e9, \u00e0 r\u00e9duire les pertes et \u00e0 am\u00e9liorer l\u2019efficacit\u00e9 globale. Le r\u00e9sultat est <strong>une plus grande transparence op\u00e9rationnelle et la capacit\u00e9 de g\u00e9n\u00e9rer un profit suppl\u00e9mentaire \u00e0 partir des op\u00e9rations de l\u2019usine en transformant les donn\u00e9es en Valeur mesurable<\/strong>.<\/p>\n<\/div><\/div><div class=\"w-separator size_small\"><\/div><div class=\"w-btn-wrapper align_none\"><a class=\"w-btn us-btn-style_3\" href=\"https:\/\/comec-dev.eu.com\/fr\/ingenierie-et-usines-cles-en-main\/logiciels-et-automatisation\/\"><span class=\"w-btn-label\">En savoir plus<\/span><\/a><\/div><\/div><\/div><\/div><\/div><\/section><section class=\"l-section wpb_row us_custom_d69e1149 has_text_color us_animate_this height_medium\"><div class=\"l-section-h i-cf\"><div class=\"g-cols vc_row via_grid cols_1 laptops-cols_inherit tablets-cols_inherit mobiles-cols_1 valign_top type_default stacking_default\"><div class=\"wpb_column vc_column_container\"><div class=\"vc_column-inner\"><div class=\"wpb_text_column\"><div class=\"wpb_wrapper\"><h3 style=\"text-align: center;\">Zone antid\u00e9flagrante ATEX \u00d8<\/h3>\n<\/div><\/div><div class=\"w-separator size_small\"><\/div><div class=\"wpb_text_column\"><div class=\"wpb_wrapper\"><p style=\"text-align: center;\">Nous fabriquons des syst\u00e8mes automatiques complets qui peuvent fonctionner \u00e0 la fois dans des zones s\u00fbres et dans des zones class\u00e9es Atex.<\/p>\n<p style=\"text-align: center;\">Comec fait partie des rares producteurs mondiaux \u00e0 d\u00e9tenir la certification ATEX zone \u00d8 en vertu du certificat EX II 1\/2 GC IIB T4, confirmant la fourniture d&rsquo;usines et de machines avec certification Zone \u00d8 sous les directives CE ATEX.<\/p>\n<\/div><\/div><\/div><\/div><\/div><\/div><\/section>\n","protected":false},"excerpt":{"rendered":"Ing\u00e9nierie et usines cl\u00e9s en main Toujours \u00e0 vos c\u00f4t\u00e9s \u00e0 chaque \u00e9tape du processus pour concevoir, construire, maintenir et am\u00e9liorer votre usine Projets cl\u00e9s en main Nous tirons parti de notre exp\u00e9rience et de nos innovations combin\u00e9es du groupe Dromont pour mettre en \u0153uvre des usines avec le co\u00fbt de production le plus bas...","protected":false},"author":1,"featured_media":0,"parent":0,"menu_order":0,"comment_status":"closed","ping_status":"closed","template":"","meta":{"_acf_changed":false,"footnotes":""},"class_list":["post-42120","page","type-page","status-publish","hentry"],"acf":[],"yoast_head":"<!-- This site is optimized with the Yoast SEO plugin v27.0 - https:\/\/yoast.com\/product\/yoast-seo-wordpress\/ -->\n<title>Ing\u00e9nierie et usines cl\u00e9s en main - Comec<\/title>\n<meta name=\"robots\" content=\"index, follow, max-snippet:-1, max-image-preview:large, max-video-preview:-1\" \/>\n<link rel=\"canonical\" href=\"https:\/\/comec.eu.com\/engineering-and-turnkey-plants\/\" \/>\n<meta property=\"og:locale\" content=\"fr_FR\" \/>\n<meta property=\"og:type\" content=\"article\" \/>\n<meta property=\"og:title\" content=\"Ing\u00e9nierie et usines cl\u00e9s en main - Comec\" \/>\n<meta property=\"og:url\" content=\"https:\/\/comec.eu.com\/engineering-and-turnkey-plants\/\" \/>\n<meta property=\"og:site_name\" content=\"Comec\" \/>\n<meta property=\"article:modified_time\" content=\"2026-02-19T08:20:53+00:00\" \/>\n<meta name=\"twitter:card\" content=\"summary_large_image\" \/>\n<meta name=\"twitter:label1\" content=\"Dur\u00e9e de lecture estim\u00e9e\" \/>\n\t<meta name=\"twitter:data1\" content=\"8 minutes\" \/>\n<script type=\"application\/ld+json\" class=\"yoast-schema-graph\">{\"@context\":\"https:\/\/schema.org\",\"@graph\":[{\"@type\":\"WebPage\",\"@id\":\"https:\/\/comec.eu.com\/engineering-and-turnkey-plants\/\",\"url\":\"https:\/\/comec.eu.com\/engineering-and-turnkey-plants\/\",\"name\":\"Ing\u00e9nierie et usines cl\u00e9s en main - Comec\",\"isPartOf\":{\"@id\":\"https:\/\/comec.eu.com\/#website\"},\"datePublished\":\"2026-02-06T14:21:38+00:00\",\"dateModified\":\"2026-02-19T08:20:53+00:00\",\"breadcrumb\":{\"@id\":\"https:\/\/comec.eu.com\/engineering-and-turnkey-plants\/#breadcrumb\"},\"inLanguage\":\"fr-FR\",\"potentialAction\":[{\"@type\":\"ReadAction\",\"target\":[\"https:\/\/comec.eu.com\/engineering-and-turnkey-plants\/\"]}]},{\"@type\":\"BreadcrumbList\",\"@id\":\"https:\/\/comec.eu.com\/engineering-and-turnkey-plants\/#breadcrumb\",\"itemListElement\":[{\"@type\":\"ListItem\",\"position\":1,\"name\":\"Home\",\"item\":\"https:\/\/comec.eu.com\/\"},{\"@type\":\"ListItem\",\"position\":2,\"name\":\"Ing\u00e9nierie et usines cl\u00e9s en main\"}]},{\"@type\":\"WebSite\",\"@id\":\"https:\/\/comec.eu.com\/#website\",\"url\":\"https:\/\/comec.eu.com\/\",\"name\":\"Comec - Avantgarde Engineering\",\"description\":\"\",\"publisher\":{\"@id\":\"https:\/\/comec.eu.com\/#organization\"},\"potentialAction\":[{\"@type\":\"SearchAction\",\"target\":{\"@type\":\"EntryPoint\",\"urlTemplate\":\"https:\/\/comec.eu.com\/?s={search_term_string}\"},\"query-input\":{\"@type\":\"PropertyValueSpecification\",\"valueRequired\":true,\"valueName\":\"search_term_string\"}}],\"inLanguage\":\"fr-FR\"},{\"@type\":\"Organization\",\"@id\":\"https:\/\/comec.eu.com\/#organization\",\"name\":\"Comec\",\"url\":\"https:\/\/comec.eu.com\/\",\"logo\":{\"@type\":\"ImageObject\",\"inLanguage\":\"fr-FR\",\"@id\":\"https:\/\/comec.eu.com\/#\/schema\/logo\/image\/\",\"url\":\"https:\/\/comec.eu.com\/wp-content\/uploads\/2025\/11\/comec-logo.png\",\"contentUrl\":\"https:\/\/comec.eu.com\/wp-content\/uploads\/2025\/11\/comec-logo.png\",\"width\":966,\"height\":266,\"caption\":\"Comec\"},\"image\":{\"@id\":\"https:\/\/comec.eu.com\/#\/schema\/logo\/image\/\"}}]}<\/script>\n<!-- \/ Yoast SEO plugin. -->","yoast_head_json":{"title":"Ing\u00e9nierie et usines cl\u00e9s en main - Comec","robots":{"index":"index","follow":"follow","max-snippet":"max-snippet:-1","max-image-preview":"max-image-preview:large","max-video-preview":"max-video-preview:-1"},"canonical":"https:\/\/comec.eu.com\/engineering-and-turnkey-plants\/","og_locale":"fr_FR","og_type":"article","og_title":"Ing\u00e9nierie et usines cl\u00e9s en main - Comec","og_url":"https:\/\/comec.eu.com\/engineering-and-turnkey-plants\/","og_site_name":"Comec","article_modified_time":"2026-02-19T08:20:53+00:00","twitter_card":"summary_large_image","twitter_misc":{"Dur\u00e9e de lecture estim\u00e9e":"8 minutes"},"schema":{"@context":"https:\/\/schema.org","@graph":[{"@type":"WebPage","@id":"https:\/\/comec.eu.com\/engineering-and-turnkey-plants\/","url":"https:\/\/comec.eu.com\/engineering-and-turnkey-plants\/","name":"Ing\u00e9nierie et usines cl\u00e9s en main - Comec","isPartOf":{"@id":"https:\/\/comec.eu.com\/#website"},"datePublished":"2026-02-06T14:21:38+00:00","dateModified":"2026-02-19T08:20:53+00:00","breadcrumb":{"@id":"https:\/\/comec.eu.com\/engineering-and-turnkey-plants\/#breadcrumb"},"inLanguage":"fr-FR","potentialAction":[{"@type":"ReadAction","target":["https:\/\/comec.eu.com\/engineering-and-turnkey-plants\/"]}]},{"@type":"BreadcrumbList","@id":"https:\/\/comec.eu.com\/engineering-and-turnkey-plants\/#breadcrumb","itemListElement":[{"@type":"ListItem","position":1,"name":"Home","item":"https:\/\/comec.eu.com\/"},{"@type":"ListItem","position":2,"name":"Ing\u00e9nierie et usines cl\u00e9s en main"}]},{"@type":"WebSite","@id":"https:\/\/comec.eu.com\/#website","url":"https:\/\/comec.eu.com\/","name":"Comec - Avantgarde Engineering","description":"","publisher":{"@id":"https:\/\/comec.eu.com\/#organization"},"potentialAction":[{"@type":"SearchAction","target":{"@type":"EntryPoint","urlTemplate":"https:\/\/comec.eu.com\/?s={search_term_string}"},"query-input":{"@type":"PropertyValueSpecification","valueRequired":true,"valueName":"search_term_string"}}],"inLanguage":"fr-FR"},{"@type":"Organization","@id":"https:\/\/comec.eu.com\/#organization","name":"Comec","url":"https:\/\/comec.eu.com\/","logo":{"@type":"ImageObject","inLanguage":"fr-FR","@id":"https:\/\/comec.eu.com\/#\/schema\/logo\/image\/","url":"https:\/\/comec.eu.com\/wp-content\/uploads\/2025\/11\/comec-logo.png","contentUrl":"https:\/\/comec.eu.com\/wp-content\/uploads\/2025\/11\/comec-logo.png","width":966,"height":266,"caption":"Comec"},"image":{"@id":"https:\/\/comec.eu.com\/#\/schema\/logo\/image\/"}}]}},"_links":{"self":[{"href":"https:\/\/comec.eu.com\/fr\/wp-json\/wp\/v2\/pages\/42120","targetHints":{"allow":["GET"]}}],"collection":[{"href":"https:\/\/comec.eu.com\/fr\/wp-json\/wp\/v2\/pages"}],"about":[{"href":"https:\/\/comec.eu.com\/fr\/wp-json\/wp\/v2\/types\/page"}],"author":[{"embeddable":true,"href":"https:\/\/comec.eu.com\/fr\/wp-json\/wp\/v2\/users\/1"}],"replies":[{"embeddable":true,"href":"https:\/\/comec.eu.com\/fr\/wp-json\/wp\/v2\/comments?post=42120"}],"version-history":[{"count":4,"href":"https:\/\/comec.eu.com\/fr\/wp-json\/wp\/v2\/pages\/42120\/revisions"}],"predecessor-version":[{"id":42880,"href":"https:\/\/comec.eu.com\/fr\/wp-json\/wp\/v2\/pages\/42120\/revisions\/42880"}],"wp:attachment":[{"href":"https:\/\/comec.eu.com\/fr\/wp-json\/wp\/v2\/media?parent=42120"}],"curies":[{"name":"wp","href":"https:\/\/api.w.org\/{rel}","templated":true}]}}