{"id":42078,"date":"2026-02-09T08:19:27","date_gmt":"2026-02-09T08:19:27","guid":{"rendered":"https:\/\/comec.eu.com\/manutention-des-poudres\/"},"modified":"2026-02-19T08:31:10","modified_gmt":"2026-02-19T08:31:10","slug":"manutention-des-poudres","status":"publish","type":"page","link":"https:\/\/comec.eu.com\/fr\/ingenierie-et-usines-cles-en-main\/manutention-des-poudres\/","title":{"rendered":"Manutention des Poudres"},"content":{"rendered":"<section class=\"l-section wpb_row us_custom_50fe1056 height_medium\"><div class=\"l-section-overlay\" style=\"background:rgba(26,26,26,0.6)\"><\/div><div class=\"l-section-h i-cf\"><div class=\"g-cols vc_row via_grid cols_3-1 laptops-cols_inherit tablets-cols_inherit mobiles-cols_1 valign_middle type_default stacking_default\"><div class=\"wpb_column vc_column_container us_custom_7e20fa79 us_animate_this\"><div class=\"vc_column-inner\"><div class=\"wpb_text_column us_custom_de150e26 has_text_color\"><div class=\"wpb_wrapper\"><h1>Manutention des Poudres<\/h1>\n<\/div><\/div><div class=\"w-separator size_small\"><\/div><div class=\"wpb_text_column us_custom_836f727b has_text_color\"><div class=\"wpb_wrapper\"><p><span>Syst\u00e8mes de stockage, transport et dosage hautement personnalis\u00e9s pour les poudres<\/span><\/p>\n<\/div><\/div><\/div><\/div><div class=\"wpb_column vc_column_container\"><div class=\"vc_column-inner\"><\/div><\/div><\/div><\/div><\/section><section class=\"l-section wpb_row height_medium\"><div class=\"l-section-h i-cf\"><div class=\"g-cols vc_row via_grid cols_2 laptops-cols_inherit tablets-cols_inherit mobiles-cols_1 valign_top type_default stacking_default\"><div class=\"wpb_column vc_column_container\"><div class=\"vc_column-inner\"><div class=\"wpb_text_column us_custom_432d3f53 list-arrow\"><div class=\"wpb_wrapper\"><p>Comec Engineering d\u00e9veloppe des <strong>syst\u00e8mes de stockage de mati\u00e8res premi\u00e8res en poudre<\/strong> hautement personnalis\u00e9s tels que des silos, des d\u00e9chargeurs de Big Bags et des vide-sacs, tous con\u00e7us pour r\u00e9pondre pr\u00e9cis\u00e9ment \u00e0 vos taux de consommation et \u00e0 vos exigences de production. Chaque installation est soigneusement \u00e9tudi\u00e9e pour garantir une manipulation fiable des mat\u00e9riaux, un flux contr\u00f4l\u00e9 et une int\u00e9gration fluide au sein du processus de production global. <\/p>\n<p>En plus des solutions de stockage, nous concevons et fournissons des syst\u00e8mes de transport de pointe, notamment le transport a\u00e9rom\u00e9canique, le transport pneumatique, les transporteurs \u00e0 vis et les tr\u00e9mies peseuses de haute pr\u00e9cision. Ces syst\u00e8mes sont d\u00e9velopp\u00e9s pour garantir un dosage pr\u00e9cis, des taux de transfert constants et une coordination optimale entre les diff\u00e9rentes \u00e9tapes de production. <\/p>\n<p>Une technologie ax\u00e9e sur l\u2019auto-nettoyage, la flexibilit\u00e9 dans la gestion des lots et la facilit\u00e9 d\u2019entretien figurent parmi les caract\u00e9ristiques cl\u00e9s qui distinguent nos solutions. Nous nous concentrons sur la minimisation des r\u00e9sidus de produits, la r\u00e9duction des temps d\u2019arr\u00eat lors des changements de production et la simplification des op\u00e9rations de maintenance pour garantir une efficacit\u00e9 \u00e0 long terme et une continuit\u00e9 op\u00e9rationnelle. <\/p>\n<p>Nos solutions comprennent :<\/p>\n<ul>\n<li><strong>Silos et r\u00e9servoirs de stockage<\/strong> pour poudres, con\u00e7us pour une manipulation de vrac s\u00fbre et efficace<\/li>\n<li><strong>Tr\u00e9mies peseuses<\/strong> de haute pr\u00e9cision pour un dosage contr\u00f4l\u00e9 et une pr\u00e9cision de formulation<\/li>\n<li><strong>Stations de d\u00e9chargement de Big Bags<\/strong> con\u00e7ues pour un fonctionnement s\u00fbr et ergonomique<\/li>\n<li><strong>Vide-sacs<\/strong> pour une vidange contr\u00f4l\u00e9e et le confinement de la poussi\u00e8re<\/li>\n<li><strong>Syst\u00e8mes de transport a\u00e9rom\u00e9canique<\/strong> pour un transport de mat\u00e9riaux doux et efficace<\/li>\n<li><strong>Syst\u00e8mes de transport m\u00e9canique<\/strong> pour un transfert robuste et fiable<\/li>\n<li>Solutions de <strong>transport \u00e0 vis<\/strong> adapt\u00e9es pour une alimentation en mat\u00e9riaux pr\u00e9cise et continue<\/li>\n<\/ul>\n<p>En combinant durabilit\u00e9 m\u00e9canique et conception d\u2019usine intelligente, Comec fournit des syst\u00e8mes complets de manipulation de poudres qui augmentent la productivit\u00e9, am\u00e9liorent la fiabilit\u00e9 des processus et maintiennent les normes les plus \u00e9lev\u00e9es de s\u00e9curit\u00e9 et de propret\u00e9.<\/p>\n<\/div><\/div><\/div><\/div><div class=\"wpb_column vc_column_container\"><div class=\"vc_column-inner\"><div class=\"w-image align_none\"><div class=\"w-image-h\"><img decoding=\"async\" width=\"768\" height=\"1024\" src=\"https:\/\/comec.eu.com\/wp-content\/uploads\/2026\/02\/Module-6_powders-weighing-hopper-e1771489613336.jpg\" class=\"attachment-large size-large\" alt=\"\" loading=\"lazy\" \/><\/div><\/div><\/div><\/div><\/div><\/div><\/section><section class=\"l-section wpb_row height_huge\"><div class=\"l-section-h i-cf\"><div class=\"g-cols vc_row via_grid cols_2 laptops-cols_inherit tablets-cols_inherit mobiles-cols_1 valign_middle type_default stacking_default\"><div class=\"wpb_column vc_column_container\"><div class=\"vc_column-inner\"><div class=\"w-image align_none\"><div class=\"w-image-h\"><img decoding=\"async\" width=\"1024\" height=\"768\" src=\"https:\/\/comec.eu.com\/wp-content\/uploads\/2026\/02\/Foto-silos-1024x768.jpg\" class=\"attachment-large size-large\" alt=\"\" loading=\"lazy\" srcset=\"https:\/\/comec.eu.com\/wp-content\/uploads\/2026\/02\/Foto-silos-1024x768.jpg 1024w, https:\/\/comec.eu.com\/wp-content\/uploads\/2026\/02\/Foto-silos-300x225.jpg 300w, https:\/\/comec.eu.com\/wp-content\/uploads\/2026\/02\/Foto-silos.jpg 1600w\" sizes=\"auto, (max-width: 1024px) 100vw, 1024px\" \/><\/div><\/div><\/div><\/div><div class=\"wpb_column vc_column_container us_custom_47474b22 us_animate_this\"><div class=\"vc_column-inner\"><div class=\"w-iconbox iconabox-titolo iconpos_left style_circle color_custom align_left no_text\"><div class=\"w-iconbox-icon\" style=\"font-size:2rem;--icon-color:#c91618;--icon-bg-color:rgba(201,22,24,0.2);\"><i class=\"fal fa-database\"><\/i><\/div><div class=\"w-iconbox-meta\"><h4 class=\"w-iconbox-title\">Silos et R\u00e9servoirs de Stockage<\/h4><\/div><\/div><div class=\"w-separator size_small\"><\/div><div class=\"wpb_text_column us_custom_432d3f53\"><div class=\"wpb_wrapper\"><p><span>Silos pour poudres, charg\u00e9s automatiquement avec un syst\u00e8me pneumatique depuis un camion. Une fois les mati\u00e8res premi\u00e8res stock\u00e9es dans les silos sp\u00e9ciaux, l&rsquo;installation les transportera de la zone de stockage vers la zone de m\u00e9lange.<\/span><br \/>\n<span>Le chargement dans les diff\u00e9rents m\u00e9langeurs ou dans les tr\u00e9mies de pr\u00e9paration permet l&rsquo;optimisation du temps de cycle.<\/span><\/p>\n<\/div><\/div><\/div><\/div><\/div><\/div><\/section><section class=\"l-section wpb_row us_custom_a9be633b height_huge\"><div class=\"l-section-h i-cf\"><div class=\"g-cols vc_row via_grid cols_2 laptops-cols_inherit tablets-cols_inherit mobiles-cols_1 valign_middle type_default stacking_default\"><div class=\"wpb_column vc_column_container us_custom_47474b22 us_animate_this\"><div class=\"vc_column-inner\"><div class=\"w-iconbox iconabox-titolo iconpos_left style_circle color_custom align_left no_text\"><div class=\"w-iconbox-icon\" style=\"font-size:2rem;--icon-color:#c91618;--icon-bg-color:rgba(201,22,24,0.2);\"><i class=\"fal fa-weight\"><\/i><\/div><div class=\"w-iconbox-meta\"><h4 class=\"w-iconbox-title\">Tr\u00e9mies de Pesage<\/h4><\/div><\/div><div class=\"w-separator size_small\"><\/div><div class=\"wpb_text_column us_custom_432d3f53\"><div class=\"wpb_wrapper\"><p><span>Le dosage du produit stock\u00e9 dans les silos peut s&rsquo;effectuer via une ou plusieurs tr\u00e9mies de pesage. Il est possible de peser des produits individuels ou plusieurs produits simultan\u00e9ment, soit dans la m\u00eame tr\u00e9mie, soit dans diff\u00e9rentes tr\u00e9mies.<\/span><br \/>\n<span>Une fois pes\u00e9, le produit peut \u00eatre facilement d\u00e9charg\u00e9 dans un m\u00e9langeur ou transport\u00e9 via une ligne de transport vers une autre zone de traitement.<\/span><\/p>\n<\/div><\/div><\/div><\/div><div class=\"wpb_column vc_column_container us_custom_7e20fa79 us_animate_this\"><div class=\"vc_column-inner\"><div class=\"w-image align_none\"><div class=\"w-image-h\"><img decoding=\"async\" width=\"1024\" height=\"683\" src=\"https:\/\/comec.eu.com\/wp-content\/uploads\/2026\/02\/WEIGHING-HOPPERS-1024x683.jpg\" class=\"attachment-large size-large\" alt=\"\" loading=\"lazy\" srcset=\"https:\/\/comec.eu.com\/wp-content\/uploads\/2026\/02\/WEIGHING-HOPPERS-1024x683.jpg 1024w, https:\/\/comec.eu.com\/wp-content\/uploads\/2026\/02\/WEIGHING-HOPPERS-300x200.jpg 300w\" sizes=\"auto, (max-width: 1024px) 100vw, 1024px\" \/><\/div><\/div><\/div><\/div><\/div><\/div><\/section><section class=\"l-section wpb_row height_huge\"><div class=\"l-section-h i-cf\"><div class=\"g-cols vc_row via_grid cols_2 laptops-cols_inherit tablets-cols_inherit mobiles-cols_1 valign_middle type_default stacking_default\"><div class=\"wpb_column vc_column_container\"><div class=\"vc_column-inner\"><div class=\"w-image align_none\"><div class=\"w-image-h\"><img decoding=\"async\" width=\"1024\" height=\"680\" src=\"https:\/\/comec.eu.com\/wp-content\/uploads\/2026\/02\/BIG-BAGS-UNLOADING-1024x680.jpg\" class=\"attachment-large size-large\" alt=\"\" loading=\"lazy\" srcset=\"https:\/\/comec.eu.com\/wp-content\/uploads\/2026\/02\/BIG-BAGS-UNLOADING-1024x680.jpg 1024w, https:\/\/comec.eu.com\/wp-content\/uploads\/2026\/02\/BIG-BAGS-UNLOADING-300x199.jpg 300w\" sizes=\"auto, (max-width: 1024px) 100vw, 1024px\" \/><\/div><\/div><\/div><\/div><div class=\"wpb_column vc_column_container us_custom_47474b22 us_animate_this\"><div class=\"vc_column-inner\"><div class=\"w-iconbox iconabox-titolo iconpos_left style_circle color_custom align_left no_text\"><div class=\"w-iconbox-icon\" style=\"font-size:2rem;--icon-color:#c91618;--icon-bg-color:rgba(201,22,24,0.2);\"><i class=\"fas fa-sack\"><\/i><\/div><div class=\"w-iconbox-meta\"><h4 class=\"w-iconbox-title\">D\u00e9chargement de Big Bags<\/h4><\/div><\/div><div class=\"w-separator size_small\"><\/div><div class=\"wpb_text_column us_custom_432d3f53\"><div class=\"wpb_wrapper\"><p><span>D\u00e9chargement de big bag au moyen du logiciel de gestion et de contr\u00f4le de l&rsquo;installation. Diff\u00e9rentes poudres peuvent \u00eatre vid\u00e9es et transf\u00e9r\u00e9es de la zone de stockage vers la zone de m\u00e9lange ou dans des tr\u00e9mies de pr\u00e9paration afin d&rsquo;optimiser le temps de cycle. <\/span><\/p>\n<\/div><\/div><\/div><\/div><\/div><\/div><\/section><section class=\"l-section wpb_row us_custom_a9be633b height_huge\"><div class=\"l-section-h i-cf\"><div class=\"g-cols vc_row via_grid cols_2 laptops-cols_inherit tablets-cols_inherit mobiles-cols_1 valign_middle type_default stacking_default\"><div class=\"wpb_column vc_column_container us_custom_47474b22 us_animate_this\"><div class=\"vc_column-inner\"><div class=\"w-iconbox iconabox-titolo iconpos_left style_circle color_custom align_left no_text\"><div class=\"w-iconbox-icon\" style=\"font-size:2rem;--icon-color:#c91618;--icon-bg-color:rgba(201,22,24,0.2);\"><i class=\"fal fa-columns\"><\/i><\/div><div class=\"w-iconbox-meta\"><h4 class=\"w-iconbox-title\">Fendeurs de Sacs<\/h4><\/div><\/div><div class=\"w-separator size_small\"><\/div><div class=\"wpb_text_column us_custom_432d3f53\"><div class=\"wpb_wrapper\"><p><span>Selon les produits utilis\u00e9s lors du chargement du m\u00e9langeur, le logiciel configurera automatiquement tous les param\u00e8tres du processus de production en cons\u00e9quence. Des unit\u00e9s de vidage manuel de sacs peuvent \u00eatre utilis\u00e9es pour les poudres de plus petit volume et pour la manipulation de pigments color\u00e9s. <\/span><\/p>\n<\/div><\/div><\/div><\/div><div class=\"wpb_column vc_column_container us_custom_7e20fa79 us_animate_this\"><div class=\"vc_column-inner\"><div class=\"w-image align_none\"><div class=\"w-image-h\"><img decoding=\"async\" width=\"1024\" height=\"704\" src=\"https:\/\/comec.eu.com\/wp-content\/uploads\/2026\/02\/BAG-SPLITTERS-1024x704.jpg\" class=\"attachment-large size-large\" alt=\"\" loading=\"lazy\" srcset=\"https:\/\/comec.eu.com\/wp-content\/uploads\/2026\/02\/BAG-SPLITTERS-1024x704.jpg 1024w, https:\/\/comec.eu.com\/wp-content\/uploads\/2026\/02\/BAG-SPLITTERS-300x206.jpg 300w\" sizes=\"auto, (max-width: 1024px) 100vw, 1024px\" \/><\/div><\/div><\/div><\/div><\/div><\/div><\/section><section class=\"l-section wpb_row height_huge\"><div class=\"l-section-h i-cf\"><div class=\"g-cols vc_row via_grid cols_2 laptops-cols_inherit tablets-cols_inherit mobiles-cols_1 valign_middle type_default stacking_default\"><div class=\"wpb_column vc_column_container\"><div class=\"vc_column-inner\"><div class=\"w-image align_none\"><div class=\"w-image-h\"><img decoding=\"async\" width=\"1024\" height=\"825\" src=\"https:\/\/comec.eu.com\/wp-content\/uploads\/2026\/02\/AEROMECHANICAL-SCREW-CONVEYORS-1024x825.jpg\" class=\"attachment-large size-large\" alt=\"\" loading=\"lazy\" srcset=\"https:\/\/comec.eu.com\/wp-content\/uploads\/2026\/02\/AEROMECHANICAL-SCREW-CONVEYORS-1024x825.jpg 1024w, https:\/\/comec.eu.com\/wp-content\/uploads\/2026\/02\/AEROMECHANICAL-SCREW-CONVEYORS-300x242.jpg 300w\" sizes=\"auto, (max-width: 1024px) 100vw, 1024px\" \/><\/div><\/div><\/div><\/div><div class=\"wpb_column vc_column_container us_custom_47474b22 us_animate_this\"><div class=\"vc_column-inner\"><div class=\"w-iconbox iconabox-titolo iconpos_left style_circle color_custom align_left no_text\"><div class=\"w-iconbox-icon\" style=\"font-size:2rem;--icon-color:#c91618;--icon-bg-color:rgba(201,22,24,0.2);\"><i class=\"fas fa-conveyor-belt-alt\"><\/i><\/div><div class=\"w-iconbox-meta\"><h4 class=\"w-iconbox-title\">Convoyeurs A\u00e9rom\u00e9caniques et \u00e0 Vis<\/h4><\/div><\/div><div class=\"w-separator size_small\"><\/div><div class=\"wpb_text_column us_custom_432d3f53\"><div class=\"wpb_wrapper\"><p><span>Les convoyeurs a\u00e9rom\u00e9caniques et \u00e0 vis ont \u00e9t\u00e9 con\u00e7us pour le transport vertical ou horizontal de poudres et granul\u00e9s.<\/span><br \/>\n<span>Le transport a\u00e9rom\u00e9canique rapide est destin\u00e9 aux courtes et moyennes distances. Le transport a\u00e9rom\u00e9canique lent est destin\u00e9 aux longues distances.<\/span><\/p>\n<\/div><\/div><\/div><\/div><\/div><\/div><\/section>\n","protected":false},"excerpt":{"rendered":"Manutention des Poudres Syst\u00e8mes de stockage, transport et dosage hautement personnalis\u00e9s pour les poudres Comec Engineering d\u00e9veloppe des syst\u00e8mes de stockage de mati\u00e8res premi\u00e8res en poudre hautement personnalis\u00e9s tels que des silos, des d\u00e9chargeurs de Big Bags et des vide-sacs, tous con\u00e7us pour r\u00e9pondre pr\u00e9cis\u00e9ment \u00e0 vos taux de consommation et \u00e0 vos exigences de...","protected":false},"author":1,"featured_media":0,"parent":42120,"menu_order":0,"comment_status":"closed","ping_status":"closed","template":"","meta":{"_acf_changed":false,"footnotes":""},"class_list":["post-42078","page","type-page","status-publish","hentry"],"acf":[],"yoast_head":"<!-- This site is optimized with the Yoast SEO plugin v27.0 - https:\/\/yoast.com\/product\/yoast-seo-wordpress\/ -->\n<title>Manutention des Poudres - Comec<\/title>\n<meta name=\"robots\" content=\"index, follow, max-snippet:-1, max-image-preview:large, max-video-preview:-1\" \/>\n<link rel=\"canonical\" href=\"https:\/\/comec.eu.com\/engineering-and-turnkey-plants\/powders-handling\/\" \/>\n<meta property=\"og:locale\" content=\"fr_FR\" \/>\n<meta property=\"og:type\" content=\"article\" \/>\n<meta property=\"og:title\" content=\"Manutention des Poudres - Comec\" \/>\n<meta property=\"og:url\" content=\"https:\/\/comec.eu.com\/engineering-and-turnkey-plants\/powders-handling\/\" \/>\n<meta property=\"og:site_name\" content=\"Comec\" \/>\n<meta property=\"article:modified_time\" content=\"2026-02-19T08:31:10+00:00\" \/>\n<meta name=\"twitter:card\" content=\"summary_large_image\" \/>\n<meta name=\"twitter:label1\" content=\"Dur\u00e9e de lecture estim\u00e9e\" \/>\n\t<meta name=\"twitter:data1\" content=\"7 minutes\" \/>\n<script type=\"application\/ld+json\" class=\"yoast-schema-graph\">{\"@context\":\"https:\/\/schema.org\",\"@graph\":[{\"@type\":\"WebPage\",\"@id\":\"https:\/\/comec.eu.com\/engineering-and-turnkey-plants\/powders-handling\/\",\"url\":\"https:\/\/comec.eu.com\/engineering-and-turnkey-plants\/powders-handling\/\",\"name\":\"Manutention des Poudres - Comec\",\"isPartOf\":{\"@id\":\"https:\/\/comec.eu.com\/#website\"},\"datePublished\":\"2026-02-09T08:19:27+00:00\",\"dateModified\":\"2026-02-19T08:31:10+00:00\",\"breadcrumb\":{\"@id\":\"https:\/\/comec.eu.com\/engineering-and-turnkey-plants\/powders-handling\/#breadcrumb\"},\"inLanguage\":\"fr-FR\",\"potentialAction\":[{\"@type\":\"ReadAction\",\"target\":[\"https:\/\/comec.eu.com\/engineering-and-turnkey-plants\/powders-handling\/\"]}]},{\"@type\":\"BreadcrumbList\",\"@id\":\"https:\/\/comec.eu.com\/engineering-and-turnkey-plants\/powders-handling\/#breadcrumb\",\"itemListElement\":[{\"@type\":\"ListItem\",\"position\":1,\"name\":\"Home\",\"item\":\"https:\/\/comec.eu.com\/\"},{\"@type\":\"ListItem\",\"position\":2,\"name\":\"Ing\u00e9nierie et usines cl\u00e9s en main\",\"item\":\"https:\/\/comec.eu.com\/engineering-and-turnkey-plants\/\"},{\"@type\":\"ListItem\",\"position\":3,\"name\":\"Manutention des Poudres\"}]},{\"@type\":\"WebSite\",\"@id\":\"https:\/\/comec.eu.com\/#website\",\"url\":\"https:\/\/comec.eu.com\/\",\"name\":\"Comec - Avantgarde Engineering\",\"description\":\"\",\"publisher\":{\"@id\":\"https:\/\/comec.eu.com\/#organization\"},\"potentialAction\":[{\"@type\":\"SearchAction\",\"target\":{\"@type\":\"EntryPoint\",\"urlTemplate\":\"https:\/\/comec.eu.com\/?s={search_term_string}\"},\"query-input\":{\"@type\":\"PropertyValueSpecification\",\"valueRequired\":true,\"valueName\":\"search_term_string\"}}],\"inLanguage\":\"fr-FR\"},{\"@type\":\"Organization\",\"@id\":\"https:\/\/comec.eu.com\/#organization\",\"name\":\"Comec\",\"url\":\"https:\/\/comec.eu.com\/\",\"logo\":{\"@type\":\"ImageObject\",\"inLanguage\":\"fr-FR\",\"@id\":\"https:\/\/comec.eu.com\/#\/schema\/logo\/image\/\",\"url\":\"https:\/\/comec.eu.com\/wp-content\/uploads\/2025\/11\/comec-logo.png\",\"contentUrl\":\"https:\/\/comec.eu.com\/wp-content\/uploads\/2025\/11\/comec-logo.png\",\"width\":966,\"height\":266,\"caption\":\"Comec\"},\"image\":{\"@id\":\"https:\/\/comec.eu.com\/#\/schema\/logo\/image\/\"}}]}<\/script>\n<!-- \/ Yoast SEO plugin. -->","yoast_head_json":{"title":"Manutention des Poudres - Comec","robots":{"index":"index","follow":"follow","max-snippet":"max-snippet:-1","max-image-preview":"max-image-preview:large","max-video-preview":"max-video-preview:-1"},"canonical":"https:\/\/comec.eu.com\/engineering-and-turnkey-plants\/powders-handling\/","og_locale":"fr_FR","og_type":"article","og_title":"Manutention des Poudres - Comec","og_url":"https:\/\/comec.eu.com\/engineering-and-turnkey-plants\/powders-handling\/","og_site_name":"Comec","article_modified_time":"2026-02-19T08:31:10+00:00","twitter_card":"summary_large_image","twitter_misc":{"Dur\u00e9e de lecture estim\u00e9e":"7 minutes"},"schema":{"@context":"https:\/\/schema.org","@graph":[{"@type":"WebPage","@id":"https:\/\/comec.eu.com\/engineering-and-turnkey-plants\/powders-handling\/","url":"https:\/\/comec.eu.com\/engineering-and-turnkey-plants\/powders-handling\/","name":"Manutention des Poudres - Comec","isPartOf":{"@id":"https:\/\/comec.eu.com\/#website"},"datePublished":"2026-02-09T08:19:27+00:00","dateModified":"2026-02-19T08:31:10+00:00","breadcrumb":{"@id":"https:\/\/comec.eu.com\/engineering-and-turnkey-plants\/powders-handling\/#breadcrumb"},"inLanguage":"fr-FR","potentialAction":[{"@type":"ReadAction","target":["https:\/\/comec.eu.com\/engineering-and-turnkey-plants\/powders-handling\/"]}]},{"@type":"BreadcrumbList","@id":"https:\/\/comec.eu.com\/engineering-and-turnkey-plants\/powders-handling\/#breadcrumb","itemListElement":[{"@type":"ListItem","position":1,"name":"Home","item":"https:\/\/comec.eu.com\/"},{"@type":"ListItem","position":2,"name":"Ing\u00e9nierie et usines cl\u00e9s en main","item":"https:\/\/comec.eu.com\/engineering-and-turnkey-plants\/"},{"@type":"ListItem","position":3,"name":"Manutention des Poudres"}]},{"@type":"WebSite","@id":"https:\/\/comec.eu.com\/#website","url":"https:\/\/comec.eu.com\/","name":"Comec - Avantgarde Engineering","description":"","publisher":{"@id":"https:\/\/comec.eu.com\/#organization"},"potentialAction":[{"@type":"SearchAction","target":{"@type":"EntryPoint","urlTemplate":"https:\/\/comec.eu.com\/?s={search_term_string}"},"query-input":{"@type":"PropertyValueSpecification","valueRequired":true,"valueName":"search_term_string"}}],"inLanguage":"fr-FR"},{"@type":"Organization","@id":"https:\/\/comec.eu.com\/#organization","name":"Comec","url":"https:\/\/comec.eu.com\/","logo":{"@type":"ImageObject","inLanguage":"fr-FR","@id":"https:\/\/comec.eu.com\/#\/schema\/logo\/image\/","url":"https:\/\/comec.eu.com\/wp-content\/uploads\/2025\/11\/comec-logo.png","contentUrl":"https:\/\/comec.eu.com\/wp-content\/uploads\/2025\/11\/comec-logo.png","width":966,"height":266,"caption":"Comec"},"image":{"@id":"https:\/\/comec.eu.com\/#\/schema\/logo\/image\/"}}]}},"_links":{"self":[{"href":"https:\/\/comec.eu.com\/fr\/wp-json\/wp\/v2\/pages\/42078","targetHints":{"allow":["GET"]}}],"collection":[{"href":"https:\/\/comec.eu.com\/fr\/wp-json\/wp\/v2\/pages"}],"about":[{"href":"https:\/\/comec.eu.com\/fr\/wp-json\/wp\/v2\/types\/page"}],"author":[{"embeddable":true,"href":"https:\/\/comec.eu.com\/fr\/wp-json\/wp\/v2\/users\/1"}],"replies":[{"embeddable":true,"href":"https:\/\/comec.eu.com\/fr\/wp-json\/wp\/v2\/comments?post=42078"}],"version-history":[{"count":4,"href":"https:\/\/comec.eu.com\/fr\/wp-json\/wp\/v2\/pages\/42078\/revisions"}],"predecessor-version":[{"id":42889,"href":"https:\/\/comec.eu.com\/fr\/wp-json\/wp\/v2\/pages\/42078\/revisions\/42889"}],"up":[{"embeddable":true,"href":"https:\/\/comec.eu.com\/fr\/wp-json\/wp\/v2\/pages\/42120"}],"wp:attachment":[{"href":"https:\/\/comec.eu.com\/fr\/wp-json\/wp\/v2\/media?parent=42078"}],"curies":[{"name":"wp","href":"https:\/\/api.w.org\/{rel}","templated":true}]}}