{"id":42037,"date":"2026-02-09T08:20:19","date_gmt":"2026-02-09T08:20:19","guid":{"rendered":"https:\/\/comec.eu.com\/logiciels-et-automatisation\/"},"modified":"2026-02-19T08:52:45","modified_gmt":"2026-02-19T08:52:45","slug":"logiciels-et-automatisation","status":"publish","type":"page","link":"https:\/\/comec.eu.com\/fr\/ingenierie-et-usines-cles-en-main\/logiciels-et-automatisation\/","title":{"rendered":"Logiciels et Automatisation"},"content":{"rendered":"<section class=\"l-section wpb_row us_custom_f8cb3575 height_medium\"><div class=\"l-section-overlay\" style=\"background:rgba(26,26,26,0.6)\"><\/div><div class=\"l-section-h i-cf\"><div class=\"g-cols vc_row via_grid cols_3-1 laptops-cols_inherit tablets-cols_inherit mobiles-cols_1 valign_middle type_default stacking_default\"><div class=\"wpb_column vc_column_container us_custom_7e20fa79 us_animate_this\"><div class=\"vc_column-inner\"><div class=\"wpb_text_column us_custom_de150e26 has_text_color\"><div class=\"wpb_wrapper\"><h1>Logiciels et Automatisation<\/h1>\n<\/div><\/div><div class=\"w-separator size_small\"><\/div><div class=\"wpb_text_column us_custom_836f727b has_text_color\"><div class=\"wpb_wrapper\"><p><span>Programmation de Logiciels Internes<\/span><\/p>\n<\/div><\/div><\/div><\/div><div class=\"wpb_column vc_column_container\"><div class=\"vc_column-inner\"><\/div><\/div><\/div><\/div><\/section><section class=\"l-section wpb_row height_medium\"><div class=\"l-section-h i-cf\"><div class=\"g-cols vc_row via_grid cols_2 laptops-cols_inherit tablets-cols_inherit mobiles-cols_1 valign_top type_default stacking_default\"><div class=\"wpb_column vc_column_container\"><div class=\"vc_column-inner\"><div class=\"wpb_text_column\"><div class=\"wpb_wrapper\"><p>Gr\u00e2ce \u00e0 l&rsquo;Automatisation d&rsquo;Usine, il est possible de g\u00e9rer \u00e0 distance toute activit\u00e9 et op\u00e9ration d&rsquo;installation, augmentant ainsi la productivit\u00e9 et g\u00e9n\u00e9rant des profits suppl\u00e9mentaires. Cela offre \u00e0 l&rsquo;op\u00e9rateur une exp\u00e9rience nouvelle et simplifi\u00e9e, qui rend les processus plus rationalis\u00e9s et contr\u00f4l\u00e9s. <\/p>\n<p>DromontGroup<span> <\/span><strong>D\u00e9partement de Logiciels Internes<\/strong><span> <\/span>est compos\u00e9 d&rsquo;ing\u00e9nieurs en programmation internes travaillant sur la mise \u00e0 jour de notre plateforme logicielle avec les derni\u00e8res innovations ainsi que sur l&rsquo;int\u00e9gration de nos machines dans le syst\u00e8me de Planification des Ressources d&rsquo;Entreprise (ERP) du client. Ce d\u00e9partement peut <span> <\/span><strong>personnaliser le logiciel d&rsquo;interface selon les besoins exacts du client<\/strong>, tester le logiciel avant l&rsquo;installation et programmer le logiciel pour communiquer avec les syst\u00e8mes du client.<\/p>\n<p>En utilisant la plateforme de base tr\u00e8s stable de notre logiciel, nous sommes en mesure de cr\u00e9er diff\u00e9rentes options qui permettront au client de g\u00e9rer l&rsquo;ensemble de l&rsquo;installation.<\/p>\n<\/div><\/div><div class=\"w-separator size_small\"><\/div><div class=\"wpb_text_column list-arrow\"><div class=\"wpb_wrapper\"><h3>Caract\u00e9ristiques principales<\/h3>\n<ul>\n<li>Laboratoire int\u00e9gr\u00e9 et traitement par lots<\/li>\n<li>Diagnostic et support \u00e0 distance<\/li>\n<li>Architecture syst\u00e8me<\/li>\n<li>Programmation PLC multiple<\/li>\n<li>Automatisation de base et avanc\u00e9e<\/li>\n<li>Contr\u00f4le complet des processus d&rsquo;installation<\/li>\n<\/ul>\n<\/div><\/div><\/div><\/div><div class=\"wpb_column vc_column_container\"><div class=\"vc_column-inner\"><div class=\"w-image align_none\"><div class=\"w-image-h\"><img decoding=\"async\" width=\"717\" height=\"1024\" src=\"https:\/\/comec.eu.com\/wp-content\/uploads\/2026\/02\/foto-software--717x1024.jpg\" class=\"attachment-large size-large\" alt=\"\" loading=\"lazy\" srcset=\"https:\/\/comec.eu.com\/wp-content\/uploads\/2026\/02\/foto-software--717x1024.jpg 717w, https:\/\/comec.eu.com\/wp-content\/uploads\/2026\/02\/foto-software--210x300.jpg 210w, https:\/\/comec.eu.com\/wp-content\/uploads\/2026\/02\/foto-software--scaled.jpg 1793w\" sizes=\"auto, (max-width: 717px) 100vw, 717px\" \/><\/div><\/div><\/div><\/div><\/div><\/div><\/section><section class=\"l-section wpb_row height_medium\"><div class=\"l-section-h i-cf\"><div class=\"g-cols vc_row via_grid cols_1 laptops-cols_inherit tablets-cols_inherit mobiles-cols_1 valign_top type_default stacking_default\"><div class=\"wpb_column vc_column_container\"><div class=\"vc_column-inner\"><div class=\"wpb_text_column us_custom_432d3f53\"><div class=\"wpb_wrapper\"><h3>Logiciel d&rsquo;\u00c9quipement MISURA<\/h3>\n<p>Notre architecture logicielle est bas\u00e9e sur le logiciel Misura de derni\u00e8re g\u00e9n\u00e9ration qui garantit une gestion automatis\u00e9e des recettes et une supervision continue des param\u00e8tres pour un contr\u00f4le complet de l&rsquo;installation.<\/p>\n<p>Cette architecture de pointe permet une organisation unique centr\u00e9e sur le serveur, capable de coordonner et de connecter plusieurs clients. Gr\u00e2ce \u00e0 cela, tout client ex\u00e9cutant le logiciel peut fonctionner de mani\u00e8re ind\u00e9pendante tout en faisant partie du m\u00eame \u00e9cosyst\u00e8me. <\/p>\n<p>Cela garantit \u00e9galement la flexibilit\u00e9 de calcul, la facilit\u00e9 de stockage et de sauvegarde des donn\u00e9es typiques d&rsquo;une base de donn\u00e9es relationnelle en conjonction avec les exigences de s\u00e9curit\u00e9 et de robustesse d&rsquo;un logiciel d&rsquo;automatisation typique d\u00e9velopp\u00e9 sur un PLC. Ceci est r\u00e9alis\u00e9 en utilisant un syst\u00e8me qui permet de sauvegarder les donn\u00e9es de configuration et les statistiques de production du syst\u00e8me et d&rsquo;\u00e9changer les informations n\u00e9cessaires de mani\u00e8re s\u00e9curis\u00e9e et efficace avec les zones de donn\u00e9es PLC puis avec le syst\u00e8me logiciel d&rsquo;automatisation. <\/p>\n<p>Le Logiciel d&rsquo;\u00c9quipement Misura tire parti des avantages des syst\u00e8mes centralis\u00e9s et distribu\u00e9s, en partageant les m\u00eames donn\u00e9es sous-jacentes li\u00e9es \u00e0 l&rsquo;installation et en conservant les fonctionnalit\u00e9s HMI sur les clients.<\/p>\n<\/div><\/div><\/div><\/div><\/div><\/div><\/section><section class=\"l-section wpb_row us_custom_3731a7ff has_text_color height_medium\"><div class=\"l-section-overlay\" style=\"background:rgba(0,0,0,0.65)\"><\/div><div class=\"l-section-h i-cf\"><div class=\"g-cols vc_row via_grid cols_1 laptops-cols_inherit tablets-cols_inherit mobiles-cols_1 valign_top type_default stacking_default\"><div class=\"wpb_column vc_column_container\"><div class=\"vc_column-inner\"><div class=\"wpb_text_column\"><div class=\"wpb_wrapper\"><h3><span>Avantages principaux<\/span><\/h3>\n<\/div><\/div><div class=\"w-separator size_small\"><\/div><div class=\"wpb_text_column us_custom_432d3f53\"><div class=\"wpb_wrapper\"><ul>\n<li><strong>R\u00e9duire la consommation d&rsquo;\u00e9nergie et l&#8217;empreinte \u00e9cologique :<span> <\/span><\/strong>gr\u00e2ce \u00e0 la num\u00e9risation et au contr\u00f4le des processus, l&rsquo;op\u00e9rateur peut surveiller la consommation, d\u00e9terminer les facteurs responsables, am\u00e9liorer l&rsquo;efficacit\u00e9 de l&rsquo;installation de production ainsi que la qualit\u00e9 du produit<\/li>\n<li><strong>Augmenter la productivit\u00e9 et la fiabilit\u00e9 :<\/strong><span> <\/span>l&rsquo;\u00e9quipement de chaque machine et installation avec PLC interne, interface homme-machine intuitive et connexions Ethernet garantit un contr\u00f4le complet et automatis\u00e9 du processus de production, permettant l&rsquo;introduction d&rsquo;am\u00e9liorations continues<\/li>\n<li><strong>R\u00e9duire les co\u00fbts de maintenance jusqu&rsquo;\u00e0 30 % :<\/strong> l&rsquo;outil de maintenance pr\u00e9dictive permet \u00e0 nos partenaires de pr\u00e9dire avec pr\u00e9cision une d\u00e9faillance possible et d&rsquo;identifier le service d&rsquo;assistance le plus appropri\u00e9, en planifiant la maintenance et en r\u00e9duisant les temps d&rsquo;arr\u00eat des machines<\/li>\n<\/ul>\n<\/div><\/div><\/div><\/div><\/div><\/div><\/section>\n","protected":false},"excerpt":{"rendered":"Logiciels et Automatisation Programmation de Logiciels Internes Gr\u00e2ce \u00e0 l&rsquo;Automatisation d&rsquo;Usine, il est possible de g\u00e9rer \u00e0 distance toute activit\u00e9 et op\u00e9ration d&rsquo;installation, augmentant ainsi la productivit\u00e9 et g\u00e9n\u00e9rant des profits suppl\u00e9mentaires. Cela offre \u00e0 l&rsquo;op\u00e9rateur une exp\u00e9rience nouvelle et simplifi\u00e9e, qui rend les processus plus rationalis\u00e9s et contr\u00f4l\u00e9s. DromontGroup D\u00e9partement de Logiciels Internes est...","protected":false},"author":1,"featured_media":0,"parent":42120,"menu_order":0,"comment_status":"closed","ping_status":"closed","template":"","meta":{"_acf_changed":false,"footnotes":""},"class_list":["post-42037","page","type-page","status-publish","hentry"],"acf":[],"yoast_head":"<!-- This site is optimized with the Yoast SEO plugin v27.0 - https:\/\/yoast.com\/product\/yoast-seo-wordpress\/ -->\n<title>Logiciels et Automatisation - Comec<\/title>\n<meta name=\"robots\" content=\"index, follow, max-snippet:-1, max-image-preview:large, max-video-preview:-1\" \/>\n<link rel=\"canonical\" href=\"https:\/\/comec.eu.com\/engineering-and-turnkey-plants\/software-automation\/\" \/>\n<meta property=\"og:locale\" content=\"fr_FR\" \/>\n<meta property=\"og:type\" content=\"article\" \/>\n<meta property=\"og:title\" content=\"Logiciels et Automatisation - Comec\" \/>\n<meta property=\"og:url\" content=\"https:\/\/comec.eu.com\/engineering-and-turnkey-plants\/software-automation\/\" \/>\n<meta property=\"og:site_name\" content=\"Comec\" \/>\n<meta property=\"article:modified_time\" content=\"2026-02-19T08:52:45+00:00\" \/>\n<meta name=\"twitter:card\" content=\"summary_large_image\" \/>\n<meta name=\"twitter:label1\" content=\"Dur\u00e9e de lecture estim\u00e9e\" \/>\n\t<meta name=\"twitter:data1\" content=\"4 minutes\" \/>\n<script type=\"application\/ld+json\" class=\"yoast-schema-graph\">{\"@context\":\"https:\/\/schema.org\",\"@graph\":[{\"@type\":\"WebPage\",\"@id\":\"https:\/\/comec.eu.com\/engineering-and-turnkey-plants\/software-automation\/\",\"url\":\"https:\/\/comec.eu.com\/engineering-and-turnkey-plants\/software-automation\/\",\"name\":\"Logiciels et Automatisation - Comec\",\"isPartOf\":{\"@id\":\"https:\/\/comec.eu.com\/#website\"},\"datePublished\":\"2026-02-09T08:20:19+00:00\",\"dateModified\":\"2026-02-19T08:52:45+00:00\",\"breadcrumb\":{\"@id\":\"https:\/\/comec.eu.com\/engineering-and-turnkey-plants\/software-automation\/#breadcrumb\"},\"inLanguage\":\"fr-FR\",\"potentialAction\":[{\"@type\":\"ReadAction\",\"target\":[\"https:\/\/comec.eu.com\/engineering-and-turnkey-plants\/software-automation\/\"]}]},{\"@type\":\"BreadcrumbList\",\"@id\":\"https:\/\/comec.eu.com\/engineering-and-turnkey-plants\/software-automation\/#breadcrumb\",\"itemListElement\":[{\"@type\":\"ListItem\",\"position\":1,\"name\":\"Home\",\"item\":\"https:\/\/comec.eu.com\/\"},{\"@type\":\"ListItem\",\"position\":2,\"name\":\"Ing\u00e9nierie et usines cl\u00e9s en main\",\"item\":\"https:\/\/comec.eu.com\/engineering-and-turnkey-plants\/\"},{\"@type\":\"ListItem\",\"position\":3,\"name\":\"Logiciels et Automatisation\"}]},{\"@type\":\"WebSite\",\"@id\":\"https:\/\/comec.eu.com\/#website\",\"url\":\"https:\/\/comec.eu.com\/\",\"name\":\"Comec - Avantgarde Engineering\",\"description\":\"\",\"publisher\":{\"@id\":\"https:\/\/comec.eu.com\/#organization\"},\"potentialAction\":[{\"@type\":\"SearchAction\",\"target\":{\"@type\":\"EntryPoint\",\"urlTemplate\":\"https:\/\/comec.eu.com\/?s={search_term_string}\"},\"query-input\":{\"@type\":\"PropertyValueSpecification\",\"valueRequired\":true,\"valueName\":\"search_term_string\"}}],\"inLanguage\":\"fr-FR\"},{\"@type\":\"Organization\",\"@id\":\"https:\/\/comec.eu.com\/#organization\",\"name\":\"Comec\",\"url\":\"https:\/\/comec.eu.com\/\",\"logo\":{\"@type\":\"ImageObject\",\"inLanguage\":\"fr-FR\",\"@id\":\"https:\/\/comec.eu.com\/#\/schema\/logo\/image\/\",\"url\":\"https:\/\/comec.eu.com\/wp-content\/uploads\/2025\/11\/comec-logo.png\",\"contentUrl\":\"https:\/\/comec.eu.com\/wp-content\/uploads\/2025\/11\/comec-logo.png\",\"width\":966,\"height\":266,\"caption\":\"Comec\"},\"image\":{\"@id\":\"https:\/\/comec.eu.com\/#\/schema\/logo\/image\/\"}}]}<\/script>\n<!-- \/ Yoast SEO plugin. -->","yoast_head_json":{"title":"Logiciels et Automatisation - Comec","robots":{"index":"index","follow":"follow","max-snippet":"max-snippet:-1","max-image-preview":"max-image-preview:large","max-video-preview":"max-video-preview:-1"},"canonical":"https:\/\/comec.eu.com\/engineering-and-turnkey-plants\/software-automation\/","og_locale":"fr_FR","og_type":"article","og_title":"Logiciels et Automatisation - Comec","og_url":"https:\/\/comec.eu.com\/engineering-and-turnkey-plants\/software-automation\/","og_site_name":"Comec","article_modified_time":"2026-02-19T08:52:45+00:00","twitter_card":"summary_large_image","twitter_misc":{"Dur\u00e9e de lecture estim\u00e9e":"4 minutes"},"schema":{"@context":"https:\/\/schema.org","@graph":[{"@type":"WebPage","@id":"https:\/\/comec.eu.com\/engineering-and-turnkey-plants\/software-automation\/","url":"https:\/\/comec.eu.com\/engineering-and-turnkey-plants\/software-automation\/","name":"Logiciels et Automatisation - Comec","isPartOf":{"@id":"https:\/\/comec.eu.com\/#website"},"datePublished":"2026-02-09T08:20:19+00:00","dateModified":"2026-02-19T08:52:45+00:00","breadcrumb":{"@id":"https:\/\/comec.eu.com\/engineering-and-turnkey-plants\/software-automation\/#breadcrumb"},"inLanguage":"fr-FR","potentialAction":[{"@type":"ReadAction","target":["https:\/\/comec.eu.com\/engineering-and-turnkey-plants\/software-automation\/"]}]},{"@type":"BreadcrumbList","@id":"https:\/\/comec.eu.com\/engineering-and-turnkey-plants\/software-automation\/#breadcrumb","itemListElement":[{"@type":"ListItem","position":1,"name":"Home","item":"https:\/\/comec.eu.com\/"},{"@type":"ListItem","position":2,"name":"Ing\u00e9nierie et usines cl\u00e9s en main","item":"https:\/\/comec.eu.com\/engineering-and-turnkey-plants\/"},{"@type":"ListItem","position":3,"name":"Logiciels et Automatisation"}]},{"@type":"WebSite","@id":"https:\/\/comec.eu.com\/#website","url":"https:\/\/comec.eu.com\/","name":"Comec - Avantgarde Engineering","description":"","publisher":{"@id":"https:\/\/comec.eu.com\/#organization"},"potentialAction":[{"@type":"SearchAction","target":{"@type":"EntryPoint","urlTemplate":"https:\/\/comec.eu.com\/?s={search_term_string}"},"query-input":{"@type":"PropertyValueSpecification","valueRequired":true,"valueName":"search_term_string"}}],"inLanguage":"fr-FR"},{"@type":"Organization","@id":"https:\/\/comec.eu.com\/#organization","name":"Comec","url":"https:\/\/comec.eu.com\/","logo":{"@type":"ImageObject","inLanguage":"fr-FR","@id":"https:\/\/comec.eu.com\/#\/schema\/logo\/image\/","url":"https:\/\/comec.eu.com\/wp-content\/uploads\/2025\/11\/comec-logo.png","contentUrl":"https:\/\/comec.eu.com\/wp-content\/uploads\/2025\/11\/comec-logo.png","width":966,"height":266,"caption":"Comec"},"image":{"@id":"https:\/\/comec.eu.com\/#\/schema\/logo\/image\/"}}]}},"_links":{"self":[{"href":"https:\/\/comec.eu.com\/fr\/wp-json\/wp\/v2\/pages\/42037","targetHints":{"allow":["GET"]}}],"collection":[{"href":"https:\/\/comec.eu.com\/fr\/wp-json\/wp\/v2\/pages"}],"about":[{"href":"https:\/\/comec.eu.com\/fr\/wp-json\/wp\/v2\/types\/page"}],"author":[{"embeddable":true,"href":"https:\/\/comec.eu.com\/fr\/wp-json\/wp\/v2\/users\/1"}],"replies":[{"embeddable":true,"href":"https:\/\/comec.eu.com\/fr\/wp-json\/wp\/v2\/comments?post=42037"}],"version-history":[{"count":18,"href":"https:\/\/comec.eu.com\/fr\/wp-json\/wp\/v2\/pages\/42037\/revisions"}],"predecessor-version":[{"id":42923,"href":"https:\/\/comec.eu.com\/fr\/wp-json\/wp\/v2\/pages\/42037\/revisions\/42923"}],"up":[{"embeddable":true,"href":"https:\/\/comec.eu.com\/fr\/wp-json\/wp\/v2\/pages\/42120"}],"wp:attachment":[{"href":"https:\/\/comec.eu.com\/fr\/wp-json\/wp\/v2\/media?parent=42037"}],"curies":[{"name":"wp","href":"https:\/\/api.w.org\/{rel}","templated":true}]}}