{"id":41940,"date":"2026-01-02T10:15:37","date_gmt":"2026-01-02T10:15:37","guid":{"rendered":"https:\/\/comec.eu.com\/broyage\/"},"modified":"2026-02-19T09:15:53","modified_gmt":"2026-02-19T09:15:53","slug":"broyage","status":"publish","type":"page","link":"https:\/\/comec.eu.com\/fr\/equipement\/broyage\/","title":{"rendered":"Broyage"},"content":{"rendered":"<section class=\"l-section wpb_row us_custom_e64f83d1 height_medium\"><div class=\"l-section-overlay\" style=\"background:rgba(26,26,26,0.6)\"><\/div><div class=\"l-section-h i-cf\"><div class=\"g-cols vc_row via_grid cols_3-1 laptops-cols_inherit tablets-cols_inherit mobiles-cols_1 valign_middle type_default stacking_default\"><div class=\"wpb_column vc_column_container us_custom_7e20fa79 us_animate_this\"><div class=\"vc_column-inner\"><div class=\"wpb_text_column us_custom_de150e26 has_text_color\"><div class=\"wpb_wrapper\"><h1>Broyage<\/h1>\n<\/div><\/div><div class=\"w-separator size_small\"><\/div><div class=\"wpb_text_column us_custom_836f727b has_text_color\"><div class=\"wpb_wrapper\"><p>Broyeurs \u00e0 panier submersibles ultra-fins, broyeurs \u00e0 pression, broyeurs continus et broyeurs \u00e0 dispersion<\/p>\n<\/div><\/div><\/div><\/div><div class=\"wpb_column vc_column_container\"><div class=\"vc_column-inner\"><\/div><\/div><\/div><\/div><\/section><section class=\"l-section wpb_row height_medium\"><div class=\"l-section-h i-cf\"><div class=\"g-cols vc_row via_grid cols_2 laptops-cols_inherit tablets-cols_inherit mobiles-cols_1 valign_middle type_default stacking_default\"><div class=\"wpb_column vc_column_container us_custom_7e20fa79 us_animate_this\"><div class=\"vc_column-inner\"><div class=\"w-image prodotto-interno-generico align_none\"><div class=\"w-image-h\"><img decoding=\"async\" width=\"1024\" height=\"987\" src=\"https:\/\/comec.eu.com\/wp-content\/uploads\/2026\/01\/DUAL-FORCE-Rendering-pagina-1-min-2-1024x987-2.png\" class=\"attachment-large size-large\" alt=\"\" loading=\"lazy\" srcset=\"https:\/\/comec.eu.com\/wp-content\/uploads\/2026\/01\/DUAL-FORCE-Rendering-pagina-1-min-2-1024x987-2.png 1024w, https:\/\/comec.eu.com\/wp-content\/uploads\/2026\/01\/DUAL-FORCE-Rendering-pagina-1-min-2-1024x987-2-300x289.png 300w\" sizes=\"auto, (max-width: 1024px) 100vw, 1024px\" \/><\/div><\/div><\/div><\/div><div class=\"wpb_column vc_column_container us_custom_60e9caca us_animate_this\"><div class=\"vc_column-inner\"><div class=\"wpb_text_column\"><div class=\"wpb_wrapper\"><h2>Dual Force<\/h2>\n<\/div><\/div><div class=\"w-separator size_small\"><\/div><div class=\"wpb_text_column\"><div class=\"wpb_wrapper\"><p><span>Broyeur \u00e0 panier \u00e0 immersion \u00e0 double puissance de travail<\/span><\/p>\n<\/div><\/div><div class=\"w-separator size_small\"><\/div><div class=\"wpb_text_column us_custom_432d3f53\"><div class=\"wpb_wrapper\"><p><span>Le broyeur \u00e0 panier submersible Dual Force est une machine de broyage ultra-fine et \u00e9conome en \u00e9nergie exceptionnelle pour le processus de broyage par lots. Ce syst\u00e8me unique est con\u00e7u pour tirer parti de la double force&nbsp;: des entra\u00eenements s\u00e9par\u00e9s pour le broyage et le m\u00e9lange. La conception sp\u00e9ciale permet d\u2019optimiser la circulation du produit \u00e0 l\u2019int\u00e9rieur de la cuve en tenant compte des diff\u00e9rents comportements d\u2019\u00e9coulement sans modifier la vitesse maximale autoris\u00e9e de broyage.  <\/span><\/p>\n<\/div><\/div><div class=\"w-separator size_small\"><\/div><div class=\"w-hwrapper valign_top align_none\"><div class=\"w-btn-wrapper align_left\"><a class=\"w-btn us-btn-style_1\" href=\"https:\/\/comec-dev.eu.com\/fr\/equipement\/broyage\/dual-force\/\"><span class=\"w-btn-label\">En savoir plus<\/span><\/a><\/div><div class=\"w-btn-wrapper align_left\"><a class=\"w-btn us-btn-style_1\" href=\"http:\/\/comec-dev.eu.com\/wp-content\/uploads\/2026\/02\/Comec_Data-Sheet_DUAL-FORCE_ENG_2023.pdf\"><span class=\"w-btn-label\">T\u00e9l\u00e9charger la brochure<\/span><\/a><\/div><\/div><\/div><\/div><\/div><\/div><\/section><section class=\"l-section wpb_row height_medium\"><div class=\"l-section-h i-cf\"><div class=\"g-cols vc_row via_grid cols_3 laptops-cols_inherit tablets-cols_inherit mobiles-cols_1 valign_top type_default stacking_default\"><div class=\"wpb_column vc_column_container us_custom_7e20fa79 us_animate_this\"><div class=\"vc_column-inner\"><div class=\"wpb_text_column us_custom_6745946f has_text_color\"><div class=\"wpb_wrapper\"><h4 style=\"text-align: center;\">Varimill<\/h4>\n<\/div><\/div><div class=\"w-separator size_small\"><\/div><div class=\"wpb_text_column\"><div class=\"wpb_wrapper\"><p style=\"text-align: center;\">Broyeur \u00e0 panier \u00e0 immersion \u00e0 microbilles<\/p>\n<\/div><\/div><div class=\"w-separator size_small\"><\/div><div class=\"wpb_text_column\"><div class=\"wpb_wrapper\"><p style=\"text-align: center;\"><span>Pour la production de peintures, d\u2019encres, de gla\u00e7ures c\u00e9ramiques, de produits pharmaceutiques, de cosm\u00e9tiques et de produits chimiques.<\/span><\/p>\n<\/div><\/div><div class=\"w-separator size_small\"><\/div><div class=\"w-btn-wrapper align_center\"><a class=\"w-btn us-btn-style_1\" href=\"http:\/\/comec-dev.eu.com\/wp-content\/uploads\/2026\/02\/Varimill-BROCHURE.pdf\"><span class=\"w-btn-label\">T\u00e9l\u00e9charger la brochure<\/span><\/a><\/div><\/div><\/div><div class=\"wpb_column vc_column_container us_custom_60e9caca us_animate_this\"><div class=\"vc_column-inner\"><div class=\"wpb_text_column us_custom_6745946f has_text_color\"><div class=\"wpb_wrapper\"><h4 style=\"text-align: center;\">Mecmill<\/h4>\n<\/div><\/div><div class=\"w-separator size_small\"><\/div><div class=\"wpb_text_column\"><div class=\"wpb_wrapper\"><p style=\"text-align: center;\">Broyeur autonettoyant pressuris\u00e9<\/p>\n<\/div><\/div><div class=\"w-separator size_small\"><\/div><div class=\"wpb_text_column\"><div class=\"wpb_wrapper\"><p style=\"text-align: center;\"><span>Pour les produits \u00e0 forte concentration de pigments et difficiles \u00e0 broyer<\/span><\/p>\n<\/div><\/div><div class=\"w-separator size_small\"><\/div><div class=\"w-btn-wrapper align_center\"><a class=\"w-btn us-btn-style_1\" href=\"http:\/\/comec-dev.eu.com\/wp-content\/uploads\/2026\/02\/Mecmill-BROCHURE.pdf\"><span class=\"w-btn-label\">T\u00e9l\u00e9charger la brochure<\/span><\/a><\/div><\/div><\/div><div class=\"wpb_column vc_column_container us_custom_47474b22 us_animate_this\"><div class=\"vc_column-inner\"><div class=\"wpb_text_column us_custom_6745946f has_text_color\"><div class=\"wpb_wrapper\"><h4 style=\"text-align: center;\">Mcmill<\/h4>\n<\/div><\/div><div class=\"w-separator size_small\"><\/div><div class=\"wpb_text_column\"><div class=\"wpb_wrapper\"><p style=\"text-align: center;\">Broyeur continu \u00e0 microbilles<\/p>\n<\/div><\/div><div class=\"w-separator size_small\"><\/div><div class=\"wpb_text_column\"><div class=\"wpb_wrapper\"><p style=\"text-align: center;\"><span>Broyeur vertical continu avec chambre de broyage ferm\u00e9e<\/span><\/p>\n<\/div><\/div><div class=\"w-separator size_small\"><\/div><\/div><\/div><\/div><\/div><\/section><section class=\"l-section wpb_row height_medium\"><div class=\"l-section-h i-cf\"><div class=\"g-cols vc_row via_grid cols_2 laptops-cols_inherit tablets-cols_inherit mobiles-cols_1 valign_middle type_default stacking_default\"><div class=\"wpb_column vc_column_container us_custom_7e20fa79 us_animate_this\"><div class=\"vc_column-inner\"><div class=\"w-image prodotto-interno-generico align_none\"><div class=\"w-image-h\"><img decoding=\"async\" width=\"683\" height=\"1024\" src=\"https:\/\/comec.eu.com\/wp-content\/uploads\/2026\/02\/DSC2321-683x1024.jpg\" class=\"attachment-large size-large\" alt=\"\" loading=\"lazy\" srcset=\"https:\/\/comec.eu.com\/wp-content\/uploads\/2026\/02\/DSC2321-683x1024.jpg 683w, https:\/\/comec.eu.com\/wp-content\/uploads\/2026\/02\/DSC2321-200x300.jpg 200w, https:\/\/comec.eu.com\/wp-content\/uploads\/2026\/02\/DSC2321-scaled.jpg 1706w\" sizes=\"auto, (max-width: 683px) 100vw, 683px\" \/><\/div><\/div><\/div><\/div><div class=\"wpb_column vc_column_container us_custom_60e9caca us_animate_this\"><div class=\"vc_column-inner\"><div class=\"wpb_text_column\"><div class=\"wpb_wrapper\"><h2>Micronet<\/h2>\n<\/div><\/div><div class=\"w-separator size_small\"><\/div><div class=\"wpb_text_column\"><div class=\"wpb_wrapper\"><p><span>Rendement de broyage \u00e9lev\u00e9<\/span><\/p>\n<\/div><\/div><div class=\"w-separator size_small\"><\/div><div class=\"wpb_text_column us_custom_432d3f53\"><div class=\"wpb_wrapper\"><p><span>Les disperseurs et broyeurs deux-en-un Micronet avec microbilles sont des machines avanc\u00e9es con\u00e7ues pour un raffinage rapide et hautement efficace, capables de r\u00e9duire la taille des particules de 10 microns jusqu\u2019\u00e0 0 micron. Ils sont id\u00e9aux pour tous les types de composites couramment produits dans les industries des peintures, des vernis et de la chimie, y compris avec des formulations contenant de fortes concentrations de pigments. <\/span><\/p>\n<p>Le syst\u00e8me innovant permet de pr\u00e9parer le m\u00e9lange directement dans la chambre de broyage, ce qui rationalise le processus, r\u00e9duit les manipulations et minimise les risques de contamination. Cette approche int\u00e9gr\u00e9e garantit une dispersion homog\u00e8ne, un mouillage optimal des poudres et une efficacit\u00e9 maximale \u00e0 chaque lot. <\/p>\n<p>En r\u00e9unissant la dispersion et le broyage dans une seule machine, Comec propose une solution qui r\u00e9duit les \u00e9tapes de production, diminue les co\u00fbts d\u2019exploitation et garantit une qualit\u00e9 de produit sup\u00e9rieure. Ces syst\u00e8mes sont parfaits pour les fabricants \u00e0 la recherche de solutions de raffinage rapides, fiables et \u00e9volutives dans des environnements industriels exigeants.<\/p>\n<\/div><\/div><div class=\"w-separator size_small\"><\/div><div class=\"w-btn-wrapper align_left\"><a class=\"w-btn us-btn-style_1\" href=\"http:\/\/comec-dev.eu.com\/wp-content\/uploads\/2026\/02\/Comec_Data-Sheet_MICRONET-COSMETICS_ENG_2023.pdf\"><span class=\"w-btn-label\">T\u00e9l\u00e9charger la brochure<\/span><\/a><\/div><\/div><\/div><\/div><\/div><\/section><section class=\"l-section wpb_row us_custom_92d565f4 has_text_color height_huge width_full_with_indents\"><div class=\"l-section-h i-cf\"><div class=\"g-cols vc_row via_grid cols_1-4-1 laptops-cols_inherit tablets-cols_inherit mobiles-cols_1 valign_top type_default stacking_default\"><div class=\"wpb_column vc_column_container\"><div class=\"vc_column-inner\"><\/div><\/div><div class=\"wpb_column vc_column_container\"><div class=\"vc_column-inner\"><div class=\"wpb_text_column\"><div class=\"wpb_wrapper\"><h2 style=\"text-align: center;\"><span>Industrie 4.0 <\/span><span>&amp; Logiciel de supervision<\/span><\/h2>\n<\/div><\/div><div class=\"w-separator size_medium\"><\/div><div class=\"wpb_text_column\"><div class=\"wpb_wrapper\"><p style=\"text-align: center;\"><strong>La configuration Industrie 4.0<\/strong><span> <\/span>est garantie par un logiciel de gestion et une interface de gestion client.<\/p>\n<p style=\"text-align: center;\">Un automate programmable connect\u00e9 via un r\u00e9seau Ethernet industriel \u00e0 tous les actionneurs, capteurs et dispositifs de processus et via un r\u00e9seau Ethernet de s\u00e9curit\u00e9 \u00e0 tous les dispositifs de s\u00e9curit\u00e9 permet le<span> <\/span><strong>contr\u00f4le et la commande complets du syst\u00e8me<\/strong><span> <\/span>et la<span> <\/span><strong>gestion des diagnostics, alarmes et s\u00e9curit\u00e9<\/strong>. L&rsquo;utilisation int\u00e9gr\u00e9e de tous les dispositifs et interfaces pour l&rsquo;insertion et la gestion des informations permet d&rsquo;avoir un <span> <\/span><strong>syst\u00e8me constamment mis \u00e0 jour en temps r\u00e9el<\/strong><span> <\/span>et en m\u00eame temps de<span> <\/span><strong>archiver et mettre \u00e0 disposition du superviseur KPI les statistiques de processus<\/strong>, afin d&rsquo;optimiser toutes les variables impliqu\u00e9es dans le processus de production, du temps \u00e0 la consommation de mati\u00e8res premi\u00e8res, de la consommation d&rsquo;\u00e9nergie \u00e0 la gestion optimis\u00e9e des arr\u00eats de production pour les op\u00e9rations de nettoyage et de maintenance.<\/p>\n<p style=\"text-align: center;\">Le syst\u00e8me garantit un<span> <\/span><strong>service d&rsquo;assistance \u00e0 distance<\/strong><span> <\/span>pour assister les clients du monde entier 24h\/24 et 7j\/7.<\/p>\n<\/div><\/div><div class=\"w-separator size_medium\"><\/div><div class=\"w-btn-wrapper align_center\"><a class=\"w-btn us-btn-style_2\" href=\"#\"><span class=\"w-btn-label\">En savoir plus<\/span><\/a><\/div><\/div><\/div><div class=\"wpb_column vc_column_container\"><div class=\"vc_column-inner\"><\/div><\/div><\/div><\/div><\/section>\n\n","protected":false},"excerpt":{"rendered":"Broyage Broyeurs \u00e0 panier submersibles ultra-fins, broyeurs \u00e0 pression, broyeurs continus et broyeurs \u00e0 dispersion Dual Force Broyeur \u00e0 panier \u00e0 immersion \u00e0 double puissance de travail Le broyeur \u00e0 panier submersible Dual Force est une machine de broyage ultra-fine et \u00e9conome en \u00e9nergie exceptionnelle pour le processus de broyage par lots. Ce syst\u00e8me unique...","protected":false},"author":1,"featured_media":41944,"parent":42132,"menu_order":0,"comment_status":"closed","ping_status":"closed","template":"","meta":{"_acf_changed":false,"footnotes":""},"class_list":["post-41940","page","type-page","status-publish","has-post-thumbnail","hentry"],"acf":[],"yoast_head":"<!-- This site is optimized with the Yoast SEO plugin v27.0 - https:\/\/yoast.com\/product\/yoast-seo-wordpress\/ -->\n<title>Broyage - Comec<\/title>\n<meta name=\"robots\" content=\"index, follow, max-snippet:-1, max-image-preview:large, max-video-preview:-1\" \/>\n<link rel=\"canonical\" href=\"https:\/\/comec.eu.com\/equipment\/milling\/\" \/>\n<meta property=\"og:locale\" content=\"fr_FR\" \/>\n<meta property=\"og:type\" content=\"article\" \/>\n<meta property=\"og:title\" content=\"Broyage - Comec\" \/>\n<meta property=\"og:url\" content=\"https:\/\/comec.eu.com\/equipment\/milling\/\" \/>\n<meta property=\"og:site_name\" content=\"Comec\" \/>\n<meta property=\"article:modified_time\" content=\"2026-02-19T09:15:53+00:00\" \/>\n<meta property=\"og:image\" content=\"https:\/\/comec.eu.com\/wp-content\/uploads\/2026\/02\/Milling-1.jpg\" \/>\n\t<meta property=\"og:image:width\" content=\"1000\" \/>\n\t<meta property=\"og:image:height\" content=\"1498\" \/>\n\t<meta property=\"og:image:type\" content=\"image\/jpeg\" \/>\n<meta name=\"twitter:card\" content=\"summary_large_image\" \/>\n<meta name=\"twitter:label1\" content=\"Dur\u00e9e de lecture estim\u00e9e\" \/>\n\t<meta name=\"twitter:data1\" content=\"5 minutes\" \/>\n<script type=\"application\/ld+json\" class=\"yoast-schema-graph\">{\"@context\":\"https:\/\/schema.org\",\"@graph\":[{\"@type\":\"WebPage\",\"@id\":\"https:\/\/comec.eu.com\/equipment\/milling\/\",\"url\":\"https:\/\/comec.eu.com\/equipment\/milling\/\",\"name\":\"Broyage - Comec\",\"isPartOf\":{\"@id\":\"https:\/\/comec.eu.com\/#website\"},\"primaryImageOfPage\":{\"@id\":\"https:\/\/comec.eu.com\/equipment\/milling\/#primaryimage\"},\"image\":{\"@id\":\"https:\/\/comec.eu.com\/equipment\/milling\/#primaryimage\"},\"thumbnailUrl\":\"https:\/\/comec.eu.com\/wp-content\/uploads\/2026\/02\/Milling-1.jpg\",\"datePublished\":\"2026-01-02T10:15:37+00:00\",\"dateModified\":\"2026-02-19T09:15:53+00:00\",\"breadcrumb\":{\"@id\":\"https:\/\/comec.eu.com\/equipment\/milling\/#breadcrumb\"},\"inLanguage\":\"fr-FR\",\"potentialAction\":[{\"@type\":\"ReadAction\",\"target\":[\"https:\/\/comec.eu.com\/equipment\/milling\/\"]}]},{\"@type\":\"ImageObject\",\"inLanguage\":\"fr-FR\",\"@id\":\"https:\/\/comec.eu.com\/equipment\/milling\/#primaryimage\",\"url\":\"https:\/\/comec.eu.com\/wp-content\/uploads\/2026\/02\/Milling-1.jpg\",\"contentUrl\":\"https:\/\/comec.eu.com\/wp-content\/uploads\/2026\/02\/Milling-1.jpg\",\"width\":1000,\"height\":1498},{\"@type\":\"BreadcrumbList\",\"@id\":\"https:\/\/comec.eu.com\/equipment\/milling\/#breadcrumb\",\"itemListElement\":[{\"@type\":\"ListItem\",\"position\":1,\"name\":\"Home\",\"item\":\"https:\/\/comec.eu.com\/\"},{\"@type\":\"ListItem\",\"position\":2,\"name\":\"\u00c9quipement\",\"item\":\"https:\/\/comec.eu.com\/equipment\/\"},{\"@type\":\"ListItem\",\"position\":3,\"name\":\"Broyage\"}]},{\"@type\":\"WebSite\",\"@id\":\"https:\/\/comec.eu.com\/#website\",\"url\":\"https:\/\/comec.eu.com\/\",\"name\":\"Comec - Avantgarde Engineering\",\"description\":\"\",\"publisher\":{\"@id\":\"https:\/\/comec.eu.com\/#organization\"},\"potentialAction\":[{\"@type\":\"SearchAction\",\"target\":{\"@type\":\"EntryPoint\",\"urlTemplate\":\"https:\/\/comec.eu.com\/?s={search_term_string}\"},\"query-input\":{\"@type\":\"PropertyValueSpecification\",\"valueRequired\":true,\"valueName\":\"search_term_string\"}}],\"inLanguage\":\"fr-FR\"},{\"@type\":\"Organization\",\"@id\":\"https:\/\/comec.eu.com\/#organization\",\"name\":\"Comec\",\"url\":\"https:\/\/comec.eu.com\/\",\"logo\":{\"@type\":\"ImageObject\",\"inLanguage\":\"fr-FR\",\"@id\":\"https:\/\/comec.eu.com\/#\/schema\/logo\/image\/\",\"url\":\"https:\/\/comec.eu.com\/wp-content\/uploads\/2025\/11\/comec-logo.png\",\"contentUrl\":\"https:\/\/comec.eu.com\/wp-content\/uploads\/2025\/11\/comec-logo.png\",\"width\":966,\"height\":266,\"caption\":\"Comec\"},\"image\":{\"@id\":\"https:\/\/comec.eu.com\/#\/schema\/logo\/image\/\"}}]}<\/script>\n<!-- \/ Yoast SEO plugin. -->","yoast_head_json":{"title":"Broyage - Comec","robots":{"index":"index","follow":"follow","max-snippet":"max-snippet:-1","max-image-preview":"max-image-preview:large","max-video-preview":"max-video-preview:-1"},"canonical":"https:\/\/comec.eu.com\/equipment\/milling\/","og_locale":"fr_FR","og_type":"article","og_title":"Broyage - Comec","og_url":"https:\/\/comec.eu.com\/equipment\/milling\/","og_site_name":"Comec","article_modified_time":"2026-02-19T09:15:53+00:00","og_image":[{"width":1000,"height":1498,"url":"https:\/\/comec.eu.com\/wp-content\/uploads\/2026\/02\/Milling-1.jpg","type":"image\/jpeg"}],"twitter_card":"summary_large_image","twitter_misc":{"Dur\u00e9e de lecture estim\u00e9e":"5 minutes"},"schema":{"@context":"https:\/\/schema.org","@graph":[{"@type":"WebPage","@id":"https:\/\/comec.eu.com\/equipment\/milling\/","url":"https:\/\/comec.eu.com\/equipment\/milling\/","name":"Broyage - Comec","isPartOf":{"@id":"https:\/\/comec.eu.com\/#website"},"primaryImageOfPage":{"@id":"https:\/\/comec.eu.com\/equipment\/milling\/#primaryimage"},"image":{"@id":"https:\/\/comec.eu.com\/equipment\/milling\/#primaryimage"},"thumbnailUrl":"https:\/\/comec.eu.com\/wp-content\/uploads\/2026\/02\/Milling-1.jpg","datePublished":"2026-01-02T10:15:37+00:00","dateModified":"2026-02-19T09:15:53+00:00","breadcrumb":{"@id":"https:\/\/comec.eu.com\/equipment\/milling\/#breadcrumb"},"inLanguage":"fr-FR","potentialAction":[{"@type":"ReadAction","target":["https:\/\/comec.eu.com\/equipment\/milling\/"]}]},{"@type":"ImageObject","inLanguage":"fr-FR","@id":"https:\/\/comec.eu.com\/equipment\/milling\/#primaryimage","url":"https:\/\/comec.eu.com\/wp-content\/uploads\/2026\/02\/Milling-1.jpg","contentUrl":"https:\/\/comec.eu.com\/wp-content\/uploads\/2026\/02\/Milling-1.jpg","width":1000,"height":1498},{"@type":"BreadcrumbList","@id":"https:\/\/comec.eu.com\/equipment\/milling\/#breadcrumb","itemListElement":[{"@type":"ListItem","position":1,"name":"Home","item":"https:\/\/comec.eu.com\/"},{"@type":"ListItem","position":2,"name":"\u00c9quipement","item":"https:\/\/comec.eu.com\/equipment\/"},{"@type":"ListItem","position":3,"name":"Broyage"}]},{"@type":"WebSite","@id":"https:\/\/comec.eu.com\/#website","url":"https:\/\/comec.eu.com\/","name":"Comec - Avantgarde Engineering","description":"","publisher":{"@id":"https:\/\/comec.eu.com\/#organization"},"potentialAction":[{"@type":"SearchAction","target":{"@type":"EntryPoint","urlTemplate":"https:\/\/comec.eu.com\/?s={search_term_string}"},"query-input":{"@type":"PropertyValueSpecification","valueRequired":true,"valueName":"search_term_string"}}],"inLanguage":"fr-FR"},{"@type":"Organization","@id":"https:\/\/comec.eu.com\/#organization","name":"Comec","url":"https:\/\/comec.eu.com\/","logo":{"@type":"ImageObject","inLanguage":"fr-FR","@id":"https:\/\/comec.eu.com\/#\/schema\/logo\/image\/","url":"https:\/\/comec.eu.com\/wp-content\/uploads\/2025\/11\/comec-logo.png","contentUrl":"https:\/\/comec.eu.com\/wp-content\/uploads\/2025\/11\/comec-logo.png","width":966,"height":266,"caption":"Comec"},"image":{"@id":"https:\/\/comec.eu.com\/#\/schema\/logo\/image\/"}}]}},"_links":{"self":[{"href":"https:\/\/comec.eu.com\/fr\/wp-json\/wp\/v2\/pages\/41940","targetHints":{"allow":["GET"]}}],"collection":[{"href":"https:\/\/comec.eu.com\/fr\/wp-json\/wp\/v2\/pages"}],"about":[{"href":"https:\/\/comec.eu.com\/fr\/wp-json\/wp\/v2\/types\/page"}],"author":[{"embeddable":true,"href":"https:\/\/comec.eu.com\/fr\/wp-json\/wp\/v2\/users\/1"}],"replies":[{"embeddable":true,"href":"https:\/\/comec.eu.com\/fr\/wp-json\/wp\/v2\/comments?post=41940"}],"version-history":[{"count":9,"href":"https:\/\/comec.eu.com\/fr\/wp-json\/wp\/v2\/pages\/41940\/revisions"}],"predecessor-version":[{"id":42956,"href":"https:\/\/comec.eu.com\/fr\/wp-json\/wp\/v2\/pages\/41940\/revisions\/42956"}],"up":[{"embeddable":true,"href":"https:\/\/comec.eu.com\/fr\/wp-json\/wp\/v2\/pages\/42132"}],"wp:featuredmedia":[{"embeddable":true,"href":"https:\/\/comec.eu.com\/fr\/wp-json\/wp\/v2\/media\/41944"}],"wp:attachment":[{"href":"https:\/\/comec.eu.com\/fr\/wp-json\/wp\/v2\/media?parent=41940"}],"curies":[{"name":"wp","href":"https:\/\/api.w.org\/{rel}","templated":true}]}}